{"id":14027,"date":"2026-03-30T16:23:35","date_gmt":"2026-03-30T14:23:35","guid":{"rendered":"https:\/\/www.chemgo.ch\/service-technician-m-f-d-field-service-engineer-80-100\/"},"modified":"2026-03-30T16:41:01","modified_gmt":"2026-03-30T14:41:01","slug":"technicien-de-service","status":"publish","type":"page","link":"https:\/\/www.chemgo.ch\/fr\/service-technician\/","title":{"rendered":"Technicien de service (h\/f\/d) \/ Ing\u00e9nieur de service sur le terrain (80-100%)"},"content":{"rendered":"<div data-colibri-id=\"14027-c1\" class=\"style-4851 style-local-14027-c1 position-relative\">\r\n  <!---->\r\n  <div data-colibri-component=\"section\" data-colibri-id=\"14027-c2\" id=\"custom\" class=\"h-section h-section-global-spacing d-flex align-items-lg-center align-items-md-center align-items-center style-4852 style-local-14027-c2 position-relative\">\r\n    <!---->\r\n    <!---->\r\n    <div class=\"h-section-grid-container h-section-boxed-container\">\r\n      <!---->\r\n      <div data-colibri-id=\"14027-c3\" class=\"h-row-container gutters-row-lg-2 gutters-row-md-2 gutters-row-0 gutters-row-v-lg-2 gutters-row-v-md-2 gutters-row-v-2 style-4853 style-local-14027-c3 position-relative\">\r\n        <!---->\r\n        <div class=\"h-row justify-content-lg-center justify-content-md-center justify-content-center align-items-lg-stretch align-items-md-stretch align-items-stretch gutters-col-lg-2 gutters-col-md-2 gutters-col-0 gutters-col-v-lg-2 gutters-col-v-md-2 gutters-col-v-2\">\r\n          <!---->\r\n          <div class=\"h-column h-column-container d-flex h-col-lg-auto h-col-md-auto h-col-auto style-4854-outer style-local-14027-c4-outer\">\r\n            <div data-colibri-id=\"14027-c4\" class=\"d-flex h-flex-basis h-column__inner h-px-lg-2 h-px-md-2 h-px-2 v-inner-lg-2 v-inner-md-2 v-inner-2 style-4854 style-local-14027-c4 position-relative\">\r\n              <!---->\r\n              <!---->\r\n              <div class=\"w-100 h-y-container h-column__content h-column__v-align flex-basis-100 align-self-lg-start align-self-md-start align-self-start\">\r\n                <!---->\r\n                <div data-colibri-id=\"14027-c5\" class=\"h-global-transition-all h-heading style-4855 style-local-14027-c5 position-relative h-element\">\r\n                  <!---->\r\n                  <div class=\"h-heading__outer style-4855 style-local-14027-c5\">\r\n                    <!---->\r\n                    <!---->\r\n                    <h2 class=\"\">Technicien de service (h\/f\/d) \/ Ing\u00e9nieur de service sur le terrain (80-100%)<\/h2>\r\n                  <\/div>\r\n                <\/div>\r\n              <\/div>\r\n            <\/div>\r\n          <\/div>\r\n        <\/div>\r\n      <\/div>\r\n      <div data-colibri-id=\"14027-c6\" class=\"h-row-container gutters-row-lg-2 gutters-row-md-2 gutters-row-0 gutters-row-v-lg-2 gutters-row-v-md-2 gutters-row-v-2 style-4856 style-local-14027-c6 position-relative\">\r\n        <!---->\r\n        <div class=\"h-row justify-content-lg-center justify-content-md-center justify-content-center align-items-lg-stretch align-items-md-stretch align-items-stretch gutters-col-lg-2 gutters-col-md-2 gutters-col-0 gutters-col-v-lg-2 gutters-col-v-md-2 gutters-col-v-2\">\r\n          <!---->\r\n          <div class=\"h-column h-column-container d-flex h-col-lg-auto h-col-md-auto h-col-auto style-4857-outer style-local-14027-c7-outer\">\r\n            <div data-colibri-id=\"14027-c7\" class=\"d-flex h-flex-basis h-column__inner h-px-lg-2 h-px-md-2 h-px-2 v-inner-lg-2 v-inner-md-2 v-inner-2 style-4857 style-local-14027-c7 position-relative\">\r\n              <!---->\r\n              <!---->\r\n              <div class=\"w-100 h-y-container h-column__content h-column__v-align flex-basis-100 align-self-lg-start align-self-md-start align-self-start\">\r\n                <!---->\r\n                <div data-colibri-id=\"14027-c8\" class=\"h-text h-text-component style-4858 style-local-14027-c8 position-relative h-element\">\r\n                  <!---->\r\n                  <!---->\r\n                  <div class=\"\">\r\n                    <p><span style=\"color: rgb(0, 0, 0);\">En tant que prestataire de services pour les fournitures et les \u00e9quipements de laboratoire, Chemgo AG repr\u00e9sente des entreprises renomm\u00e9es du secteur des sciences de la vie en Suisse et sur les march\u00e9s europ\u00e9ens. Chemgo AG est consid\u00e9r\u00e9e par ses clients comme le principal point de contact pour l'entretien d'appareils et d'instruments de laboratoire de pointe.<\/span><\/p>\r\n                    <p><span style=\"color: rgb(0, 0, 0);\">Pour renforcer notre petite \u00e9quipe de deux personnes, nous recherchons un technicien de service (m\/f\/d) \/ Field Service Engineer.<\/span><\/p>\r\n                    <p><span style=\"color: rgb(0, 0, 0);\">Vos principales responsabilit\u00e9s comprennent l'installation, la maintenance, la qualification et la r\u00e9paration de divers syst\u00e8mes dans les domaines de la synth\u00e8se de peptides, de la synth\u00e8se d'oligonucl\u00e9otides, de la chromatographie (GC\/GC-MS), de l'histologie et de l'analyse alimentaire.<\/span><\/p>\r\n                    <p><span style=\"color: rgb(0, 0, 0);\">Apr\u00e8s une p\u00e9riode de formation intensive, dispens\u00e9e en partie dans nos entreprises partenaires renomm\u00e9es, vous travaillerez de mani\u00e8re largement ind\u00e9pendante, souvent directement sur les sites des clients.<\/span><\/p>\r\n                    <p><span style=\"color: rgb(0, 0, 0);\">Ce poste stimulant exige un haut niveau de responsabilit\u00e9 personnelle, une motivation pour le d\u00e9veloppement professionnel et d'excellentes capacit\u00e9s d'auto-organisation. Parall\u00e8lement, de solides comp\u00e9tences en mati\u00e8re de communication sont essentielles pour une collaboration \u00e9troite avec nos clients et notre \u00e9quipe de vente.<\/span><\/p>\r\n                    <h4><span style=\"color: rgb(0, 0, 0);\">Vos responsabilit\u00e9s :<\/span><\/h4>\r\n                    <ul>\r\n                      <li><span style=\"color: rgb(0, 0, 0);\">Installation, configuration, maintenance et r\u00e9paration de syst\u00e8mes et d'accessoires en Suisse et dans les pays europ\u00e9ens<\/span><\/li>\r\n                      <li><span style=\"color: rgb(0, 0, 0);\">Qualification et certification de certains syst\u00e8mes conform\u00e9ment aux normes BPF<\/span><\/li>\r\n                      <li><span style=\"color: rgb(0, 0, 0);\">Soutenir le d\u00e9partement des ventes lors des d\u00e9monstrations de produits, des sessions de formation et des foires commerciales.<\/span><\/li>\r\n                      <li><span style=\"color: rgb(0, 0, 0);\">Garantir une norme de qualit\u00e9 de premier ordre<\/span><\/li>\r\n                    <\/ul>\r\n                    <h4><span style=\"color: rgb(0, 0, 0);\">Vos qualifications :<\/span><\/h4>\r\n                    <ul>\r\n                      <li><span style=\"color: rgb(0, 0, 0);\">Formation professionnelle compl\u00e8te dans le domaine de la chimie ou de la technique<\/span><\/li>\r\n                      <li><span style=\"color: rgb(0, 0, 0);\">Id\u00e9alement, exp\u00e9rience en tant que technicien de maintenance ou plusieurs ann\u00e9es d'exp\u00e9rience pratique avec des \u00e9quipements de laboratoire combin\u00e9e \u00e0 de solides connaissances techniques.<\/span><\/li>\r\n                      <li><span style=\"color: rgb(0, 0, 0);\">Personnalit\u00e9 ouverte, communicative et orient\u00e9e vers le client<\/span><\/li>\r\n                      <li><span style=\"color: rgb(0, 0, 0);\">Solides comp\u00e9tences organisationnelles et approche du travail orient\u00e9e vers la recherche de solutions<\/span><\/li>\r\n                      <li><span style=\"color: rgb(0, 0, 0);\">Volont\u00e9 de voyager, principalement en Suisse, et jusqu'\u00e0 environ 10% en Europe.<\/span><\/li>\r\n                      <li><span style=\"color: rgb(0, 0, 0);\">Tr\u00e8s bonne connaissance de l'allemand (parl\u00e9 et \u00e9crit) et de l'anglais ; le fran\u00e7ais est un atout.<\/span><\/li>\r\n                      <li><span style=\"color: rgb(0, 0, 0);\">Permis de conduire valide de cat\u00e9gorie B<\/span><\/li>\r\n                    <\/ul>\r\n                    <h4><span style=\"color: rgb(0, 0, 0);\">Int\u00e9ress\u00e9(e) ?<\/span><\/h4>\r\n                    <p><span style=\"color: rgb(0, 0, 0);\">Nous attendons avec impatience de recevoir votre dossier de candidature complet et convaincant. Veuillez les envoyer \u00e0<br> <\/span><strong rel=\"noopener\" style=\"color: rgb(0, 0, 0); font-weight: 400;\"><u>thomas.fleischmann@chemgo.ch<\/u><\/strong><\/p>\r\n                  <\/div>\r\n                <\/div>\r\n              <\/div>\r\n            <\/div>\r\n          <\/div>\r\n        <\/div>\r\n      <\/div>\r\n    <\/div>\r\n  <\/div>\r\n<\/div>","protected":false},"excerpt":{"rendered":"<p>Service Technician (m\/f\/d) \/ Field Service Engineer (80\u2013100%) As a service provider for laboratory supplies and equipment, Chemgo AG represents well-known companies in the life sciences sector across Switzerland and European markets. Chemgo AG is regarded by its customers as the primary point of contact for servicing highly advanced laboratory devices and instruments. To strengthen [&hellip;]<\/p>\n","protected":false},"author":7,"featured_media":0,"parent":0,"menu_order":0,"comment_status":"closed","ping_status":"closed","template":"page-templates\/full-width-page.php","meta":{"footnotes":""},"class_list":["post-14027","page","type-page","status-publish","hentry"],"yoast_head":"<!-- This site is optimized with the Yoast SEO plugin v27.4 - https:\/\/yoast.com\/product\/yoast-seo-wordpress\/ -->\n<title>Service Technician (m\/f\/d) \/ Field Service Engineer (80\u2013100%) - Chemgo AG<\/title>\n<meta name=\"robots\" content=\"index, follow, max-snippet:-1, max-image-preview:large, max-video-preview:-1\" \/>\n<link rel=\"canonical\" href=\"https:\/\/www.chemgo.ch\/fr\/technicien-de-service\/\" \/>\n<meta property=\"og:locale\" content=\"fr_FR\" \/>\n<meta property=\"og:type\" content=\"article\" \/>\n<meta property=\"og:title\" content=\"Service Technician (m\/f\/d) \/ Field Service Engineer (80\u2013100%) - Chemgo AG\" \/>\n<meta property=\"og:description\" content=\"Service Technician (m\/f\/d) \/ Field Service Engineer (80\u2013100%) As a service provider for laboratory supplies and equipment, Chemgo AG represents well-known companies in the life sciences sector across Switzerland and European markets. Chemgo AG is regarded by its customers as the primary point of contact for servicing highly advanced laboratory devices and instruments. To strengthen [&hellip;]\" \/>\n<meta property=\"og:url\" content=\"https:\/\/www.chemgo.ch\/fr\/technicien-de-service\/\" \/>\n<meta property=\"og:site_name\" content=\"Chemgo AG\" \/>\n<meta property=\"article:publisher\" content=\"https:\/\/ch.linkedin.com\/company\/chemgo-organica-ag?original_referer=httpswww.google.com\" \/>\n<meta property=\"article:modified_time\" content=\"2026-03-30T14:41:01+00:00\" \/>\n<meta name=\"twitter:card\" content=\"summary_large_image\" \/>\n<meta name=\"twitter:label1\" content=\"Dur\u00e9e de lecture estim\u00e9e\" \/>\n\t<meta name=\"twitter:data1\" content=\"2 minutes\" \/>\n<script type=\"application\/ld+json\" class=\"yoast-schema-graph\">{\"@context\":\"https:\\\/\\\/schema.org\",\"@graph\":[{\"@type\":\"WebPage\",\"@id\":\"https:\\\/\\\/www.chemgo.ch\\\/service-technician\\\/\",\"url\":\"https:\\\/\\\/www.chemgo.ch\\\/service-technician\\\/\",\"name\":\"Service Technician (m\\\/f\\\/d) \\\/ Field Service Engineer (80\u2013100%) - Chemgo AG\",\"isPartOf\":{\"@id\":\"https:\\\/\\\/www.chemgo.ch\\\/#website\"},\"datePublished\":\"2026-03-30T14:23:35+00:00\",\"dateModified\":\"2026-03-30T14:41:01+00:00\",\"breadcrumb\":{\"@id\":\"https:\\\/\\\/www.chemgo.ch\\\/service-technician\\\/#breadcrumb\"},\"inLanguage\":\"fr-FR\",\"potentialAction\":[{\"@type\":\"ReadAction\",\"target\":[\"https:\\\/\\\/www.chemgo.ch\\\/service-technician\\\/\"]}]},{\"@type\":\"BreadcrumbList\",\"@id\":\"https:\\\/\\\/www.chemgo.ch\\\/service-technician\\\/#breadcrumb\",\"itemListElement\":[{\"@type\":\"ListItem\",\"position\":1,\"name\":\"Startseite\",\"item\":\"https:\\\/\\\/www.chemgo.ch\\\/\"},{\"@type\":\"ListItem\",\"position\":2,\"name\":\"Service Technician (m\\\/f\\\/d) \\\/ Field Service Engineer (80\u2013100%)\"}]},{\"@type\":\"WebSite\",\"@id\":\"https:\\\/\\\/www.chemgo.ch\\\/#website\",\"url\":\"https:\\\/\\\/www.chemgo.ch\\\/\",\"name\":\"Chemgo AG\",\"description\":\"\",\"publisher\":{\"@id\":\"https:\\\/\\\/www.chemgo.ch\\\/#organization\"},\"potentialAction\":[{\"@type\":\"SearchAction\",\"target\":{\"@type\":\"EntryPoint\",\"urlTemplate\":\"https:\\\/\\\/www.chemgo.ch\\\/?s={search_term_string}\"},\"query-input\":{\"@type\":\"PropertyValueSpecification\",\"valueRequired\":true,\"valueName\":\"search_term_string\"}}],\"inLanguage\":\"fr-FR\"},{\"@type\":\"Organization\",\"@id\":\"https:\\\/\\\/www.chemgo.ch\\\/#organization\",\"name\":\"Chemgo AG\",\"url\":\"https:\\\/\\\/www.chemgo.ch\\\/\",\"logo\":{\"@type\":\"ImageObject\",\"inLanguage\":\"fr-FR\",\"@id\":\"https:\\\/\\\/www.chemgo.ch\\\/#\\\/schema\\\/logo\\\/image\\\/\",\"url\":\"https:\\\/\\\/www.chemgo.ch\\\/wp-content\\\/uploads\\\/2026\\\/04\\\/Logo-Chemgo-50J-2-scaled.png\",\"contentUrl\":\"https:\\\/\\\/www.chemgo.ch\\\/wp-content\\\/uploads\\\/2026\\\/04\\\/Logo-Chemgo-50J-2-scaled.png\",\"width\":2560,\"height\":1253,\"caption\":\"Chemgo AG\"},\"image\":{\"@id\":\"https:\\\/\\\/www.chemgo.ch\\\/#\\\/schema\\\/logo\\\/image\\\/\"},\"sameAs\":[\"https:\\\/\\\/ch.linkedin.com\\\/company\\\/chemgo-organica-ag?original_referer=httpswww.google.com\"]}]}<\/script>\n<!-- \/ Yoast SEO plugin. -->","yoast_head_json":{"title":"Technicien de service (m\/f\/d) \/ Ing\u00e9nieur de service (80-100%) - Chemgo AG","robots":{"index":"index","follow":"follow","max-snippet":"max-snippet:-1","max-image-preview":"max-image-preview:large","max-video-preview":"max-video-preview:-1"},"canonical":"https:\/\/www.chemgo.ch\/fr\/technicien-de-service\/","og_locale":"fr_FR","og_type":"article","og_title":"Service Technician (m\/f\/d) \/ Field Service Engineer (80\u2013100%) - Chemgo AG","og_description":"Service Technician (m\/f\/d) \/ Field Service Engineer (80\u2013100%) As a service provider for laboratory supplies and equipment, Chemgo AG represents well-known companies in the life sciences sector across Switzerland and European markets. Chemgo AG is regarded by its customers as the primary point of contact for servicing highly advanced laboratory devices and instruments. To strengthen [&hellip;]","og_url":"https:\/\/www.chemgo.ch\/fr\/technicien-de-service\/","og_site_name":"Chemgo AG","article_publisher":"https:\/\/ch.linkedin.com\/company\/chemgo-organica-ag?original_referer=httpswww.google.com","article_modified_time":"2026-03-30T14:41:01+00:00","twitter_card":"summary_large_image","twitter_misc":{"Dur\u00e9e de lecture estim\u00e9e":"2 minutes"},"schema":{"@context":"https:\/\/schema.org","@graph":[{"@type":"WebPage","@id":"https:\/\/www.chemgo.ch\/service-technician\/","url":"https:\/\/www.chemgo.ch\/service-technician\/","name":"Technicien de service (m\/f\/d) \/ Ing\u00e9nieur de service (80-100%) - Chemgo AG","isPartOf":{"@id":"https:\/\/www.chemgo.ch\/#website"},"datePublished":"2026-03-30T14:23:35+00:00","dateModified":"2026-03-30T14:41:01+00:00","breadcrumb":{"@id":"https:\/\/www.chemgo.ch\/service-technician\/#breadcrumb"},"inLanguage":"fr-FR","potentialAction":[{"@type":"ReadAction","target":["https:\/\/www.chemgo.ch\/service-technician\/"]}]},{"@type":"BreadcrumbList","@id":"https:\/\/www.chemgo.ch\/service-technician\/#breadcrumb","itemListElement":[{"@type":"ListItem","position":1,"name":"Startseite","item":"https:\/\/www.chemgo.ch\/"},{"@type":"ListItem","position":2,"name":"Service Technician (m\/f\/d) \/ Field Service Engineer (80\u2013100%)"}]},{"@type":"WebSite","@id":"https:\/\/www.chemgo.ch\/#website","url":"https:\/\/www.chemgo.ch\/","name":"Chemgo AG","description":"","publisher":{"@id":"https:\/\/www.chemgo.ch\/#organization"},"potentialAction":[{"@type":"SearchAction","target":{"@type":"EntryPoint","urlTemplate":"https:\/\/www.chemgo.ch\/?s={search_term_string}"},"query-input":{"@type":"PropertyValueSpecification","valueRequired":true,"valueName":"search_term_string"}}],"inLanguage":"fr-FR"},{"@type":"Organization","@id":"https:\/\/www.chemgo.ch\/#organization","name":"Chemgo AG","url":"https:\/\/www.chemgo.ch\/","logo":{"@type":"ImageObject","inLanguage":"fr-FR","@id":"https:\/\/www.chemgo.ch\/#\/schema\/logo\/image\/","url":"https:\/\/www.chemgo.ch\/wp-content\/uploads\/2026\/04\/Logo-Chemgo-50J-2-scaled.png","contentUrl":"https:\/\/www.chemgo.ch\/wp-content\/uploads\/2026\/04\/Logo-Chemgo-50J-2-scaled.png","width":2560,"height":1253,"caption":"Chemgo AG"},"image":{"@id":"https:\/\/www.chemgo.ch\/#\/schema\/logo\/image\/"},"sameAs":["https:\/\/ch.linkedin.com\/company\/chemgo-organica-ag?original_referer=httpswww.google.com"]}]}},"_links":{"self":[{"href":"https:\/\/www.chemgo.ch\/fr\/wp-json\/wp\/v2\/pages\/14027","targetHints":{"allow":["GET"]}}],"collection":[{"href":"https:\/\/www.chemgo.ch\/fr\/wp-json\/wp\/v2\/pages"}],"about":[{"href":"https:\/\/www.chemgo.ch\/fr\/wp-json\/wp\/v2\/types\/page"}],"author":[{"embeddable":true,"href":"https:\/\/www.chemgo.ch\/fr\/wp-json\/wp\/v2\/users\/7"}],"replies":[{"embeddable":true,"href":"https:\/\/www.chemgo.ch\/fr\/wp-json\/wp\/v2\/comments?post=14027"}],"version-history":[{"count":1,"href":"https:\/\/www.chemgo.ch\/fr\/wp-json\/wp\/v2\/pages\/14027\/revisions"}],"predecessor-version":[{"id":14043,"href":"https:\/\/www.chemgo.ch\/fr\/wp-json\/wp\/v2\/pages\/14027\/revisions\/14043"}],"wp:attachment":[{"href":"https:\/\/www.chemgo.ch\/fr\/wp-json\/wp\/v2\/media?parent=14027"}],"curies":[{"name":"wp","href":"https:\/\/api.w.org\/{rel}","templated":true}]}}