{"id":13710,"date":"2025-09-17T10:32:05","date_gmt":"2025-09-17T08:32:05","guid":{"rendered":"https:\/\/www.chemgo.ch\/why-chemgo\/"},"modified":"2025-09-17T10:33:13","modified_gmt":"2025-09-17T08:33:13","slug":"pourquoi-chemgo","status":"publish","type":"page","link":"https:\/\/www.chemgo.ch\/fr\/why-chemgo\/","title":{"rendered":"Pourquoi Chemgo"},"content":{"rendered":"<div data-colibri-id=\"13710-c1\" class=\"style-4812 style-local-13710-c1 position-relative\">\n  <!---->\n  <div data-colibri-component=\"section\" data-colibri-id=\"13710-c2\" id=\"custom\" class=\"h-section h-section-global-spacing d-flex align-items-lg-center align-items-md-center align-items-center style-4813 style-local-13710-c2 position-relative\">\n    <!---->\n    <!---->\n    <div class=\"h-section-grid-container h-section-boxed-container\">\n      <!---->\n      <div data-colibri-id=\"13710-c3\" class=\"h-row-container gutters-row-lg-2 gutters-row-md-2 gutters-row-0 gutters-row-v-lg-2 gutters-row-v-md-2 gutters-row-v-2 style-4814 style-local-13710-c3 position-relative\">\n        <!---->\n        <div class=\"h-row justify-content-lg-center justify-content-md-center justify-content-center align-items-lg-stretch align-items-md-stretch align-items-stretch gutters-col-lg-2 gutters-col-md-2 gutters-col-0 gutters-col-v-lg-2 gutters-col-v-md-2 gutters-col-v-2\">\n          <!---->\n          <div class=\"h-column h-column-container d-flex h-col-lg-auto h-col-md-auto h-col-auto style-4815-outer style-local-13710-c4-outer\">\n            <div data-colibri-id=\"13710-c4\" class=\"d-flex h-flex-basis h-column__inner h-px-lg-2 h-px-md-2 h-px-2 v-inner-lg-2 v-inner-md-2 v-inner-2 style-4815 style-local-13710-c4 position-relative\">\n              <!---->\n              <!---->\n              <div class=\"w-100 h-y-container h-column__content h-column__v-align flex-basis-100 align-self-lg-start align-self-md-start align-self-start\">\n                <!---->\n                <div data-colibri-id=\"13710-c5\" class=\"h-global-transition-all h-heading style-4816 style-local-13710-c5 position-relative h-element\">\n                  <!---->\n                  <div class=\"h-heading__outer style-4816 style-local-13710-c5\">\n                    <!---->\n                    <!---->\n                    <h2 class=\"\">Pourquoi Chemgo <\/h2>\n                  <\/div>\n                <\/div>\n              <\/div>\n            <\/div>\n          <\/div>\n        <\/div>\n      <\/div>\n      <div data-colibri-id=\"13710-c6\" class=\"h-row-container gutters-row-lg-2 gutters-row-md-2 gutters-row-0 gutters-row-v-lg-2 gutters-row-v-md-2 gutters-row-v-2 style-4817 style-local-13710-c6 position-relative\">\n        <!---->\n        <div class=\"h-row justify-content-lg-center justify-content-md-center justify-content-center align-items-lg-stretch align-items-md-stretch align-items-stretch gutters-col-lg-2 gutters-col-md-2 gutters-col-0 gutters-col-v-lg-2 gutters-col-v-md-2 gutters-col-v-2\">\n          <!---->\n          <div class=\"h-column h-column-container d-flex h-col-lg-auto h-col-md-auto h-col-auto style-4818-outer style-local-13710-c7-outer\">\n            <div data-colibri-id=\"13710-c7\" class=\"d-flex h-flex-basis h-column__inner h-px-lg-2 h-px-md-2 h-px-2 v-inner-lg-2 v-inner-md-2 v-inner-2 style-4818 style-local-13710-c7 position-relative\">\n              <!---->\n              <!---->\n              <div class=\"w-100 h-y-container h-column__content h-column__v-align flex-basis-100 align-self-lg-start align-self-md-start align-self-start\">\n                <!---->\n                <div data-colibri-id=\"13710-c8\" class=\"h-text h-text-component style-4819 style-local-13710-c8 position-relative h-element\">\n                  <!---->\n                  <!---->\n                  <div class=\"\">\n                    <p><strong style=\"font-size: 12pt; font-family: &quot;Open Sans&quot;;\">Expertise en Histologie &amp; Pathologie<\/strong><span style=\"font-size: 12pt; font-family: &quot;Open Sans&quot;;\">&nbsp;<\/span><\/p>\n                    <p><span style=\"font-size: 12pt; font-family: &quot;Open Sans&quot;;\">Avec plusieurs d\u00e9cennies d\u2019exp\u00e9rience dans les processus de laboratoire histologiques et pathologiques, nous accompagnons nos clients en tant que partenaire de confiance. Notre \u00e9quipe conna\u00eet les d\u00e9fis \u2013 du travail de routine en laboratoire hospitalier \u00e0 la recherche sur des \u00e9chantillons sp\u00e9cialis\u00e9s \u2013 et propose des solutions pratiques, y compris des kits de coloration sur mesure.&nbsp;<\/span><\/p>\n                    <p><span style=\"font-size: 12pt; font-family: &quot;Open Sans&quot;;\">&nbsp;<\/span><\/p>\n                    <p><strong style=\"font-size: 12pt; font-family: &quot;Open Sans&quot;;\">Pourquoi choisir Chemgo comme partenaire de distribution ?<\/strong><span style=\"font-size: 12pt; font-family: &quot;Open Sans&quot;;\">&nbsp;<\/span><\/p>\n                    <ul>\n                      <li><span style=\"font-size: 12pt; font-family: &quot;Open Sans&quot;;\">Conseil client individuel &amp; solutions flexibles&nbsp;<\/span><\/li>\n                      <li><span style=\"font-size: 12pt; font-family: &quot;Open Sans&quot;;\">Service excellent avec rapidit\u00e9 de r\u00e9ponse&nbsp;<\/span><\/li>\n                      <li><span style=\"font-size: 12pt; font-family: &quot;Open Sans&quot;;\">Produits premium de grandes marques (Avantor, Biognost, Feather, pfmmedical, Weinkauf)&nbsp;<\/span><\/li>\n                      <li><span style=\"font-size: 12pt; font-family: &quot;Open Sans&quot;;\">Expertise scientifique pour des r\u00e9sultats optimaux en laboratoire&nbsp;<\/span><\/li>\n                    <\/ul>\n                    <p>\n                      <br>\n                    <\/p>\n                  <\/div>\n                <\/div>\n              <\/div>\n            <\/div>\n          <\/div>\n        <\/div>\n      <\/div>\n    <\/div>\n  <\/div>\n<\/div>","protected":false},"excerpt":{"rendered":"<p>Why Chemgo Expertise in Histology &amp; Pathology&nbsp; With decades of experience in histological and pathological laboratory processes, we support our customers as a trusted partner. Our team understands the challenges \u2013 from routine hospital workflows to research on specialized samples \u2013 and provides practical solutions, including tailor-made staining kits.&nbsp; &nbsp; Why Chemgo is the Right [&hellip;]<\/p>\n","protected":false},"author":7,"featured_media":0,"parent":0,"menu_order":0,"comment_status":"closed","ping_status":"closed","template":"page-templates\/full-width-page.php","meta":{"footnotes":""},"class_list":["post-13710","page","type-page","status-publish","hentry"],"yoast_head":"<!-- This site is optimized with the Yoast SEO plugin v27.3 - https:\/\/yoast.com\/product\/yoast-seo-wordpress\/ -->\n<title>Why Chemgo - Chemgo AG<\/title>\n<meta name=\"robots\" content=\"index, follow, max-snippet:-1, max-image-preview:large, max-video-preview:-1\" \/>\n<link rel=\"canonical\" href=\"https:\/\/www.chemgo.ch\/fr\/pourquoi-chemgo\/\" \/>\n<meta property=\"og:locale\" content=\"fr_FR\" \/>\n<meta property=\"og:type\" content=\"article\" \/>\n<meta property=\"og:title\" content=\"Why Chemgo - Chemgo AG\" \/>\n<meta property=\"og:description\" content=\"Why Chemgo Expertise in Histology &amp; Pathology&nbsp; With decades of experience in histological and pathological laboratory processes, we support our customers as a trusted partner. Our team understands the challenges \u2013 from routine hospital workflows to research on specialized samples \u2013 and provides practical solutions, including tailor-made staining kits.&nbsp; &nbsp; Why Chemgo is the Right [&hellip;]\" \/>\n<meta property=\"og:url\" content=\"https:\/\/www.chemgo.ch\/fr\/pourquoi-chemgo\/\" \/>\n<meta property=\"og:site_name\" content=\"Chemgo AG\" \/>\n<meta property=\"article:publisher\" content=\"https:\/\/ch.linkedin.com\/company\/chemgo-organica-ag?original_referer=httpswww.google.com\" \/>\n<meta property=\"article:modified_time\" content=\"2025-09-17T08:33:13+00:00\" \/>\n<meta name=\"twitter:card\" content=\"summary_large_image\" \/>\n<script type=\"application\/ld+json\" class=\"yoast-schema-graph\">{\"@context\":\"https:\\\/\\\/schema.org\",\"@graph\":[{\"@type\":\"WebPage\",\"@id\":\"https:\\\/\\\/www.chemgo.ch\\\/why-chemgo\\\/\",\"url\":\"https:\\\/\\\/www.chemgo.ch\\\/why-chemgo\\\/\",\"name\":\"Why Chemgo - Chemgo AG\",\"isPartOf\":{\"@id\":\"https:\\\/\\\/www.chemgo.ch\\\/#website\"},\"datePublished\":\"2025-09-17T08:32:05+00:00\",\"dateModified\":\"2025-09-17T08:33:13+00:00\",\"breadcrumb\":{\"@id\":\"https:\\\/\\\/www.chemgo.ch\\\/why-chemgo\\\/#breadcrumb\"},\"inLanguage\":\"fr-FR\",\"potentialAction\":[{\"@type\":\"ReadAction\",\"target\":[\"https:\\\/\\\/www.chemgo.ch\\\/why-chemgo\\\/\"]}]},{\"@type\":\"BreadcrumbList\",\"@id\":\"https:\\\/\\\/www.chemgo.ch\\\/why-chemgo\\\/#breadcrumb\",\"itemListElement\":[{\"@type\":\"ListItem\",\"position\":1,\"name\":\"Startseite\",\"item\":\"https:\\\/\\\/www.chemgo.ch\\\/\"},{\"@type\":\"ListItem\",\"position\":2,\"name\":\"Why Chemgo\"}]},{\"@type\":\"WebSite\",\"@id\":\"https:\\\/\\\/www.chemgo.ch\\\/#website\",\"url\":\"https:\\\/\\\/www.chemgo.ch\\\/\",\"name\":\"Chemgo AG\",\"description\":\"\",\"publisher\":{\"@id\":\"https:\\\/\\\/www.chemgo.ch\\\/#organization\"},\"potentialAction\":[{\"@type\":\"SearchAction\",\"target\":{\"@type\":\"EntryPoint\",\"urlTemplate\":\"https:\\\/\\\/www.chemgo.ch\\\/?s={search_term_string}\"},\"query-input\":{\"@type\":\"PropertyValueSpecification\",\"valueRequired\":true,\"valueName\":\"search_term_string\"}}],\"inLanguage\":\"fr-FR\"},{\"@type\":\"Organization\",\"@id\":\"https:\\\/\\\/www.chemgo.ch\\\/#organization\",\"name\":\"Chemgo AG\",\"url\":\"https:\\\/\\\/www.chemgo.ch\\\/\",\"logo\":{\"@type\":\"ImageObject\",\"inLanguage\":\"fr-FR\",\"@id\":\"https:\\\/\\\/www.chemgo.ch\\\/#\\\/schema\\\/logo\\\/image\\\/\",\"url\":\"https:\\\/\\\/www.chemgo.ch\\\/wp-content\\\/uploads\\\/2024\\\/02\\\/cropped-cropped-cropped-RZ_Chemgo-Logo-RGB-removebg-preview.png\",\"contentUrl\":\"https:\\\/\\\/www.chemgo.ch\\\/wp-content\\\/uploads\\\/2024\\\/02\\\/cropped-cropped-cropped-RZ_Chemgo-Logo-RGB-removebg-preview.png\",\"width\":713,\"height\":345,\"caption\":\"Chemgo AG\"},\"image\":{\"@id\":\"https:\\\/\\\/www.chemgo.ch\\\/#\\\/schema\\\/logo\\\/image\\\/\"},\"sameAs\":[\"https:\\\/\\\/ch.linkedin.com\\\/company\\\/chemgo-organica-ag?original_referer=httpswww.google.com\"]}]}<\/script>\n<!-- \/ Yoast SEO plugin. -->","yoast_head_json":{"title":"Pourquoi Chemgo - Chemgo AG","robots":{"index":"index","follow":"follow","max-snippet":"max-snippet:-1","max-image-preview":"max-image-preview:large","max-video-preview":"max-video-preview:-1"},"canonical":"https:\/\/www.chemgo.ch\/fr\/pourquoi-chemgo\/","og_locale":"fr_FR","og_type":"article","og_title":"Why Chemgo - Chemgo AG","og_description":"Why Chemgo Expertise in Histology &amp; Pathology&nbsp; With decades of experience in histological and pathological laboratory processes, we support our customers as a trusted partner. Our team understands the challenges \u2013 from routine hospital workflows to research on specialized samples \u2013 and provides practical solutions, including tailor-made staining kits.&nbsp; &nbsp; Why Chemgo is the Right [&hellip;]","og_url":"https:\/\/www.chemgo.ch\/fr\/pourquoi-chemgo\/","og_site_name":"Chemgo AG","article_publisher":"https:\/\/ch.linkedin.com\/company\/chemgo-organica-ag?original_referer=httpswww.google.com","article_modified_time":"2025-09-17T08:33:13+00:00","twitter_card":"summary_large_image","schema":{"@context":"https:\/\/schema.org","@graph":[{"@type":"WebPage","@id":"https:\/\/www.chemgo.ch\/why-chemgo\/","url":"https:\/\/www.chemgo.ch\/why-chemgo\/","name":"Pourquoi Chemgo - Chemgo AG","isPartOf":{"@id":"https:\/\/www.chemgo.ch\/#website"},"datePublished":"2025-09-17T08:32:05+00:00","dateModified":"2025-09-17T08:33:13+00:00","breadcrumb":{"@id":"https:\/\/www.chemgo.ch\/why-chemgo\/#breadcrumb"},"inLanguage":"fr-FR","potentialAction":[{"@type":"ReadAction","target":["https:\/\/www.chemgo.ch\/why-chemgo\/"]}]},{"@type":"BreadcrumbList","@id":"https:\/\/www.chemgo.ch\/why-chemgo\/#breadcrumb","itemListElement":[{"@type":"ListItem","position":1,"name":"Startseite","item":"https:\/\/www.chemgo.ch\/"},{"@type":"ListItem","position":2,"name":"Why Chemgo"}]},{"@type":"WebSite","@id":"https:\/\/www.chemgo.ch\/#website","url":"https:\/\/www.chemgo.ch\/","name":"Chemgo AG","description":"","publisher":{"@id":"https:\/\/www.chemgo.ch\/#organization"},"potentialAction":[{"@type":"SearchAction","target":{"@type":"EntryPoint","urlTemplate":"https:\/\/www.chemgo.ch\/?s={search_term_string}"},"query-input":{"@type":"PropertyValueSpecification","valueRequired":true,"valueName":"search_term_string"}}],"inLanguage":"fr-FR"},{"@type":"Organization","@id":"https:\/\/www.chemgo.ch\/#organization","name":"Chemgo AG","url":"https:\/\/www.chemgo.ch\/","logo":{"@type":"ImageObject","inLanguage":"fr-FR","@id":"https:\/\/www.chemgo.ch\/#\/schema\/logo\/image\/","url":"https:\/\/www.chemgo.ch\/wp-content\/uploads\/2024\/02\/cropped-cropped-cropped-RZ_Chemgo-Logo-RGB-removebg-preview.png","contentUrl":"https:\/\/www.chemgo.ch\/wp-content\/uploads\/2024\/02\/cropped-cropped-cropped-RZ_Chemgo-Logo-RGB-removebg-preview.png","width":713,"height":345,"caption":"Chemgo AG"},"image":{"@id":"https:\/\/www.chemgo.ch\/#\/schema\/logo\/image\/"},"sameAs":["https:\/\/ch.linkedin.com\/company\/chemgo-organica-ag?original_referer=httpswww.google.com"]}]}},"_links":{"self":[{"href":"https:\/\/www.chemgo.ch\/fr\/wp-json\/wp\/v2\/pages\/13710","targetHints":{"allow":["GET"]}}],"collection":[{"href":"https:\/\/www.chemgo.ch\/fr\/wp-json\/wp\/v2\/pages"}],"about":[{"href":"https:\/\/www.chemgo.ch\/fr\/wp-json\/wp\/v2\/types\/page"}],"author":[{"embeddable":true,"href":"https:\/\/www.chemgo.ch\/fr\/wp-json\/wp\/v2\/users\/7"}],"replies":[{"embeddable":true,"href":"https:\/\/www.chemgo.ch\/fr\/wp-json\/wp\/v2\/comments?post=13710"}],"version-history":[{"count":0,"href":"https:\/\/www.chemgo.ch\/fr\/wp-json\/wp\/v2\/pages\/13710\/revisions"}],"wp:attachment":[{"href":"https:\/\/www.chemgo.ch\/fr\/wp-json\/wp\/v2\/media?parent=13710"}],"curies":[{"name":"wp","href":"https:\/\/api.w.org\/{rel}","templated":true}]}}