{"id":13311,"date":"2025-09-08T15:49:23","date_gmt":"2025-09-08T13:49:23","guid":{"rendered":"https:\/\/www.chemgo.ch\/supplier-qualification-regulatory-support\/"},"modified":"2025-09-16T15:31:32","modified_gmt":"2025-09-16T13:31:32","slug":"qualification-des-fournisseurs","status":"publish","type":"page","link":"https:\/\/www.chemgo.ch\/fr\/supplier-qualification\/","title":{"rendered":"Qualification des fournisseurs et soutien r\u00e9glementaire"},"content":{"rendered":"<div data-colibri-id=\"13311-c1\" class=\"style-4676 style-local-13311-c1 position-relative\">\n  <!---->\n  <div data-colibri-component=\"section\" data-colibri-id=\"13311-c2\" id=\"custom\" class=\"h-section h-section-global-spacing d-flex align-items-lg-center align-items-md-center align-items-center style-4677 style-local-13311-c2 position-relative\">\n    <!---->\n    <!---->\n    <div class=\"h-section-grid-container h-section-boxed-container\">\n      <!---->\n      <div data-colibri-id=\"13311-c3\" class=\"h-row-container gutters-row-lg-2 gutters-row-md-2 gutters-row-0 gutters-row-v-lg-2 gutters-row-v-md-2 gutters-row-v-2 style-4678 style-local-13311-c3 position-relative\">\n        <!---->\n        <div class=\"h-row justify-content-lg-center justify-content-md-center justify-content-center align-items-lg-stretch align-items-md-stretch align-items-stretch gutters-col-lg-2 gutters-col-md-2 gutters-col-0 gutters-col-v-lg-2 gutters-col-v-md-2 gutters-col-v-2\">\n          <!---->\n          <div class=\"h-column h-column-container d-flex h-col-lg-auto h-col-md-auto h-col-auto style-4679-outer style-local-13311-c4-outer\">\n            <div data-colibri-id=\"13311-c4\" class=\"d-flex h-flex-basis h-column__inner h-px-lg-2 h-px-md-2 h-px-2 v-inner-lg-2 v-inner-md-2 v-inner-2 style-4679 style-local-13311-c4 position-relative\">\n              <!---->\n              <!---->\n              <div class=\"w-100 h-y-container h-column__content h-column__v-align flex-basis-100 align-self-lg-start align-self-md-start align-self-start\">\n                <!---->\n                <div data-colibri-id=\"13311-c5\" class=\"h-global-transition-all h-heading style-4680 style-local-13311-c5 position-relative h-element\">\n                  <!---->\n                  <div class=\"h-heading__outer style-4680 style-local-13311-c5\">\n                    <!---->\n                    <!---->\n                    <h2 class=\"\">Qualification des fournisseurs et soutien r\u00e9glementaire<\/h2>\n                  <\/div>\n                <\/div>\n              <\/div>\n            <\/div>\n          <\/div>\n        <\/div>\n      <\/div>\n      <div data-colibri-id=\"13311-c6\" class=\"h-row-container gutters-row-lg-2 gutters-row-md-2 gutters-row-0 gutters-row-v-lg-2 gutters-row-v-md-2 gutters-row-v-2 style-4681 style-local-13311-c6 position-relative\">\n        <!---->\n        <div class=\"h-row justify-content-lg-center justify-content-md-center justify-content-center align-items-lg-stretch align-items-md-stretch align-items-stretch gutters-col-lg-2 gutters-col-md-2 gutters-col-0 gutters-col-v-lg-2 gutters-col-v-md-2 gutters-col-v-2\">\n          <!---->\n          <div class=\"h-column h-column-container d-flex h-col-lg-auto h-col-md-auto h-col-auto style-4682-outer style-local-13311-c7-outer\">\n            <div data-colibri-id=\"13311-c7\" class=\"d-flex h-flex-basis h-column__inner h-px-lg-2 h-px-md-2 h-px-2 v-inner-lg-2 v-inner-md-2 v-inner-2 style-4682 style-local-13311-c7 position-relative\">\n              <!---->\n              <!---->\n              <div class=\"w-100 h-y-container h-column__content h-column__v-align flex-basis-100 align-self-lg-start align-self-md-start align-self-start\">\n                <!---->\n                <div data-colibri-id=\"13311-c8\" class=\"h-text h-text-component style-4683 style-local-13311-c8 position-relative h-element\">\n                  <!---->\n                  <!---->\n                  <div class=\"\">\n                    <p><strong style=\"font-weight: 700; color: rgb(0, 0, 0);\">S<\/strong><strong style=\"color: rgb(0, 0, 0);\">Qualification des fournisseurs et soutien r\u00e9glementaire par Chemgo<\/strong><\/p>\n                    <p><span style=\"color: rgb(0, 0, 0);\">Chez Chemgo, nous offrons une qualification compl\u00e8te des fournisseurs et un soutien r\u00e9glementaire pour garantir que votre approvisionnement en produits chimiques et interm\u00e9diaires est conforme, fiable et efficace. En tant qu'agence chimique exp\u00e9riment\u00e9e, nous aidons les entreprises \u00e0 naviguer dans la complexit\u00e9 de la s\u00e9lection de fournisseurs qualifi\u00e9s et \u00e0 adh\u00e9rer aux normes r\u00e9glementaires mondiales. Notre \u00e9quipe d'experts s'assure que tous les produits destin\u00e9s \u00e0 votre entreprise r\u00e9pondent aux normes de qualit\u00e9 et aux exigences r\u00e9glementaires les plus strictes et que toute la documentation n\u00e9cessaire est disponible.<\/span><\/p>\n                    <p>\n                      <br>\n                    <\/p>\n                    <p><strong style=\"color: rgb(0, 0, 0);\">Approvisionnement efficace en produits chimiques<\/strong><\/p>\n                    <p><span style=\"color: rgb(0, 0, 0);\">Chez Chemgo, nous nous appuyons sur notre vaste r\u00e9seau de fournisseurs de confiance pour proposer une large gamme de produits chimiques destin\u00e9s \u00e0 diverses industries. Quelle que soit la mati\u00e8re premi\u00e8re que nous vous proposons, nous nous assurons que chaque fournisseur adh\u00e8re \u00e0 des normes de qualit\u00e9 strictes et respecte toutes les r\u00e9glementations en vigueur.<\/span><\/p>\n                    <p>\n                      <br>\n                    <\/p>\n                    <p><strong style=\"color: rgb(0, 0, 0);\">Qualification des fournisseurs : Garantir la fiabilit\u00e9 et la conformit\u00e9<\/strong><\/p>\n                    <p><span style=\"color: rgb(0, 0, 0);\">En tant qu'agence chimique de premier plan dans les secteurs de la chimie fine et des sciences de la vie, Chemgo comprend l'importance de s\u00e9lectionner des fournisseurs qualifi\u00e9s qui r\u00e9pondent \u00e0 des normes r\u00e9glementaires strictes. Nous vous aidons \u00e0 \u00e9valuer l'adh\u00e9sion des fournisseurs \u00e0 toutes les r\u00e9glementations pertinentes, en veillant \u00e0 ce que chaque produit que nous offrons soit conforme aux normes de qualit\u00e9, de s\u00e9curit\u00e9 et de durabilit\u00e9.<\/span><\/p>\n                    <p>\n                      <br>\n                    <\/p>\n                    <p><strong style=\"color: rgb(0, 0, 0);\">Avantages de la qualification des fournisseurs et de l'assistance r\u00e9glementaire avec Chemgo<\/strong><\/p>\n                    <ul>\n                      <li><span style=\"color: rgb(0, 0, 0);\">Approvisionnement fiable : Notre vaste r\u00e9seau de fournisseurs qualifi\u00e9s garantit que vos produits chimiques sont produits par des fabricants fiables et de confiance.<\/span><\/li>\n                      <li><span style=\"color: rgb(0, 0, 0);\">Conseils d'experts en mati\u00e8re de r\u00e9glementation : Nous fournissons un soutien r\u00e9glementaire continu, en veillant \u00e0 ce que tous les produits chimiques soient conformes aux r\u00e9glementations internationales et locales et \u00e0 ce que toute la documentation requise sur le produit soit disponible.<\/span><\/li>\n                      <li><span style=\"color: rgb(0, 0, 0);\">Assurance qualit\u00e9 : En tant qu'agence chimique de premier plan, nous nous concentrons sur les produits chimiques qui r\u00e9pondent aux normes de qualit\u00e9 les plus \u00e9lev\u00e9es, garantissant ainsi un approvisionnement constant pour votre entreprise.<\/span><\/li>\n                      <li><span style=\"color: rgb(0, 0, 0);\">Des processus rationalis\u00e9s : Nous vous assistons dans le processus de qualification des fournisseurs et simplifions l'approvisionnement, ce qui vous permet d'\u00e9conomiser du temps et des ressources tout en garantissant la conformit\u00e9.<\/span><\/li>\n                    <\/ul>\n                    <p>\n                      <br>\n                    <\/p>\n                  <\/div>\n                <\/div>\n              <\/div>\n            <\/div>\n          <\/div>\n        <\/div>\n      <\/div>\n    <\/div>\n  <\/div>\n<\/div>","protected":false},"excerpt":{"rendered":"<p>Supplier Qualification &amp; Regulatory Support Supplier Qualification &amp; Regulatory Support by Chemgo At&nbsp;Chemgo, we offer comprehensive&nbsp;supplier qualification&nbsp;and&nbsp;regulatory support&nbsp;to ensure that your&nbsp;procurement&nbsp;of&nbsp;chemicals&nbsp;and intermediates is compliant, reliable, and efficient. As an experienced&nbsp;chemical agency, we help businesses navigate the complexities of selecting qualified suppliers and adhering to global regulatory standards. Our expert team ensures that all&nbsp;products for your [&hellip;]<\/p>\n","protected":false},"author":7,"featured_media":0,"parent":0,"menu_order":0,"comment_status":"closed","ping_status":"closed","template":"page-templates\/full-width-page.php","meta":{"footnotes":""},"class_list":["post-13311","page","type-page","status-publish","hentry"],"yoast_head":"<!-- This site is optimized with the Yoast SEO plugin v27.3 - https:\/\/yoast.com\/product\/yoast-seo-wordpress\/ -->\n<title>Supplier Qualification &amp; Regulatory Support - Chemgo AG<\/title>\n<meta name=\"robots\" content=\"index, follow, max-snippet:-1, max-image-preview:large, max-video-preview:-1\" \/>\n<link rel=\"canonical\" href=\"https:\/\/www.chemgo.ch\/fr\/qualification-des-fournisseurs\/\" \/>\n<meta property=\"og:locale\" content=\"fr_FR\" \/>\n<meta property=\"og:type\" content=\"article\" \/>\n<meta property=\"og:title\" content=\"Supplier Qualification &amp; Regulatory Support - Chemgo AG\" \/>\n<meta property=\"og:description\" content=\"Supplier Qualification &amp; Regulatory Support Supplier Qualification &amp; Regulatory Support by Chemgo At&nbsp;Chemgo, we offer comprehensive&nbsp;supplier qualification&nbsp;and&nbsp;regulatory support&nbsp;to ensure that your&nbsp;procurement&nbsp;of&nbsp;chemicals&nbsp;and intermediates is compliant, reliable, and efficient. As an experienced&nbsp;chemical agency, we help businesses navigate the complexities of selecting qualified suppliers and adhering to global regulatory standards. Our expert team ensures that all&nbsp;products for your [&hellip;]\" \/>\n<meta property=\"og:url\" content=\"https:\/\/www.chemgo.ch\/fr\/qualification-des-fournisseurs\/\" \/>\n<meta property=\"og:site_name\" content=\"Chemgo AG\" \/>\n<meta property=\"article:publisher\" content=\"https:\/\/ch.linkedin.com\/company\/chemgo-organica-ag?original_referer=httpswww.google.com\" \/>\n<meta property=\"article:modified_time\" content=\"2025-09-16T13:31:32+00:00\" \/>\n<meta name=\"twitter:card\" content=\"summary_large_image\" \/>\n<meta name=\"twitter:label1\" content=\"Dur\u00e9e de lecture estim\u00e9e\" \/>\n\t<meta name=\"twitter:data1\" content=\"2 minutes\" \/>\n<script type=\"application\/ld+json\" class=\"yoast-schema-graph\">{\"@context\":\"https:\\\/\\\/schema.org\",\"@graph\":[{\"@type\":\"WebPage\",\"@id\":\"https:\\\/\\\/www.chemgo.ch\\\/supplier-qualification\\\/\",\"url\":\"https:\\\/\\\/www.chemgo.ch\\\/supplier-qualification\\\/\",\"name\":\"Supplier Qualification & Regulatory Support - Chemgo AG\",\"isPartOf\":{\"@id\":\"https:\\\/\\\/www.chemgo.ch\\\/#website\"},\"datePublished\":\"2025-09-08T13:49:23+00:00\",\"dateModified\":\"2025-09-16T13:31:32+00:00\",\"breadcrumb\":{\"@id\":\"https:\\\/\\\/www.chemgo.ch\\\/supplier-qualification\\\/#breadcrumb\"},\"inLanguage\":\"fr-FR\",\"potentialAction\":[{\"@type\":\"ReadAction\",\"target\":[\"https:\\\/\\\/www.chemgo.ch\\\/supplier-qualification\\\/\"]}]},{\"@type\":\"BreadcrumbList\",\"@id\":\"https:\\\/\\\/www.chemgo.ch\\\/supplier-qualification\\\/#breadcrumb\",\"itemListElement\":[{\"@type\":\"ListItem\",\"position\":1,\"name\":\"Startseite\",\"item\":\"https:\\\/\\\/www.chemgo.ch\\\/\"},{\"@type\":\"ListItem\",\"position\":2,\"name\":\"Supplier Qualification &#038; Regulatory Support\"}]},{\"@type\":\"WebSite\",\"@id\":\"https:\\\/\\\/www.chemgo.ch\\\/#website\",\"url\":\"https:\\\/\\\/www.chemgo.ch\\\/\",\"name\":\"Chemgo AG\",\"description\":\"\",\"publisher\":{\"@id\":\"https:\\\/\\\/www.chemgo.ch\\\/#organization\"},\"potentialAction\":[{\"@type\":\"SearchAction\",\"target\":{\"@type\":\"EntryPoint\",\"urlTemplate\":\"https:\\\/\\\/www.chemgo.ch\\\/?s={search_term_string}\"},\"query-input\":{\"@type\":\"PropertyValueSpecification\",\"valueRequired\":true,\"valueName\":\"search_term_string\"}}],\"inLanguage\":\"fr-FR\"},{\"@type\":\"Organization\",\"@id\":\"https:\\\/\\\/www.chemgo.ch\\\/#organization\",\"name\":\"Chemgo AG\",\"url\":\"https:\\\/\\\/www.chemgo.ch\\\/\",\"logo\":{\"@type\":\"ImageObject\",\"inLanguage\":\"fr-FR\",\"@id\":\"https:\\\/\\\/www.chemgo.ch\\\/#\\\/schema\\\/logo\\\/image\\\/\",\"url\":\"https:\\\/\\\/www.chemgo.ch\\\/wp-content\\\/uploads\\\/2024\\\/02\\\/cropped-cropped-cropped-RZ_Chemgo-Logo-RGB-removebg-preview.png\",\"contentUrl\":\"https:\\\/\\\/www.chemgo.ch\\\/wp-content\\\/uploads\\\/2024\\\/02\\\/cropped-cropped-cropped-RZ_Chemgo-Logo-RGB-removebg-preview.png\",\"width\":713,\"height\":345,\"caption\":\"Chemgo AG\"},\"image\":{\"@id\":\"https:\\\/\\\/www.chemgo.ch\\\/#\\\/schema\\\/logo\\\/image\\\/\"},\"sameAs\":[\"https:\\\/\\\/ch.linkedin.com\\\/company\\\/chemgo-organica-ag?original_referer=httpswww.google.com\"]}]}<\/script>\n<!-- \/ Yoast SEO plugin. -->","yoast_head_json":{"title":"Qualification des fournisseurs et soutien r\u00e9glementaire - Chemgo AG","robots":{"index":"index","follow":"follow","max-snippet":"max-snippet:-1","max-image-preview":"max-image-preview:large","max-video-preview":"max-video-preview:-1"},"canonical":"https:\/\/www.chemgo.ch\/fr\/qualification-des-fournisseurs\/","og_locale":"fr_FR","og_type":"article","og_title":"Supplier Qualification & Regulatory Support - Chemgo AG","og_description":"Supplier Qualification &amp; Regulatory Support Supplier Qualification &amp; Regulatory Support by Chemgo At&nbsp;Chemgo, we offer comprehensive&nbsp;supplier qualification&nbsp;and&nbsp;regulatory support&nbsp;to ensure that your&nbsp;procurement&nbsp;of&nbsp;chemicals&nbsp;and intermediates is compliant, reliable, and efficient. As an experienced&nbsp;chemical agency, we help businesses navigate the complexities of selecting qualified suppliers and adhering to global regulatory standards. Our expert team ensures that all&nbsp;products for your [&hellip;]","og_url":"https:\/\/www.chemgo.ch\/fr\/qualification-des-fournisseurs\/","og_site_name":"Chemgo AG","article_publisher":"https:\/\/ch.linkedin.com\/company\/chemgo-organica-ag?original_referer=httpswww.google.com","article_modified_time":"2025-09-16T13:31:32+00:00","twitter_card":"summary_large_image","twitter_misc":{"Dur\u00e9e de lecture estim\u00e9e":"2 minutes"},"schema":{"@context":"https:\/\/schema.org","@graph":[{"@type":"WebPage","@id":"https:\/\/www.chemgo.ch\/supplier-qualification\/","url":"https:\/\/www.chemgo.ch\/supplier-qualification\/","name":"Qualification des fournisseurs et soutien r\u00e9glementaire - Chemgo AG","isPartOf":{"@id":"https:\/\/www.chemgo.ch\/#website"},"datePublished":"2025-09-08T13:49:23+00:00","dateModified":"2025-09-16T13:31:32+00:00","breadcrumb":{"@id":"https:\/\/www.chemgo.ch\/supplier-qualification\/#breadcrumb"},"inLanguage":"fr-FR","potentialAction":[{"@type":"ReadAction","target":["https:\/\/www.chemgo.ch\/supplier-qualification\/"]}]},{"@type":"BreadcrumbList","@id":"https:\/\/www.chemgo.ch\/supplier-qualification\/#breadcrumb","itemListElement":[{"@type":"ListItem","position":1,"name":"Startseite","item":"https:\/\/www.chemgo.ch\/"},{"@type":"ListItem","position":2,"name":"Supplier Qualification &#038; Regulatory Support"}]},{"@type":"WebSite","@id":"https:\/\/www.chemgo.ch\/#website","url":"https:\/\/www.chemgo.ch\/","name":"Chemgo AG","description":"","publisher":{"@id":"https:\/\/www.chemgo.ch\/#organization"},"potentialAction":[{"@type":"SearchAction","target":{"@type":"EntryPoint","urlTemplate":"https:\/\/www.chemgo.ch\/?s={search_term_string}"},"query-input":{"@type":"PropertyValueSpecification","valueRequired":true,"valueName":"search_term_string"}}],"inLanguage":"fr-FR"},{"@type":"Organization","@id":"https:\/\/www.chemgo.ch\/#organization","name":"Chemgo AG","url":"https:\/\/www.chemgo.ch\/","logo":{"@type":"ImageObject","inLanguage":"fr-FR","@id":"https:\/\/www.chemgo.ch\/#\/schema\/logo\/image\/","url":"https:\/\/www.chemgo.ch\/wp-content\/uploads\/2024\/02\/cropped-cropped-cropped-RZ_Chemgo-Logo-RGB-removebg-preview.png","contentUrl":"https:\/\/www.chemgo.ch\/wp-content\/uploads\/2024\/02\/cropped-cropped-cropped-RZ_Chemgo-Logo-RGB-removebg-preview.png","width":713,"height":345,"caption":"Chemgo AG"},"image":{"@id":"https:\/\/www.chemgo.ch\/#\/schema\/logo\/image\/"},"sameAs":["https:\/\/ch.linkedin.com\/company\/chemgo-organica-ag?original_referer=httpswww.google.com"]}]}},"_links":{"self":[{"href":"https:\/\/www.chemgo.ch\/fr\/wp-json\/wp\/v2\/pages\/13311","targetHints":{"allow":["GET"]}}],"collection":[{"href":"https:\/\/www.chemgo.ch\/fr\/wp-json\/wp\/v2\/pages"}],"about":[{"href":"https:\/\/www.chemgo.ch\/fr\/wp-json\/wp\/v2\/types\/page"}],"author":[{"embeddable":true,"href":"https:\/\/www.chemgo.ch\/fr\/wp-json\/wp\/v2\/users\/7"}],"replies":[{"embeddable":true,"href":"https:\/\/www.chemgo.ch\/fr\/wp-json\/wp\/v2\/comments?post=13311"}],"version-history":[{"count":0,"href":"https:\/\/www.chemgo.ch\/fr\/wp-json\/wp\/v2\/pages\/13311\/revisions"}],"wp:attachment":[{"href":"https:\/\/www.chemgo.ch\/fr\/wp-json\/wp\/v2\/media?parent=13311"}],"curies":[{"name":"wp","href":"https:\/\/api.w.org\/{rel}","templated":true}]}}