{"id":13303,"date":"2025-09-08T15:48:02","date_gmt":"2025-09-08T13:48:02","guid":{"rendered":"https:\/\/www.chemgo.ch\/project-management\/"},"modified":"2025-09-16T15:28:11","modified_gmt":"2025-09-16T13:28:11","slug":"gestion-de-projet","status":"publish","type":"page","link":"https:\/\/www.chemgo.ch\/fr\/project-management\/","title":{"rendered":"Gestion de projet"},"content":{"rendered":"<div data-colibri-id=\"13303-c1\" class=\"style-4668 style-local-13303-c1 position-relative\">\n  <!---->\n  <div data-colibri-component=\"section\" data-colibri-id=\"13303-c2\" id=\"custom\" class=\"h-section h-section-global-spacing d-flex align-items-lg-center align-items-md-center align-items-center style-4669 style-local-13303-c2 position-relative\">\n    <!---->\n    <!---->\n    <div class=\"h-section-grid-container h-section-boxed-container\">\n      <!---->\n      <div data-colibri-id=\"13303-c3\" class=\"h-row-container gutters-row-lg-2 gutters-row-md-2 gutters-row-0 gutters-row-v-lg-2 gutters-row-v-md-2 gutters-row-v-2 style-4670 style-local-13303-c3 position-relative\">\n        <!---->\n        <div class=\"h-row justify-content-lg-center justify-content-md-center justify-content-center align-items-lg-stretch align-items-md-stretch align-items-stretch gutters-col-lg-2 gutters-col-md-2 gutters-col-0 gutters-col-v-lg-2 gutters-col-v-md-2 gutters-col-v-2\">\n          <!---->\n          <div class=\"h-column h-column-container d-flex h-col-lg-auto h-col-md-auto h-col-auto style-4671-outer style-local-13303-c4-outer\">\n            <div data-colibri-id=\"13303-c4\" class=\"d-flex h-flex-basis h-column__inner h-px-lg-2 h-px-md-2 h-px-2 v-inner-lg-2 v-inner-md-2 v-inner-2 style-4671 style-local-13303-c4 position-relative\">\n              <!---->\n              <!---->\n              <div class=\"w-100 h-y-container h-column__content h-column__v-align flex-basis-100 align-self-lg-start align-self-md-start align-self-start\">\n                <!---->\n                <div data-colibri-id=\"13303-c5\" class=\"h-global-transition-all h-heading style-4672 style-local-13303-c5 position-relative h-element\">\n                  <!---->\n                  <div class=\"h-heading__outer style-4672 style-local-13303-c5\">\n                    <!---->\n                    <!---->\n                    <h2 class=\"\">Gestion de projet<\/h2>\n                  <\/div>\n                <\/div>\n              <\/div>\n            <\/div>\n          <\/div>\n        <\/div>\n      <\/div>\n      <div data-colibri-id=\"13303-c6\" class=\"h-row-container gutters-row-lg-2 gutters-row-md-2 gutters-row-0 gutters-row-v-lg-2 gutters-row-v-md-2 gutters-row-v-2 style-4673 style-local-13303-c6 position-relative\">\n        <!---->\n        <div class=\"h-row justify-content-lg-center justify-content-md-center justify-content-center align-items-lg-stretch align-items-md-stretch align-items-stretch gutters-col-lg-2 gutters-col-md-2 gutters-col-0 gutters-col-v-lg-2 gutters-col-v-md-2 gutters-col-v-2\">\n          <!---->\n          <div class=\"h-column h-column-container d-flex h-col-lg-auto h-col-md-auto h-col-auto style-4674-outer style-local-13303-c7-outer\">\n            <div data-colibri-id=\"13303-c7\" class=\"d-flex h-flex-basis h-column__inner h-px-lg-2 h-px-md-2 h-px-2 v-inner-lg-2 v-inner-md-2 v-inner-2 style-4674 style-local-13303-c7 position-relative\">\n              <!---->\n              <!---->\n              <div class=\"w-100 h-y-container h-column__content h-column__v-align flex-basis-100 align-self-lg-start align-self-md-start align-self-start\">\n                <!---->\n                <div data-colibri-id=\"13303-c8\" class=\"h-text h-text-component style-4675 style-local-13303-c8 position-relative h-element\">\n                  <!---->\n                  <!---->\n                  <div class=\"\">\n                    <p><strong style=\"color: rgb(0, 0, 0);\">Gestion de projets dans le domaine de la chimie de sp\u00e9cialit\u00e9 et de la chimie fine<\/strong><\/p>\n                    <p><span style=\"color: rgb(0, 0, 0);\">Chez Chemgo AG, nous fournissons une expertise en gestion de projet afin de r\u00e9pondre aux besoins des clients dans les secteurs de la chimie fine et des sciences de la vie, y compris la pharmacie. S'appuyant sur des d\u00e9cennies d'expertise dans les secteurs de la chimie et des sciences de la vie, Chemgo assure l'ex\u00e9cution et la gestion sans faille de projets complexes de synth\u00e8se chimique \u00e0 fa\u00e7on. Gr\u00e2ce \u00e0 notre vaste r\u00e9seau de fabricants de produits chimiques hautement sp\u00e9cialis\u00e9s, nous pouvons offrir des solutions \u00e0 la plupart de vos d\u00e9fis chimiques.<\/span><\/p>\n                    <p><span style=\"color: rgb(0, 0, 0);\"> <\/span><\/p>\n                    <p><strong style=\"color: rgb(0, 0, 0);\">Coordination des projets de synth\u00e8se \u00e0 fa\u00e7on<\/strong><\/p>\n                    <p><span style=\"color: rgb(0, 0, 0);\">L'\u00e9quipe de Chemgo joue le r\u00f4le d'interface centrale entre les clients et les fabricants dans le cadre de projets de synth\u00e8se chimique complexes. En g\u00e9rant et en coordonnant toutes les \u00e9tapes du projet, nous nous assurons que les produits chimiques de sp\u00e9cialit\u00e9 sont livr\u00e9s conform\u00e9ment aux sp\u00e9cifications d\u00e9finies, qu'ils r\u00e9pondent \u00e0 toutes les normes r\u00e9glementaires pertinentes et qu'ils sont fournis dans les d\u00e9lais convenus.<\/span><\/p>\n                    <p><span style=\"color: rgb(0, 0, 0);\"> <\/span><\/p>\n                    <p><strong style=\"color: rgb(0, 0, 0);\"> <\/strong><\/p>\n                    <p><strong style=\"font-family: &quot;Open Sans&quot;; font-size: 16px; color: rgb(0, 0, 0);\">Avantages du w<\/strong><strong style=\"color: rgb(0, 0, 0);\">Travailler avec Chemgo pour des projets de synth\u00e8se \u00e0 fa\u00e7on<\/strong><\/p>\n                    <ul>\n                      <li><span style=\"color: rgb(0, 0, 0);\">Approvisionnement fiable : En tant que partenaire de confiance pour les produits chimiques de sp\u00e9cialit\u00e9, les produits chimiques fins et les fournitures de laboratoire, nous veillons \u00e0 ce que les exigences de votre projet soient satisfaites dans les d\u00e9lais et selon les sp\u00e9cifications appropri\u00e9es.<\/span><\/li>\n                      <li><span style=\"color: rgb(0, 0, 0);\">Gestion et coordination de projets : En tant qu'interface centrale entre les clients et les fabricants, Chemgo s'assure que les projets de synth\u00e8se chimique complexes sont g\u00e9r\u00e9s avec expertise afin de r\u00e9pondre aux exigences uniques de chaque client, pour un r\u00e9sultat de projet r\u00e9ussi. Conformit\u00e9 et s\u00e9curit\u00e9 : Comprenant les exigences de nos clients en mati\u00e8re de conformit\u00e9 et de s\u00e9curit\u00e9, nous assurons le respect des r\u00e9glementations industrielles, telles que les r\u00e9glementations sur les marchandises dangereuses pour le transport de produits chimiques dangereux et de mat\u00e9riel de laboratoire.<\/span><\/li>\n                    <\/ul>\n                    <p>\n                      <br>\n                    <\/p>\n                  <\/div>\n                <\/div>\n              <\/div>\n            <\/div>\n          <\/div>\n        <\/div>\n      <\/div>\n    <\/div>\n  <\/div>\n<\/div>","protected":false},"excerpt":{"rendered":"<p>Project Management Project Management for Specialty Chemicals and Fine Chemicals projects At Chemgo AG, we provide project management expertize in order to meet the needs of clients in the sectors of fine chemicals and life sciences, including Pharma. Leveraging decades of expertise in the chemical and life science industries, Chemgo ensures the seamless execution and [&hellip;]<\/p>\n","protected":false},"author":7,"featured_media":0,"parent":0,"menu_order":0,"comment_status":"closed","ping_status":"closed","template":"page-templates\/full-width-page.php","meta":{"footnotes":""},"class_list":["post-13303","page","type-page","status-publish","hentry"],"yoast_head":"<!-- This site is optimized with the Yoast SEO plugin v27.3 - https:\/\/yoast.com\/product\/yoast-seo-wordpress\/ -->\n<title>Project Management - Chemgo AG<\/title>\n<meta name=\"robots\" content=\"index, follow, max-snippet:-1, max-image-preview:large, max-video-preview:-1\" \/>\n<link rel=\"canonical\" href=\"https:\/\/www.chemgo.ch\/fr\/gestion-de-projet\/\" \/>\n<meta property=\"og:locale\" content=\"fr_FR\" \/>\n<meta property=\"og:type\" content=\"article\" \/>\n<meta property=\"og:title\" content=\"Project Management - Chemgo AG\" \/>\n<meta property=\"og:description\" content=\"Project Management Project Management for Specialty Chemicals and Fine Chemicals projects At Chemgo AG, we provide project management expertize in order to meet the needs of clients in the sectors of fine chemicals and life sciences, including Pharma. Leveraging decades of expertise in the chemical and life science industries, Chemgo ensures the seamless execution and [&hellip;]\" \/>\n<meta property=\"og:url\" content=\"https:\/\/www.chemgo.ch\/fr\/gestion-de-projet\/\" \/>\n<meta property=\"og:site_name\" content=\"Chemgo AG\" \/>\n<meta property=\"article:publisher\" content=\"https:\/\/ch.linkedin.com\/company\/chemgo-organica-ag?original_referer=httpswww.google.com\" \/>\n<meta property=\"article:modified_time\" content=\"2025-09-16T13:28:11+00:00\" \/>\n<meta name=\"twitter:card\" content=\"summary_large_image\" \/>\n<meta name=\"twitter:label1\" content=\"Dur\u00e9e de lecture estim\u00e9e\" \/>\n\t<meta name=\"twitter:data1\" content=\"1 minute\" \/>\n<script type=\"application\/ld+json\" class=\"yoast-schema-graph\">{\"@context\":\"https:\\\/\\\/schema.org\",\"@graph\":[{\"@type\":\"WebPage\",\"@id\":\"https:\\\/\\\/www.chemgo.ch\\\/project-management\\\/\",\"url\":\"https:\\\/\\\/www.chemgo.ch\\\/project-management\\\/\",\"name\":\"Project Management - Chemgo AG\",\"isPartOf\":{\"@id\":\"https:\\\/\\\/www.chemgo.ch\\\/#website\"},\"datePublished\":\"2025-09-08T13:48:02+00:00\",\"dateModified\":\"2025-09-16T13:28:11+00:00\",\"breadcrumb\":{\"@id\":\"https:\\\/\\\/www.chemgo.ch\\\/project-management\\\/#breadcrumb\"},\"inLanguage\":\"fr-FR\",\"potentialAction\":[{\"@type\":\"ReadAction\",\"target\":[\"https:\\\/\\\/www.chemgo.ch\\\/project-management\\\/\"]}]},{\"@type\":\"BreadcrumbList\",\"@id\":\"https:\\\/\\\/www.chemgo.ch\\\/project-management\\\/#breadcrumb\",\"itemListElement\":[{\"@type\":\"ListItem\",\"position\":1,\"name\":\"Startseite\",\"item\":\"https:\\\/\\\/www.chemgo.ch\\\/\"},{\"@type\":\"ListItem\",\"position\":2,\"name\":\"Project Management\"}]},{\"@type\":\"WebSite\",\"@id\":\"https:\\\/\\\/www.chemgo.ch\\\/#website\",\"url\":\"https:\\\/\\\/www.chemgo.ch\\\/\",\"name\":\"Chemgo AG\",\"description\":\"\",\"publisher\":{\"@id\":\"https:\\\/\\\/www.chemgo.ch\\\/#organization\"},\"potentialAction\":[{\"@type\":\"SearchAction\",\"target\":{\"@type\":\"EntryPoint\",\"urlTemplate\":\"https:\\\/\\\/www.chemgo.ch\\\/?s={search_term_string}\"},\"query-input\":{\"@type\":\"PropertyValueSpecification\",\"valueRequired\":true,\"valueName\":\"search_term_string\"}}],\"inLanguage\":\"fr-FR\"},{\"@type\":\"Organization\",\"@id\":\"https:\\\/\\\/www.chemgo.ch\\\/#organization\",\"name\":\"Chemgo AG\",\"url\":\"https:\\\/\\\/www.chemgo.ch\\\/\",\"logo\":{\"@type\":\"ImageObject\",\"inLanguage\":\"fr-FR\",\"@id\":\"https:\\\/\\\/www.chemgo.ch\\\/#\\\/schema\\\/logo\\\/image\\\/\",\"url\":\"https:\\\/\\\/www.chemgo.ch\\\/wp-content\\\/uploads\\\/2024\\\/02\\\/cropped-cropped-cropped-RZ_Chemgo-Logo-RGB-removebg-preview.png\",\"contentUrl\":\"https:\\\/\\\/www.chemgo.ch\\\/wp-content\\\/uploads\\\/2024\\\/02\\\/cropped-cropped-cropped-RZ_Chemgo-Logo-RGB-removebg-preview.png\",\"width\":713,\"height\":345,\"caption\":\"Chemgo AG\"},\"image\":{\"@id\":\"https:\\\/\\\/www.chemgo.ch\\\/#\\\/schema\\\/logo\\\/image\\\/\"},\"sameAs\":[\"https:\\\/\\\/ch.linkedin.com\\\/company\\\/chemgo-organica-ag?original_referer=httpswww.google.com\"]}]}<\/script>\n<!-- \/ Yoast SEO plugin. -->","yoast_head_json":{"title":"Gestion de projet - Chemgo AG","robots":{"index":"index","follow":"follow","max-snippet":"max-snippet:-1","max-image-preview":"max-image-preview:large","max-video-preview":"max-video-preview:-1"},"canonical":"https:\/\/www.chemgo.ch\/fr\/gestion-de-projet\/","og_locale":"fr_FR","og_type":"article","og_title":"Project Management - Chemgo AG","og_description":"Project Management Project Management for Specialty Chemicals and Fine Chemicals projects At Chemgo AG, we provide project management expertize in order to meet the needs of clients in the sectors of fine chemicals and life sciences, including Pharma. Leveraging decades of expertise in the chemical and life science industries, Chemgo ensures the seamless execution and [&hellip;]","og_url":"https:\/\/www.chemgo.ch\/fr\/gestion-de-projet\/","og_site_name":"Chemgo AG","article_publisher":"https:\/\/ch.linkedin.com\/company\/chemgo-organica-ag?original_referer=httpswww.google.com","article_modified_time":"2025-09-16T13:28:11+00:00","twitter_card":"summary_large_image","twitter_misc":{"Dur\u00e9e de lecture estim\u00e9e":"1 minute"},"schema":{"@context":"https:\/\/schema.org","@graph":[{"@type":"WebPage","@id":"https:\/\/www.chemgo.ch\/project-management\/","url":"https:\/\/www.chemgo.ch\/project-management\/","name":"Gestion de projet - Chemgo AG","isPartOf":{"@id":"https:\/\/www.chemgo.ch\/#website"},"datePublished":"2025-09-08T13:48:02+00:00","dateModified":"2025-09-16T13:28:11+00:00","breadcrumb":{"@id":"https:\/\/www.chemgo.ch\/project-management\/#breadcrumb"},"inLanguage":"fr-FR","potentialAction":[{"@type":"ReadAction","target":["https:\/\/www.chemgo.ch\/project-management\/"]}]},{"@type":"BreadcrumbList","@id":"https:\/\/www.chemgo.ch\/project-management\/#breadcrumb","itemListElement":[{"@type":"ListItem","position":1,"name":"Startseite","item":"https:\/\/www.chemgo.ch\/"},{"@type":"ListItem","position":2,"name":"Project Management"}]},{"@type":"WebSite","@id":"https:\/\/www.chemgo.ch\/#website","url":"https:\/\/www.chemgo.ch\/","name":"Chemgo AG","description":"","publisher":{"@id":"https:\/\/www.chemgo.ch\/#organization"},"potentialAction":[{"@type":"SearchAction","target":{"@type":"EntryPoint","urlTemplate":"https:\/\/www.chemgo.ch\/?s={search_term_string}"},"query-input":{"@type":"PropertyValueSpecification","valueRequired":true,"valueName":"search_term_string"}}],"inLanguage":"fr-FR"},{"@type":"Organization","@id":"https:\/\/www.chemgo.ch\/#organization","name":"Chemgo AG","url":"https:\/\/www.chemgo.ch\/","logo":{"@type":"ImageObject","inLanguage":"fr-FR","@id":"https:\/\/www.chemgo.ch\/#\/schema\/logo\/image\/","url":"https:\/\/www.chemgo.ch\/wp-content\/uploads\/2024\/02\/cropped-cropped-cropped-RZ_Chemgo-Logo-RGB-removebg-preview.png","contentUrl":"https:\/\/www.chemgo.ch\/wp-content\/uploads\/2024\/02\/cropped-cropped-cropped-RZ_Chemgo-Logo-RGB-removebg-preview.png","width":713,"height":345,"caption":"Chemgo AG"},"image":{"@id":"https:\/\/www.chemgo.ch\/#\/schema\/logo\/image\/"},"sameAs":["https:\/\/ch.linkedin.com\/company\/chemgo-organica-ag?original_referer=httpswww.google.com"]}]}},"_links":{"self":[{"href":"https:\/\/www.chemgo.ch\/fr\/wp-json\/wp\/v2\/pages\/13303","targetHints":{"allow":["GET"]}}],"collection":[{"href":"https:\/\/www.chemgo.ch\/fr\/wp-json\/wp\/v2\/pages"}],"about":[{"href":"https:\/\/www.chemgo.ch\/fr\/wp-json\/wp\/v2\/types\/page"}],"author":[{"embeddable":true,"href":"https:\/\/www.chemgo.ch\/fr\/wp-json\/wp\/v2\/users\/7"}],"replies":[{"embeddable":true,"href":"https:\/\/www.chemgo.ch\/fr\/wp-json\/wp\/v2\/comments?post=13303"}],"version-history":[{"count":0,"href":"https:\/\/www.chemgo.ch\/fr\/wp-json\/wp\/v2\/pages\/13303\/revisions"}],"wp:attachment":[{"href":"https:\/\/www.chemgo.ch\/fr\/wp-json\/wp\/v2\/media?parent=13303"}],"curies":[{"name":"wp","href":"https:\/\/api.w.org\/{rel}","templated":true}]}}