{"id":13292,"date":"2025-09-08T15:43:25","date_gmt":"2025-09-08T13:43:25","guid":{"rendered":"https:\/\/www.chemgo.ch\/logistics-warehouse-transport-solutions\/"},"modified":"2025-09-16T15:52:01","modified_gmt":"2025-09-16T13:52:01","slug":"solutions-logistiques","status":"publish","type":"page","link":"https:\/\/www.chemgo.ch\/fr\/logistics-solutions\/","title":{"rendered":"Solutions de logistique, d'entreposage et de transport"},"content":{"rendered":"<div data-colibri-id=\"13292-c1\" class=\"style-4660 style-local-13292-c1 position-relative\">\n  <!---->\n  <div data-colibri-component=\"section\" data-colibri-id=\"13292-c2\" id=\"custom\" class=\"h-section h-section-global-spacing d-flex align-items-lg-center align-items-md-center align-items-center style-4661 style-local-13292-c2 position-relative\">\n    <!---->\n    <!---->\n    <div class=\"h-section-grid-container h-section-boxed-container\">\n      <!---->\n      <div data-colibri-id=\"13292-c3\" class=\"h-row-container gutters-row-lg-2 gutters-row-md-2 gutters-row-0 gutters-row-v-lg-2 gutters-row-v-md-2 gutters-row-v-2 style-4662 style-local-13292-c3 position-relative\">\n        <!---->\n        <div class=\"h-row justify-content-lg-center justify-content-md-center justify-content-center align-items-lg-stretch align-items-md-stretch align-items-stretch gutters-col-lg-2 gutters-col-md-2 gutters-col-0 gutters-col-v-lg-2 gutters-col-v-md-2 gutters-col-v-2\">\n          <!---->\n          <div class=\"h-column h-column-container d-flex h-col-lg-auto h-col-md-auto h-col-auto style-4663-outer style-local-13292-c4-outer\">\n            <div data-colibri-id=\"13292-c4\" class=\"d-flex h-flex-basis h-column__inner h-px-lg-2 h-px-md-2 h-px-2 v-inner-lg-2 v-inner-md-2 v-inner-2 style-4663 style-local-13292-c4 position-relative\">\n              <!---->\n              <!---->\n              <div class=\"w-100 h-y-container h-column__content h-column__v-align flex-basis-100 align-self-lg-start align-self-md-start align-self-start\">\n                <!---->\n                <div data-colibri-id=\"13292-c5\" class=\"h-global-transition-all h-heading style-4664 style-local-13292-c5 position-relative h-element\">\n                  <!---->\n                  <div class=\"h-heading__outer style-4664 style-local-13292-c5\">\n                    <!---->\n                    <!---->\n                    <h2 class=\"\">Solutions de logistique, d'entreposage et de transport<\/h2>\n                  <\/div>\n                <\/div>\n              <\/div>\n            <\/div>\n          <\/div>\n        <\/div>\n      <\/div>\n      <div data-colibri-id=\"13292-c6\" class=\"h-row-container gutters-row-lg-2 gutters-row-md-2 gutters-row-0 gutters-row-v-lg-2 gutters-row-v-md-2 gutters-row-v-2 style-4665 style-local-13292-c6 position-relative\">\n        <!---->\n        <div class=\"h-row justify-content-lg-center justify-content-md-center justify-content-center align-items-lg-stretch align-items-md-stretch align-items-stretch gutters-col-lg-2 gutters-col-md-2 gutters-col-0 gutters-col-v-lg-2 gutters-col-v-md-2 gutters-col-v-2\">\n          <!---->\n          <div class=\"h-column h-column-container d-flex h-col-lg-auto h-col-md-auto h-col-auto style-4666-outer style-local-13292-c7-outer\">\n            <div data-colibri-id=\"13292-c7\" class=\"d-flex h-flex-basis h-column__inner h-px-lg-2 h-px-md-2 h-px-2 v-inner-lg-2 v-inner-md-2 v-inner-2 style-4666 style-local-13292-c7 position-relative\">\n              <!---->\n              <!---->\n              <div class=\"w-100 h-y-container h-column__content h-column__v-align flex-basis-100 align-self-lg-start align-self-md-start align-self-start\">\n                <!---->\n                <div data-colibri-id=\"13292-c8\" class=\"h-text h-text-component style-4667 style-local-13292-c8 position-relative h-element\">\n                  <!---->\n                  <!---->\n                  <div class=\"\">\n                    <p><strong style=\"font-weight: 700; color: rgb(0, 0, 0);\">Solutions de logistique, d'entreposage et de transport par Chemgo<\/strong><\/p>\n                    <p><span style=\"color: rgb(3, 3, 3);\">Chemgo propose des solutions compl\u00e8tes en mati\u00e8re de logistique, d'entreposage et de transport de produits chimiques. En tant qu'agence chimique exp\u00e9riment\u00e9e, nous sommes sp\u00e9cialis\u00e9s dans la manipulation, le stockage et la livraison de produits chimiques en toute s\u00e9curit\u00e9, afin de r\u00e9pondre aux besoins des entreprises de divers secteurs. Nos services logistiques avanc\u00e9s garantissent que vos produits sont g\u00e9r\u00e9s efficacement et livr\u00e9s \u00e0 temps, dans le respect des normes de s\u00e9curit\u00e9 et de r\u00e9glementation les plus strictes.<\/span><\/p>\n                    <p>\n                      <br>\n                    <\/p>\n                    <p><strong style=\"color: rgb(3, 3, 3);\">Distribution de produits chimiques en Suisse, en Allemagne, en France et sur les march\u00e9s environnants<\/strong><\/p>\n                    <p><span style=\"color: rgb(3, 3, 3);\">Avec des employ\u00e9s en Suisse et en France, Chemgo est une agence chimique de confiance qui fournit des solutions de transport et de stockage de produits chimiques dans toute l'Europe. Que vous vous procuriez des produits chimiques en vrac pour la fabrication ou que vous ayez besoin de faire livrer des produits sp\u00e9cialis\u00e9s au-del\u00e0 des fronti\u00e8res, nous offrons une gamme de services personnalisables pour r\u00e9pondre \u00e0 vos besoins logistiques sp\u00e9cifiques.<\/span><\/p>\n                    <p>\n                      <br>\n                    <\/p>\n                    <p><strong style=\"color: rgb(3, 3, 3);\">Des solutions d'entreposage fiables pour les produits chimiques<\/strong><\/p>\n                    <p><span style=\"color: rgb(3, 3, 3);\">Chemgo collabore avec des experts d\u00e9sign\u00e9s en mati\u00e8re d'entreposage de produits chimiques afin de respecter les normes industrielles les plus \u00e9lev\u00e9es et de garantir le stockage s\u00fbr, conforme et s\u00e9curis\u00e9 d'une large gamme de produits chimiques. En tant qu'agence et distributeur de produits chimiques de premier plan, nous comprenons l'importance de conditions de stockage optimales pour maintenir l'int\u00e9grit\u00e9 des produits. Qu'il s'agisse de produits chimiques dangereux, de fournitures de laboratoire ou de compos\u00e9s sp\u00e9cialis\u00e9s, nous assurons un stockage ad\u00e9quat, conforme \u00e0 toutes les exigences de s\u00e9curit\u00e9 et de r\u00e9glementation du march\u00e9 europ\u00e9en.<\/span><\/p>\n                    <p>\n                      <br>\n                    <\/p>\n                    <p><strong style=\"color: rgb(3, 3, 3);\">Des solutions de transport efficaces au-del\u00e0 des fronti\u00e8res<\/strong><\/p>\n                    <p><span style=\"color: rgb(3, 3, 3);\">Gr\u00e2ce \u00e0 son vaste r\u00e9seau de transitaires internationaux, Chemgo propose des solutions de transport efficaces pour les produits chimiques, garantissant des livraisons fiables et ponctuelles dans le monde entier. . Nous sommes sp\u00e9cialis\u00e9s dans la gestion des exp\u00e9ditions \u00e0 grande \u00e9chelle et des livraisons urgentes, garantissant que vos produits chimiques arrivent en toute s\u00e9curit\u00e9 et \u00e0 temps. Qu'il s'agisse de transporter des produits \u00e0 travers l'Europe ou de coordonner des envois internationaux, notre solide r\u00e9seau logistique est con\u00e7u pour r\u00e9pondre \u00e0 vos besoins sp\u00e9cifiques avec pr\u00e9cision et fiabilit\u00e9.<\/span><\/p>\n                    <p>\n                      <br>\n                    <\/p>\n                    <p><strong style=\"color: rgb(3, 3, 3);\">S\u00e9curit\u00e9 et conformit\u00e9 dans la logistique chimique<\/strong><\/p>\n                    <p><span style=\"color: rgb(3, 3, 3);\">En tant qu'agence chimique de confiance, nous pla\u00e7ons la s\u00e9curit\u00e9 et la conformit\u00e9 au c\u0153ur de chaque op\u00e9ration de logistique, d'entreposage et de transport. Notre \u00e9quipe hautement qualifi\u00e9e assure la manipulation responsable des marchandises dangereuses, garantissant que chaque exp\u00e9dition est g\u00e9r\u00e9e avec le plus grand soin et dans le strict respect des r\u00e9glementations locales et internationales.<\/span><\/p>\n                    <p>\n                      <br>\n                    <\/p>\n                    <p><strong style=\"color: rgb(3, 3, 3);\">Avantages de la collaboration avec Chemgo pour la logistique chimique<\/strong><\/p>\n                    <ul>\n                      <li><strong style=\"color: rgb(3, 3, 3); font-weight: 400;\">Efficacit\u00e9 transfrontali\u00e8re :<\/strong><span style=\"color: rgb(3, 3, 3);\"> Avec des bureaux en Suisse et en France, Chemgo rationalise le processus logistique en offrant des solutions de transport transfrontali\u00e8res sans rupture.<\/span><\/li>\n                      <li><strong style=\"color: rgb(3, 3, 3); font-weight: 400;\">Manipulation experte des produits chimiques :<\/strong><span style=\"color: rgb(3, 3, 3);\"> En tant qu'agence chimique de confiance, Chemgo apporte une expertise \u00e9prouv\u00e9e dans la gestion des produits chimiques de sp\u00e9cialit\u00e9, des produits chimiques fins, ainsi que des instruments et fournitures de laboratoire. <\/span><\/li>\n                      <li><strong style=\"color: rgb(3, 3, 3); font-weight: 400;\">S\u00e9curit\u00e9 et conformit\u00e9 :<\/strong><span style=\"color: rgb(3, 3, 3);\"> Chemgo veille \u00e0 ce que tous les produits chimiques soient stock\u00e9s et transport\u00e9s en toute s\u00e9curit\u00e9, conform\u00e9ment \u00e0 toutes les r\u00e9glementations en vigueur sur le march\u00e9.<\/span><\/li>\n                      <li><strong style=\"color: rgb(3, 3, 3); font-weight: 400;\">Solutions personnalis\u00e9es :<\/strong><span style=\"color: rgb(3, 3, 3);\"> Gr\u00e2ce \u00e0 son vaste r\u00e9seau de transitaires internationaux, Chemgo offre des services de logistique et d'entreposage sur mesure pour r\u00e9pondre aux besoins sp\u00e9cifiques de votre entreprise chimique, du stockage \u00e0 la livraison finale.<\/span><\/li>\n                    <\/ul>\n                    <p>\n                      <br>\n                    <\/p>\n                  <\/div>\n                <\/div>\n              <\/div>\n            <\/div>\n          <\/div>\n        <\/div>\n      <\/div>\n    <\/div>\n  <\/div>\n<\/div>","protected":false},"excerpt":{"rendered":"<p>Logistics, Warehouse &amp; Transport Solutions Logistics, Warehouse &amp; Transport Solutions by Chemgo At&nbsp;Chemgo, we offer comprehensive&nbsp;logistics,&nbsp;warehouse, and&nbsp;transport solutions&nbsp;for&nbsp;chemicals. As an experienced&nbsp;chemical agency, we specialize in the safe handling, storage, and delivery of&nbsp;chemicals&nbsp;to meet the needs of businesses in various industries. Our advanced logistical services ensure that your products are managed efficiently and delivered on time, [&hellip;]<\/p>\n","protected":false},"author":7,"featured_media":0,"parent":0,"menu_order":0,"comment_status":"closed","ping_status":"closed","template":"page-templates\/full-width-page.php","meta":{"footnotes":""},"class_list":["post-13292","page","type-page","status-publish","hentry"],"yoast_head":"<!-- This site is optimized with the Yoast SEO plugin v27.3 - https:\/\/yoast.com\/product\/yoast-seo-wordpress\/ -->\n<title>Logistics, Warehouse &amp; Transport Solutions - Chemgo AG<\/title>\n<meta name=\"robots\" content=\"index, follow, max-snippet:-1, max-image-preview:large, max-video-preview:-1\" \/>\n<link rel=\"canonical\" href=\"https:\/\/www.chemgo.ch\/fr\/solutions-logistiques\/\" \/>\n<meta property=\"og:locale\" content=\"fr_FR\" \/>\n<meta property=\"og:type\" content=\"article\" \/>\n<meta property=\"og:title\" content=\"Logistics, Warehouse &amp; Transport Solutions - Chemgo AG\" \/>\n<meta property=\"og:description\" content=\"Logistics, Warehouse &amp; Transport Solutions Logistics, Warehouse &amp; Transport Solutions by Chemgo At&nbsp;Chemgo, we offer comprehensive&nbsp;logistics,&nbsp;warehouse, and&nbsp;transport solutions&nbsp;for&nbsp;chemicals. As an experienced&nbsp;chemical agency, we specialize in the safe handling, storage, and delivery of&nbsp;chemicals&nbsp;to meet the needs of businesses in various industries. Our advanced logistical services ensure that your products are managed efficiently and delivered on time, [&hellip;]\" \/>\n<meta property=\"og:url\" content=\"https:\/\/www.chemgo.ch\/fr\/solutions-logistiques\/\" \/>\n<meta property=\"og:site_name\" content=\"Chemgo AG\" \/>\n<meta property=\"article:publisher\" content=\"https:\/\/ch.linkedin.com\/company\/chemgo-organica-ag?original_referer=httpswww.google.com\" \/>\n<meta property=\"article:modified_time\" content=\"2025-09-16T13:52:01+00:00\" \/>\n<meta name=\"twitter:card\" content=\"summary_large_image\" \/>\n<meta name=\"twitter:label1\" content=\"Dur\u00e9e de lecture estim\u00e9e\" \/>\n\t<meta name=\"twitter:data1\" content=\"2 minutes\" \/>\n<script type=\"application\/ld+json\" class=\"yoast-schema-graph\">{\"@context\":\"https:\\\/\\\/schema.org\",\"@graph\":[{\"@type\":\"WebPage\",\"@id\":\"https:\\\/\\\/www.chemgo.ch\\\/logistics-solutions\\\/\",\"url\":\"https:\\\/\\\/www.chemgo.ch\\\/logistics-solutions\\\/\",\"name\":\"Logistics, Warehouse & Transport Solutions - Chemgo AG\",\"isPartOf\":{\"@id\":\"https:\\\/\\\/www.chemgo.ch\\\/#website\"},\"datePublished\":\"2025-09-08T13:43:25+00:00\",\"dateModified\":\"2025-09-16T13:52:01+00:00\",\"breadcrumb\":{\"@id\":\"https:\\\/\\\/www.chemgo.ch\\\/logistics-solutions\\\/#breadcrumb\"},\"inLanguage\":\"fr-FR\",\"potentialAction\":[{\"@type\":\"ReadAction\",\"target\":[\"https:\\\/\\\/www.chemgo.ch\\\/logistics-solutions\\\/\"]}]},{\"@type\":\"BreadcrumbList\",\"@id\":\"https:\\\/\\\/www.chemgo.ch\\\/logistics-solutions\\\/#breadcrumb\",\"itemListElement\":[{\"@type\":\"ListItem\",\"position\":1,\"name\":\"Startseite\",\"item\":\"https:\\\/\\\/www.chemgo.ch\\\/\"},{\"@type\":\"ListItem\",\"position\":2,\"name\":\"Logistics, Warehouse &#038; Transport Solutions\"}]},{\"@type\":\"WebSite\",\"@id\":\"https:\\\/\\\/www.chemgo.ch\\\/#website\",\"url\":\"https:\\\/\\\/www.chemgo.ch\\\/\",\"name\":\"Chemgo AG\",\"description\":\"\",\"publisher\":{\"@id\":\"https:\\\/\\\/www.chemgo.ch\\\/#organization\"},\"potentialAction\":[{\"@type\":\"SearchAction\",\"target\":{\"@type\":\"EntryPoint\",\"urlTemplate\":\"https:\\\/\\\/www.chemgo.ch\\\/?s={search_term_string}\"},\"query-input\":{\"@type\":\"PropertyValueSpecification\",\"valueRequired\":true,\"valueName\":\"search_term_string\"}}],\"inLanguage\":\"fr-FR\"},{\"@type\":\"Organization\",\"@id\":\"https:\\\/\\\/www.chemgo.ch\\\/#organization\",\"name\":\"Chemgo AG\",\"url\":\"https:\\\/\\\/www.chemgo.ch\\\/\",\"logo\":{\"@type\":\"ImageObject\",\"inLanguage\":\"fr-FR\",\"@id\":\"https:\\\/\\\/www.chemgo.ch\\\/#\\\/schema\\\/logo\\\/image\\\/\",\"url\":\"https:\\\/\\\/www.chemgo.ch\\\/wp-content\\\/uploads\\\/2024\\\/02\\\/cropped-cropped-cropped-RZ_Chemgo-Logo-RGB-removebg-preview.png\",\"contentUrl\":\"https:\\\/\\\/www.chemgo.ch\\\/wp-content\\\/uploads\\\/2024\\\/02\\\/cropped-cropped-cropped-RZ_Chemgo-Logo-RGB-removebg-preview.png\",\"width\":713,\"height\":345,\"caption\":\"Chemgo AG\"},\"image\":{\"@id\":\"https:\\\/\\\/www.chemgo.ch\\\/#\\\/schema\\\/logo\\\/image\\\/\"},\"sameAs\":[\"https:\\\/\\\/ch.linkedin.com\\\/company\\\/chemgo-organica-ag?original_referer=httpswww.google.com\"]}]}<\/script>\n<!-- \/ Yoast SEO plugin. -->","yoast_head_json":{"title":"Solutions de logistique, d'entreposage et de transport - Chemgo AG","robots":{"index":"index","follow":"follow","max-snippet":"max-snippet:-1","max-image-preview":"max-image-preview:large","max-video-preview":"max-video-preview:-1"},"canonical":"https:\/\/www.chemgo.ch\/fr\/solutions-logistiques\/","og_locale":"fr_FR","og_type":"article","og_title":"Logistics, Warehouse & Transport Solutions - Chemgo AG","og_description":"Logistics, Warehouse &amp; Transport Solutions Logistics, Warehouse &amp; Transport Solutions by Chemgo At&nbsp;Chemgo, we offer comprehensive&nbsp;logistics,&nbsp;warehouse, and&nbsp;transport solutions&nbsp;for&nbsp;chemicals. As an experienced&nbsp;chemical agency, we specialize in the safe handling, storage, and delivery of&nbsp;chemicals&nbsp;to meet the needs of businesses in various industries. Our advanced logistical services ensure that your products are managed efficiently and delivered on time, [&hellip;]","og_url":"https:\/\/www.chemgo.ch\/fr\/solutions-logistiques\/","og_site_name":"Chemgo AG","article_publisher":"https:\/\/ch.linkedin.com\/company\/chemgo-organica-ag?original_referer=httpswww.google.com","article_modified_time":"2025-09-16T13:52:01+00:00","twitter_card":"summary_large_image","twitter_misc":{"Dur\u00e9e de lecture estim\u00e9e":"2 minutes"},"schema":{"@context":"https:\/\/schema.org","@graph":[{"@type":"WebPage","@id":"https:\/\/www.chemgo.ch\/logistics-solutions\/","url":"https:\/\/www.chemgo.ch\/logistics-solutions\/","name":"Solutions de logistique, d'entreposage et de transport - Chemgo AG","isPartOf":{"@id":"https:\/\/www.chemgo.ch\/#website"},"datePublished":"2025-09-08T13:43:25+00:00","dateModified":"2025-09-16T13:52:01+00:00","breadcrumb":{"@id":"https:\/\/www.chemgo.ch\/logistics-solutions\/#breadcrumb"},"inLanguage":"fr-FR","potentialAction":[{"@type":"ReadAction","target":["https:\/\/www.chemgo.ch\/logistics-solutions\/"]}]},{"@type":"BreadcrumbList","@id":"https:\/\/www.chemgo.ch\/logistics-solutions\/#breadcrumb","itemListElement":[{"@type":"ListItem","position":1,"name":"Startseite","item":"https:\/\/www.chemgo.ch\/"},{"@type":"ListItem","position":2,"name":"Logistics, Warehouse &#038; Transport Solutions"}]},{"@type":"WebSite","@id":"https:\/\/www.chemgo.ch\/#website","url":"https:\/\/www.chemgo.ch\/","name":"Chemgo AG","description":"","publisher":{"@id":"https:\/\/www.chemgo.ch\/#organization"},"potentialAction":[{"@type":"SearchAction","target":{"@type":"EntryPoint","urlTemplate":"https:\/\/www.chemgo.ch\/?s={search_term_string}"},"query-input":{"@type":"PropertyValueSpecification","valueRequired":true,"valueName":"search_term_string"}}],"inLanguage":"fr-FR"},{"@type":"Organization","@id":"https:\/\/www.chemgo.ch\/#organization","name":"Chemgo AG","url":"https:\/\/www.chemgo.ch\/","logo":{"@type":"ImageObject","inLanguage":"fr-FR","@id":"https:\/\/www.chemgo.ch\/#\/schema\/logo\/image\/","url":"https:\/\/www.chemgo.ch\/wp-content\/uploads\/2024\/02\/cropped-cropped-cropped-RZ_Chemgo-Logo-RGB-removebg-preview.png","contentUrl":"https:\/\/www.chemgo.ch\/wp-content\/uploads\/2024\/02\/cropped-cropped-cropped-RZ_Chemgo-Logo-RGB-removebg-preview.png","width":713,"height":345,"caption":"Chemgo AG"},"image":{"@id":"https:\/\/www.chemgo.ch\/#\/schema\/logo\/image\/"},"sameAs":["https:\/\/ch.linkedin.com\/company\/chemgo-organica-ag?original_referer=httpswww.google.com"]}]}},"_links":{"self":[{"href":"https:\/\/www.chemgo.ch\/fr\/wp-json\/wp\/v2\/pages\/13292","targetHints":{"allow":["GET"]}}],"collection":[{"href":"https:\/\/www.chemgo.ch\/fr\/wp-json\/wp\/v2\/pages"}],"about":[{"href":"https:\/\/www.chemgo.ch\/fr\/wp-json\/wp\/v2\/types\/page"}],"author":[{"embeddable":true,"href":"https:\/\/www.chemgo.ch\/fr\/wp-json\/wp\/v2\/users\/7"}],"replies":[{"embeddable":true,"href":"https:\/\/www.chemgo.ch\/fr\/wp-json\/wp\/v2\/comments?post=13292"}],"version-history":[{"count":0,"href":"https:\/\/www.chemgo.ch\/fr\/wp-json\/wp\/v2\/pages\/13292\/revisions"}],"wp:attachment":[{"href":"https:\/\/www.chemgo.ch\/fr\/wp-json\/wp\/v2\/media?parent=13292"}],"curies":[{"name":"wp","href":"https:\/\/api.w.org\/{rel}","templated":true}]}}