{"id":13235,"date":"2025-09-08T15:32:31","date_gmt":"2025-09-08T13:32:31","guid":{"rendered":"https:\/\/www.chemgo.ch\/dangerous-goods-reach\/"},"modified":"2025-09-16T15:26:45","modified_gmt":"2025-09-16T13:26:45","slug":"portee-des-marchandises-dangereuses","status":"publish","type":"page","link":"https:\/\/www.chemgo.ch\/fr\/dangerous-goods-reach\/","title":{"rendered":"Marchandises dangereuses et port\u00e9e"},"content":{"rendered":"<div data-colibri-id=\"13235-c1\" class=\"style-4634 style-local-13235-c1 position-relative\">\n  <!---->\n  <div data-colibri-component=\"section\" data-colibri-id=\"13235-c2\" id=\"custom\" class=\"h-section h-section-global-spacing d-flex align-items-lg-center align-items-md-center align-items-center style-4635 style-local-13235-c2 position-relative\">\n    <!---->\n    <!---->\n    <div class=\"h-section-grid-container h-section-boxed-container\">\n      <!---->\n      <div data-colibri-id=\"13235-c3\" class=\"h-row-container gutters-row-lg-2 gutters-row-md-2 gutters-row-0 gutters-row-v-lg-2 gutters-row-v-md-2 gutters-row-v-2 style-4636 style-local-13235-c3 position-relative\">\n        <!---->\n        <div class=\"h-row justify-content-lg-center justify-content-md-center justify-content-center align-items-lg-stretch align-items-md-stretch align-items-stretch gutters-col-lg-2 gutters-col-md-2 gutters-col-0 gutters-col-v-lg-2 gutters-col-v-md-2 gutters-col-v-2\">\n          <!---->\n          <div class=\"h-column h-column-container d-flex h-col-lg-auto h-col-md-auto h-col-auto style-4637-outer style-local-13235-c4-outer\">\n            <div data-colibri-id=\"13235-c4\" class=\"d-flex h-flex-basis h-column__inner h-px-lg-2 h-px-md-2 h-px-2 v-inner-lg-2 v-inner-md-2 v-inner-2 style-4637 style-local-13235-c4 position-relative\">\n              <!---->\n              <!---->\n              <div class=\"w-100 h-y-container h-column__content h-column__v-align flex-basis-100 align-self-lg-start align-self-md-start align-self-start\">\n                <!---->\n                <div data-colibri-id=\"13235-c5\" class=\"h-global-transition-all h-heading style-4638 style-local-13235-c5 position-relative h-element\">\n                  <!---->\n                  <div class=\"h-heading__outer style-4638 style-local-13235-c5\">\n                    <!---->\n                    <!---->\n                    <h2 class=\"\">Marchandises dangereuses et port\u00e9e<\/h2>\n                  <\/div>\n                <\/div>\n              <\/div>\n            <\/div>\n          <\/div>\n        <\/div>\n      <\/div>\n      <div data-colibri-id=\"13235-c6\" class=\"h-row-container gutters-row-lg-2 gutters-row-md-2 gutters-row-0 gutters-row-v-lg-2 gutters-row-v-md-2 gutters-row-v-2 style-4639 style-local-13235-c6 position-relative\">\n        <!---->\n        <div class=\"h-row justify-content-lg-center justify-content-md-center justify-content-center align-items-lg-stretch align-items-md-stretch align-items-stretch gutters-col-lg-2 gutters-col-md-2 gutters-col-0 gutters-col-v-lg-2 gutters-col-v-md-2 gutters-col-v-2\">\n          <!---->\n          <div class=\"h-column h-column-container d-flex h-col-lg-auto h-col-md-auto h-col-auto style-4640-outer style-local-13235-c7-outer\">\n            <div data-colibri-id=\"13235-c7\" class=\"d-flex h-flex-basis h-column__inner h-px-lg-2 h-px-md-2 h-px-2 v-inner-lg-2 v-inner-md-2 v-inner-2 style-4640 style-local-13235-c7 position-relative\">\n              <!---->\n              <!---->\n              <div class=\"w-100 h-y-container h-column__content h-column__v-align flex-basis-100 align-self-lg-start align-self-md-start align-self-start\">\n                <!---->\n                <div data-colibri-id=\"13235-c8\" class=\"h-text h-text-component style-4641 style-local-13235-c8 position-relative h-element\">\n                  <!---->\n                  <!---->\n                  <div class=\"\">\n                    <p><strong style=\"color: rgb(0, 0, 0); font-weight: 700;\">Marchandises dangereuses et conformit\u00e9 REACH pour les produits chimiques<\/strong><\/p>\n                    <p><span style=\"color: rgb(0, 0, 0); font-weight: 400;\">Au&nbsp;<\/span><strong style=\"color: rgb(0, 0, 0); font-weight: 400;\">Chemgo<\/strong><span style=\"color: rgb(0, 0, 0); font-weight: 400;\">Nous sommes sp\u00e9cialis\u00e9s dans la manipulation et la distribution conformes et s\u00e9curis\u00e9es des produits suivants&nbsp;<\/span>\n                      <strong\n                        style=\"color: rgb(0, 0, 0); font-weight: 400;\">Produits chimiques<\/strong><span style=\"color: rgb(0, 0, 0); font-weight: 400;\"> - des ingr\u00e9dients pharmaceutiques actifs (API) et des produits interm\u00e9diaires aux solvants et aux r\u00e9actifs. Nos processus sont guid\u00e9s par les r\u00e9glementations internationales, y compris REACH. Qu'il s'agisse de&nbsp;<\/span>\n                        <strong\n                          style=\"color: rgb(0, 0, 0); font-weight: 400;\">r\u00e9actifs chimiques<\/strong><span style=\"color: rgb(0, 0, 0); font-weight: 400;\">&nbsp;ou dangereux&nbsp;<\/span><strong style=\"color: rgb(0, 0, 0); font-weight: 400;\">Produits chimiques<\/strong><span style=\"color: rgb(0, 0, 0); font-weight: 400;\">Nous offrons l'expertise n\u00e9cessaire pour naviguer dans les complexit\u00e9s des r\u00e9glementations et des cha\u00eenes d'approvisionnement mondiales.<\/span><\/p>\n                    <p>\n                      <br>\n                    <\/p>\n                    <p><strong style=\"color: rgb(0, 0, 0); font-weight: 700;\">Qu'est-ce qu'une marchandise dangereuse ?<\/strong><\/p>\n                    <p><strong style=\"color: rgb(0, 0, 0); font-weight: 400;\">Marchandises dangereuses<\/strong><span style=\"color: rgb(0, 0, 0); font-weight: 400;\"> sont des mati\u00e8res susceptibles de pr\u00e9senter des risques importants pendant le transport. Il s'agit notamment de substances qui peuvent \u00eatre dangereuses pour la sant\u00e9, la s\u00e9curit\u00e9 ou l'environnement. Cette cat\u00e9gorie englobe un large \u00e9ventail de mat\u00e9riaux, notamment&nbsp;<\/span>\n                      <strong\n                        style=\"color: rgb(0, 0, 0); font-weight: 400;\">Produits chimiques<\/strong><span style=\"color: rgb(0, 0, 0); font-weight: 400;\">,&nbsp;<\/span><strong style=\"color: rgb(0, 0, 0); font-weight: 400;\">solvants<\/strong><span style=\"color: rgb(0, 0, 0); font-weight: 400;\">,&nbsp;<\/span>\n                        <strong\n                          style=\"color: rgb(0, 0, 0); font-weight: 400;\">API<\/strong><span style=\"color: rgb(0, 0, 0); font-weight: 400;\">,&nbsp;<\/span><strong style=\"color: rgb(0, 0, 0); font-weight: 400;\">interm\u00e9diaires<\/strong><span style=\"color: rgb(0, 0, 0); font-weight: 400;\">et&nbsp;<\/span>\n                          <strong\n                            style=\"color: rgb(0, 0, 0); font-weight: 400;\">r\u00e9actifs chimiques<\/strong><span style=\"color: rgb(0, 0, 0); font-weight: 400;\">. Ces substances doivent \u00eatre manipul\u00e9es et transport\u00e9es avec pr\u00e9caution, conform\u00e9ment aux r\u00e9glementations internationales et locales relatives aux marchandises dangereuses, afin d'\u00e9viter les accidents et les dommages environnementaux.<br> Pour garantir un transport conforme, Chemgo collabore avec des experts renomm\u00e9s dans le domaine du transport de marchandises dangereuses.<\/span><\/p>\n                    <p>\n                      <br>\n                    <\/p>\n                    <p><strong style=\"color: rgb(0, 0, 0); font-weight: 700;\">Le r\u00f4le de REACH dans la s\u00e9curit\u00e9 chimique<\/strong><\/p>\n                    <p><span style=\"color: rgb(0, 0, 0); font-weight: 400;\">Les&nbsp;<\/span><strong style=\"color: rgb(0, 0, 0); font-weight: 400;\">REACH<\/strong><span style=\"color: rgb(0, 0, 0); font-weight: 400;\">&nbsp;Le r\u00e8glement vise \u00e0 prot\u00e9ger la sant\u00e9 humaine et l'environnement contre les risques pos\u00e9s par les substances suivantes&nbsp;<\/span>\n                      <strong\n                        style=\"color: rgb(0, 0, 0); font-weight: 400;\">Produits chimiques<\/strong><span style=\"color: rgb(0, 0, 0); font-weight: 400;\">. Fabricants et importateurs de&nbsp;<\/span><strong style=\"color: rgb(0, 0, 0); font-weight: 400;\">r\u00e9actifs chimiques<\/strong><span style=\"color: rgb(0, 0, 0); font-weight: 400;\">,&nbsp;<\/span>\n                        <strong\n                          style=\"color: rgb(0, 0, 0); font-weight: 400;\">interm\u00e9diaires<\/strong><span style=\"color: rgb(0, 0, 0); font-weight: 400;\">et&nbsp;<\/span><strong style=\"color: rgb(0, 0, 0); font-weight: 400;\">dans l'Union europ\u00e9enne,<\/strong><span style=\"color: rgb(0, 0, 0); font-weight: 400;\">&nbsp;doit se conformer \u00e0&nbsp;<\/span>\n                          <strong\n                            style=\"color: rgb(0, 0, 0); font-weight: 400;\">REACH<\/strong><span style=\"color: rgb(0, 0, 0); font-weight: 400;\">&nbsp;en enregistrant ces substances aupr\u00e8s de l'Agence europ\u00e9enne des produits chimiques (ECHA). A l'adresse&nbsp;<\/span><strong style=\"color: rgb(0, 0, 0); font-weight: 400;\">Chemgo<\/strong>\n                            <span\n                              style=\"color: rgb(0, 0, 0); font-weight: 400;\">Nous garantissons une&nbsp;<\/span><strong style=\"color: rgb(0, 0, 0); font-weight: 400;\">REACH<\/strong><span style=\"color: rgb(0, 0, 0); font-weight: 400;\">&nbsp;la conformit\u00e9 pour une part importante de nos&nbsp;<\/span><strong style=\"color: rgb(0, 0, 0); font-weight: 400;\">.<\/strong>\n                              <span\n                                style=\"color: rgb(0, 0, 0); font-weight: 400;\">. Pour faciliter l'acc\u00e8s au march\u00e9, Chemgo propose l'enregistrement REACH des mat\u00e9riaux qu'elle fournit, ce qui constitue un service \u00e0 valeur ajout\u00e9e tant pour les fournisseurs que pour les clients.<\/span>\n                    <\/p>\n                    <p>\n                      <br>\n                    <\/p>\n                    <p><strong style=\"color: rgb(0, 0, 0); font-weight: 700;\">S\u00e9curit\u00e9 dans la manipulation des solvants, des interm\u00e9diaires et des IPA<\/strong><\/p>\n                    <p><span style=\"color: rgb(0, 0, 0); font-weight: 400;\">Manipulation&nbsp;<\/span><strong style=\"color: rgb(0, 0, 0); font-weight: 400;\">solvants<\/strong><span style=\"color: rgb(0, 0, 0); font-weight: 400;\">,&nbsp;<\/span><strong style=\"color: rgb(0, 0, 0); font-weight: 400;\">interm\u00e9diaires<\/strong>\n                      <span\n                        style=\"color: rgb(0, 0, 0); font-weight: 400;\">et&nbsp;<\/span><strong style=\"color: rgb(0, 0, 0); font-weight: 400;\">API<\/strong><span style=\"color: rgb(0, 0, 0); font-weight: 400;\"> exige des protocoles de s\u00e9curit\u00e9 sp\u00e9cifiques pour pr\u00e9venir l'exposition aux dangers associ\u00e9s \u00e0 ces substances. Notre \u00e9quipe exp\u00e9riment\u00e9e est heureuse de fournir des conseils techniques sur ces questions afin de soutenir efficacement nos clients.<\/span><\/p>\n                    <p>\n                      <br>\n                    <\/p>\n                    <p><strong style=\"color: rgb(0, 0, 0); font-weight: 700;\">Faites confiance \u00e0 notre expertise en mati\u00e8re de marchandises dangereuses et de conformit\u00e9 REACH<\/strong><\/p>\n                    <p><span style=\"color: rgb(0, 0, 0); font-weight: 400;\">Naviguer dans les r\u00e9glementations sur les produits chimiques peut s'av\u00e9rer complexe. Chemgo est votre partenaire fiable pour une logistique s\u00fbre et un approvisionnement en produits chimiques conforme \u00e0 REACH.<\/span><\/p>\n                    <p><span style=\"color: rgb(0, 0, 0); font-weight: 400;\">Prenez contact avec nous pour en savoir plus sur nos services dans le domaine des marchandises dangereuses et de la conformit\u00e9 REACH.<\/span><strong style=\"color: rgb(0, 0, 0); font-weight: 400;\">ce.<\/strong><\/p>\n                  <\/div>\n                <\/div>\n              <\/div>\n            <\/div>\n          <\/div>\n        <\/div>\n      <\/div>\n    <\/div>\n  <\/div>\n<\/div>","protected":false},"excerpt":{"rendered":"<p>Dangerous Goods &amp; Reach Dangerous Goods &amp; REACH Compliance for Chemicals At&nbsp;Chemgo, we specialize in the compliant and secure handling and distribution of&nbsp; chemicals &#8211; from active pharmaceutical ingredients (APIs) and intermediates to solvents and reagents. Our processes are guided by international regulations \u2013 including REACH.&nbsp;Whether you&#8217;re dealing with&nbsp; chemical reagents&nbsp;or hazardous&nbsp;chemicals, we provide the [&hellip;]<\/p>\n","protected":false},"author":7,"featured_media":0,"parent":0,"menu_order":0,"comment_status":"closed","ping_status":"closed","template":"page-templates\/full-width-page.php","meta":{"footnotes":""},"class_list":["post-13235","page","type-page","status-publish","hentry"],"yoast_head":"<!-- This site is optimized with the Yoast SEO plugin v27.3 - https:\/\/yoast.com\/product\/yoast-seo-wordpress\/ -->\n<title>Dangerous Goods &amp; Reach - Chemgo AG<\/title>\n<meta name=\"robots\" content=\"index, follow, max-snippet:-1, max-image-preview:large, max-video-preview:-1\" \/>\n<link rel=\"canonical\" href=\"https:\/\/www.chemgo.ch\/fr\/portee-des-marchandises-dangereuses\/\" \/>\n<meta property=\"og:locale\" content=\"fr_FR\" \/>\n<meta property=\"og:type\" content=\"article\" \/>\n<meta property=\"og:title\" content=\"Dangerous Goods &amp; Reach - Chemgo AG\" \/>\n<meta property=\"og:description\" content=\"Dangerous Goods &amp; Reach Dangerous Goods &amp; REACH Compliance for Chemicals At&nbsp;Chemgo, we specialize in the compliant and secure handling and distribution of&nbsp; chemicals &#8211; from active pharmaceutical ingredients (APIs) and intermediates to solvents and reagents. Our processes are guided by international regulations \u2013 including REACH.&nbsp;Whether you&#8217;re dealing with&nbsp; chemical reagents&nbsp;or hazardous&nbsp;chemicals, we provide the [&hellip;]\" \/>\n<meta property=\"og:url\" content=\"https:\/\/www.chemgo.ch\/fr\/portee-des-marchandises-dangereuses\/\" \/>\n<meta property=\"og:site_name\" content=\"Chemgo AG\" \/>\n<meta property=\"article:publisher\" content=\"https:\/\/ch.linkedin.com\/company\/chemgo-organica-ag?original_referer=httpswww.google.com\" \/>\n<meta property=\"article:modified_time\" content=\"2025-09-16T13:26:45+00:00\" \/>\n<meta name=\"twitter:card\" content=\"summary_large_image\" \/>\n<meta name=\"twitter:label1\" content=\"Dur\u00e9e de lecture estim\u00e9e\" \/>\n\t<meta name=\"twitter:data1\" content=\"2 minutes\" \/>\n<script type=\"application\/ld+json\" class=\"yoast-schema-graph\">{\"@context\":\"https:\\\/\\\/schema.org\",\"@graph\":[{\"@type\":\"WebPage\",\"@id\":\"https:\\\/\\\/www.chemgo.ch\\\/dangerous-goods-reach\\\/\",\"url\":\"https:\\\/\\\/www.chemgo.ch\\\/dangerous-goods-reach\\\/\",\"name\":\"Dangerous Goods & Reach - Chemgo AG\",\"isPartOf\":{\"@id\":\"https:\\\/\\\/www.chemgo.ch\\\/#website\"},\"datePublished\":\"2025-09-08T13:32:31+00:00\",\"dateModified\":\"2025-09-16T13:26:45+00:00\",\"breadcrumb\":{\"@id\":\"https:\\\/\\\/www.chemgo.ch\\\/dangerous-goods-reach\\\/#breadcrumb\"},\"inLanguage\":\"fr-FR\",\"potentialAction\":[{\"@type\":\"ReadAction\",\"target\":[\"https:\\\/\\\/www.chemgo.ch\\\/dangerous-goods-reach\\\/\"]}]},{\"@type\":\"BreadcrumbList\",\"@id\":\"https:\\\/\\\/www.chemgo.ch\\\/dangerous-goods-reach\\\/#breadcrumb\",\"itemListElement\":[{\"@type\":\"ListItem\",\"position\":1,\"name\":\"Startseite\",\"item\":\"https:\\\/\\\/www.chemgo.ch\\\/\"},{\"@type\":\"ListItem\",\"position\":2,\"name\":\"Dangerous Goods &#038; Reach\"}]},{\"@type\":\"WebSite\",\"@id\":\"https:\\\/\\\/www.chemgo.ch\\\/#website\",\"url\":\"https:\\\/\\\/www.chemgo.ch\\\/\",\"name\":\"Chemgo AG\",\"description\":\"\",\"publisher\":{\"@id\":\"https:\\\/\\\/www.chemgo.ch\\\/#organization\"},\"potentialAction\":[{\"@type\":\"SearchAction\",\"target\":{\"@type\":\"EntryPoint\",\"urlTemplate\":\"https:\\\/\\\/www.chemgo.ch\\\/?s={search_term_string}\"},\"query-input\":{\"@type\":\"PropertyValueSpecification\",\"valueRequired\":true,\"valueName\":\"search_term_string\"}}],\"inLanguage\":\"fr-FR\"},{\"@type\":\"Organization\",\"@id\":\"https:\\\/\\\/www.chemgo.ch\\\/#organization\",\"name\":\"Chemgo AG\",\"url\":\"https:\\\/\\\/www.chemgo.ch\\\/\",\"logo\":{\"@type\":\"ImageObject\",\"inLanguage\":\"fr-FR\",\"@id\":\"https:\\\/\\\/www.chemgo.ch\\\/#\\\/schema\\\/logo\\\/image\\\/\",\"url\":\"https:\\\/\\\/www.chemgo.ch\\\/wp-content\\\/uploads\\\/2024\\\/02\\\/cropped-cropped-cropped-RZ_Chemgo-Logo-RGB-removebg-preview.png\",\"contentUrl\":\"https:\\\/\\\/www.chemgo.ch\\\/wp-content\\\/uploads\\\/2024\\\/02\\\/cropped-cropped-cropped-RZ_Chemgo-Logo-RGB-removebg-preview.png\",\"width\":713,\"height\":345,\"caption\":\"Chemgo AG\"},\"image\":{\"@id\":\"https:\\\/\\\/www.chemgo.ch\\\/#\\\/schema\\\/logo\\\/image\\\/\"},\"sameAs\":[\"https:\\\/\\\/ch.linkedin.com\\\/company\\\/chemgo-organica-ag?original_referer=httpswww.google.com\"]}]}<\/script>\n<!-- \/ Yoast SEO plugin. -->","yoast_head_json":{"title":"Marchandises dangereuses &amp; Reach - Chemgo AG","robots":{"index":"index","follow":"follow","max-snippet":"max-snippet:-1","max-image-preview":"max-image-preview:large","max-video-preview":"max-video-preview:-1"},"canonical":"https:\/\/www.chemgo.ch\/fr\/portee-des-marchandises-dangereuses\/","og_locale":"fr_FR","og_type":"article","og_title":"Dangerous Goods & Reach - Chemgo AG","og_description":"Dangerous Goods &amp; Reach Dangerous Goods &amp; REACH Compliance for Chemicals At&nbsp;Chemgo, we specialize in the compliant and secure handling and distribution of&nbsp; chemicals &#8211; from active pharmaceutical ingredients (APIs) and intermediates to solvents and reagents. Our processes are guided by international regulations \u2013 including REACH.&nbsp;Whether you&#8217;re dealing with&nbsp; chemical reagents&nbsp;or hazardous&nbsp;chemicals, we provide the [&hellip;]","og_url":"https:\/\/www.chemgo.ch\/fr\/portee-des-marchandises-dangereuses\/","og_site_name":"Chemgo AG","article_publisher":"https:\/\/ch.linkedin.com\/company\/chemgo-organica-ag?original_referer=httpswww.google.com","article_modified_time":"2025-09-16T13:26:45+00:00","twitter_card":"summary_large_image","twitter_misc":{"Dur\u00e9e de lecture estim\u00e9e":"2 minutes"},"schema":{"@context":"https:\/\/schema.org","@graph":[{"@type":"WebPage","@id":"https:\/\/www.chemgo.ch\/dangerous-goods-reach\/","url":"https:\/\/www.chemgo.ch\/dangerous-goods-reach\/","name":"Marchandises dangereuses &amp; Reach - Chemgo AG","isPartOf":{"@id":"https:\/\/www.chemgo.ch\/#website"},"datePublished":"2025-09-08T13:32:31+00:00","dateModified":"2025-09-16T13:26:45+00:00","breadcrumb":{"@id":"https:\/\/www.chemgo.ch\/dangerous-goods-reach\/#breadcrumb"},"inLanguage":"fr-FR","potentialAction":[{"@type":"ReadAction","target":["https:\/\/www.chemgo.ch\/dangerous-goods-reach\/"]}]},{"@type":"BreadcrumbList","@id":"https:\/\/www.chemgo.ch\/dangerous-goods-reach\/#breadcrumb","itemListElement":[{"@type":"ListItem","position":1,"name":"Startseite","item":"https:\/\/www.chemgo.ch\/"},{"@type":"ListItem","position":2,"name":"Dangerous Goods &#038; Reach"}]},{"@type":"WebSite","@id":"https:\/\/www.chemgo.ch\/#website","url":"https:\/\/www.chemgo.ch\/","name":"Chemgo AG","description":"","publisher":{"@id":"https:\/\/www.chemgo.ch\/#organization"},"potentialAction":[{"@type":"SearchAction","target":{"@type":"EntryPoint","urlTemplate":"https:\/\/www.chemgo.ch\/?s={search_term_string}"},"query-input":{"@type":"PropertyValueSpecification","valueRequired":true,"valueName":"search_term_string"}}],"inLanguage":"fr-FR"},{"@type":"Organization","@id":"https:\/\/www.chemgo.ch\/#organization","name":"Chemgo AG","url":"https:\/\/www.chemgo.ch\/","logo":{"@type":"ImageObject","inLanguage":"fr-FR","@id":"https:\/\/www.chemgo.ch\/#\/schema\/logo\/image\/","url":"https:\/\/www.chemgo.ch\/wp-content\/uploads\/2024\/02\/cropped-cropped-cropped-RZ_Chemgo-Logo-RGB-removebg-preview.png","contentUrl":"https:\/\/www.chemgo.ch\/wp-content\/uploads\/2024\/02\/cropped-cropped-cropped-RZ_Chemgo-Logo-RGB-removebg-preview.png","width":713,"height":345,"caption":"Chemgo AG"},"image":{"@id":"https:\/\/www.chemgo.ch\/#\/schema\/logo\/image\/"},"sameAs":["https:\/\/ch.linkedin.com\/company\/chemgo-organica-ag?original_referer=httpswww.google.com"]}]}},"_links":{"self":[{"href":"https:\/\/www.chemgo.ch\/fr\/wp-json\/wp\/v2\/pages\/13235","targetHints":{"allow":["GET"]}}],"collection":[{"href":"https:\/\/www.chemgo.ch\/fr\/wp-json\/wp\/v2\/pages"}],"about":[{"href":"https:\/\/www.chemgo.ch\/fr\/wp-json\/wp\/v2\/types\/page"}],"author":[{"embeddable":true,"href":"https:\/\/www.chemgo.ch\/fr\/wp-json\/wp\/v2\/users\/7"}],"replies":[{"embeddable":true,"href":"https:\/\/www.chemgo.ch\/fr\/wp-json\/wp\/v2\/comments?post=13235"}],"version-history":[{"count":0,"href":"https:\/\/www.chemgo.ch\/fr\/wp-json\/wp\/v2\/pages\/13235\/revisions"}],"wp:attachment":[{"href":"https:\/\/www.chemgo.ch\/fr\/wp-json\/wp\/v2\/media?parent=13235"}],"curies":[{"name":"wp","href":"https:\/\/api.w.org\/{rel}","templated":true}]}}