{"id":13220,"date":"2025-09-08T15:29:45","date_gmt":"2025-09-08T13:29:45","guid":{"rendered":"https:\/\/www.chemgo.ch\/chemical-technical-expertise\/"},"modified":"2025-09-16T15:28:36","modified_gmt":"2025-09-16T13:28:36","slug":"expertise-technique-chimique","status":"publish","type":"page","link":"https:\/\/www.chemgo.ch\/fr\/chemical-technical-expertise\/","title":{"rendered":"Expertise chimique et technique"},"content":{"rendered":"<div data-colibri-id=\"13220-c1\" class=\"style-4626 style-local-13220-c1 position-relative\">\n  <!---->\n  <div data-colibri-component=\"section\" data-colibri-id=\"13220-c2\" id=\"custom\" class=\"h-section h-section-global-spacing d-flex align-items-lg-center align-items-md-center align-items-center style-4627 style-local-13220-c2 position-relative\">\n    <!---->\n    <!---->\n    <div class=\"h-section-grid-container h-section-boxed-container\">\n      <!---->\n      <div data-colibri-id=\"13220-c3\" class=\"h-row-container gutters-row-lg-2 gutters-row-md-2 gutters-row-0 gutters-row-v-lg-2 gutters-row-v-md-2 gutters-row-v-2 style-4630 style-local-13220-c3 position-relative\">\n        <!---->\n        <div class=\"h-row justify-content-lg-center justify-content-md-center justify-content-center align-items-lg-stretch align-items-md-stretch align-items-stretch gutters-col-lg-2 gutters-col-md-2 gutters-col-0 gutters-col-v-lg-2 gutters-col-v-md-2 gutters-col-v-2\">\n          <!---->\n          <div class=\"h-column h-column-container d-flex h-col-lg-auto h-col-md-auto h-col-auto style-4631-outer style-local-13220-c4-outer\">\n            <div data-colibri-id=\"13220-c4\" class=\"d-flex h-flex-basis h-column__inner h-px-lg-2 h-px-md-2 h-px-2 v-inner-lg-2 v-inner-md-2 v-inner-2 style-4631 style-local-13220-c4 position-relative\">\n              <!---->\n              <!---->\n              <div class=\"w-100 h-y-container h-column__content h-column__v-align flex-basis-100 align-self-lg-start align-self-md-start align-self-start\">\n                <!---->\n                <div data-colibri-id=\"13220-c5\" class=\"h-global-transition-all h-heading style-4632 style-local-13220-c5 position-relative h-element\">\n                  <!---->\n                  <div class=\"h-heading__outer style-4632 style-local-13220-c5\">\n                    <!---->\n                    <!---->\n                    <h2 class=\"\">Expertise chimique et technique<\/h2>\n                  <\/div>\n                <\/div>\n              <\/div>\n            <\/div>\n          <\/div>\n        <\/div>\n      <\/div>\n      <div data-colibri-id=\"13220-c6\" class=\"h-row-container gutters-row-lg-2 gutters-row-md-2 gutters-row-0 gutters-row-v-lg-2 gutters-row-v-md-2 gutters-row-v-2 style-4628 style-local-13220-c6 position-relative\">\n        <!---->\n        <div class=\"h-row justify-content-lg-center justify-content-md-center justify-content-center align-items-lg-stretch align-items-md-stretch align-items-stretch gutters-col-lg-2 gutters-col-md-2 gutters-col-0 gutters-col-v-lg-2 gutters-col-v-md-2 gutters-col-v-2\">\n          <!---->\n          <div class=\"h-column h-column-container d-flex h-col-lg-auto h-col-md-auto h-col-auto style-4629-outer style-local-13220-c7-outer\">\n            <div data-colibri-id=\"13220-c7\" class=\"d-flex h-flex-basis h-column__inner h-px-lg-2 h-px-md-2 h-px-2 v-inner-lg-2 v-inner-md-2 v-inner-2 style-4629 style-local-13220-c7 position-relative\">\n              <!---->\n              <!---->\n              <div class=\"w-100 h-y-container h-column__content h-column__v-align flex-basis-100 align-self-lg-start align-self-md-start align-self-start\">\n                <!---->\n                <div data-colibri-id=\"13220-c8\" class=\"h-text h-text-component style-4633 style-local-13220-c8 position-relative h-element\">\n                  <!---->\n                  <!---->\n                  <div class=\"\">\n                    <p><strong style=\"color: rgb(0, 0, 0); font-weight: 700;\">Une expertise compl\u00e8te en mati\u00e8re de solutions chimiques de laboratoire et de sp\u00e9cialit\u00e9<\/strong><\/p>\n                    <p><span style=\"color: rgb(0, 0, 0);\">Gr\u00e2ce \u00e0 son expertise chimique et technique, soutenue par un vaste r\u00e9seau, Chemgo permet \u00e0 ses clients d'acc\u00e9der \u00e0 des produits chimiques et \u00e0 des mat\u00e9riaux hautement sophistiqu\u00e9s pour les laboratoires et la fabrication industrielle. Chez Chemgo, nous fournissons des fournitures de laboratoire fiables, des \u00e9quipements de pointe et des produits chimiques sp\u00e9cialis\u00e9s - livr\u00e9s pr\u00e9cis\u00e9ment quand et o\u00f9 vous en avez besoin.<\/span><\/p>\n                    <p>\n                      <br>\n                    <\/p>\n                    <p><span style=\"color: rgb(0, 0, 0);\"> <\/span><\/p>\n                    <p><strong style=\"color: rgb(0, 0, 0);\">Pourquoi choisir Chemgo pour vos besoins en produits chimiques ?<\/strong><\/p>\n                    <ul>\n                      <li><span style=\"color: rgb(0, 0, 0);\">Large gamme de produits chimiques de laboratoire, de mat\u00e9riel de laboratoire et d'\u00e9quipements de laboratoire.<\/span><\/li>\n                      <li><span style=\"color: rgb(0, 0, 0);\">Expertise dans la fourniture de produits chimiques fins et de sp\u00e9cialit\u00e9s chimiques de haute qualit\u00e9.<\/span><\/li>\n                      <li><span style=\"color: rgb(0, 0, 0);\">Une assistance technique et des conseils pour vous aider \u00e0 s\u00e9lectionner les produits adapt\u00e9s \u00e0 vos besoins sp\u00e9cifiques.<\/span><\/li>\n                    <\/ul>\n                    <p>\n                      <br>\n                    <\/p>\n                    <p><strong style=\"color: rgb(0, 0, 0); font-weight: 700;\">Expertise chimique et technique<\/strong><\/p>\n                    <p><span style=\"color: rgb(0, 0, 0);\">Nous aidons nos clients en leur fournissant des conseils d'experts sur la mani\u00e8re d'utiliser le mat\u00e9riel, l'\u00e9quipement et la large gamme de produits chimiques de laboratoire que nous fournissons. Que vous ayez besoin de produits chimiques fins, de produits chimiques sp\u00e9cialis\u00e9s ou d'\u00e9quipements de laboratoire sophistiqu\u00e9s, Chemgo est votre partenaire fiable. Nous combinons notre expertise industrielle avec un engagement de qualit\u00e9 pour fournir un service et une assistance in\u00e9gal\u00e9s.<\/span><\/p>\n                  <\/div>\n                <\/div>\n              <\/div>\n            <\/div>\n          <\/div>\n        <\/div>\n      <\/div>\n    <\/div>\n  <\/div>\n<\/div>","protected":false},"excerpt":{"rendered":"<p>Chemical &amp; Technical Expertise Comprehensive Expertise in Laboratory &amp; Specialty Chemical Solutions Throughchemical and technical expertise, supported by a wide network, Chemgo enables&nbsp;clients access to highly sophisticated chemicals and materials for laboratory use and industrial manufacturing.From essential lab chemicals to advanced specialty chemicals, we help you find the right products that meet your chemical challenges [&hellip;]<\/p>\n","protected":false},"author":7,"featured_media":0,"parent":0,"menu_order":0,"comment_status":"closed","ping_status":"closed","template":"page-templates\/full-width-page.php","meta":{"footnotes":""},"class_list":["post-13220","page","type-page","status-publish","hentry"],"yoast_head":"<!-- This site is optimized with the Yoast SEO plugin v27.3 - https:\/\/yoast.com\/product\/yoast-seo-wordpress\/ -->\n<title>Chemical &amp; Technical Expertise - Chemgo AG<\/title>\n<meta name=\"robots\" content=\"index, follow, max-snippet:-1, max-image-preview:large, max-video-preview:-1\" \/>\n<link rel=\"canonical\" href=\"https:\/\/www.chemgo.ch\/fr\/expertise-technique-chimique\/\" \/>\n<meta property=\"og:locale\" content=\"fr_FR\" \/>\n<meta property=\"og:type\" content=\"article\" \/>\n<meta property=\"og:title\" content=\"Chemical &amp; Technical Expertise - Chemgo AG\" \/>\n<meta property=\"og:description\" content=\"Chemical &amp; Technical Expertise Comprehensive Expertise in Laboratory &amp; Specialty Chemical Solutions Throughchemical and technical expertise, supported by a wide network, Chemgo enables&nbsp;clients access to highly sophisticated chemicals and materials for laboratory use and industrial manufacturing.From essential lab chemicals to advanced specialty chemicals, we help you find the right products that meet your chemical challenges [&hellip;]\" \/>\n<meta property=\"og:url\" content=\"https:\/\/www.chemgo.ch\/fr\/expertise-technique-chimique\/\" \/>\n<meta property=\"og:site_name\" content=\"Chemgo AG\" \/>\n<meta property=\"article:publisher\" content=\"https:\/\/ch.linkedin.com\/company\/chemgo-organica-ag?original_referer=httpswww.google.com\" \/>\n<meta property=\"article:modified_time\" content=\"2025-09-16T13:28:36+00:00\" \/>\n<meta name=\"twitter:card\" content=\"summary_large_image\" \/>\n<meta name=\"twitter:label1\" content=\"Dur\u00e9e de lecture estim\u00e9e\" \/>\n\t<meta name=\"twitter:data1\" content=\"1 minute\" \/>\n<script type=\"application\/ld+json\" class=\"yoast-schema-graph\">{\"@context\":\"https:\\\/\\\/schema.org\",\"@graph\":[{\"@type\":\"WebPage\",\"@id\":\"https:\\\/\\\/www.chemgo.ch\\\/chemical-technical-expertise\\\/\",\"url\":\"https:\\\/\\\/www.chemgo.ch\\\/chemical-technical-expertise\\\/\",\"name\":\"Chemical & Technical Expertise - Chemgo AG\",\"isPartOf\":{\"@id\":\"https:\\\/\\\/www.chemgo.ch\\\/#website\"},\"datePublished\":\"2025-09-08T13:29:45+00:00\",\"dateModified\":\"2025-09-16T13:28:36+00:00\",\"breadcrumb\":{\"@id\":\"https:\\\/\\\/www.chemgo.ch\\\/chemical-technical-expertise\\\/#breadcrumb\"},\"inLanguage\":\"fr-FR\",\"potentialAction\":[{\"@type\":\"ReadAction\",\"target\":[\"https:\\\/\\\/www.chemgo.ch\\\/chemical-technical-expertise\\\/\"]}]},{\"@type\":\"BreadcrumbList\",\"@id\":\"https:\\\/\\\/www.chemgo.ch\\\/chemical-technical-expertise\\\/#breadcrumb\",\"itemListElement\":[{\"@type\":\"ListItem\",\"position\":1,\"name\":\"Startseite\",\"item\":\"https:\\\/\\\/www.chemgo.ch\\\/\"},{\"@type\":\"ListItem\",\"position\":2,\"name\":\"Chemical &#038; Technical Expertise\"}]},{\"@type\":\"WebSite\",\"@id\":\"https:\\\/\\\/www.chemgo.ch\\\/#website\",\"url\":\"https:\\\/\\\/www.chemgo.ch\\\/\",\"name\":\"Chemgo AG\",\"description\":\"\",\"publisher\":{\"@id\":\"https:\\\/\\\/www.chemgo.ch\\\/#organization\"},\"potentialAction\":[{\"@type\":\"SearchAction\",\"target\":{\"@type\":\"EntryPoint\",\"urlTemplate\":\"https:\\\/\\\/www.chemgo.ch\\\/?s={search_term_string}\"},\"query-input\":{\"@type\":\"PropertyValueSpecification\",\"valueRequired\":true,\"valueName\":\"search_term_string\"}}],\"inLanguage\":\"fr-FR\"},{\"@type\":\"Organization\",\"@id\":\"https:\\\/\\\/www.chemgo.ch\\\/#organization\",\"name\":\"Chemgo AG\",\"url\":\"https:\\\/\\\/www.chemgo.ch\\\/\",\"logo\":{\"@type\":\"ImageObject\",\"inLanguage\":\"fr-FR\",\"@id\":\"https:\\\/\\\/www.chemgo.ch\\\/#\\\/schema\\\/logo\\\/image\\\/\",\"url\":\"https:\\\/\\\/www.chemgo.ch\\\/wp-content\\\/uploads\\\/2024\\\/02\\\/cropped-cropped-cropped-RZ_Chemgo-Logo-RGB-removebg-preview.png\",\"contentUrl\":\"https:\\\/\\\/www.chemgo.ch\\\/wp-content\\\/uploads\\\/2024\\\/02\\\/cropped-cropped-cropped-RZ_Chemgo-Logo-RGB-removebg-preview.png\",\"width\":713,\"height\":345,\"caption\":\"Chemgo AG\"},\"image\":{\"@id\":\"https:\\\/\\\/www.chemgo.ch\\\/#\\\/schema\\\/logo\\\/image\\\/\"},\"sameAs\":[\"https:\\\/\\\/ch.linkedin.com\\\/company\\\/chemgo-organica-ag?original_referer=httpswww.google.com\"]}]}<\/script>\n<!-- \/ Yoast SEO plugin. -->","yoast_head_json":{"title":"Expertise chimique et technique - Chemgo AG","robots":{"index":"index","follow":"follow","max-snippet":"max-snippet:-1","max-image-preview":"max-image-preview:large","max-video-preview":"max-video-preview:-1"},"canonical":"https:\/\/www.chemgo.ch\/fr\/expertise-technique-chimique\/","og_locale":"fr_FR","og_type":"article","og_title":"Chemical & Technical Expertise - Chemgo AG","og_description":"Chemical &amp; Technical Expertise Comprehensive Expertise in Laboratory &amp; Specialty Chemical Solutions Throughchemical and technical expertise, supported by a wide network, Chemgo enables&nbsp;clients access to highly sophisticated chemicals and materials for laboratory use and industrial manufacturing.From essential lab chemicals to advanced specialty chemicals, we help you find the right products that meet your chemical challenges [&hellip;]","og_url":"https:\/\/www.chemgo.ch\/fr\/expertise-technique-chimique\/","og_site_name":"Chemgo AG","article_publisher":"https:\/\/ch.linkedin.com\/company\/chemgo-organica-ag?original_referer=httpswww.google.com","article_modified_time":"2025-09-16T13:28:36+00:00","twitter_card":"summary_large_image","twitter_misc":{"Dur\u00e9e de lecture estim\u00e9e":"1 minute"},"schema":{"@context":"https:\/\/schema.org","@graph":[{"@type":"WebPage","@id":"https:\/\/www.chemgo.ch\/chemical-technical-expertise\/","url":"https:\/\/www.chemgo.ch\/chemical-technical-expertise\/","name":"Expertise chimique et technique - Chemgo AG","isPartOf":{"@id":"https:\/\/www.chemgo.ch\/#website"},"datePublished":"2025-09-08T13:29:45+00:00","dateModified":"2025-09-16T13:28:36+00:00","breadcrumb":{"@id":"https:\/\/www.chemgo.ch\/chemical-technical-expertise\/#breadcrumb"},"inLanguage":"fr-FR","potentialAction":[{"@type":"ReadAction","target":["https:\/\/www.chemgo.ch\/chemical-technical-expertise\/"]}]},{"@type":"BreadcrumbList","@id":"https:\/\/www.chemgo.ch\/chemical-technical-expertise\/#breadcrumb","itemListElement":[{"@type":"ListItem","position":1,"name":"Startseite","item":"https:\/\/www.chemgo.ch\/"},{"@type":"ListItem","position":2,"name":"Chemical &#038; Technical Expertise"}]},{"@type":"WebSite","@id":"https:\/\/www.chemgo.ch\/#website","url":"https:\/\/www.chemgo.ch\/","name":"Chemgo AG","description":"","publisher":{"@id":"https:\/\/www.chemgo.ch\/#organization"},"potentialAction":[{"@type":"SearchAction","target":{"@type":"EntryPoint","urlTemplate":"https:\/\/www.chemgo.ch\/?s={search_term_string}"},"query-input":{"@type":"PropertyValueSpecification","valueRequired":true,"valueName":"search_term_string"}}],"inLanguage":"fr-FR"},{"@type":"Organization","@id":"https:\/\/www.chemgo.ch\/#organization","name":"Chemgo AG","url":"https:\/\/www.chemgo.ch\/","logo":{"@type":"ImageObject","inLanguage":"fr-FR","@id":"https:\/\/www.chemgo.ch\/#\/schema\/logo\/image\/","url":"https:\/\/www.chemgo.ch\/wp-content\/uploads\/2024\/02\/cropped-cropped-cropped-RZ_Chemgo-Logo-RGB-removebg-preview.png","contentUrl":"https:\/\/www.chemgo.ch\/wp-content\/uploads\/2024\/02\/cropped-cropped-cropped-RZ_Chemgo-Logo-RGB-removebg-preview.png","width":713,"height":345,"caption":"Chemgo AG"},"image":{"@id":"https:\/\/www.chemgo.ch\/#\/schema\/logo\/image\/"},"sameAs":["https:\/\/ch.linkedin.com\/company\/chemgo-organica-ag?original_referer=httpswww.google.com"]}]}},"_links":{"self":[{"href":"https:\/\/www.chemgo.ch\/fr\/wp-json\/wp\/v2\/pages\/13220","targetHints":{"allow":["GET"]}}],"collection":[{"href":"https:\/\/www.chemgo.ch\/fr\/wp-json\/wp\/v2\/pages"}],"about":[{"href":"https:\/\/www.chemgo.ch\/fr\/wp-json\/wp\/v2\/types\/page"}],"author":[{"embeddable":true,"href":"https:\/\/www.chemgo.ch\/fr\/wp-json\/wp\/v2\/users\/7"}],"replies":[{"embeddable":true,"href":"https:\/\/www.chemgo.ch\/fr\/wp-json\/wp\/v2\/comments?post=13220"}],"version-history":[{"count":0,"href":"https:\/\/www.chemgo.ch\/fr\/wp-json\/wp\/v2\/pages\/13220\/revisions"}],"wp:attachment":[{"href":"https:\/\/www.chemgo.ch\/fr\/wp-json\/wp\/v2\/media?parent=13220"}],"curies":[{"name":"wp","href":"https:\/\/api.w.org\/{rel}","templated":true}]}}