{"id":13114,"date":"2025-09-08T15:01:30","date_gmt":"2025-09-08T13:01:30","guid":{"rendered":"https:\/\/www.chemgo.ch\/?page_id=13114"},"modified":"2025-09-17T13:10:30","modified_gmt":"2025-09-17T11:10:30","slug":"a-propos-de-nous","status":"publish","type":"page","link":"https:\/\/www.chemgo.ch\/fr\/about-us\/","title":{"rendered":"About Us"},"content":{"rendered":"<div data-colibri-id=\"13114-c1\" class=\"style-4593 style-local-13114-c1 position-relative\">\r\n  <!---->\r\n  <div data-colibri-component=\"section\" data-colibri-id=\"13114-c2\" id=\"custom\" class=\"h-section h-section-global-spacing d-flex align-items-lg-center align-items-md-center align-items-center style-4594 style-local-13114-c2 position-relative\">\r\n    <!---->\r\n    <!---->\r\n    <div class=\"h-section-grid-container h-section-boxed-container\">\r\n      <!---->\r\n      <div data-colibri-id=\"13114-c3\" class=\"h-row-container gutters-row-lg-2 gutters-row-md-2 gutters-row-0 gutters-row-v-lg-2 gutters-row-v-md-2 gutters-row-v-2 style-4598 style-local-13114-c3 position-relative\">\r\n        <!---->\r\n        <div class=\"h-row justify-content-lg-center justify-content-md-center justify-content-center align-items-lg-stretch align-items-md-stretch align-items-stretch gutters-col-lg-2 gutters-col-md-2 gutters-col-0 gutters-col-v-lg-2 gutters-col-v-md-2 gutters-col-v-2\">\r\n          <!---->\r\n          <div class=\"h-column h-column-container d-flex h-col-lg-auto h-col-md-auto h-col-auto style-4599-outer style-local-13114-c4-outer\">\r\n            <div data-colibri-id=\"13114-c4\" class=\"d-flex h-flex-basis h-column__inner h-px-lg-2 h-px-md-2 h-px-2 v-inner-lg-2 v-inner-md-2 v-inner-2 style-4599 style-local-13114-c4 position-relative\">\r\n              <!---->\r\n              <!---->\r\n              <div class=\"w-100 h-y-container h-column__content h-column__v-align flex-basis-100 align-self-lg-start align-self-md-start align-self-start\">\r\n                <!---->\r\n                <div data-colibri-id=\"13114-c5\" class=\"h-global-transition-all h-heading style-4600 style-local-13114-c5 position-relative h-element\">\r\n                  <!---->\r\n                  <div class=\"h-heading__outer style-4600 style-local-13114-c5\">\r\n                    <!---->\r\n                    <!---->\r\n                    <h2 class=\"\">About Us<\/h2>\r\n                  <\/div>\r\n                <\/div>\r\n              <\/div>\r\n            <\/div>\r\n          <\/div>\r\n        <\/div>\r\n      <\/div>\r\n      <div data-colibri-id=\"13114-c6\" class=\"h-row-container gutters-row-lg-2 gutters-row-md-2 gutters-row-0 gutters-row-v-lg-2 gutters-row-v-md-2 gutters-row-v-2 style-4595 style-local-13114-c6 position-relative\">\r\n        <!---->\r\n        <div class=\"h-row justify-content-lg-center justify-content-md-center justify-content-center align-items-lg-stretch align-items-md-stretch align-items-stretch gutters-col-lg-2 gutters-col-md-2 gutters-col-0 gutters-col-v-lg-2 gutters-col-v-md-2 gutters-col-v-2\">\r\n          <!---->\r\n          <div class=\"h-column h-column-container d-flex h-col-lg-auto h-col-md-auto h-col-auto style-4596-outer style-local-13114-c7-outer\">\r\n            <div data-colibri-id=\"13114-c7\" class=\"d-flex h-flex-basis h-column__inner h-px-lg-2 h-px-md-2 h-px-2 v-inner-lg-2 v-inner-md-2 v-inner-2 style-4596 style-local-13114-c7 position-relative\">\r\n              <!---->\r\n              <!---->\r\n              <div class=\"w-100 h-y-container h-column__content h-column__v-align flex-basis-100 align-self-lg-start align-self-md-start align-self-start\">\r\n                <!---->\r\n                <div data-colibri-id=\"13114-c8\" class=\"h-text h-text-component style-4597 style-local-13114-c8 position-relative h-element\">\r\n                  <!---->\r\n                  <!---->\r\n                  <div class=\"\">\r\n                    <p><span style=\"color: rgb(0, 0, 0);\">Chemgo, bas\u00e9 \u00e0 B\u00e2le, en Suisse, avec un second bureau \u00e0 Lyon, en France, est un partenaire de confiance dans le monde de la chimie fine, de l'histologie, des fournitures de laboratoire, de l'\u00e9quipement de laboratoire. Repr\u00e9sentant des fabricants de renomm\u00e9e mondiale, Chemgo associe un solide r\u00e9seau de fournisseurs \u00e0 une profonde expertise en mati\u00e8re d'approvisionnement, offrant des solutions dans les domaines de la chimie de sp\u00e9cialit\u00e9 et des fournitures de laboratoire afin de r\u00e9pondre aux besoins les plus complexes des clients.<\/span><\/p>\r\n                    <p><span style=\"color: rgb(0, 0, 0);\">Plus qu'une agence ou un distributeur traditionnel, Chemgo travaille comme une extension de ses fournisseurs, ajoutant de la valeur gr\u00e2ce \u00e0 ses comp\u00e9tences cl\u00e9s en mati\u00e8re de d\u00e9veloppement commercial, de consultation, de marketing strat\u00e9gique, de logistique et de distribution. Avec sa large gamme de produits chimiques de laboratoire, de solvants de sp\u00e9cialit\u00e9, de produits interm\u00e9diaires, de consommables de laboratoire, de r\u00e9actifs de haute puret\u00e9 et d'\u00e9quipements, Chemgo fournit des solutions sur mesure \u00e0 une vari\u00e9t\u00e9 d'industries et d'applications, y compris les industries des sciences de la vie et de la chimie fine.<\/span><\/p>\r\n                    <p><span style=\"color: rgb(0, 0, 0);\">L'accent mis par Chemgo sur la qualit\u00e9 et un service exceptionnel lui permet de se d\u00e9marquer dans les industries et les march\u00e9s qu'elle cible. Gr\u00e2ce \u00e0 son expertise en mati\u00e8re d'approvisionnement et de gestion des \u00e9quipements de laboratoire, des produits chimiques et des mat\u00e9riaux, Chemgo est un partenaire de choix pour les laboratoires et les entreprises \u00e0 la recherche de solutions fiables. Qu'il s'agisse de solvants sp\u00e9cialis\u00e9s, de compos\u00e9s organiques et inorganiques ou de r\u00e9actifs, Chemgo fournit des produits qui r\u00e9pondent aux exigences en constante \u00e9volution de ses clients, renfor\u00e7ant ainsi sa r\u00e9putation de leader dans le domaine.<\/span><\/p>\r\n                  <\/div>\r\n                <\/div>\r\n              <\/div>\r\n            <\/div>\r\n          <\/div>\r\n        <\/div>\r\n      <\/div>\r\n    <\/div>\r\n  <\/div>\r\n<\/div>","protected":false},"excerpt":{"rendered":"<p>About Us Chemgo, based in Basel, Switzerland, with a second office in Lyon, France, is a trusted partner in the world of fine chemicals, histology, lab supplies, lab equipment. Representing&nbsp;globally renowned manufacturers, Chemgo combines a strong network of suppliers with deep expertise in sourcing, offering solutions in the fields of specialty chemicals and lab supplies [&hellip;]<\/p>\n","protected":false},"author":7,"featured_media":0,"parent":0,"menu_order":0,"comment_status":"closed","ping_status":"closed","template":"page-templates\/full-width-page.php","meta":{"footnotes":""},"class_list":["post-13114","page","type-page","status-publish","hentry"],"yoast_head":"<!-- This site is optimized with the Yoast SEO plugin v27.3 - https:\/\/yoast.com\/product\/yoast-seo-wordpress\/ -->\n<title>About Us: Chemgo&#039;s Commitment to Quality - Chemgo AG<\/title>\n<meta name=\"description\" content=\"Discover more About Us at Chemgo, your trusted partner in fine chemicals and lab supplies, with offices in Basel and Lyon.\" \/>\n<meta name=\"robots\" content=\"index, follow, max-snippet:-1, max-image-preview:large, max-video-preview:-1\" \/>\n<link rel=\"canonical\" href=\"https:\/\/www.chemgo.ch\/fr\/a-propos-de-nous\/\" \/>\n<meta property=\"og:locale\" content=\"fr_FR\" \/>\n<meta property=\"og:type\" content=\"article\" \/>\n<meta property=\"og:title\" content=\"About Us: Chemgo&#039;s Commitment to Quality - Chemgo AG\" \/>\n<meta property=\"og:description\" content=\"Discover more About Us at Chemgo, your trusted partner in fine chemicals and lab supplies, with offices in Basel and Lyon.\" \/>\n<meta property=\"og:url\" content=\"https:\/\/www.chemgo.ch\/fr\/a-propos-de-nous\/\" \/>\n<meta property=\"og:site_name\" content=\"Chemgo AG\" \/>\n<meta property=\"article:publisher\" content=\"https:\/\/ch.linkedin.com\/company\/chemgo-organica-ag?original_referer=httpswww.google.com\" \/>\n<meta property=\"article:modified_time\" content=\"2025-09-17T11:10:30+00:00\" \/>\n<meta name=\"twitter:card\" content=\"summary_large_image\" \/>\n<meta name=\"twitter:label1\" content=\"Dur\u00e9e de lecture estim\u00e9e\" \/>\n\t<meta name=\"twitter:data1\" content=\"1 minute\" \/>\n<script type=\"application\/ld+json\" class=\"yoast-schema-graph\">{\"@context\":\"https:\\\/\\\/schema.org\",\"@graph\":[{\"@type\":\"WebPage\",\"@id\":\"https:\\\/\\\/www.chemgo.ch\\\/about-us\\\/\",\"url\":\"https:\\\/\\\/www.chemgo.ch\\\/about-us\\\/\",\"name\":\"About Us: Chemgo's Commitment to Quality - Chemgo AG\",\"isPartOf\":{\"@id\":\"https:\\\/\\\/www.chemgo.ch\\\/#website\"},\"datePublished\":\"2025-09-08T13:01:30+00:00\",\"dateModified\":\"2025-09-17T11:10:30+00:00\",\"description\":\"Discover more About Us at Chemgo, your trusted partner in fine chemicals and lab supplies, with offices in Basel and Lyon.\",\"breadcrumb\":{\"@id\":\"https:\\\/\\\/www.chemgo.ch\\\/about-us\\\/#breadcrumb\"},\"inLanguage\":\"fr-FR\",\"potentialAction\":[{\"@type\":\"ReadAction\",\"target\":[\"https:\\\/\\\/www.chemgo.ch\\\/about-us\\\/\"]}]},{\"@type\":\"BreadcrumbList\",\"@id\":\"https:\\\/\\\/www.chemgo.ch\\\/about-us\\\/#breadcrumb\",\"itemListElement\":[{\"@type\":\"ListItem\",\"position\":1,\"name\":\"Startseite\",\"item\":\"https:\\\/\\\/www.chemgo.ch\\\/\"},{\"@type\":\"ListItem\",\"position\":2,\"name\":\"About Us\"}]},{\"@type\":\"WebSite\",\"@id\":\"https:\\\/\\\/www.chemgo.ch\\\/#website\",\"url\":\"https:\\\/\\\/www.chemgo.ch\\\/\",\"name\":\"Chemgo AG\",\"description\":\"\",\"publisher\":{\"@id\":\"https:\\\/\\\/www.chemgo.ch\\\/#organization\"},\"potentialAction\":[{\"@type\":\"SearchAction\",\"target\":{\"@type\":\"EntryPoint\",\"urlTemplate\":\"https:\\\/\\\/www.chemgo.ch\\\/?s={search_term_string}\"},\"query-input\":{\"@type\":\"PropertyValueSpecification\",\"valueRequired\":true,\"valueName\":\"search_term_string\"}}],\"inLanguage\":\"fr-FR\"},{\"@type\":\"Organization\",\"@id\":\"https:\\\/\\\/www.chemgo.ch\\\/#organization\",\"name\":\"Chemgo AG\",\"url\":\"https:\\\/\\\/www.chemgo.ch\\\/\",\"logo\":{\"@type\":\"ImageObject\",\"inLanguage\":\"fr-FR\",\"@id\":\"https:\\\/\\\/www.chemgo.ch\\\/#\\\/schema\\\/logo\\\/image\\\/\",\"url\":\"https:\\\/\\\/www.chemgo.ch\\\/wp-content\\\/uploads\\\/2024\\\/02\\\/cropped-cropped-cropped-RZ_Chemgo-Logo-RGB-removebg-preview.png\",\"contentUrl\":\"https:\\\/\\\/www.chemgo.ch\\\/wp-content\\\/uploads\\\/2024\\\/02\\\/cropped-cropped-cropped-RZ_Chemgo-Logo-RGB-removebg-preview.png\",\"width\":713,\"height\":345,\"caption\":\"Chemgo AG\"},\"image\":{\"@id\":\"https:\\\/\\\/www.chemgo.ch\\\/#\\\/schema\\\/logo\\\/image\\\/\"},\"sameAs\":[\"https:\\\/\\\/ch.linkedin.com\\\/company\\\/chemgo-organica-ag?original_referer=httpswww.google.com\"]}]}<\/script>\n<!-- \/ Yoast SEO plugin. -->","yoast_head_json":{"title":"A propos de nous : L'engagement de Chemgo pour la qualit\u00e9 - Chemgo AG","description":"D\u00e9couvrez-en plus sur Chemgo, votre partenaire de confiance en mati\u00e8re de produits chimiques fins et de fournitures de laboratoire, avec des bureaux \u00e0 B\u00e2le et \u00e0 Lyon.","robots":{"index":"index","follow":"follow","max-snippet":"max-snippet:-1","max-image-preview":"max-image-preview:large","max-video-preview":"max-video-preview:-1"},"canonical":"https:\/\/www.chemgo.ch\/fr\/a-propos-de-nous\/","og_locale":"fr_FR","og_type":"article","og_title":"About Us: Chemgo's Commitment to Quality - Chemgo AG","og_description":"Discover more About Us at Chemgo, your trusted partner in fine chemicals and lab supplies, with offices in Basel and Lyon.","og_url":"https:\/\/www.chemgo.ch\/fr\/a-propos-de-nous\/","og_site_name":"Chemgo AG","article_publisher":"https:\/\/ch.linkedin.com\/company\/chemgo-organica-ag?original_referer=httpswww.google.com","article_modified_time":"2025-09-17T11:10:30+00:00","twitter_card":"summary_large_image","twitter_misc":{"Dur\u00e9e de lecture estim\u00e9e":"1 minute"},"schema":{"@context":"https:\/\/schema.org","@graph":[{"@type":"WebPage","@id":"https:\/\/www.chemgo.ch\/about-us\/","url":"https:\/\/www.chemgo.ch\/about-us\/","name":"A propos de nous : L'engagement de Chemgo pour la qualit\u00e9 - Chemgo AG","isPartOf":{"@id":"https:\/\/www.chemgo.ch\/#website"},"datePublished":"2025-09-08T13:01:30+00:00","dateModified":"2025-09-17T11:10:30+00:00","description":"D\u00e9couvrez-en plus sur Chemgo, votre partenaire de confiance en mati\u00e8re de produits chimiques fins et de fournitures de laboratoire, avec des bureaux \u00e0 B\u00e2le et \u00e0 Lyon.","breadcrumb":{"@id":"https:\/\/www.chemgo.ch\/about-us\/#breadcrumb"},"inLanguage":"fr-FR","potentialAction":[{"@type":"ReadAction","target":["https:\/\/www.chemgo.ch\/about-us\/"]}]},{"@type":"BreadcrumbList","@id":"https:\/\/www.chemgo.ch\/about-us\/#breadcrumb","itemListElement":[{"@type":"ListItem","position":1,"name":"Startseite","item":"https:\/\/www.chemgo.ch\/"},{"@type":"ListItem","position":2,"name":"About Us"}]},{"@type":"WebSite","@id":"https:\/\/www.chemgo.ch\/#website","url":"https:\/\/www.chemgo.ch\/","name":"Chemgo AG","description":"","publisher":{"@id":"https:\/\/www.chemgo.ch\/#organization"},"potentialAction":[{"@type":"SearchAction","target":{"@type":"EntryPoint","urlTemplate":"https:\/\/www.chemgo.ch\/?s={search_term_string}"},"query-input":{"@type":"PropertyValueSpecification","valueRequired":true,"valueName":"search_term_string"}}],"inLanguage":"fr-FR"},{"@type":"Organization","@id":"https:\/\/www.chemgo.ch\/#organization","name":"Chemgo AG","url":"https:\/\/www.chemgo.ch\/","logo":{"@type":"ImageObject","inLanguage":"fr-FR","@id":"https:\/\/www.chemgo.ch\/#\/schema\/logo\/image\/","url":"https:\/\/www.chemgo.ch\/wp-content\/uploads\/2024\/02\/cropped-cropped-cropped-RZ_Chemgo-Logo-RGB-removebg-preview.png","contentUrl":"https:\/\/www.chemgo.ch\/wp-content\/uploads\/2024\/02\/cropped-cropped-cropped-RZ_Chemgo-Logo-RGB-removebg-preview.png","width":713,"height":345,"caption":"Chemgo AG"},"image":{"@id":"https:\/\/www.chemgo.ch\/#\/schema\/logo\/image\/"},"sameAs":["https:\/\/ch.linkedin.com\/company\/chemgo-organica-ag?original_referer=httpswww.google.com"]}]}},"_links":{"self":[{"href":"https:\/\/www.chemgo.ch\/fr\/wp-json\/wp\/v2\/pages\/13114","targetHints":{"allow":["GET"]}}],"collection":[{"href":"https:\/\/www.chemgo.ch\/fr\/wp-json\/wp\/v2\/pages"}],"about":[{"href":"https:\/\/www.chemgo.ch\/fr\/wp-json\/wp\/v2\/types\/page"}],"author":[{"embeddable":true,"href":"https:\/\/www.chemgo.ch\/fr\/wp-json\/wp\/v2\/users\/7"}],"replies":[{"embeddable":true,"href":"https:\/\/www.chemgo.ch\/fr\/wp-json\/wp\/v2\/comments?post=13114"}],"version-history":[{"count":0,"href":"https:\/\/www.chemgo.ch\/fr\/wp-json\/wp\/v2\/pages\/13114\/revisions"}],"wp:attachment":[{"href":"https:\/\/www.chemgo.ch\/fr\/wp-json\/wp\/v2\/media?parent=13114"}],"curies":[{"name":"wp","href":"https:\/\/api.w.org\/{rel}","templated":true}]}}