{"id":12126,"date":"2024-09-24T11:02:44","date_gmt":"2024-09-24T09:02:44","guid":{"rendered":"https:\/\/www.chemgo.ch\/?page_id=12126"},"modified":"2025-09-16T15:23:45","modified_gmt":"2025-09-16T13:23:45","slug":"sourcing","status":"publish","type":"page","link":"https:\/\/www.chemgo.ch\/fr\/sourcing\/","title":{"rendered":"Sourcing"},"content":{"rendered":"<div data-colibri-id=\"12126-c1\" class=\"style-4370 style-local-12126-c1 position-relative\">\n  <!---->\n  <div data-colibri-component=\"section\" data-colibri-id=\"12126-c2\" id=\"custom\" class=\"h-section h-section-global-spacing d-flex align-items-lg-center align-items-md-center align-items-center style-4371 style-local-12126-c2 position-relative\">\n    <!---->\n    <!---->\n    <div class=\"h-section-grid-container h-section-boxed-container\">\n      <!---->\n      <div data-colibri-id=\"12126-c3\" class=\"h-row-container gutters-row-lg-2 gutters-row-md-2 gutters-row-0 gutters-row-v-lg-2 gutters-row-v-md-2 gutters-row-v-2 style-4375 style-local-12126-c3 position-relative\">\n        <!---->\n        <div class=\"h-row justify-content-lg-center justify-content-md-center justify-content-center align-items-lg-stretch align-items-md-stretch align-items-stretch gutters-col-lg-2 gutters-col-md-2 gutters-col-0 gutters-col-v-lg-2 gutters-col-v-md-2 gutters-col-v-2\">\n          <!---->\n          <div class=\"h-column h-column-container d-flex h-col-lg-auto h-col-md-auto h-col-auto style-4376-outer style-local-12126-c4-outer\">\n            <div data-colibri-id=\"12126-c4\" class=\"d-flex h-flex-basis h-column__inner h-px-lg-2 h-px-md-2 h-px-2 v-inner-lg-2 v-inner-md-2 v-inner-2 style-4376 style-local-12126-c4 position-relative\">\n              <!---->\n              <!---->\n              <div class=\"w-100 h-y-container h-column__content h-column__v-align flex-basis-100 align-self-lg-start align-self-md-start align-self-start\">\n                <!---->\n                <div data-colibri-id=\"12126-c5\" class=\"h-global-transition-all h-heading style-4377 style-local-12126-c5 position-relative h-element\">\n                  <!---->\n                  <div class=\"h-heading__outer style-4377 style-local-12126-c5\">\n                    <!---->\n                    <!---->\n                    <h2 class=\"\">Sourcing<\/h2>\n                  <\/div>\n                <\/div>\n              <\/div>\n            <\/div>\n          <\/div>\n        <\/div>\n      <\/div>\n      <div data-colibri-id=\"12126-c6\" class=\"h-row-container gutters-row-lg-2 gutters-row-md-2 gutters-row-0 gutters-row-v-lg-2 gutters-row-v-md-2 gutters-row-v-2 style-4372 style-local-12126-c6 position-relative\">\n        <!---->\n        <div class=\"h-row justify-content-lg-center justify-content-md-center justify-content-center align-items-lg-stretch align-items-md-stretch align-items-stretch gutters-col-lg-2 gutters-col-md-2 gutters-col-0 gutters-col-v-lg-2 gutters-col-v-md-2 gutters-col-v-2\">\n          <!---->\n          <div class=\"h-column h-column-container d-flex h-col-lg-auto h-col-md-auto h-col-auto style-4373-outer style-local-12126-c7-outer\">\n            <div data-colibri-id=\"12126-c7\" class=\"d-flex h-flex-basis h-column__inner h-px-lg-2 h-px-md-2 h-px-2 v-inner-lg-2 v-inner-md-2 v-inner-2 style-4373 style-local-12126-c7 position-relative\">\n              <!---->\n              <!---->\n              <div class=\"w-100 h-y-container h-column__content h-column__v-align flex-basis-100 align-self-lg-start align-self-md-start align-self-start\">\n                <!---->\n                <div data-colibri-id=\"12126-c8\" class=\"h-text h-text-component style-4374 style-local-12126-c8 position-relative h-element\">\n                  <!---->\n                  <!---->\n                  <div class=\"\">\n                    <p><strong style=\"font-weight: 700; color: rgb(0, 0, 0);\">Sourcing Made Simple : Sp\u00e9cialit\u00e9s et produits chimiques fins en Suisse, en Allemagne et en France<\/strong><\/p>\n                    <p><span style=\"font-weight: 400; color: rgb(0, 0, 0);\">Chez Chemgo, nous sommes sp\u00e9cialis\u00e9s dans l'approvisionnement en sp\u00e9cialit\u00e9s chimiques et en produits chimiques fins de haute qualit\u00e9 pour des clients en Suisse, en Allemagne, en France et sur les march\u00e9s environnants. Gr\u00e2ce \u00e0 un r\u00e9seau solide et \u00e0 des d\u00e9cennies d'expertise, nous identifions et fournissons les produits dont vous avez besoin, adapt\u00e9s \u00e0 vos exigences sp\u00e9cifiques.<\/span><\/p>\n                    <p>\n                      <br>\n                    <\/p>\n                    <p><strong style=\"font-weight: 700; color: rgb(0, 0, 0);\">Ce que nous offrons :<\/strong><\/p>\n                    <p><span style=\"font-weight: 400; color: rgb(0, 0, 0);\">Gr\u00e2ce \u00e0 une collaboration \u00e9troite avec ses principaux partenaires et les partenaires de confiance de son r\u00e9seau \u00e9tendu, combin\u00e9e \u00e0 une connaissance approfondie de l'industrie, Chemgo est en mesure de fournir des solutions d'approvisionnement adapt\u00e9es \u00e0 vos besoins en mati\u00e8re de produits chimiques de sp\u00e9cialit\u00e9 pour la recherche, la production ou le d\u00e9veloppement innovant.<\/span><\/p>\n                    <p>\n                      <br>\n                    <\/p>\n                    <p><strong style=\"font-weight: 700; color: rgb(0, 0, 0);\">Pourquoi choisir Chemgo pour vos besoins en approvisionnement ?<\/strong><\/p>\n                    <p><span style=\"font-weight: 400; color: rgb(0, 0, 0);\">Les services de sourcing de Chemgo sont con\u00e7us pour simplifier le processus d'approvisionnement en produits chimiques de sp\u00e9cialit\u00e9 et en produits chimiques fins sur les march\u00e9s cibles que sont la Suisse, l'Allemagne, la France et les march\u00e9s environnants. Notre \u00e9quipe d'experts s'assure que chaque projet de sourcing est g\u00e9r\u00e9 avec pr\u00e9cision, fiabilit\u00e9 et un engagement in\u00e9branlable pour la qualit\u00e9.<\/span><\/p>\n                    <p>\n                      <br>\n                    <\/p>\n                    <p><strong style=\"font-weight: 700; color: rgb(0, 0, 0);\">Nous visons \u00e0 simplifier l'ensemble du processus de passation de march\u00e9s, en offrant :<\/strong><\/p>\n                    <ul>\n                      <li><strong style=\"font-weight: 400; color: rgb(0, 0, 0);\">Un r\u00e9seau \u00e9tendu :<\/strong><span style=\"font-weight: 400; color: rgb(0, 0, 0);\"> Connexions avec des fournisseurs de confiance dans le monde entier.<\/span><\/li>\n                      <li><strong style=\"font-weight: 400; color: rgb(0, 0, 0);\">Conseils d'experts :<\/strong><span style=\"font-weight: 400; color: rgb(0, 0, 0);\"> Trouver les bons produits pour r\u00e9pondre aux sp\u00e9cifications exactes et aux exigences r\u00e9glementaires.<\/span><\/li>\n                      <li><strong style=\"font-weight: 400; color: rgb(0, 0, 0);\">Solutions logistiques<\/strong><span style=\"font-weight: 400; color: rgb(0, 0, 0);\">: D\u00e9douanement, entreposage et exp\u00e9dition.<\/span><\/li>\n                      <li><strong style=\"font-weight: 400; color: rgb(0, 0, 0);\">Approvisionnement \u00e9thique :<\/strong><span style=\"font-weight: 400; color: rgb(0, 0, 0);\"> Respect strict des r\u00e9glementations locales et mondiales.<\/span><\/li>\n                    <\/ul>\n                    <p><span style=\"font-weight: 400; color: rgb(0, 0, 0);\"><\/span><\/p>\n                    <p><strong style=\"font-weight: 700; color: rgb(0, 0, 0);\">L'excellence dans l'approvisionnement en sp\u00e9cialit\u00e9s chimiques et en produits chimiques fins<\/strong><\/p>\n                    <p><strong style=\"font-weight: 400; color: rgb(0, 0, 0);\">Chemgo se consacre \u00e0 la fourniture de services de sourcing efficaces et complets pour les produits chimiques de sp\u00e9cialit\u00e9 et les produits chimiques fins. En tirant parti de notre pr\u00e9sence profond\u00e9ment enracin\u00e9e en Suisse, en Allemagne, en France et dans les march\u00e9s environnants, nous localisons rapidement des produits de qualit\u00e9 sup\u00e9rieure et guidons nos clients \u00e0 travers un march\u00e9 complexe. Notre processus de sourcing est transparent, efficace et adapt\u00e9 aux besoins sp\u00e9cifiques de chaque client.<\/strong><\/p>\n                    <p><span style=\"font-weight: 400; color: rgb(0, 0, 0);\">Que vos besoins concernent la chimie de sp\u00e9cialit\u00e9 ou la chimie fine, les services de sourcing de Chemgo sont votre partenaire fiable en Suisse, en Allemagne, en France et sur les march\u00e9s voisins. Contactez-nous d\u00e8s aujourd'hui pour en savoir plus sur la mani\u00e8re dont notre expertise en mati\u00e8re de sourcing peut profiter \u00e0 vos projets et contribuer \u00e0 votre succ\u00e8s.<\/span><\/p>\n                    <p>\n                      <br>\n                    <\/p>\n                  <\/div>\n                <\/div>\n              <\/div>\n            <\/div>\n          <\/div>\n        <\/div>\n      <\/div>\n    <\/div>\n  <\/div>\n<\/div>","protected":false},"excerpt":{"rendered":"<p>Sourcing Sourcing Made Simple: Specialty &amp; Fine Chemicals in Switzerland, Germany, and France At Chemgo, we specialize in sourcing top-quality specialty and fine chemicals for clients in Switzerland, Germany, France and surrounding markets. With a strong network and decades of expertise, we identify and provide the products you need, tailored to your specific requirements. What [&hellip;]<\/p>\n","protected":false},"author":7,"featured_media":0,"parent":0,"menu_order":0,"comment_status":"closed","ping_status":"closed","template":"page-templates\/full-width-page.php","meta":{"footnotes":""},"class_list":["post-12126","page","type-page","status-publish","hentry"],"yoast_head":"<!-- This site is optimized with the Yoast SEO plugin v27.3 - https:\/\/yoast.com\/product\/yoast-seo-wordpress\/ -->\n<title>Sourcing - Chemgo AG<\/title>\n<meta name=\"robots\" content=\"index, follow, max-snippet:-1, max-image-preview:large, max-video-preview:-1\" \/>\n<link rel=\"canonical\" href=\"https:\/\/www.chemgo.ch\/fr\/sourcing\/\" \/>\n<meta property=\"og:locale\" content=\"fr_FR\" \/>\n<meta property=\"og:type\" content=\"article\" \/>\n<meta property=\"og:title\" content=\"Sourcing - Chemgo AG\" \/>\n<meta property=\"og:description\" content=\"Sourcing Sourcing Made Simple: Specialty &amp; Fine Chemicals in Switzerland, Germany, and France At Chemgo, we specialize in sourcing top-quality specialty and fine chemicals for clients in Switzerland, Germany, France and surrounding markets. With a strong network and decades of expertise, we identify and provide the products you need, tailored to your specific requirements. What [&hellip;]\" \/>\n<meta property=\"og:url\" content=\"https:\/\/www.chemgo.ch\/fr\/sourcing\/\" \/>\n<meta property=\"og:site_name\" content=\"Chemgo AG\" \/>\n<meta property=\"article:publisher\" content=\"https:\/\/ch.linkedin.com\/company\/chemgo-organica-ag?original_referer=httpswww.google.com\" \/>\n<meta property=\"article:modified_time\" content=\"2025-09-16T13:23:45+00:00\" \/>\n<meta name=\"twitter:card\" content=\"summary_large_image\" \/>\n<meta name=\"twitter:label1\" content=\"Dur\u00e9e de lecture estim\u00e9e\" \/>\n\t<meta name=\"twitter:data1\" content=\"1 minute\" \/>\n<script type=\"application\/ld+json\" class=\"yoast-schema-graph\">{\"@context\":\"https:\\\/\\\/schema.org\",\"@graph\":[{\"@type\":\"WebPage\",\"@id\":\"https:\\\/\\\/www.chemgo.ch\\\/sourcing\\\/\",\"url\":\"https:\\\/\\\/www.chemgo.ch\\\/sourcing\\\/\",\"name\":\"Sourcing - Chemgo AG\",\"isPartOf\":{\"@id\":\"https:\\\/\\\/www.chemgo.ch\\\/#website\"},\"datePublished\":\"2024-09-24T09:02:44+00:00\",\"dateModified\":\"2025-09-16T13:23:45+00:00\",\"breadcrumb\":{\"@id\":\"https:\\\/\\\/www.chemgo.ch\\\/sourcing\\\/#breadcrumb\"},\"inLanguage\":\"fr-FR\",\"potentialAction\":[{\"@type\":\"ReadAction\",\"target\":[\"https:\\\/\\\/www.chemgo.ch\\\/sourcing\\\/\"]}]},{\"@type\":\"BreadcrumbList\",\"@id\":\"https:\\\/\\\/www.chemgo.ch\\\/sourcing\\\/#breadcrumb\",\"itemListElement\":[{\"@type\":\"ListItem\",\"position\":1,\"name\":\"Startseite\",\"item\":\"https:\\\/\\\/www.chemgo.ch\\\/\"},{\"@type\":\"ListItem\",\"position\":2,\"name\":\"Sourcing\"}]},{\"@type\":\"WebSite\",\"@id\":\"https:\\\/\\\/www.chemgo.ch\\\/#website\",\"url\":\"https:\\\/\\\/www.chemgo.ch\\\/\",\"name\":\"Chemgo AG\",\"description\":\"\",\"publisher\":{\"@id\":\"https:\\\/\\\/www.chemgo.ch\\\/#organization\"},\"potentialAction\":[{\"@type\":\"SearchAction\",\"target\":{\"@type\":\"EntryPoint\",\"urlTemplate\":\"https:\\\/\\\/www.chemgo.ch\\\/?s={search_term_string}\"},\"query-input\":{\"@type\":\"PropertyValueSpecification\",\"valueRequired\":true,\"valueName\":\"search_term_string\"}}],\"inLanguage\":\"fr-FR\"},{\"@type\":\"Organization\",\"@id\":\"https:\\\/\\\/www.chemgo.ch\\\/#organization\",\"name\":\"Chemgo AG\",\"url\":\"https:\\\/\\\/www.chemgo.ch\\\/\",\"logo\":{\"@type\":\"ImageObject\",\"inLanguage\":\"fr-FR\",\"@id\":\"https:\\\/\\\/www.chemgo.ch\\\/#\\\/schema\\\/logo\\\/image\\\/\",\"url\":\"https:\\\/\\\/www.chemgo.ch\\\/wp-content\\\/uploads\\\/2024\\\/02\\\/cropped-cropped-cropped-RZ_Chemgo-Logo-RGB-removebg-preview.png\",\"contentUrl\":\"https:\\\/\\\/www.chemgo.ch\\\/wp-content\\\/uploads\\\/2024\\\/02\\\/cropped-cropped-cropped-RZ_Chemgo-Logo-RGB-removebg-preview.png\",\"width\":713,\"height\":345,\"caption\":\"Chemgo AG\"},\"image\":{\"@id\":\"https:\\\/\\\/www.chemgo.ch\\\/#\\\/schema\\\/logo\\\/image\\\/\"},\"sameAs\":[\"https:\\\/\\\/ch.linkedin.com\\\/company\\\/chemgo-organica-ag?original_referer=httpswww.google.com\"]}]}<\/script>\n<!-- \/ Yoast SEO plugin. -->","yoast_head_json":{"title":"Sourcing - Chemgo AG","robots":{"index":"index","follow":"follow","max-snippet":"max-snippet:-1","max-image-preview":"max-image-preview:large","max-video-preview":"max-video-preview:-1"},"canonical":"https:\/\/www.chemgo.ch\/fr\/sourcing\/","og_locale":"fr_FR","og_type":"article","og_title":"Sourcing - Chemgo AG","og_description":"Sourcing Sourcing Made Simple: Specialty &amp; Fine Chemicals in Switzerland, Germany, and France At Chemgo, we specialize in sourcing top-quality specialty and fine chemicals for clients in Switzerland, Germany, France and surrounding markets. With a strong network and decades of expertise, we identify and provide the products you need, tailored to your specific requirements. What [&hellip;]","og_url":"https:\/\/www.chemgo.ch\/fr\/sourcing\/","og_site_name":"Chemgo AG","article_publisher":"https:\/\/ch.linkedin.com\/company\/chemgo-organica-ag?original_referer=httpswww.google.com","article_modified_time":"2025-09-16T13:23:45+00:00","twitter_card":"summary_large_image","twitter_misc":{"Dur\u00e9e de lecture estim\u00e9e":"1 minute"},"schema":{"@context":"https:\/\/schema.org","@graph":[{"@type":"WebPage","@id":"https:\/\/www.chemgo.ch\/sourcing\/","url":"https:\/\/www.chemgo.ch\/sourcing\/","name":"Sourcing - Chemgo AG","isPartOf":{"@id":"https:\/\/www.chemgo.ch\/#website"},"datePublished":"2024-09-24T09:02:44+00:00","dateModified":"2025-09-16T13:23:45+00:00","breadcrumb":{"@id":"https:\/\/www.chemgo.ch\/sourcing\/#breadcrumb"},"inLanguage":"fr-FR","potentialAction":[{"@type":"ReadAction","target":["https:\/\/www.chemgo.ch\/sourcing\/"]}]},{"@type":"BreadcrumbList","@id":"https:\/\/www.chemgo.ch\/sourcing\/#breadcrumb","itemListElement":[{"@type":"ListItem","position":1,"name":"Startseite","item":"https:\/\/www.chemgo.ch\/"},{"@type":"ListItem","position":2,"name":"Sourcing"}]},{"@type":"WebSite","@id":"https:\/\/www.chemgo.ch\/#website","url":"https:\/\/www.chemgo.ch\/","name":"Chemgo AG","description":"","publisher":{"@id":"https:\/\/www.chemgo.ch\/#organization"},"potentialAction":[{"@type":"SearchAction","target":{"@type":"EntryPoint","urlTemplate":"https:\/\/www.chemgo.ch\/?s={search_term_string}"},"query-input":{"@type":"PropertyValueSpecification","valueRequired":true,"valueName":"search_term_string"}}],"inLanguage":"fr-FR"},{"@type":"Organization","@id":"https:\/\/www.chemgo.ch\/#organization","name":"Chemgo AG","url":"https:\/\/www.chemgo.ch\/","logo":{"@type":"ImageObject","inLanguage":"fr-FR","@id":"https:\/\/www.chemgo.ch\/#\/schema\/logo\/image\/","url":"https:\/\/www.chemgo.ch\/wp-content\/uploads\/2024\/02\/cropped-cropped-cropped-RZ_Chemgo-Logo-RGB-removebg-preview.png","contentUrl":"https:\/\/www.chemgo.ch\/wp-content\/uploads\/2024\/02\/cropped-cropped-cropped-RZ_Chemgo-Logo-RGB-removebg-preview.png","width":713,"height":345,"caption":"Chemgo AG"},"image":{"@id":"https:\/\/www.chemgo.ch\/#\/schema\/logo\/image\/"},"sameAs":["https:\/\/ch.linkedin.com\/company\/chemgo-organica-ag?original_referer=httpswww.google.com"]}]}},"_links":{"self":[{"href":"https:\/\/www.chemgo.ch\/fr\/wp-json\/wp\/v2\/pages\/12126","targetHints":{"allow":["GET"]}}],"collection":[{"href":"https:\/\/www.chemgo.ch\/fr\/wp-json\/wp\/v2\/pages"}],"about":[{"href":"https:\/\/www.chemgo.ch\/fr\/wp-json\/wp\/v2\/types\/page"}],"author":[{"embeddable":true,"href":"https:\/\/www.chemgo.ch\/fr\/wp-json\/wp\/v2\/users\/7"}],"replies":[{"embeddable":true,"href":"https:\/\/www.chemgo.ch\/fr\/wp-json\/wp\/v2\/comments?post=12126"}],"version-history":[{"count":0,"href":"https:\/\/www.chemgo.ch\/fr\/wp-json\/wp\/v2\/pages\/12126\/revisions"}],"wp:attachment":[{"href":"https:\/\/www.chemgo.ch\/fr\/wp-json\/wp\/v2\/media?parent=12126"}],"curies":[{"name":"wp","href":"https:\/\/api.w.org\/{rel}","templated":true}]}}