{"id":728,"date":"2022-09-15T14:49:43","date_gmt":"2022-09-15T14:49:43","guid":{"rendered":"https:\/\/www.chemgo.ch\/?page_id=728"},"modified":"2024-08-28T15:50:40","modified_gmt":"2024-08-28T13:50:40","slug":"hse-qualitatspolitik","status":"publish","type":"page","link":"https:\/\/www.chemgo.ch\/de\/hse-quality-policy\/","title":{"rendered":"HSE- und Qualit\u00e4tspolitik"},"content":{"rendered":"<div data-colibri-id=\"728-c1\" class=\"style-1173 style-local-728-c1 position-relative\">\r\n  <!---->\r\n  <div data-colibri-component=\"section\" data-colibri-id=\"728-c2\" id=\"custom\" class=\"h-section h-section-global-spacing d-flex align-items-lg-center align-items-md-center align-items-center style-1178 style-local-728-c2 position-relative\">\r\n    <!---->\r\n    <!---->\r\n    <div class=\"h-section-grid-container h-section-boxed-container\">\r\n      <div data-colibri-id=\"728-c6\" class=\"h-row-container gutters-row-lg-2 gutters-row-md-2 gutters-row-0 gutters-row-v-lg-2 gutters-row-v-md-2 gutters-row-v-2 style-1184 style-local-728-c6 position-relative\">\r\n        <!---->\r\n        <div class=\"h-row justify-content-lg-center justify-content-md-center justify-content-center align-items-lg-stretch align-items-md-stretch align-items-stretch gutters-col-lg-2 gutters-col-md-2 gutters-col-0 gutters-col-v-lg-2 gutters-col-v-md-2 gutters-col-v-2\">\r\n          <!---->\r\n          <div class=\"h-column h-column-container d-flex h-col-lg-auto h-col-md-auto h-col-auto style-1185-outer style-local-728-c7-outer\">\r\n            <div data-colibri-id=\"728-c7\" class=\"d-flex h-flex-basis h-column__inner h-px-lg-2 h-px-md-2 h-px-2 v-inner-lg-2 v-inner-md-2 v-inner-2 style-1185 style-local-728-c7 position-relative\">\r\n              <!---->\r\n              <!---->\r\n              <div class=\"w-100 h-y-container h-column__content h-column__v-align flex-basis-100 align-self-lg-start align-self-md-start align-self-start\">\r\n                <!---->\r\n                <div data-colibri-id=\"728-c8\" class=\"h-global-transition-all h-heading style-1186 style-local-728-c8 position-relative h-element\">\r\n                  <!---->\r\n                  <div class=\"h-heading__outer style-1186 style-local-728-c8\">\r\n                    <!---->\r\n                    <!---->\r\n                    <h2 class=\"\">HSE &amp; Qualit\u00e4tspolitik<\/h2>\r\n                  <\/div>\r\n                <\/div>\r\n              <\/div>\r\n            <\/div>\r\n          <\/div>\r\n        <\/div>\r\n      <\/div>\r\n      <div data-colibri-id=\"728-c3\" class=\"h-row-container gutters-row-lg-2 gutters-row-md-2 gutters-row-0 gutters-row-v-lg-2 gutters-row-v-md-2 gutters-row-v-2 style-1181 style-local-728-c3 position-relative\">\r\n        <!---->\r\n        <div class=\"h-row justify-content-lg-center justify-content-md-center justify-content-center align-items-lg-stretch align-items-md-stretch align-items-stretch gutters-col-lg-2 gutters-col-md-2 gutters-col-0 gutters-col-v-lg-2 gutters-col-v-md-2 gutters-col-v-2\">\r\n          <!---->\r\n          <div class=\"h-column h-column-container d-flex h-col-lg-auto h-col-md-auto h-col-auto style-1182-outer style-local-728-c4-outer\">\r\n            <div data-colibri-id=\"728-c4\" class=\"d-flex h-flex-basis h-column__inner h-px-lg-2 h-px-md-2 h-px-2 v-inner-lg-2 v-inner-md-2 v-inner-2 style-1182 style-local-728-c4 position-relative\">\r\n              <!---->\r\n              <!---->\r\n              <div class=\"w-100 h-y-container h-column__content h-column__v-align flex-basis-100 align-self-lg-start align-self-md-start align-self-start\">\r\n                <!---->\r\n                <div data-colibri-id=\"728-c5\" class=\"h-text h-text-component style-1183 style-local-728-c5 position-relative h-element\">\r\n                  <!---->\r\n                  <!---->\r\n                  <div class=\"\">\r\n                    <h4><strong>Gesch\u00e4ftsprinzipien<\/strong><\/h4>\r\n                    <p>Die Chemgo AG ist ein mittelst\u00e4ndisches Unternehmen, das Anbieter aus dem Bereich Life Sciences vertritt. Chemgo vereint individuelle Expertise und jahrzehntelange Erfahrung in den Bereichen Marketing, Verkauf, Business Development,<span style=\"font-family: &quot;Open Sans&quot;;\">sowie Vertrieb und Logistik. Wir sind uns bewusst, dass unsere Aktivit\u00e4ten in diesem Gesch\u00e4ftsfeld mit einer enormen Verantwortung verbunden sind. Wir legen gro\u00dfen Wert darauf, alle Gesch\u00e4fte legal, zuverl\u00e4ssig, professionell und zur absoluten Zufriedenheit unserer Kunden abzuwickeln, immer in \u00dcbereinstimmung mit unseren Werten. Unsere Gesch\u00e4ftsethik verpflichtet uns, daf\u00fcr zu sorgen, dass unsere wirtschaftliche T\u00e4tigkeit im Einklang mit den internationalen Menschen-, Freiheits- und Arbeitsrechten steht und stets nachhaltig und umweltfreundlich ist. Wir vertreiben die Produkte und Dienstleistungen unserer \u00fcberwiegend ausl\u00e4ndischen Partnerunternehmen in der Schweiz und in ganz Europa. Bei der Auswahl unserer Gesch\u00e4ftspartner achten wir darauf, dass unsere Partner die gleichen Werte, die wir als Grundlage f\u00fcr unsere Gesch\u00e4ftst\u00e4tigkeit fordern, nicht nur predigen, sondern auch leben und nach au\u00dfen transportieren. Das ist f\u00fcr uns besonders wichtig, denn wir vermarkten nicht nur Produkte und Dienstleistungen, sondern auch Unternehmen und deren Wertestruktur.<\/span><\/p>\r\n                    <h4><strong>Ethik<\/strong><\/h4>\r\n                    <p>Nach unserer Weltanschauung sind alle Menschen gleich und jedes menschliche gleicherma\u00dfen bedeutend. Wir respektieren keine Art von Diskriminierung und setzen gro\u00dfen Wert auf einen respektvollen Umgang untereinander und mit unseren externen Gesch\u00e4ftspartnern.<\/p>\r\n                    <p>Die Menschenrechte bilden die Grundlage unserer Gesellschaft. Sie sind von unseren Mitarbeitern und Gesch\u00e4ftspartnern zu respektieren. Dazu geh\u00f6rt die Ablehnung aller Formen der modernen Sklaverei wie Kinderarbeit und Zwangsarbeit, das Verbot der unangemessener Bezahlung, das Verbot der Verweigerung des Rechts, Gewerkschaften oder Arbeitnehmervertretungen zu gr\u00fcnden, das Verbot der Verweigerung des Zugangs zu Nahrungsmitteln und Wasser und das Verbot des unrechtm\u00e4\u00dfigen Entzugs von Land und Lebensgrundlagen.<\/p>\r\n                    <p>Wir erwarten von unseren Mitarbeitern und Gesch\u00e4ftspartnern, dass sie die nationalen und internationalen gesetzlichen und rechtlichen Bestimmungen respektieren und einhalten und jede Form von Korruption ablehnen.<\/p>\r\n                    <p>Als Arbeitgeber nehmen wir unsere soziale Verantwortung gegen\u00fcber unseren Mitarbeitern ernst, indem wir ein innovatives Umfeld mit einer offenen, aktiven Kommunikationsstruktur schaffen und daf\u00fcr sorgen, dass sich alle Mitarbeiter auf Augenh\u00f6he begegnen.<\/p>\r\n                    <h4><strong>Sicherheit und Gesundheit am Arbeitsplatz<\/strong><\/h4>\r\n                    <p>Wir achten strikt auf die Einhaltung aller gesetzlichen Anforderungen in den Bereichen Arbeitssicherheit und Gesundheit. Im Zeitalter immer schnellerer Prozesse sch\u00fctzen wir unsere Mitarbeiter auch vor zunehmender psychischer Belastung und bieten ihnen Unterst\u00fctzung\n                      wenn n\u00f6tig. Wir legen gro\u00dfen Wert darauf, unsere Mitarbeiter und die unserer Gesch\u00e4ftspartner vor chemischen, biologischen und physischen Gefahren zu sch\u00fctzen. Dies gilt auch f\u00fcr den Transport von Gefahrgut und die Lagerung von\n                      von Gefahrstoffen. Wir minimieren die Risiken des Transports und der Lagerung, indem wir mit Herstellern zusammenarbeiten, die \u00fcber ein H\u00f6chstma\u00df an Kompetenz bei der Auswahl der geeigneten Verpackungen und Transportmittel verf\u00fcgen, sowie mit entsprechend\n                      qualifizierten Logistikdienstleistern.<\/p>\r\n                    <h4><strong>Nachhaltigkeit<\/strong><\/h4>\r\n                    <p>Wir sind davon \u00fcberzeugt, dass unsere wirtschaftliche T\u00e4tigkeit die Umwelt als Grundlage unserer Existenz nicht gef\u00e4hrden darf. Wir setzen langfristige Strategien zum schonenden Umgang mit Ressourcen um, lehnen die Verwendung von Konfliktmineralien ab und entwickeln optimierte\r\n                      Logistikkonzepte. Dies f\u00fchrt unmittelbar zu wirtschaftlicher Stabilit\u00e4t und damit zu einem hohen Ma\u00df an Grundsicherheit f\u00fcr unsere Mitarbeiter und Gesch\u00e4ftspartner.<\/p>\r\n                    <h4><strong style=\"font-weight: 700;\">Qualit\u00e4tsmanagement<\/strong><\/h4>\r\n                    <p>Chemgo hat ein fortschrittliches Qualit\u00e4tsmanagementsystem nach internationalen Standards entwickelt, das regelm\u00e4\u00dfig von der SwissMedic auditiert und zertifiziert wird. Der Standort der Chemgo AG wurde als GDP-konform zertifiziert. Um h\u00f6chste\n                      Qualit\u00e4t und Sicherheit der gelieferten Endprodukte zu gew\u00e4hrleisten, arbeitet Chemgo mit sorgf\u00e4ltig ausgew\u00e4hlten Partnern zusammen, die \u00fcber ein Qualit\u00e4tsmanagementsystem nach internationalen Standards verf\u00fcgen.<\/p>\r\n                    <p>\r\n                      <br>\r\n                    <\/p>\r\n                  <\/div>\r\n                <\/div>\r\n              <\/div>\r\n            <\/div>\r\n          <\/div>\r\n        <\/div>\r\n      <\/div>\r\n    <\/div>\r\n  <\/div>\r\n<\/div>","protected":false},"excerpt":{"rendered":"<p>HSE &amp; Quality Policy Business Principles Chemgo AG is a medium-sized company representing suppliers from the life sciences sector.&nbsp;Chemgo combines individual expertise and decades of experience in the areas of marketing, sales, business development, distribution and logistics. We are aware that our activities in this business area involve an enormous amount of responsibility. We attach [&hellip;]<\/p>\n","protected":false},"author":7,"featured_media":0,"parent":0,"menu_order":0,"comment_status":"closed","ping_status":"closed","template":"page-templates\/full-width-page.php","meta":{"footnotes":""},"class_list":["post-728","page","type-page","status-publish","hentry"],"yoast_head":"<!-- This site is optimized with the Yoast SEO plugin v27.3 - https:\/\/yoast.com\/product\/yoast-seo-wordpress\/ -->\n<title>HSE &amp; Quality Policy - Chemgo AG<\/title>\n<meta name=\"robots\" content=\"index, follow, max-snippet:-1, max-image-preview:large, max-video-preview:-1\" \/>\n<link rel=\"canonical\" href=\"https:\/\/www.chemgo.ch\/de\/hse-qualitatspolitik\/\" \/>\n<meta property=\"og:locale\" content=\"de_DE\" \/>\n<meta property=\"og:type\" content=\"article\" \/>\n<meta property=\"og:title\" content=\"HSE &amp; Quality Policy - Chemgo AG\" \/>\n<meta property=\"og:description\" content=\"HSE &amp; Quality Policy Business Principles Chemgo AG is a medium-sized company representing suppliers from the life sciences sector.&nbsp;Chemgo combines individual expertise and decades of experience in the areas of marketing, sales, business development, distribution and logistics. We are aware that our activities in this business area involve an enormous amount of responsibility. We attach [&hellip;]\" \/>\n<meta property=\"og:url\" content=\"https:\/\/www.chemgo.ch\/de\/hse-qualitatspolitik\/\" \/>\n<meta property=\"og:site_name\" content=\"Chemgo AG\" \/>\n<meta property=\"article:publisher\" content=\"https:\/\/ch.linkedin.com\/company\/chemgo-organica-ag?original_referer=httpswww.google.com\" \/>\n<meta property=\"article:modified_time\" content=\"2024-08-28T13:50:40+00:00\" \/>\n<meta name=\"twitter:card\" content=\"summary_large_image\" \/>\n<meta name=\"twitter:label1\" content=\"Gesch\u00e4tzte Lesezeit\" \/>\n\t<meta name=\"twitter:data1\" content=\"3\u00a0Minuten\" \/>\n<script type=\"application\/ld+json\" class=\"yoast-schema-graph\">{\"@context\":\"https:\\\/\\\/schema.org\",\"@graph\":[{\"@type\":\"WebPage\",\"@id\":\"https:\\\/\\\/www.chemgo.ch\\\/hse-quality-policy\\\/\",\"url\":\"https:\\\/\\\/www.chemgo.ch\\\/hse-quality-policy\\\/\",\"name\":\"HSE & Quality Policy - Chemgo AG\",\"isPartOf\":{\"@id\":\"https:\\\/\\\/www.chemgo.ch\\\/#website\"},\"datePublished\":\"2022-09-15T14:49:43+00:00\",\"dateModified\":\"2024-08-28T13:50:40+00:00\",\"breadcrumb\":{\"@id\":\"https:\\\/\\\/www.chemgo.ch\\\/hse-quality-policy\\\/#breadcrumb\"},\"inLanguage\":\"de\",\"potentialAction\":[{\"@type\":\"ReadAction\",\"target\":[\"https:\\\/\\\/www.chemgo.ch\\\/hse-quality-policy\\\/\"]}]},{\"@type\":\"BreadcrumbList\",\"@id\":\"https:\\\/\\\/www.chemgo.ch\\\/hse-quality-policy\\\/#breadcrumb\",\"itemListElement\":[{\"@type\":\"ListItem\",\"position\":1,\"name\":\"Startseite\",\"item\":\"https:\\\/\\\/www.chemgo.ch\\\/\"},{\"@type\":\"ListItem\",\"position\":2,\"name\":\"HSE &#038; Quality Policy\"}]},{\"@type\":\"WebSite\",\"@id\":\"https:\\\/\\\/www.chemgo.ch\\\/#website\",\"url\":\"https:\\\/\\\/www.chemgo.ch\\\/\",\"name\":\"Chemgo AG\",\"description\":\"\",\"publisher\":{\"@id\":\"https:\\\/\\\/www.chemgo.ch\\\/#organization\"},\"potentialAction\":[{\"@type\":\"SearchAction\",\"target\":{\"@type\":\"EntryPoint\",\"urlTemplate\":\"https:\\\/\\\/www.chemgo.ch\\\/?s={search_term_string}\"},\"query-input\":{\"@type\":\"PropertyValueSpecification\",\"valueRequired\":true,\"valueName\":\"search_term_string\"}}],\"inLanguage\":\"de\"},{\"@type\":\"Organization\",\"@id\":\"https:\\\/\\\/www.chemgo.ch\\\/#organization\",\"name\":\"Chemgo AG\",\"url\":\"https:\\\/\\\/www.chemgo.ch\\\/\",\"logo\":{\"@type\":\"ImageObject\",\"inLanguage\":\"de\",\"@id\":\"https:\\\/\\\/www.chemgo.ch\\\/#\\\/schema\\\/logo\\\/image\\\/\",\"url\":\"https:\\\/\\\/www.chemgo.ch\\\/wp-content\\\/uploads\\\/2024\\\/02\\\/cropped-cropped-cropped-RZ_Chemgo-Logo-RGB-removebg-preview.png\",\"contentUrl\":\"https:\\\/\\\/www.chemgo.ch\\\/wp-content\\\/uploads\\\/2024\\\/02\\\/cropped-cropped-cropped-RZ_Chemgo-Logo-RGB-removebg-preview.png\",\"width\":713,\"height\":345,\"caption\":\"Chemgo AG\"},\"image\":{\"@id\":\"https:\\\/\\\/www.chemgo.ch\\\/#\\\/schema\\\/logo\\\/image\\\/\"},\"sameAs\":[\"https:\\\/\\\/ch.linkedin.com\\\/company\\\/chemgo-organica-ag?original_referer=httpswww.google.com\"]}]}<\/script>\n<!-- \/ Yoast SEO plugin. -->","yoast_head_json":{"title":"HSE &amp; Qualit\u00e4tspolitik - Chemgo AG","robots":{"index":"index","follow":"follow","max-snippet":"max-snippet:-1","max-image-preview":"max-image-preview:large","max-video-preview":"max-video-preview:-1"},"canonical":"https:\/\/www.chemgo.ch\/de\/hse-qualitatspolitik\/","og_locale":"de_DE","og_type":"article","og_title":"HSE & Quality Policy - Chemgo AG","og_description":"HSE &amp; Quality Policy Business Principles Chemgo AG is a medium-sized company representing suppliers from the life sciences sector.&nbsp;Chemgo combines individual expertise and decades of experience in the areas of marketing, sales, business development, distribution and logistics. We are aware that our activities in this business area involve an enormous amount of responsibility. We attach [&hellip;]","og_url":"https:\/\/www.chemgo.ch\/de\/hse-qualitatspolitik\/","og_site_name":"Chemgo AG","article_publisher":"https:\/\/ch.linkedin.com\/company\/chemgo-organica-ag?original_referer=httpswww.google.com","article_modified_time":"2024-08-28T13:50:40+00:00","twitter_card":"summary_large_image","twitter_misc":{"Gesch\u00e4tzte Lesezeit":"3\u00a0Minuten"},"schema":{"@context":"https:\/\/schema.org","@graph":[{"@type":"WebPage","@id":"https:\/\/www.chemgo.ch\/hse-quality-policy\/","url":"https:\/\/www.chemgo.ch\/hse-quality-policy\/","name":"HSE &amp; Qualit\u00e4tspolitik - Chemgo AG","isPartOf":{"@id":"https:\/\/www.chemgo.ch\/#website"},"datePublished":"2022-09-15T14:49:43+00:00","dateModified":"2024-08-28T13:50:40+00:00","breadcrumb":{"@id":"https:\/\/www.chemgo.ch\/hse-quality-policy\/#breadcrumb"},"inLanguage":"de","potentialAction":[{"@type":"ReadAction","target":["https:\/\/www.chemgo.ch\/hse-quality-policy\/"]}]},{"@type":"BreadcrumbList","@id":"https:\/\/www.chemgo.ch\/hse-quality-policy\/#breadcrumb","itemListElement":[{"@type":"ListItem","position":1,"name":"Startseite","item":"https:\/\/www.chemgo.ch\/"},{"@type":"ListItem","position":2,"name":"HSE &#038; Quality Policy"}]},{"@type":"WebSite","@id":"https:\/\/www.chemgo.ch\/#website","url":"https:\/\/www.chemgo.ch\/","name":"Chemgo AG","description":"","publisher":{"@id":"https:\/\/www.chemgo.ch\/#organization"},"potentialAction":[{"@type":"SearchAction","target":{"@type":"EntryPoint","urlTemplate":"https:\/\/www.chemgo.ch\/?s={search_term_string}"},"query-input":{"@type":"PropertyValueSpecification","valueRequired":true,"valueName":"search_term_string"}}],"inLanguage":"de"},{"@type":"Organization","@id":"https:\/\/www.chemgo.ch\/#organization","name":"Chemgo AG","url":"https:\/\/www.chemgo.ch\/","logo":{"@type":"ImageObject","inLanguage":"de","@id":"https:\/\/www.chemgo.ch\/#\/schema\/logo\/image\/","url":"https:\/\/www.chemgo.ch\/wp-content\/uploads\/2024\/02\/cropped-cropped-cropped-RZ_Chemgo-Logo-RGB-removebg-preview.png","contentUrl":"https:\/\/www.chemgo.ch\/wp-content\/uploads\/2024\/02\/cropped-cropped-cropped-RZ_Chemgo-Logo-RGB-removebg-preview.png","width":713,"height":345,"caption":"Chemgo AG"},"image":{"@id":"https:\/\/www.chemgo.ch\/#\/schema\/logo\/image\/"},"sameAs":["https:\/\/ch.linkedin.com\/company\/chemgo-organica-ag?original_referer=httpswww.google.com"]}]}},"_links":{"self":[{"href":"https:\/\/www.chemgo.ch\/de\/wp-json\/wp\/v2\/pages\/728","targetHints":{"allow":["GET"]}}],"collection":[{"href":"https:\/\/www.chemgo.ch\/de\/wp-json\/wp\/v2\/pages"}],"about":[{"href":"https:\/\/www.chemgo.ch\/de\/wp-json\/wp\/v2\/types\/page"}],"author":[{"embeddable":true,"href":"https:\/\/www.chemgo.ch\/de\/wp-json\/wp\/v2\/users\/7"}],"replies":[{"embeddable":true,"href":"https:\/\/www.chemgo.ch\/de\/wp-json\/wp\/v2\/comments?post=728"}],"version-history":[{"count":0,"href":"https:\/\/www.chemgo.ch\/de\/wp-json\/wp\/v2\/pages\/728\/revisions"}],"wp:attachment":[{"href":"https:\/\/www.chemgo.ch\/de\/wp-json\/wp\/v2\/media?parent=728"}],"curies":[{"name":"wp","href":"https:\/\/api.w.org\/{rel}","templated":true}]}}