{"id":500,"date":"2021-07-06T13:08:32","date_gmt":"2021-07-06T13:08:32","guid":{"rendered":"https:\/\/www.chemgo.ch\/?page_id=500"},"modified":"2025-12-19T14:33:32","modified_gmt":"2025-12-19T13:33:32","slug":"gtc-geschaftspartner","status":"publish","type":"page","link":"https:\/\/www.chemgo.ch\/de\/terms-and-conditions-business-partners\/","title":{"rendered":"Bedingungen und Konditionen - Gesch\u00e4ftspartner"},"content":{"rendered":"<div data-colibri-id=\"500-c1\" class=\"style-2198 style-local-500-c1 position-relative\">\n  <!---->\n  <div data-colibri-component=\"section\" data-colibri-id=\"500-c2\" id=\"custom\" class=\"h-section h-section-global-spacing d-flex align-items-lg-center align-items-md-center align-items-center style-2222 style-local-500-c2 position-relative\">\n    <!---->\n    <!---->\n    <div class=\"h-section-grid-container h-section-boxed-container\">\n      <div data-colibri-id=\"500-c6\" class=\"h-row-container gutters-row-lg-2 gutters-row-md-2 gutters-row-0 gutters-row-v-lg-2 gutters-row-v-md-2 gutters-row-v-2 style-2226 style-local-500-c6 position-relative\">\n        <!---->\n        <div class=\"h-row justify-content-lg-center justify-content-md-center justify-content-center align-items-lg-stretch align-items-md-stretch align-items-stretch gutters-col-lg-2 gutters-col-md-2 gutters-col-0 gutters-col-v-lg-2 gutters-col-v-md-2 gutters-col-v-2\">\n          <!---->\n          <div class=\"h-column h-column-container d-flex h-col-lg-auto h-col-md-auto h-col-auto style-2227-outer style-local-500-c7-outer\">\n            <div data-colibri-id=\"500-c7\" class=\"d-flex h-flex-basis h-column__inner h-px-lg-2 h-px-md-2 h-px-2 v-inner-lg-2 v-inner-md-2 v-inner-2 style-2227 style-local-500-c7 position-relative\">\n              <!---->\n              <!---->\n              <div class=\"w-100 h-y-container h-column__content h-column__v-align flex-basis-100 align-self-lg-start align-self-md-start align-self-start\">\n                <!---->\n                <div data-colibri-id=\"500-c8\" class=\"h-global-transition-all h-heading style-2228 style-local-500-c8 position-relative h-element\">\n                  <!---->\n                  <div class=\"h-heading__outer style-2228 style-local-500-c8\">\n                    <!---->\n                    <!---->\n                    <h2 class=\"\">Allgemeine Gesch\u00e4ftsbedingungen unserer Gesch\u00e4ftspartner<\/h2>\n                  <\/div>\n                <\/div>\n              <\/div>\n            <\/div>\n          <\/div>\n        <\/div>\n      <\/div>\n      <div data-colibri-id=\"500-c3\" class=\"h-row-container gutters-row-lg-2 gutters-row-md-2 gutters-row-0 gutters-row-v-lg-2 gutters-row-v-md-2 gutters-row-v-2 style-2223 style-local-500-c3 position-relative\">\n        <!---->\n        <div class=\"h-row justify-content-lg-center justify-content-md-center justify-content-center align-items-lg-stretch align-items-md-stretch align-items-stretch gutters-col-lg-2 gutters-col-md-2 gutters-col-0 gutters-col-v-lg-2 gutters-col-v-md-2 gutters-col-v-2\">\n          <!---->\n          <div class=\"h-column h-column-container d-flex h-col-lg-auto h-col-md-auto h-col-auto style-2224-outer style-local-500-c4-outer\">\n            <div data-colibri-id=\"500-c4\" class=\"d-flex h-flex-basis h-column__inner h-px-lg-2 h-px-md-2 h-px-2 v-inner-lg-2 v-inner-md-2 v-inner-2 style-2224 style-local-500-c4 position-relative\">\n              <!---->\n              <!---->\n              <div class=\"w-100 h-y-container h-column__content h-column__v-align flex-basis-100 align-self-lg-start align-self-md-start align-self-start\">\n                <!---->\n                <div data-colibri-id=\"500-c5\" class=\"h-text h-text-component style-2225 style-local-500-c5 position-relative h-element\">\n                  <!---->\n                  <!---->\n                  <div class=\"\">\n                    <p><span style=\"color: rgb(0, 0, 0);\">Bitte beachten Sie die allgemeinen verbindlichen Gesch\u00e4ftsbedingungen unserer Partner, die Sie durch Anklicken des entsprechenden Links aufrufen k\u00f6nnen.<\/span><\/p>\n                    <p>\n                      <a href=\"https:\/\/arcadiumlithium.com\/suppliers\" rel=\"nofollow\" target=\"_blank\" style=\"color: rgb(0, 0, 0);\" class=\"customize-unpreviewable\">\n                        <u>Arcadium Lithium (Livent)<\/u>\n                      <\/a>\n                    <\/p>\n                    <p>\n                      <u rel=\"nofollow\" target=\"_blank\" style=\"color: rgb(0, 0, 0);\">BASF <\/u>\n                      <a href=\"https:\/\/www.basf.com\/dam\/jcr:c5c5f654-774d-3572-b335-7d23c124a411\/BASFGroupItaly_GeneralConditionsofPurchase_EN.pdf\" target=\"_blank\" style=\"color: rgb(0, 0, 0);\" class=\"customize-unpreviewable\">\n                        <u>Katalysatoren<\/u>\n                      <\/a>\n                    <\/p>\n                    <p>\n                      <a href=\"https:\/\/www.cfkb.de\/gtc\" rel=\"nofollow\" target=\"_blank\" style=\"color: rgb(0, 0, 0);\" class=\"customize-unpreviewable\">\n                        <u>Chemische Fabrik Karl Bucher GmbH<\/u>\n                      <\/a>\n                    <\/p>\n                    <p>\n                      <a href=\"https:\/\/chiracon.de\/wp-content\/uploads\/2023\/11\/AGB.pdf\" target=\"_blank\" style=\"color: rgb(0, 0, 0);\" class=\"customize-unpreviewable\">\n                        <u>Chiracon<\/u>\n                      <\/a>\n                    <\/p>\n                    <p>\n                      <a href=\"https:\/\/www.chemgo.ch\/wp-content\/uploads\/2021\/06\/GTC-CSBio.pdf\" rel=\"nofollow\" target=\"_blank\" style=\"color: rgb(0, 0, 0);\" class=\"customize-unpreviewable\">\n                        <u>CSBio<\/u>\n                      <\/a>\n                    <\/p>\n                    <p>\n                      <a href=\"https:\/\/www.chemgo.ch\/wp-content\/uploads\/2022\/12\/TC-Endeavour.pdf\" rel=\"nofollow\" target=\"_blank\" style=\"color: rgb(0, 0, 0);\" class=\"customize-unpreviewable\">\n                        <u>Endeavour Speciality Chemicals Ltd.<\/u>\n                      <\/a>\n                    <\/p>\n                    <p>\n                      <a href=\"https:\/\/www.chemgo.ch\/wp-content\/uploads\/2025\/12\/AGB_en.pdf\" style=\"color: rgb(0, 0, 0);\" target=\"_blank\">\n                        <u>Kandelium<\/u>\n                      <\/a>\n                    <\/p>\n                    <p>\n                      <a href=\"https:\/\/cdn.nufarm.com\/wp-content\/uploads\/2018\/10\/11115129\/Nufarm-Purchase-T-C.pdf\" rel=\"nofollow\" target=\"_blank\" style=\"font-size: 16px; color: rgb(0, 0, 0);\" class=\"customize-unpreviewable\">\n                        <u>Nufarm<\/u>\n                      <\/a>\n                    <\/p>\n                    <p>\n                      <a href=\"https:\/\/www.robinsonbrothers.uk\/contentfiles\/RBL-Terms_and_Conditions_of_Sale.pdf\" rel=\"nofollow\" target=\"_blank\" style=\"color: rgb(0, 0, 0);\" class=\"customize-unpreviewable\">\n                        <u>Robinson Brothers Ltd.<\/u>\n                      <\/a>\n                    <\/p>\n                    <p>\n                      <a href=\"https:\/\/www.chemgo.ch\/wp-content\/uploads\/2021\/06\/Sarex-GTC.pdf\" rel=\"nofollow\" target=\"_blank\" style=\"color: rgb(0, 0, 0);\" class=\"customize-unpreviewable\">\n                        <u>Sarex Overseas<\/u>\n                      <\/a>\n                    <\/p>\n                    <p>\n                      <a href=\"https:\/\/www.seqens.com\/wp-content\/uploads\/2023\/10\/2021-11-25_CGV_PCI_English.pdf\" rel=\"nofollow\" target=\"_blank\" style=\"color: rgb(0, 0, 0);\" class=\"customize-unpreviewable\">\n                        <u>Seqens SA<\/u>\n                      <\/a>\n                    <\/p>\n                  <\/div>\n                <\/div>\n              <\/div>\n            <\/div>\n          <\/div>\n        <\/div>\n      <\/div>\n    <\/div>\n  <\/div>\n<\/div>","protected":false},"excerpt":{"rendered":"<p>Allgemeine Gesch\u00e4ftsbedingungen \u2013 Gesch\u00e4ftspartner Bitte beachten Sie die allgemein verbindlichen Gesch\u00e4ftsbedingungen unserer Partner, die Sie durch Anklicken des entsprechenden Links unten aufrufen k\u00f6nnen. Arcadium Lithium (Livent) BASF Catalysts Chemische Fabrik Karl Bucher GmbH Chiracon CSBio Endeavour Speciality Chemicals Ltd Kandelium Nufarm Robinson Brothers Ltd. Sarex Overseas Seqens SA<\/p>","protected":false},"author":7,"featured_media":0,"parent":0,"menu_order":0,"comment_status":"closed","ping_status":"closed","template":"page-templates\/full-width-page.php","meta":{"footnotes":""},"class_list":["post-500","page","type-page","status-publish","hentry"],"yoast_head":"<!-- This site is optimized with the Yoast SEO plugin v27.4 - https:\/\/yoast.com\/product\/yoast-seo-wordpress\/ -->\n<title>Terms and conditions - business partners - Chemgo AG<\/title>\n<meta name=\"robots\" content=\"index, follow, max-snippet:-1, max-image-preview:large, max-video-preview:-1\" \/>\n<link rel=\"canonical\" href=\"https:\/\/www.chemgo.ch\/de\/gtc-geschaftspartner\/\" \/>\n<meta property=\"og:locale\" content=\"de_DE\" \/>\n<meta property=\"og:type\" content=\"article\" \/>\n<meta property=\"og:title\" content=\"Terms and conditions - business partners - Chemgo AG\" \/>\n<meta property=\"og:description\" content=\"Terms &amp; Conditions &#8211; Business Partnes Please refer to the general binding terms and conditions of our partners, which can be accessed by clicking the corresponding link below. Arcadium Lithium (Livent) BASF Catalysts Chemische Fabrik Karl Bucher GmbH Chiracon CSBio Endeavour Speciality Chemicals Ltd Kandelium Nufarm Robinson Brothers Ltd. Sarex Overseas Seqens SA\" \/>\n<meta property=\"og:url\" content=\"https:\/\/www.chemgo.ch\/de\/gtc-geschaftspartner\/\" \/>\n<meta property=\"og:site_name\" content=\"Chemgo AG\" \/>\n<meta property=\"article:publisher\" content=\"https:\/\/ch.linkedin.com\/company\/chemgo-organica-ag?original_referer=httpswww.google.com\" \/>\n<meta property=\"article:modified_time\" content=\"2025-12-19T13:33:32+00:00\" \/>\n<meta name=\"twitter:card\" content=\"summary_large_image\" \/>\n<meta name=\"twitter:label1\" content=\"Gesch\u00e4tzte Lesezeit\" \/>\n\t<meta name=\"twitter:data1\" content=\"1\u00a0Minute\" \/>\n<script type=\"application\/ld+json\" class=\"yoast-schema-graph\">{\"@context\":\"https:\\\/\\\/schema.org\",\"@graph\":[{\"@type\":\"WebPage\",\"@id\":\"https:\\\/\\\/www.chemgo.ch\\\/terms-and-conditions-business-partners\\\/\",\"url\":\"https:\\\/\\\/www.chemgo.ch\\\/terms-and-conditions-business-partners\\\/\",\"name\":\"Terms and conditions - business partners - Chemgo AG\",\"isPartOf\":{\"@id\":\"https:\\\/\\\/www.chemgo.ch\\\/#website\"},\"datePublished\":\"2021-07-06T13:08:32+00:00\",\"dateModified\":\"2025-12-19T13:33:32+00:00\",\"breadcrumb\":{\"@id\":\"https:\\\/\\\/www.chemgo.ch\\\/terms-and-conditions-business-partners\\\/#breadcrumb\"},\"inLanguage\":\"de\",\"potentialAction\":[{\"@type\":\"ReadAction\",\"target\":[\"https:\\\/\\\/www.chemgo.ch\\\/terms-and-conditions-business-partners\\\/\"]}]},{\"@type\":\"BreadcrumbList\",\"@id\":\"https:\\\/\\\/www.chemgo.ch\\\/terms-and-conditions-business-partners\\\/#breadcrumb\",\"itemListElement\":[{\"@type\":\"ListItem\",\"position\":1,\"name\":\"Startseite\",\"item\":\"https:\\\/\\\/www.chemgo.ch\\\/\"},{\"@type\":\"ListItem\",\"position\":2,\"name\":\"Terms and conditions &#8211; business partners\"}]},{\"@type\":\"WebSite\",\"@id\":\"https:\\\/\\\/www.chemgo.ch\\\/#website\",\"url\":\"https:\\\/\\\/www.chemgo.ch\\\/\",\"name\":\"Chemgo AG\",\"description\":\"\",\"publisher\":{\"@id\":\"https:\\\/\\\/www.chemgo.ch\\\/#organization\"},\"potentialAction\":[{\"@type\":\"SearchAction\",\"target\":{\"@type\":\"EntryPoint\",\"urlTemplate\":\"https:\\\/\\\/www.chemgo.ch\\\/?s={search_term_string}\"},\"query-input\":{\"@type\":\"PropertyValueSpecification\",\"valueRequired\":true,\"valueName\":\"search_term_string\"}}],\"inLanguage\":\"de\"},{\"@type\":\"Organization\",\"@id\":\"https:\\\/\\\/www.chemgo.ch\\\/#organization\",\"name\":\"Chemgo AG\",\"url\":\"https:\\\/\\\/www.chemgo.ch\\\/\",\"logo\":{\"@type\":\"ImageObject\",\"inLanguage\":\"de\",\"@id\":\"https:\\\/\\\/www.chemgo.ch\\\/#\\\/schema\\\/logo\\\/image\\\/\",\"url\":\"https:\\\/\\\/www.chemgo.ch\\\/wp-content\\\/uploads\\\/2026\\\/04\\\/Logo-Chemgo-50J-2-scaled.png\",\"contentUrl\":\"https:\\\/\\\/www.chemgo.ch\\\/wp-content\\\/uploads\\\/2026\\\/04\\\/Logo-Chemgo-50J-2-scaled.png\",\"width\":2560,\"height\":1253,\"caption\":\"Chemgo AG\"},\"image\":{\"@id\":\"https:\\\/\\\/www.chemgo.ch\\\/#\\\/schema\\\/logo\\\/image\\\/\"},\"sameAs\":[\"https:\\\/\\\/ch.linkedin.com\\\/company\\\/chemgo-organica-ag?original_referer=httpswww.google.com\"]}]}<\/script>\n<!-- \/ Yoast SEO plugin. -->","yoast_head_json":{"title":"Allgemeine Gesch\u00e4ftsbedingungen - Gesch\u00e4ftspartner - Chemgo AG","robots":{"index":"index","follow":"follow","max-snippet":"max-snippet:-1","max-image-preview":"max-image-preview:large","max-video-preview":"max-video-preview:-1"},"canonical":"https:\/\/www.chemgo.ch\/de\/gtc-geschaftspartner\/","og_locale":"de_DE","og_type":"article","og_title":"Terms and conditions - business partners - Chemgo AG","og_description":"Terms &amp; Conditions &#8211; Business Partnes Please refer to the general binding terms and conditions of our partners, which can be accessed by clicking the corresponding link below. Arcadium Lithium (Livent) BASF Catalysts Chemische Fabrik Karl Bucher GmbH Chiracon CSBio Endeavour Speciality Chemicals Ltd Kandelium Nufarm Robinson Brothers Ltd. Sarex Overseas Seqens SA","og_url":"https:\/\/www.chemgo.ch\/de\/gtc-geschaftspartner\/","og_site_name":"Chemgo AG","article_publisher":"https:\/\/ch.linkedin.com\/company\/chemgo-organica-ag?original_referer=httpswww.google.com","article_modified_time":"2025-12-19T13:33:32+00:00","twitter_card":"summary_large_image","twitter_misc":{"Gesch\u00e4tzte Lesezeit":"1\u00a0Minute"},"schema":{"@context":"https:\/\/schema.org","@graph":[{"@type":"WebPage","@id":"https:\/\/www.chemgo.ch\/terms-and-conditions-business-partners\/","url":"https:\/\/www.chemgo.ch\/terms-and-conditions-business-partners\/","name":"Allgemeine Gesch\u00e4ftsbedingungen - Gesch\u00e4ftspartner - Chemgo AG","isPartOf":{"@id":"https:\/\/www.chemgo.ch\/#website"},"datePublished":"2021-07-06T13:08:32+00:00","dateModified":"2025-12-19T13:33:32+00:00","breadcrumb":{"@id":"https:\/\/www.chemgo.ch\/terms-and-conditions-business-partners\/#breadcrumb"},"inLanguage":"de","potentialAction":[{"@type":"ReadAction","target":["https:\/\/www.chemgo.ch\/terms-and-conditions-business-partners\/"]}]},{"@type":"BreadcrumbList","@id":"https:\/\/www.chemgo.ch\/terms-and-conditions-business-partners\/#breadcrumb","itemListElement":[{"@type":"ListItem","position":1,"name":"Startseite","item":"https:\/\/www.chemgo.ch\/"},{"@type":"ListItem","position":2,"name":"Terms and conditions &#8211; business partners"}]},{"@type":"WebSite","@id":"https:\/\/www.chemgo.ch\/#website","url":"https:\/\/www.chemgo.ch\/","name":"Chemgo AG","description":"","publisher":{"@id":"https:\/\/www.chemgo.ch\/#organization"},"potentialAction":[{"@type":"SearchAction","target":{"@type":"EntryPoint","urlTemplate":"https:\/\/www.chemgo.ch\/?s={search_term_string}"},"query-input":{"@type":"PropertyValueSpecification","valueRequired":true,"valueName":"search_term_string"}}],"inLanguage":"de"},{"@type":"Organization","@id":"https:\/\/www.chemgo.ch\/#organization","name":"Chemgo AG","url":"https:\/\/www.chemgo.ch\/","logo":{"@type":"ImageObject","inLanguage":"de","@id":"https:\/\/www.chemgo.ch\/#\/schema\/logo\/image\/","url":"https:\/\/www.chemgo.ch\/wp-content\/uploads\/2026\/04\/Logo-Chemgo-50J-2-scaled.png","contentUrl":"https:\/\/www.chemgo.ch\/wp-content\/uploads\/2026\/04\/Logo-Chemgo-50J-2-scaled.png","width":2560,"height":1253,"caption":"Chemgo AG"},"image":{"@id":"https:\/\/www.chemgo.ch\/#\/schema\/logo\/image\/"},"sameAs":["https:\/\/ch.linkedin.com\/company\/chemgo-organica-ag?original_referer=httpswww.google.com"]}]}},"_links":{"self":[{"href":"https:\/\/www.chemgo.ch\/de\/wp-json\/wp\/v2\/pages\/500","targetHints":{"allow":["GET"]}}],"collection":[{"href":"https:\/\/www.chemgo.ch\/de\/wp-json\/wp\/v2\/pages"}],"about":[{"href":"https:\/\/www.chemgo.ch\/de\/wp-json\/wp\/v2\/types\/page"}],"author":[{"embeddable":true,"href":"https:\/\/www.chemgo.ch\/de\/wp-json\/wp\/v2\/users\/7"}],"replies":[{"embeddable":true,"href":"https:\/\/www.chemgo.ch\/de\/wp-json\/wp\/v2\/comments?post=500"}],"version-history":[{"count":0,"href":"https:\/\/www.chemgo.ch\/de\/wp-json\/wp\/v2\/pages\/500\/revisions"}],"wp:attachment":[{"href":"https:\/\/www.chemgo.ch\/de\/wp-json\/wp\/v2\/media?parent=500"}],"curies":[{"name":"wp","href":"https:\/\/api.w.org\/{rel}","templated":true}]}}