{"id":14027,"date":"2026-03-30T16:23:35","date_gmt":"2026-03-30T14:23:35","guid":{"rendered":"https:\/\/www.chemgo.ch\/service-technician-m-f-d-field-service-engineer-80-100\/"},"modified":"2026-03-30T16:41:01","modified_gmt":"2026-03-30T14:41:01","slug":"servicetechniker","status":"publish","type":"page","link":"https:\/\/www.chemgo.ch\/de\/service-technician\/","title":{"rendered":"Servicetechniker (m\/w\/d) \/ Field Service Engineer (80-100%)"},"content":{"rendered":"<div data-colibri-id=\"14027-c1\" class=\"style-4851 style-local-14027-c1 position-relative\">\r\n  <!---->\r\n  <div data-colibri-component=\"section\" data-colibri-id=\"14027-c2\" id=\"custom\" class=\"h-section h-section-global-spacing d-flex align-items-lg-center align-items-md-center align-items-center style-4852 style-local-14027-c2 position-relative\">\r\n    <!---->\r\n    <!---->\r\n    <div class=\"h-section-grid-container h-section-boxed-container\">\r\n      <!---->\r\n      <div data-colibri-id=\"14027-c3\" class=\"h-row-container gutters-row-lg-2 gutters-row-md-2 gutters-row-0 gutters-row-v-lg-2 gutters-row-v-md-2 gutters-row-v-2 style-4853 style-local-14027-c3 position-relative\">\r\n        <!---->\r\n        <div class=\"h-row justify-content-lg-center justify-content-md-center justify-content-center align-items-lg-stretch align-items-md-stretch align-items-stretch gutters-col-lg-2 gutters-col-md-2 gutters-col-0 gutters-col-v-lg-2 gutters-col-v-md-2 gutters-col-v-2\">\r\n          <!---->\r\n          <div class=\"h-column h-column-container d-flex h-col-lg-auto h-col-md-auto h-col-auto style-4854-outer style-local-14027-c4-outer\">\r\n            <div data-colibri-id=\"14027-c4\" class=\"d-flex h-flex-basis h-column__inner h-px-lg-2 h-px-md-2 h-px-2 v-inner-lg-2 v-inner-md-2 v-inner-2 style-4854 style-local-14027-c4 position-relative\">\r\n              <!---->\r\n              <!---->\r\n              <div class=\"w-100 h-y-container h-column__content h-column__v-align flex-basis-100 align-self-lg-start align-self-md-start align-self-start\">\r\n                <!---->\r\n                <div data-colibri-id=\"14027-c5\" class=\"h-global-transition-all h-heading style-4855 style-local-14027-c5 position-relative h-element\">\r\n                  <!---->\r\n                  <div class=\"h-heading__outer style-4855 style-local-14027-c5\">\r\n                    <!---->\r\n                    <!---->\r\n                    <h2 class=\"\">Servicetechniker (m\/w\/d) \/ Field Service Engineer (80-100%)<\/h2>\r\n                  <\/div>\r\n                <\/div>\r\n              <\/div>\r\n            <\/div>\r\n          <\/div>\r\n        <\/div>\r\n      <\/div>\r\n      <div data-colibri-id=\"14027-c6\" class=\"h-row-container gutters-row-lg-2 gutters-row-md-2 gutters-row-0 gutters-row-v-lg-2 gutters-row-v-md-2 gutters-row-v-2 style-4856 style-local-14027-c6 position-relative\">\r\n        <!---->\r\n        <div class=\"h-row justify-content-lg-center justify-content-md-center justify-content-center align-items-lg-stretch align-items-md-stretch align-items-stretch gutters-col-lg-2 gutters-col-md-2 gutters-col-0 gutters-col-v-lg-2 gutters-col-v-md-2 gutters-col-v-2\">\r\n          <!---->\r\n          <div class=\"h-column h-column-container d-flex h-col-lg-auto h-col-md-auto h-col-auto style-4857-outer style-local-14027-c7-outer\">\r\n            <div data-colibri-id=\"14027-c7\" class=\"d-flex h-flex-basis h-column__inner h-px-lg-2 h-px-md-2 h-px-2 v-inner-lg-2 v-inner-md-2 v-inner-2 style-4857 style-local-14027-c7 position-relative\">\r\n              <!---->\r\n              <!---->\r\n              <div class=\"w-100 h-y-container h-column__content h-column__v-align flex-basis-100 align-self-lg-start align-self-md-start align-self-start\">\r\n                <!---->\r\n                <div data-colibri-id=\"14027-c8\" class=\"h-text h-text-component style-4858 style-local-14027-c8 position-relative h-element\">\r\n                  <!---->\r\n                  <!---->\r\n                  <div class=\"\">\r\n                    <p><span style=\"color: rgb(0, 0, 0);\">Als Dienstleister f\u00fcr Laborbedarf und Laborausr\u00fcstung, vertritt die Chemgo AG namhafte Unternehmen aus dem Bereich der Life Sciences in der Schweiz und den Europ\u00e4ischen M\u00e4rkten. Die Chemgo AG gilt f\u00fcr Ihre Kunden als erster Ansprechpartner f\u00fcr den Service von hochentwickelten Laborger\u00e4ten und -instrumenten.<\/span><\/p>\r\n                    <p><span style=\"color: rgb(0, 0, 0);\">Zur Erg\u00e4nzung unseres zweik\u00f6pfigen Teams suchen wir einen Servicetechniker (m\/w\/d) [Field Service Engineer].<\/span><\/p>\r\n                    <p><span style=\"color: rgb(0, 0, 0);\">Zu Ihren Hauptaufgaben geh\u00f6ren die Installation, Wartung, Qualifizierung und Reparatur verschiedener Systeme in den Bereichen Peptidsynthese, Oligonukleotidsynthese, Chromatographie (GC\/GC-MS), Histologie und Lebensmittelanalyse.<\/span><\/p>\r\n                    <p><span style=\"color: rgb(0, 0, 0);\">Nach einer intensiven Einf\u00fchrung, zum Teil bei unseren renommierten Partnerfirmen, arbeiten Sie weitgehend selbst\u00e4ndig, oft auch bei Kunden vor Ort.<\/span><\/p>\r\n                    <p><span style=\"color: rgb(0, 0, 0);\">Bei dieser herausfordernden Aufbaut\u00e4tigkeit, sind zum einen eine hohe Eigenverantwortung, pers\u00f6nlicher Entwicklungswille sowie eine sehr gute Selbstorganisation gefragt, zum anderen gute Kommunikationsf\u00e4higkeiten f\u00fcr die enge Zusammenarbeit mit unseren Kunden und dem Verkaufsteam.<\/span><\/p>\r\n                    <h4><span style=\"color: rgb(0, 0, 0);\">Ihre Aufgaben:<\/span><\/h4>\r\n                    <ul>\r\n                      <li><span style=\"color: rgb(0, 0, 0);\">Installation, Konfiguration, Wartung und Reparatur von Systemen und Zubeh\u00f6r in der Schweiz und in anderen europ\u00e4ischen L\u00e4ndern<\/span><\/li>\r\n                      <li><span style=\"color: rgb(0, 0, 0);\">Qualifizierung und Zertifizierung bestimmter Systeme in \u00dcbereinstimmung mit den GMP-Standards<\/span><\/li>\r\n                      <li><span style=\"color: rgb(0, 0, 0);\">Unterst\u00fctzung der Verkaufsabteilung bei Produktdemonstrationen, Schulungen und Messen<\/span><\/li>\r\n                      <li><span style=\"color: rgb(0, 0, 0);\">Sicherstellung eines erstklassigen Qualit\u00e4tsstandards<\/span><\/li>\r\n                    <\/ul>\r\n                    <h4><span style=\"color: rgb(0, 0, 0);\">Ihre Qualifikationen:<\/span><\/h4>\r\n                    <ul>\r\n                      <li><span style=\"color: rgb(0, 0, 0);\">Abgeschlossene Berufsausbildung mit einem chemischen oder technischen Hintergrund<\/span><\/li>\r\n                      <li><span style=\"color: rgb(0, 0, 0);\">Idealerweise Erfahrung als Servicetechniker oder mehrj\u00e4hrige Erfahrung als Anwender von Laborger\u00e4ten verbunden mit einem tiefen technischen Verst\u00e4ndnis<\/span><\/li>\r\n                      <li><span style=\"color: rgb(0, 0, 0);\">Offene, kommunikative und kundenorientierte Pers\u00f6nlichkeit<\/span><\/li>\r\n                      <li><span style=\"color: rgb(0, 0, 0);\">Organisationsgeschick und l\u00f6sungsorientierte Arbeitsweise<\/span><\/li>\r\n                      <li><span style=\"color: rgb(0, 0, 0);\">Reisebereitschaft \u00fcberwiegend in der Schweiz, bis zu ca. 10% im europ\u00e4ischen Ausland<\/span><\/li>\r\n                      <li><span style=\"color: rgb(0, 0, 0);\">Sehr gute Deutschkenntnisse in Wort und Schrift sowie gute Englischkenntnisse, Franz\u00f6sischkenntnisse von Vorteil<\/span><\/li>\r\n                      <li><span style=\"color: rgb(0, 0, 0);\">G\u00fcltiger F\u00fchrerschein der Kategorie B<\/span><\/li>\r\n                    <\/ul>\r\n                    <h4><span style=\"color: rgb(0, 0, 0);\">Interessiert?<\/span><\/h4>\r\n                    <p><span style=\"color: rgb(0, 0, 0);\">Wir freuen uns auf Ihre vollst\u00e4ndigen und aussagekr\u00e4ftigen Bewerbungsunterlagen. Bitte senden Sie diese an:<br> <\/span><strong rel=\"noopener\" style=\"color: rgb(0, 0, 0); font-weight: 400;\"><u>thomas.fleischmann@chemgo.ch<\/u><\/strong><\/p>\r\n                  <\/div>\r\n                <\/div>\r\n              <\/div>\r\n            <\/div>\r\n          <\/div>\r\n        <\/div>\r\n      <\/div>\r\n    <\/div>\r\n  <\/div>\r\n<\/div>","protected":false},"excerpt":{"rendered":"<p>Service Technician (m\/f\/d) \/ Field Service Engineer (80\u2013100%) As a service provider for laboratory supplies and equipment, Chemgo AG represents well-known companies in the life sciences sector across Switzerland and European markets. Chemgo AG is regarded by its customers as the primary point of contact for servicing highly advanced laboratory devices and instruments. To strengthen [&hellip;]<\/p>\n","protected":false},"author":7,"featured_media":0,"parent":0,"menu_order":0,"comment_status":"closed","ping_status":"closed","template":"page-templates\/full-width-page.php","meta":{"footnotes":""},"class_list":["post-14027","page","type-page","status-publish","hentry"],"yoast_head":"<!-- This site is optimized with the Yoast SEO plugin v27.4 - https:\/\/yoast.com\/product\/yoast-seo-wordpress\/ -->\n<title>Service Technician (m\/f\/d) \/ Field Service Engineer (80\u2013100%) - Chemgo AG<\/title>\n<meta name=\"robots\" content=\"index, follow, max-snippet:-1, max-image-preview:large, max-video-preview:-1\" \/>\n<link rel=\"canonical\" href=\"https:\/\/www.chemgo.ch\/de\/servicetechniker\/\" \/>\n<meta property=\"og:locale\" content=\"de_DE\" \/>\n<meta property=\"og:type\" content=\"article\" \/>\n<meta property=\"og:title\" content=\"Service Technician (m\/f\/d) \/ Field Service Engineer (80\u2013100%) - Chemgo AG\" \/>\n<meta property=\"og:description\" content=\"Service Technician (m\/f\/d) \/ Field Service Engineer (80\u2013100%) As a service provider for laboratory supplies and equipment, Chemgo AG represents well-known companies in the life sciences sector across Switzerland and European markets. Chemgo AG is regarded by its customers as the primary point of contact for servicing highly advanced laboratory devices and instruments. To strengthen [&hellip;]\" \/>\n<meta property=\"og:url\" content=\"https:\/\/www.chemgo.ch\/de\/servicetechniker\/\" \/>\n<meta property=\"og:site_name\" content=\"Chemgo AG\" \/>\n<meta property=\"article:publisher\" content=\"https:\/\/ch.linkedin.com\/company\/chemgo-organica-ag?original_referer=httpswww.google.com\" \/>\n<meta property=\"article:modified_time\" content=\"2026-03-30T14:41:01+00:00\" \/>\n<meta name=\"twitter:card\" content=\"summary_large_image\" \/>\n<meta name=\"twitter:label1\" content=\"Gesch\u00e4tzte Lesezeit\" \/>\n\t<meta name=\"twitter:data1\" content=\"2\u00a0Minuten\" \/>\n<script type=\"application\/ld+json\" class=\"yoast-schema-graph\">{\"@context\":\"https:\\\/\\\/schema.org\",\"@graph\":[{\"@type\":\"WebPage\",\"@id\":\"https:\\\/\\\/www.chemgo.ch\\\/service-technician\\\/\",\"url\":\"https:\\\/\\\/www.chemgo.ch\\\/service-technician\\\/\",\"name\":\"Service Technician (m\\\/f\\\/d) \\\/ Field Service Engineer (80\u2013100%) - Chemgo AG\",\"isPartOf\":{\"@id\":\"https:\\\/\\\/www.chemgo.ch\\\/#website\"},\"datePublished\":\"2026-03-30T14:23:35+00:00\",\"dateModified\":\"2026-03-30T14:41:01+00:00\",\"breadcrumb\":{\"@id\":\"https:\\\/\\\/www.chemgo.ch\\\/service-technician\\\/#breadcrumb\"},\"inLanguage\":\"de\",\"potentialAction\":[{\"@type\":\"ReadAction\",\"target\":[\"https:\\\/\\\/www.chemgo.ch\\\/service-technician\\\/\"]}]},{\"@type\":\"BreadcrumbList\",\"@id\":\"https:\\\/\\\/www.chemgo.ch\\\/service-technician\\\/#breadcrumb\",\"itemListElement\":[{\"@type\":\"ListItem\",\"position\":1,\"name\":\"Startseite\",\"item\":\"https:\\\/\\\/www.chemgo.ch\\\/\"},{\"@type\":\"ListItem\",\"position\":2,\"name\":\"Service Technician (m\\\/f\\\/d) \\\/ Field Service Engineer (80\u2013100%)\"}]},{\"@type\":\"WebSite\",\"@id\":\"https:\\\/\\\/www.chemgo.ch\\\/#website\",\"url\":\"https:\\\/\\\/www.chemgo.ch\\\/\",\"name\":\"Chemgo AG\",\"description\":\"\",\"publisher\":{\"@id\":\"https:\\\/\\\/www.chemgo.ch\\\/#organization\"},\"potentialAction\":[{\"@type\":\"SearchAction\",\"target\":{\"@type\":\"EntryPoint\",\"urlTemplate\":\"https:\\\/\\\/www.chemgo.ch\\\/?s={search_term_string}\"},\"query-input\":{\"@type\":\"PropertyValueSpecification\",\"valueRequired\":true,\"valueName\":\"search_term_string\"}}],\"inLanguage\":\"de\"},{\"@type\":\"Organization\",\"@id\":\"https:\\\/\\\/www.chemgo.ch\\\/#organization\",\"name\":\"Chemgo AG\",\"url\":\"https:\\\/\\\/www.chemgo.ch\\\/\",\"logo\":{\"@type\":\"ImageObject\",\"inLanguage\":\"de\",\"@id\":\"https:\\\/\\\/www.chemgo.ch\\\/#\\\/schema\\\/logo\\\/image\\\/\",\"url\":\"https:\\\/\\\/www.chemgo.ch\\\/wp-content\\\/uploads\\\/2026\\\/04\\\/Logo-Chemgo-50J-2-scaled.png\",\"contentUrl\":\"https:\\\/\\\/www.chemgo.ch\\\/wp-content\\\/uploads\\\/2026\\\/04\\\/Logo-Chemgo-50J-2-scaled.png\",\"width\":2560,\"height\":1253,\"caption\":\"Chemgo AG\"},\"image\":{\"@id\":\"https:\\\/\\\/www.chemgo.ch\\\/#\\\/schema\\\/logo\\\/image\\\/\"},\"sameAs\":[\"https:\\\/\\\/ch.linkedin.com\\\/company\\\/chemgo-organica-ag?original_referer=httpswww.google.com\"]}]}<\/script>\n<!-- \/ Yoast SEO plugin. -->","yoast_head_json":{"title":"Servicetechniker (m\/w\/d) \/ Au\u00dfendienstmitarbeiter (80-100%) - Chemgo AG","robots":{"index":"index","follow":"follow","max-snippet":"max-snippet:-1","max-image-preview":"max-image-preview:large","max-video-preview":"max-video-preview:-1"},"canonical":"https:\/\/www.chemgo.ch\/de\/servicetechniker\/","og_locale":"de_DE","og_type":"article","og_title":"Service Technician (m\/f\/d) \/ Field Service Engineer (80\u2013100%) - Chemgo AG","og_description":"Service Technician (m\/f\/d) \/ Field Service Engineer (80\u2013100%) As a service provider for laboratory supplies and equipment, Chemgo AG represents well-known companies in the life sciences sector across Switzerland and European markets. Chemgo AG is regarded by its customers as the primary point of contact for servicing highly advanced laboratory devices and instruments. To strengthen [&hellip;]","og_url":"https:\/\/www.chemgo.ch\/de\/servicetechniker\/","og_site_name":"Chemgo AG","article_publisher":"https:\/\/ch.linkedin.com\/company\/chemgo-organica-ag?original_referer=httpswww.google.com","article_modified_time":"2026-03-30T14:41:01+00:00","twitter_card":"summary_large_image","twitter_misc":{"Gesch\u00e4tzte Lesezeit":"2\u00a0Minuten"},"schema":{"@context":"https:\/\/schema.org","@graph":[{"@type":"WebPage","@id":"https:\/\/www.chemgo.ch\/service-technician\/","url":"https:\/\/www.chemgo.ch\/service-technician\/","name":"Servicetechniker (m\/w\/d) \/ Au\u00dfendienstmitarbeiter (80-100%) - Chemgo AG","isPartOf":{"@id":"https:\/\/www.chemgo.ch\/#website"},"datePublished":"2026-03-30T14:23:35+00:00","dateModified":"2026-03-30T14:41:01+00:00","breadcrumb":{"@id":"https:\/\/www.chemgo.ch\/service-technician\/#breadcrumb"},"inLanguage":"de","potentialAction":[{"@type":"ReadAction","target":["https:\/\/www.chemgo.ch\/service-technician\/"]}]},{"@type":"BreadcrumbList","@id":"https:\/\/www.chemgo.ch\/service-technician\/#breadcrumb","itemListElement":[{"@type":"ListItem","position":1,"name":"Startseite","item":"https:\/\/www.chemgo.ch\/"},{"@type":"ListItem","position":2,"name":"Service Technician (m\/f\/d) \/ Field Service Engineer (80\u2013100%)"}]},{"@type":"WebSite","@id":"https:\/\/www.chemgo.ch\/#website","url":"https:\/\/www.chemgo.ch\/","name":"Chemgo AG","description":"","publisher":{"@id":"https:\/\/www.chemgo.ch\/#organization"},"potentialAction":[{"@type":"SearchAction","target":{"@type":"EntryPoint","urlTemplate":"https:\/\/www.chemgo.ch\/?s={search_term_string}"},"query-input":{"@type":"PropertyValueSpecification","valueRequired":true,"valueName":"search_term_string"}}],"inLanguage":"de"},{"@type":"Organization","@id":"https:\/\/www.chemgo.ch\/#organization","name":"Chemgo AG","url":"https:\/\/www.chemgo.ch\/","logo":{"@type":"ImageObject","inLanguage":"de","@id":"https:\/\/www.chemgo.ch\/#\/schema\/logo\/image\/","url":"https:\/\/www.chemgo.ch\/wp-content\/uploads\/2026\/04\/Logo-Chemgo-50J-2-scaled.png","contentUrl":"https:\/\/www.chemgo.ch\/wp-content\/uploads\/2026\/04\/Logo-Chemgo-50J-2-scaled.png","width":2560,"height":1253,"caption":"Chemgo AG"},"image":{"@id":"https:\/\/www.chemgo.ch\/#\/schema\/logo\/image\/"},"sameAs":["https:\/\/ch.linkedin.com\/company\/chemgo-organica-ag?original_referer=httpswww.google.com"]}]}},"_links":{"self":[{"href":"https:\/\/www.chemgo.ch\/de\/wp-json\/wp\/v2\/pages\/14027","targetHints":{"allow":["GET"]}}],"collection":[{"href":"https:\/\/www.chemgo.ch\/de\/wp-json\/wp\/v2\/pages"}],"about":[{"href":"https:\/\/www.chemgo.ch\/de\/wp-json\/wp\/v2\/types\/page"}],"author":[{"embeddable":true,"href":"https:\/\/www.chemgo.ch\/de\/wp-json\/wp\/v2\/users\/7"}],"replies":[{"embeddable":true,"href":"https:\/\/www.chemgo.ch\/de\/wp-json\/wp\/v2\/comments?post=14027"}],"version-history":[{"count":1,"href":"https:\/\/www.chemgo.ch\/de\/wp-json\/wp\/v2\/pages\/14027\/revisions"}],"predecessor-version":[{"id":14043,"href":"https:\/\/www.chemgo.ch\/de\/wp-json\/wp\/v2\/pages\/14027\/revisions\/14043"}],"wp:attachment":[{"href":"https:\/\/www.chemgo.ch\/de\/wp-json\/wp\/v2\/media?parent=14027"}],"curies":[{"name":"wp","href":"https:\/\/api.w.org\/{rel}","templated":true}]}}