{"id":13702,"date":"2025-09-17T10:30:02","date_gmt":"2025-09-17T08:30:02","guid":{"rendered":"https:\/\/www.chemgo.ch\/quality\/"},"modified":"2025-09-17T10:31:49","modified_gmt":"2025-09-17T08:31:49","slug":"qualitat","status":"publish","type":"page","link":"https:\/\/www.chemgo.ch\/de\/quality\/","title":{"rendered":"Qualit\u00e4t"},"content":{"rendered":"<div data-colibri-id=\"13702-c1\" class=\"style-4804 style-local-13702-c1 position-relative\">\n  <!---->\n  <div data-colibri-component=\"section\" data-colibri-id=\"13702-c2\" id=\"custom\" class=\"h-section h-section-global-spacing d-flex align-items-lg-center align-items-md-center align-items-center style-4805 style-local-13702-c2 position-relative\">\n    <!---->\n    <!---->\n    <div class=\"h-section-grid-container h-section-boxed-container\">\n      <!---->\n      <div data-colibri-id=\"13702-c3\" class=\"h-row-container gutters-row-lg-2 gutters-row-md-2 gutters-row-0 gutters-row-v-lg-2 gutters-row-v-md-2 gutters-row-v-2 style-4806 style-local-13702-c3 position-relative\">\n        <!---->\n        <div class=\"h-row justify-content-lg-center justify-content-md-center justify-content-center align-items-lg-stretch align-items-md-stretch align-items-stretch gutters-col-lg-2 gutters-col-md-2 gutters-col-0 gutters-col-v-lg-2 gutters-col-v-md-2 gutters-col-v-2\">\n          <!---->\n          <div class=\"h-column h-column-container d-flex h-col-lg-auto h-col-md-auto h-col-auto style-4807-outer style-local-13702-c4-outer\">\n            <div data-colibri-id=\"13702-c4\" class=\"d-flex h-flex-basis h-column__inner h-px-lg-2 h-px-md-2 h-px-2 v-inner-lg-2 v-inner-md-2 v-inner-2 style-4807 style-local-13702-c4 position-relative\">\n              <!---->\n              <!---->\n              <div class=\"w-100 h-y-container h-column__content h-column__v-align flex-basis-100 align-self-lg-start align-self-md-start align-self-start\">\n                <!---->\n                <div data-colibri-id=\"13702-c5\" class=\"h-global-transition-all h-heading style-4808 style-local-13702-c5 position-relative h-element\">\n                  <!---->\n                  <div class=\"h-heading__outer style-4808 style-local-13702-c5\">\n                    <!---->\n                    <!---->\n                    <h2 class=\"\">Qualit\u00e4t <\/h2>\n                  <\/div>\n                <\/div>\n              <\/div>\n            <\/div>\n          <\/div>\n        <\/div>\n      <\/div>\n      <div data-colibri-id=\"13702-c6\" class=\"h-row-container gutters-row-lg-2 gutters-row-md-2 gutters-row-0 gutters-row-v-lg-2 gutters-row-v-md-2 gutters-row-v-2 style-4809 style-local-13702-c6 position-relative\">\n        <!---->\n        <div class=\"h-row justify-content-lg-center justify-content-md-center justify-content-center align-items-lg-stretch align-items-md-stretch align-items-stretch gutters-col-lg-2 gutters-col-md-2 gutters-col-0 gutters-col-v-lg-2 gutters-col-v-md-2 gutters-col-v-2\">\n          <!---->\n          <div class=\"h-column h-column-container d-flex h-col-lg-auto h-col-md-auto h-col-auto style-4810-outer style-local-13702-c7-outer\">\n            <div data-colibri-id=\"13702-c7\" class=\"d-flex h-flex-basis h-column__inner h-px-lg-2 h-px-md-2 h-px-2 v-inner-lg-2 v-inner-md-2 v-inner-2 style-4810 style-local-13702-c7 position-relative\">\n              <!---->\n              <!---->\n              <div class=\"w-100 h-y-container h-column__content h-column__v-align flex-basis-100 align-self-lg-start align-self-md-start align-self-start\">\n                <!---->\n                <div data-colibri-id=\"13702-c8\" class=\"h-text h-text-component style-4811 style-local-13702-c8 position-relative h-element\">\n                  <!---->\n                  <!---->\n                  <div class=\"\">\n                    <p><strong style=\"font-family: &quot;Open Sans&quot;; font-size: 99%; color: rgb(0, 0, 0);\">H\u00f6chste Produktqualit\u00e4t f\u00fcr die Diagnostik<\/strong><span style=\"font-family: &quot;Open Sans&quot;; font-size: 99%; color: rgb(0, 0, 0);\">&nbsp;<\/span><\/p>\n                    <p><span style=\"font-family: &quot;Open Sans&quot;; font-size: 99%; color: rgb(0, 0, 0);\">Wir vertreiben ausschlie\u00dflich Produkte f\u00fchrender Hersteller, die f\u00fcr ihre gleichbleibende Qualit\u00e4t und Pr\u00e4zision bekannt sind. Diese kommen in zahlreichen Anwendungen zum Einsatz:&nbsp;<\/span><\/p>\n                    <ul>\n                      <li><span style=\"font-family: &quot;Open Sans&quot;; font-size: 99%; color: rgb(0, 0, 0);\">HE-F\u00e4rbung (H\u00e4matoxylin &amp; Eosin): Standardf\u00e4rbung zur Beurteilung von Gewebestrukturen.&nbsp;<\/span><\/li>\n                      <li><span style=\"font-family: &quot;Open Sans&quot;; font-size: 99%; color: rgb(0, 0, 0);\">Spezialf\u00e4rbungen: PAS, Trichrom, Silberf\u00e4rbungen und weitere Methoden zur differenzierten Diagnostik.&nbsp;<\/span><\/li>\n                      <li><span style=\"font-family: &quot;Open Sans&quot;; font-size: 99%; color: rgb(0, 0, 0);\">Fixative &amp; Einbettmedien: Formalinl\u00f6sungen, Paraffin und alternative Fixiermethoden.&nbsp;<\/span><\/li>\n                      <li><span style=\"font-family: &quot;Open Sans&quot;; font-size: 99%; color: rgb(0, 0, 0);\">Verbrauchsmaterialien: Mikrotomklingen, Timmingklingen und Autopsie-Zubeh\u00f6r.&nbsp;<\/span><\/li>\n                      <li><span style=\"font-family: &quot;Open Sans&quot;; font-size: 99%; color: rgb(0, 0, 0);\">Ger\u00e4te &amp; Zubeh\u00f6r: Mikrotome, Paraffinspender, Wasserb\u00e4der, K\u00fchlplatten und Strecktische.&nbsp;<\/span><\/li>\n                    <\/ul>\n                    <p><span style=\"font-family: &quot;Open Sans&quot;; font-size: 99%; color: rgb(0, 0, 0);\">&nbsp;<\/span><\/p>\n                    <p><strong style=\"font-family: &quot;Open Sans&quot;; font-size: 99%; color: rgb(0, 0, 0);\">Service Excellence<\/strong><span style=\"font-family: &quot;Open Sans&quot;; font-size: 99%; color: rgb(0, 0, 0);\">&nbsp;<\/span><\/p>\n                    <p><span style=\"font-family: &quot;Open Sans&quot;; font-size: 99%; color: rgb(0, 0, 0);\">Unser Service endet nicht bei der Lieferung. Mit klarem Fokus auf Zuverl\u00e4ssigkeit, Transparenz und Nachbetreuung bieten wir ein Rundum-Paket, das auf Ihre Laborabl\u00e4ufe abgestimmt ist. Ob es um regelm\u00e4\u00dfige Belieferung mit Standardreagenzien oder die schnelle Bereitstellung von Spezialf\u00e4rbungen geht \u2013 wir sorgen daf\u00fcr, dass Sie jederzeit einsatzbereit bleiben.&nbsp;<\/span><\/p>\n                    <p>\n                      <br>\n                    <\/p>\n                  <\/div>\n                <\/div>\n              <\/div>\n            <\/div>\n          <\/div>\n        <\/div>\n      <\/div>\n    <\/div>\n  <\/div>\n<\/div>","protected":false},"excerpt":{"rendered":"<p>Quality Highest Product Quality for Diagnostics&nbsp; We distribute only products from leading manufacturers, known for their consistent quality and precision. These are used in a wide range of applications:&nbsp; H&amp;E Staining (Hematoxylin &amp; Eosin): The standard staining method for evaluating tissue structures.&nbsp; Special Stains: PAS, Trichrome, silver stains, and additional methods for differentiated diagnostics.&nbsp; Fixatives [&hellip;]<\/p>\n","protected":false},"author":7,"featured_media":0,"parent":0,"menu_order":0,"comment_status":"closed","ping_status":"closed","template":"page-templates\/full-width-page.php","meta":{"footnotes":""},"class_list":["post-13702","page","type-page","status-publish","hentry"],"yoast_head":"<!-- This site is optimized with the Yoast SEO plugin v27.3 - https:\/\/yoast.com\/product\/yoast-seo-wordpress\/ -->\n<title>Quality - Chemgo AG<\/title>\n<meta name=\"robots\" content=\"index, follow, max-snippet:-1, max-image-preview:large, max-video-preview:-1\" \/>\n<link rel=\"canonical\" href=\"https:\/\/www.chemgo.ch\/de\/qualitat\/\" \/>\n<meta property=\"og:locale\" content=\"de_DE\" \/>\n<meta property=\"og:type\" content=\"article\" \/>\n<meta property=\"og:title\" content=\"Quality - Chemgo AG\" \/>\n<meta property=\"og:description\" content=\"Quality Highest Product Quality for Diagnostics&nbsp; We distribute only products from leading manufacturers, known for their consistent quality and precision. These are used in a wide range of applications:&nbsp; H&amp;E Staining (Hematoxylin &amp; Eosin): The standard staining method for evaluating tissue structures.&nbsp; Special Stains: PAS, Trichrome, silver stains, and additional methods for differentiated diagnostics.&nbsp; Fixatives [&hellip;]\" \/>\n<meta property=\"og:url\" content=\"https:\/\/www.chemgo.ch\/de\/qualitat\/\" \/>\n<meta property=\"og:site_name\" content=\"Chemgo AG\" \/>\n<meta property=\"article:publisher\" content=\"https:\/\/ch.linkedin.com\/company\/chemgo-organica-ag?original_referer=httpswww.google.com\" \/>\n<meta property=\"article:modified_time\" content=\"2025-09-17T08:31:49+00:00\" \/>\n<meta name=\"twitter:card\" content=\"summary_large_image\" \/>\n<meta name=\"twitter:label1\" content=\"Gesch\u00e4tzte Lesezeit\" \/>\n\t<meta name=\"twitter:data1\" content=\"1\u00a0Minute\" \/>\n<script type=\"application\/ld+json\" class=\"yoast-schema-graph\">{\"@context\":\"https:\\\/\\\/schema.org\",\"@graph\":[{\"@type\":\"WebPage\",\"@id\":\"https:\\\/\\\/www.chemgo.ch\\\/quality\\\/\",\"url\":\"https:\\\/\\\/www.chemgo.ch\\\/quality\\\/\",\"name\":\"Quality - Chemgo AG\",\"isPartOf\":{\"@id\":\"https:\\\/\\\/www.chemgo.ch\\\/#website\"},\"datePublished\":\"2025-09-17T08:30:02+00:00\",\"dateModified\":\"2025-09-17T08:31:49+00:00\",\"breadcrumb\":{\"@id\":\"https:\\\/\\\/www.chemgo.ch\\\/quality\\\/#breadcrumb\"},\"inLanguage\":\"de\",\"potentialAction\":[{\"@type\":\"ReadAction\",\"target\":[\"https:\\\/\\\/www.chemgo.ch\\\/quality\\\/\"]}]},{\"@type\":\"BreadcrumbList\",\"@id\":\"https:\\\/\\\/www.chemgo.ch\\\/quality\\\/#breadcrumb\",\"itemListElement\":[{\"@type\":\"ListItem\",\"position\":1,\"name\":\"Startseite\",\"item\":\"https:\\\/\\\/www.chemgo.ch\\\/\"},{\"@type\":\"ListItem\",\"position\":2,\"name\":\"Quality\"}]},{\"@type\":\"WebSite\",\"@id\":\"https:\\\/\\\/www.chemgo.ch\\\/#website\",\"url\":\"https:\\\/\\\/www.chemgo.ch\\\/\",\"name\":\"Chemgo AG\",\"description\":\"\",\"publisher\":{\"@id\":\"https:\\\/\\\/www.chemgo.ch\\\/#organization\"},\"potentialAction\":[{\"@type\":\"SearchAction\",\"target\":{\"@type\":\"EntryPoint\",\"urlTemplate\":\"https:\\\/\\\/www.chemgo.ch\\\/?s={search_term_string}\"},\"query-input\":{\"@type\":\"PropertyValueSpecification\",\"valueRequired\":true,\"valueName\":\"search_term_string\"}}],\"inLanguage\":\"de\"},{\"@type\":\"Organization\",\"@id\":\"https:\\\/\\\/www.chemgo.ch\\\/#organization\",\"name\":\"Chemgo AG\",\"url\":\"https:\\\/\\\/www.chemgo.ch\\\/\",\"logo\":{\"@type\":\"ImageObject\",\"inLanguage\":\"de\",\"@id\":\"https:\\\/\\\/www.chemgo.ch\\\/#\\\/schema\\\/logo\\\/image\\\/\",\"url\":\"https:\\\/\\\/www.chemgo.ch\\\/wp-content\\\/uploads\\\/2024\\\/02\\\/cropped-cropped-cropped-RZ_Chemgo-Logo-RGB-removebg-preview.png\",\"contentUrl\":\"https:\\\/\\\/www.chemgo.ch\\\/wp-content\\\/uploads\\\/2024\\\/02\\\/cropped-cropped-cropped-RZ_Chemgo-Logo-RGB-removebg-preview.png\",\"width\":713,\"height\":345,\"caption\":\"Chemgo AG\"},\"image\":{\"@id\":\"https:\\\/\\\/www.chemgo.ch\\\/#\\\/schema\\\/logo\\\/image\\\/\"},\"sameAs\":[\"https:\\\/\\\/ch.linkedin.com\\\/company\\\/chemgo-organica-ag?original_referer=httpswww.google.com\"]}]}<\/script>\n<!-- \/ Yoast SEO plugin. -->","yoast_head_json":{"title":"Qualit\u00e4t - Chemgo AG","robots":{"index":"index","follow":"follow","max-snippet":"max-snippet:-1","max-image-preview":"max-image-preview:large","max-video-preview":"max-video-preview:-1"},"canonical":"https:\/\/www.chemgo.ch\/de\/qualitat\/","og_locale":"de_DE","og_type":"article","og_title":"Quality - Chemgo AG","og_description":"Quality Highest Product Quality for Diagnostics&nbsp; We distribute only products from leading manufacturers, known for their consistent quality and precision. These are used in a wide range of applications:&nbsp; H&amp;E Staining (Hematoxylin &amp; Eosin): The standard staining method for evaluating tissue structures.&nbsp; Special Stains: PAS, Trichrome, silver stains, and additional methods for differentiated diagnostics.&nbsp; Fixatives [&hellip;]","og_url":"https:\/\/www.chemgo.ch\/de\/qualitat\/","og_site_name":"Chemgo AG","article_publisher":"https:\/\/ch.linkedin.com\/company\/chemgo-organica-ag?original_referer=httpswww.google.com","article_modified_time":"2025-09-17T08:31:49+00:00","twitter_card":"summary_large_image","twitter_misc":{"Gesch\u00e4tzte Lesezeit":"1\u00a0Minute"},"schema":{"@context":"https:\/\/schema.org","@graph":[{"@type":"WebPage","@id":"https:\/\/www.chemgo.ch\/quality\/","url":"https:\/\/www.chemgo.ch\/quality\/","name":"Qualit\u00e4t - Chemgo AG","isPartOf":{"@id":"https:\/\/www.chemgo.ch\/#website"},"datePublished":"2025-09-17T08:30:02+00:00","dateModified":"2025-09-17T08:31:49+00:00","breadcrumb":{"@id":"https:\/\/www.chemgo.ch\/quality\/#breadcrumb"},"inLanguage":"de","potentialAction":[{"@type":"ReadAction","target":["https:\/\/www.chemgo.ch\/quality\/"]}]},{"@type":"BreadcrumbList","@id":"https:\/\/www.chemgo.ch\/quality\/#breadcrumb","itemListElement":[{"@type":"ListItem","position":1,"name":"Startseite","item":"https:\/\/www.chemgo.ch\/"},{"@type":"ListItem","position":2,"name":"Quality"}]},{"@type":"WebSite","@id":"https:\/\/www.chemgo.ch\/#website","url":"https:\/\/www.chemgo.ch\/","name":"Chemgo AG","description":"","publisher":{"@id":"https:\/\/www.chemgo.ch\/#organization"},"potentialAction":[{"@type":"SearchAction","target":{"@type":"EntryPoint","urlTemplate":"https:\/\/www.chemgo.ch\/?s={search_term_string}"},"query-input":{"@type":"PropertyValueSpecification","valueRequired":true,"valueName":"search_term_string"}}],"inLanguage":"de"},{"@type":"Organization","@id":"https:\/\/www.chemgo.ch\/#organization","name":"Chemgo AG","url":"https:\/\/www.chemgo.ch\/","logo":{"@type":"ImageObject","inLanguage":"de","@id":"https:\/\/www.chemgo.ch\/#\/schema\/logo\/image\/","url":"https:\/\/www.chemgo.ch\/wp-content\/uploads\/2024\/02\/cropped-cropped-cropped-RZ_Chemgo-Logo-RGB-removebg-preview.png","contentUrl":"https:\/\/www.chemgo.ch\/wp-content\/uploads\/2024\/02\/cropped-cropped-cropped-RZ_Chemgo-Logo-RGB-removebg-preview.png","width":713,"height":345,"caption":"Chemgo AG"},"image":{"@id":"https:\/\/www.chemgo.ch\/#\/schema\/logo\/image\/"},"sameAs":["https:\/\/ch.linkedin.com\/company\/chemgo-organica-ag?original_referer=httpswww.google.com"]}]}},"_links":{"self":[{"href":"https:\/\/www.chemgo.ch\/de\/wp-json\/wp\/v2\/pages\/13702","targetHints":{"allow":["GET"]}}],"collection":[{"href":"https:\/\/www.chemgo.ch\/de\/wp-json\/wp\/v2\/pages"}],"about":[{"href":"https:\/\/www.chemgo.ch\/de\/wp-json\/wp\/v2\/types\/page"}],"author":[{"embeddable":true,"href":"https:\/\/www.chemgo.ch\/de\/wp-json\/wp\/v2\/users\/7"}],"replies":[{"embeddable":true,"href":"https:\/\/www.chemgo.ch\/de\/wp-json\/wp\/v2\/comments?post=13702"}],"version-history":[{"count":0,"href":"https:\/\/www.chemgo.ch\/de\/wp-json\/wp\/v2\/pages\/13702\/revisions"}],"wp:attachment":[{"href":"https:\/\/www.chemgo.ch\/de\/wp-json\/wp\/v2\/media?parent=13702"}],"curies":[{"name":"wp","href":"https:\/\/api.w.org\/{rel}","templated":true}]}}