{"id":13311,"date":"2025-09-08T15:49:23","date_gmt":"2025-09-08T13:49:23","guid":{"rendered":"https:\/\/www.chemgo.ch\/supplier-qualification-regulatory-support\/"},"modified":"2025-09-16T15:31:32","modified_gmt":"2025-09-16T13:31:32","slug":"lieferantenqualifizierung","status":"publish","type":"page","link":"https:\/\/www.chemgo.ch\/de\/supplier-qualification\/","title":{"rendered":"Lieferantenqualifizierung &amp; regulatorische Unterst\u00fctzung"},"content":{"rendered":"<div data-colibri-id=\"13311-c1\" class=\"style-4676 style-local-13311-c1 position-relative\">\n  <!---->\n  <div data-colibri-component=\"section\" data-colibri-id=\"13311-c2\" id=\"custom\" class=\"h-section h-section-global-spacing d-flex align-items-lg-center align-items-md-center align-items-center style-4677 style-local-13311-c2 position-relative\">\n    <!---->\n    <!---->\n    <div class=\"h-section-grid-container h-section-boxed-container\">\n      <!---->\n      <div data-colibri-id=\"13311-c3\" class=\"h-row-container gutters-row-lg-2 gutters-row-md-2 gutters-row-0 gutters-row-v-lg-2 gutters-row-v-md-2 gutters-row-v-2 style-4678 style-local-13311-c3 position-relative\">\n        <!---->\n        <div class=\"h-row justify-content-lg-center justify-content-md-center justify-content-center align-items-lg-stretch align-items-md-stretch align-items-stretch gutters-col-lg-2 gutters-col-md-2 gutters-col-0 gutters-col-v-lg-2 gutters-col-v-md-2 gutters-col-v-2\">\n          <!---->\n          <div class=\"h-column h-column-container d-flex h-col-lg-auto h-col-md-auto h-col-auto style-4679-outer style-local-13311-c4-outer\">\n            <div data-colibri-id=\"13311-c4\" class=\"d-flex h-flex-basis h-column__inner h-px-lg-2 h-px-md-2 h-px-2 v-inner-lg-2 v-inner-md-2 v-inner-2 style-4679 style-local-13311-c4 position-relative\">\n              <!---->\n              <!---->\n              <div class=\"w-100 h-y-container h-column__content h-column__v-align flex-basis-100 align-self-lg-start align-self-md-start align-self-start\">\n                <!---->\n                <div data-colibri-id=\"13311-c5\" class=\"h-global-transition-all h-heading style-4680 style-local-13311-c5 position-relative h-element\">\n                  <!---->\n                  <div class=\"h-heading__outer style-4680 style-local-13311-c5\">\n                    <!---->\n                    <!---->\n                    <h2 class=\"\">Lieferantenqualifizierung &amp; regulatorische Unterst\u00fctzung<\/h2>\n                  <\/div>\n                <\/div>\n              <\/div>\n            <\/div>\n          <\/div>\n        <\/div>\n      <\/div>\n      <div data-colibri-id=\"13311-c6\" class=\"h-row-container gutters-row-lg-2 gutters-row-md-2 gutters-row-0 gutters-row-v-lg-2 gutters-row-v-md-2 gutters-row-v-2 style-4681 style-local-13311-c6 position-relative\">\n        <!---->\n        <div class=\"h-row justify-content-lg-center justify-content-md-center justify-content-center align-items-lg-stretch align-items-md-stretch align-items-stretch gutters-col-lg-2 gutters-col-md-2 gutters-col-0 gutters-col-v-lg-2 gutters-col-v-md-2 gutters-col-v-2\">\n          <!---->\n          <div class=\"h-column h-column-container d-flex h-col-lg-auto h-col-md-auto h-col-auto style-4682-outer style-local-13311-c7-outer\">\n            <div data-colibri-id=\"13311-c7\" class=\"d-flex h-flex-basis h-column__inner h-px-lg-2 h-px-md-2 h-px-2 v-inner-lg-2 v-inner-md-2 v-inner-2 style-4682 style-local-13311-c7 position-relative\">\n              <!---->\n              <!---->\n              <div class=\"w-100 h-y-container h-column__content h-column__v-align flex-basis-100 align-self-lg-start align-self-md-start align-self-start\">\n                <!---->\n                <div data-colibri-id=\"13311-c8\" class=\"h-text h-text-component style-4683 style-local-13311-c8 position-relative h-element\">\n                  <!---->\n                  <!---->\n                  <div class=\"\">\n                    <p><strong style=\"font-weight: 700; color: rgb(0, 0, 0);\">S<\/strong><strong style=\"color: rgb(0, 0, 0);\">Anbieterqualifizierung &amp; regulatorische Unterst\u00fctzung durch Chemgo<\/strong><\/p>\n                    <p><span style=\"color: rgb(0, 0, 0);\">Chemgo bietet umfassende Unterst\u00fctzung bei der Qualifizierung von Lieferanten und bei der Einhaltung von Vorschriften, um sicherzustellen, dass Ihre Beschaffung von Chemikalien und Zwischenprodukten konform, zuverl\u00e4ssig und effizient ist. Als erfahrene Chemieagentur helfen wir Unternehmen bei der komplexen Auswahl qualifizierter Lieferanten und der Einhaltung globaler regulatorischer Standards. Unser Expertenteam stellt sicher, dass alle Produkte f\u00fcr Ihr Unternehmen den h\u00f6chsten Qualit\u00e4tsstandards und gesetzlichen Anforderungen entsprechen und dass alle erforderlichen Unterlagen vorhanden sind.<\/span><\/p>\n                    <p>\n                      <br>\n                    <\/p>\n                    <p><strong style=\"color: rgb(0, 0, 0);\">Effiziente Beschaffung von Chemikalien<\/strong><\/p>\n                    <p><span style=\"color: rgb(0, 0, 0);\">Bei Chemgo nutzen wir unser umfangreiches Netzwerk vertrauensw\u00fcrdiger Lieferanten, um eine breite Palette von Chemikalien f\u00fcr verschiedene Branchen anzubieten. Mit welchen Rohstoffen wir Sie auch immer unterst\u00fctzen, wir stellen sicher, dass jeder Lieferant strenge Qualit\u00e4tsstandards einh\u00e4lt und alle relevanten Vorschriften erf\u00fcllt.<\/span><\/p>\n                    <p>\n                      <br>\n                    <\/p>\n                    <p><strong style=\"color: rgb(0, 0, 0);\">Qualifizierung von Lieferanten: Sicherstellung von Zuverl\u00e4ssigkeit und Compliance<\/strong><\/p>\n                    <p><span style=\"color: rgb(0, 0, 0);\">Als f\u00fchrende Chemieagentur in der Feinchemie- und Biowissenschaftsbranche wei\u00df Chemgo, wie wichtig es ist, qualifizierte Lieferanten auszuw\u00e4hlen, die die strengen gesetzlichen Vorgaben erf\u00fcllen. Wir helfen Ihnen dabei, die Einhaltung aller relevanten Vorschriften durch die Lieferanten zu bewerten und stellen sicher, dass jedes von uns angebotene Produkt den Qualit\u00e4ts-, Sicherheits- und Nachhaltigkeitsstandards entspricht.<\/span><\/p>\n                    <p>\n                      <br>\n                    <\/p>\n                    <p><strong style=\"color: rgb(0, 0, 0);\">Vorteile der Lieferantenqualifizierung &amp; regulatorischen Unterst\u00fctzung mit Chemgo<\/strong><\/p>\n                    <ul>\n                      <li><span style=\"color: rgb(0, 0, 0);\">Zuverl\u00e4ssige Beschaffung: Unser umfangreiches Netzwerk von qualifizierten Lieferanten stellt sicher, dass Ihre Chemikalien von vertrauensw\u00fcrdigen und zuverl\u00e4ssigen Herstellern produziert werden.<\/span><\/li>\n                      <li><span style=\"color: rgb(0, 0, 0);\">Fachkundige Beratung bei der Regulierung: Wir unterst\u00fctzen Sie laufend bei der Einhaltung von Vorschriften und stellen sicher, dass alle Chemikalien den internationalen und lokalen Bestimmungen entsprechen und alle erforderlichen Produktdokumente vorhanden sind.<\/span><\/li>\n                      <li><span style=\"color: rgb(0, 0, 0);\">Qualit\u00e4tssicherung: Als f\u00fchrendes Chemieunternehmen konzentrieren wir uns auf Chemikalien, die den h\u00f6chsten Qualit\u00e4tsstandards entsprechen, um eine konsistente Versorgung f\u00fcr Ihr Unternehmen zu gew\u00e4hrleisten.<\/span><\/li>\n                      <li><span style=\"color: rgb(0, 0, 0);\">Rationalisierte Prozesse: Wir unterst\u00fctzen Sie bei der Lieferantenqualifizierung und vereinfachen die Beschaffung, wodurch Sie Zeit und Ressourcen sparen und gleichzeitig die Einhaltung von Vorschriften sicherstellen.<\/span><\/li>\n                    <\/ul>\n                    <p>\n                      <br>\n                    <\/p>\n                  <\/div>\n                <\/div>\n              <\/div>\n            <\/div>\n          <\/div>\n        <\/div>\n      <\/div>\n    <\/div>\n  <\/div>\n<\/div>","protected":false},"excerpt":{"rendered":"<p>Supplier Qualification &amp; Regulatory Support Supplier Qualification &amp; Regulatory Support by Chemgo At&nbsp;Chemgo, we offer comprehensive&nbsp;supplier qualification&nbsp;and&nbsp;regulatory support&nbsp;to ensure that your&nbsp;procurement&nbsp;of&nbsp;chemicals&nbsp;and intermediates is compliant, reliable, and efficient. As an experienced&nbsp;chemical agency, we help businesses navigate the complexities of selecting qualified suppliers and adhering to global regulatory standards. Our expert team ensures that all&nbsp;products for your [&hellip;]<\/p>\n","protected":false},"author":7,"featured_media":0,"parent":0,"menu_order":0,"comment_status":"closed","ping_status":"closed","template":"page-templates\/full-width-page.php","meta":{"footnotes":""},"class_list":["post-13311","page","type-page","status-publish","hentry"],"yoast_head":"<!-- This site is optimized with the Yoast SEO plugin v27.3 - https:\/\/yoast.com\/product\/yoast-seo-wordpress\/ -->\n<title>Supplier Qualification &amp; Regulatory Support - Chemgo AG<\/title>\n<meta name=\"robots\" content=\"index, follow, max-snippet:-1, max-image-preview:large, max-video-preview:-1\" \/>\n<link rel=\"canonical\" href=\"https:\/\/www.chemgo.ch\/de\/lieferantenqualifizierung\/\" \/>\n<meta property=\"og:locale\" content=\"de_DE\" \/>\n<meta property=\"og:type\" content=\"article\" \/>\n<meta property=\"og:title\" content=\"Supplier Qualification &amp; Regulatory Support - Chemgo AG\" \/>\n<meta property=\"og:description\" content=\"Supplier Qualification &amp; Regulatory Support Supplier Qualification &amp; Regulatory Support by Chemgo At&nbsp;Chemgo, we offer comprehensive&nbsp;supplier qualification&nbsp;and&nbsp;regulatory support&nbsp;to ensure that your&nbsp;procurement&nbsp;of&nbsp;chemicals&nbsp;and intermediates is compliant, reliable, and efficient. As an experienced&nbsp;chemical agency, we help businesses navigate the complexities of selecting qualified suppliers and adhering to global regulatory standards. Our expert team ensures that all&nbsp;products for your [&hellip;]\" \/>\n<meta property=\"og:url\" content=\"https:\/\/www.chemgo.ch\/de\/lieferantenqualifizierung\/\" \/>\n<meta property=\"og:site_name\" content=\"Chemgo AG\" \/>\n<meta property=\"article:publisher\" content=\"https:\/\/ch.linkedin.com\/company\/chemgo-organica-ag?original_referer=httpswww.google.com\" \/>\n<meta property=\"article:modified_time\" content=\"2025-09-16T13:31:32+00:00\" \/>\n<meta name=\"twitter:card\" content=\"summary_large_image\" \/>\n<meta name=\"twitter:label1\" content=\"Gesch\u00e4tzte Lesezeit\" \/>\n\t<meta name=\"twitter:data1\" content=\"2\u00a0Minuten\" \/>\n<script type=\"application\/ld+json\" class=\"yoast-schema-graph\">{\"@context\":\"https:\\\/\\\/schema.org\",\"@graph\":[{\"@type\":\"WebPage\",\"@id\":\"https:\\\/\\\/www.chemgo.ch\\\/supplier-qualification\\\/\",\"url\":\"https:\\\/\\\/www.chemgo.ch\\\/supplier-qualification\\\/\",\"name\":\"Supplier Qualification & Regulatory Support - Chemgo AG\",\"isPartOf\":{\"@id\":\"https:\\\/\\\/www.chemgo.ch\\\/#website\"},\"datePublished\":\"2025-09-08T13:49:23+00:00\",\"dateModified\":\"2025-09-16T13:31:32+00:00\",\"breadcrumb\":{\"@id\":\"https:\\\/\\\/www.chemgo.ch\\\/supplier-qualification\\\/#breadcrumb\"},\"inLanguage\":\"de\",\"potentialAction\":[{\"@type\":\"ReadAction\",\"target\":[\"https:\\\/\\\/www.chemgo.ch\\\/supplier-qualification\\\/\"]}]},{\"@type\":\"BreadcrumbList\",\"@id\":\"https:\\\/\\\/www.chemgo.ch\\\/supplier-qualification\\\/#breadcrumb\",\"itemListElement\":[{\"@type\":\"ListItem\",\"position\":1,\"name\":\"Startseite\",\"item\":\"https:\\\/\\\/www.chemgo.ch\\\/\"},{\"@type\":\"ListItem\",\"position\":2,\"name\":\"Supplier Qualification &#038; Regulatory Support\"}]},{\"@type\":\"WebSite\",\"@id\":\"https:\\\/\\\/www.chemgo.ch\\\/#website\",\"url\":\"https:\\\/\\\/www.chemgo.ch\\\/\",\"name\":\"Chemgo AG\",\"description\":\"\",\"publisher\":{\"@id\":\"https:\\\/\\\/www.chemgo.ch\\\/#organization\"},\"potentialAction\":[{\"@type\":\"SearchAction\",\"target\":{\"@type\":\"EntryPoint\",\"urlTemplate\":\"https:\\\/\\\/www.chemgo.ch\\\/?s={search_term_string}\"},\"query-input\":{\"@type\":\"PropertyValueSpecification\",\"valueRequired\":true,\"valueName\":\"search_term_string\"}}],\"inLanguage\":\"de\"},{\"@type\":\"Organization\",\"@id\":\"https:\\\/\\\/www.chemgo.ch\\\/#organization\",\"name\":\"Chemgo AG\",\"url\":\"https:\\\/\\\/www.chemgo.ch\\\/\",\"logo\":{\"@type\":\"ImageObject\",\"inLanguage\":\"de\",\"@id\":\"https:\\\/\\\/www.chemgo.ch\\\/#\\\/schema\\\/logo\\\/image\\\/\",\"url\":\"https:\\\/\\\/www.chemgo.ch\\\/wp-content\\\/uploads\\\/2024\\\/02\\\/cropped-cropped-cropped-RZ_Chemgo-Logo-RGB-removebg-preview.png\",\"contentUrl\":\"https:\\\/\\\/www.chemgo.ch\\\/wp-content\\\/uploads\\\/2024\\\/02\\\/cropped-cropped-cropped-RZ_Chemgo-Logo-RGB-removebg-preview.png\",\"width\":713,\"height\":345,\"caption\":\"Chemgo AG\"},\"image\":{\"@id\":\"https:\\\/\\\/www.chemgo.ch\\\/#\\\/schema\\\/logo\\\/image\\\/\"},\"sameAs\":[\"https:\\\/\\\/ch.linkedin.com\\\/company\\\/chemgo-organica-ag?original_referer=httpswww.google.com\"]}]}<\/script>\n<!-- \/ Yoast SEO plugin. -->","yoast_head_json":{"title":"Lieferantenqualifizierung und regulatorische Unterst\u00fctzung - Chemgo AG","robots":{"index":"index","follow":"follow","max-snippet":"max-snippet:-1","max-image-preview":"max-image-preview:large","max-video-preview":"max-video-preview:-1"},"canonical":"https:\/\/www.chemgo.ch\/de\/lieferantenqualifizierung\/","og_locale":"de_DE","og_type":"article","og_title":"Supplier Qualification & Regulatory Support - Chemgo AG","og_description":"Supplier Qualification &amp; Regulatory Support Supplier Qualification &amp; Regulatory Support by Chemgo At&nbsp;Chemgo, we offer comprehensive&nbsp;supplier qualification&nbsp;and&nbsp;regulatory support&nbsp;to ensure that your&nbsp;procurement&nbsp;of&nbsp;chemicals&nbsp;and intermediates is compliant, reliable, and efficient. As an experienced&nbsp;chemical agency, we help businesses navigate the complexities of selecting qualified suppliers and adhering to global regulatory standards. Our expert team ensures that all&nbsp;products for your [&hellip;]","og_url":"https:\/\/www.chemgo.ch\/de\/lieferantenqualifizierung\/","og_site_name":"Chemgo AG","article_publisher":"https:\/\/ch.linkedin.com\/company\/chemgo-organica-ag?original_referer=httpswww.google.com","article_modified_time":"2025-09-16T13:31:32+00:00","twitter_card":"summary_large_image","twitter_misc":{"Gesch\u00e4tzte Lesezeit":"2\u00a0Minuten"},"schema":{"@context":"https:\/\/schema.org","@graph":[{"@type":"WebPage","@id":"https:\/\/www.chemgo.ch\/supplier-qualification\/","url":"https:\/\/www.chemgo.ch\/supplier-qualification\/","name":"Lieferantenqualifizierung und regulatorische Unterst\u00fctzung - Chemgo AG","isPartOf":{"@id":"https:\/\/www.chemgo.ch\/#website"},"datePublished":"2025-09-08T13:49:23+00:00","dateModified":"2025-09-16T13:31:32+00:00","breadcrumb":{"@id":"https:\/\/www.chemgo.ch\/supplier-qualification\/#breadcrumb"},"inLanguage":"de","potentialAction":[{"@type":"ReadAction","target":["https:\/\/www.chemgo.ch\/supplier-qualification\/"]}]},{"@type":"BreadcrumbList","@id":"https:\/\/www.chemgo.ch\/supplier-qualification\/#breadcrumb","itemListElement":[{"@type":"ListItem","position":1,"name":"Startseite","item":"https:\/\/www.chemgo.ch\/"},{"@type":"ListItem","position":2,"name":"Supplier Qualification &#038; Regulatory Support"}]},{"@type":"WebSite","@id":"https:\/\/www.chemgo.ch\/#website","url":"https:\/\/www.chemgo.ch\/","name":"Chemgo AG","description":"","publisher":{"@id":"https:\/\/www.chemgo.ch\/#organization"},"potentialAction":[{"@type":"SearchAction","target":{"@type":"EntryPoint","urlTemplate":"https:\/\/www.chemgo.ch\/?s={search_term_string}"},"query-input":{"@type":"PropertyValueSpecification","valueRequired":true,"valueName":"search_term_string"}}],"inLanguage":"de"},{"@type":"Organization","@id":"https:\/\/www.chemgo.ch\/#organization","name":"Chemgo AG","url":"https:\/\/www.chemgo.ch\/","logo":{"@type":"ImageObject","inLanguage":"de","@id":"https:\/\/www.chemgo.ch\/#\/schema\/logo\/image\/","url":"https:\/\/www.chemgo.ch\/wp-content\/uploads\/2024\/02\/cropped-cropped-cropped-RZ_Chemgo-Logo-RGB-removebg-preview.png","contentUrl":"https:\/\/www.chemgo.ch\/wp-content\/uploads\/2024\/02\/cropped-cropped-cropped-RZ_Chemgo-Logo-RGB-removebg-preview.png","width":713,"height":345,"caption":"Chemgo AG"},"image":{"@id":"https:\/\/www.chemgo.ch\/#\/schema\/logo\/image\/"},"sameAs":["https:\/\/ch.linkedin.com\/company\/chemgo-organica-ag?original_referer=httpswww.google.com"]}]}},"_links":{"self":[{"href":"https:\/\/www.chemgo.ch\/de\/wp-json\/wp\/v2\/pages\/13311","targetHints":{"allow":["GET"]}}],"collection":[{"href":"https:\/\/www.chemgo.ch\/de\/wp-json\/wp\/v2\/pages"}],"about":[{"href":"https:\/\/www.chemgo.ch\/de\/wp-json\/wp\/v2\/types\/page"}],"author":[{"embeddable":true,"href":"https:\/\/www.chemgo.ch\/de\/wp-json\/wp\/v2\/users\/7"}],"replies":[{"embeddable":true,"href":"https:\/\/www.chemgo.ch\/de\/wp-json\/wp\/v2\/comments?post=13311"}],"version-history":[{"count":0,"href":"https:\/\/www.chemgo.ch\/de\/wp-json\/wp\/v2\/pages\/13311\/revisions"}],"wp:attachment":[{"href":"https:\/\/www.chemgo.ch\/de\/wp-json\/wp\/v2\/media?parent=13311"}],"curies":[{"name":"wp","href":"https:\/\/api.w.org\/{rel}","templated":true}]}}