{"id":13303,"date":"2025-09-08T15:48:02","date_gmt":"2025-09-08T13:48:02","guid":{"rendered":"https:\/\/www.chemgo.ch\/project-management\/"},"modified":"2025-09-16T15:28:11","modified_gmt":"2025-09-16T13:28:11","slug":"projektleitung","status":"publish","type":"page","link":"https:\/\/www.chemgo.ch\/de\/project-management\/","title":{"rendered":"Projektleitung"},"content":{"rendered":"<div data-colibri-id=\"13303-c1\" class=\"style-4668 style-local-13303-c1 position-relative\">\n  <!---->\n  <div data-colibri-component=\"section\" data-colibri-id=\"13303-c2\" id=\"custom\" class=\"h-section h-section-global-spacing d-flex align-items-lg-center align-items-md-center align-items-center style-4669 style-local-13303-c2 position-relative\">\n    <!---->\n    <!---->\n    <div class=\"h-section-grid-container h-section-boxed-container\">\n      <!---->\n      <div data-colibri-id=\"13303-c3\" class=\"h-row-container gutters-row-lg-2 gutters-row-md-2 gutters-row-0 gutters-row-v-lg-2 gutters-row-v-md-2 gutters-row-v-2 style-4670 style-local-13303-c3 position-relative\">\n        <!---->\n        <div class=\"h-row justify-content-lg-center justify-content-md-center justify-content-center align-items-lg-stretch align-items-md-stretch align-items-stretch gutters-col-lg-2 gutters-col-md-2 gutters-col-0 gutters-col-v-lg-2 gutters-col-v-md-2 gutters-col-v-2\">\n          <!---->\n          <div class=\"h-column h-column-container d-flex h-col-lg-auto h-col-md-auto h-col-auto style-4671-outer style-local-13303-c4-outer\">\n            <div data-colibri-id=\"13303-c4\" class=\"d-flex h-flex-basis h-column__inner h-px-lg-2 h-px-md-2 h-px-2 v-inner-lg-2 v-inner-md-2 v-inner-2 style-4671 style-local-13303-c4 position-relative\">\n              <!---->\n              <!---->\n              <div class=\"w-100 h-y-container h-column__content h-column__v-align flex-basis-100 align-self-lg-start align-self-md-start align-self-start\">\n                <!---->\n                <div data-colibri-id=\"13303-c5\" class=\"h-global-transition-all h-heading style-4672 style-local-13303-c5 position-relative h-element\">\n                  <!---->\n                  <div class=\"h-heading__outer style-4672 style-local-13303-c5\">\n                    <!---->\n                    <!---->\n                    <h2 class=\"\">Projektleitung<\/h2>\n                  <\/div>\n                <\/div>\n              <\/div>\n            <\/div>\n          <\/div>\n        <\/div>\n      <\/div>\n      <div data-colibri-id=\"13303-c6\" class=\"h-row-container gutters-row-lg-2 gutters-row-md-2 gutters-row-0 gutters-row-v-lg-2 gutters-row-v-md-2 gutters-row-v-2 style-4673 style-local-13303-c6 position-relative\">\n        <!---->\n        <div class=\"h-row justify-content-lg-center justify-content-md-center justify-content-center align-items-lg-stretch align-items-md-stretch align-items-stretch gutters-col-lg-2 gutters-col-md-2 gutters-col-0 gutters-col-v-lg-2 gutters-col-v-md-2 gutters-col-v-2\">\n          <!---->\n          <div class=\"h-column h-column-container d-flex h-col-lg-auto h-col-md-auto h-col-auto style-4674-outer style-local-13303-c7-outer\">\n            <div data-colibri-id=\"13303-c7\" class=\"d-flex h-flex-basis h-column__inner h-px-lg-2 h-px-md-2 h-px-2 v-inner-lg-2 v-inner-md-2 v-inner-2 style-4674 style-local-13303-c7 position-relative\">\n              <!---->\n              <!---->\n              <div class=\"w-100 h-y-container h-column__content h-column__v-align flex-basis-100 align-self-lg-start align-self-md-start align-self-start\">\n                <!---->\n                <div data-colibri-id=\"13303-c8\" class=\"h-text h-text-component style-4675 style-local-13303-c8 position-relative h-element\">\n                  <!---->\n                  <!---->\n                  <div class=\"\">\n                    <p><strong style=\"color: rgb(0, 0, 0);\">Projektmanagement f\u00fcr Projekte im Bereich Spezialchemikalien und Feinchemikalien<\/strong><\/p>\n                    <p><span style=\"color: rgb(0, 0, 0);\">Die Chemgo AG bietet Projektmanagement-Expertise, um die Bed\u00fcrfnisse von Kunden aus den Bereichen Feinchemie und Life Sciences, einschlie\u00dflich Pharma, zu erf\u00fcllen. Dank unserer jahrzehntelangen Erfahrung in der Chemie- und Biowissenschaftsbranche gew\u00e4hrleistet Chemgo die nahtlose Durchf\u00fchrung und das Management komplexer chemischer Auftragssyntheseprojekte. Mit unserem umfangreichen Netzwerk von hochspezialisierten Chemieproduzenten k\u00f6nnen wir L\u00f6sungen f\u00fcr die meisten Ihrer chemischen Herausforderungen anbieten.<\/span><\/p>\n                    <p><span style=\"color: rgb(0, 0, 0);\"> <\/span><\/p>\n                    <p><strong style=\"color: rgb(0, 0, 0);\">Projektkoordination f\u00fcr kundenspezifische Syntheseprojekte<\/strong><\/p>\n                    <p><span style=\"color: rgb(0, 0, 0);\">Das Team von Chemgo fungiert als zentrale Schnittstelle zwischen Kunden und Herstellern bei komplexen chemischen Syntheseprojekten. Durch das Management und die Koordination aller Projektphasen stellen wir sicher, dass die Spezialchemieprodukte gem\u00e4\u00df den definierten Spezifikationen geliefert werden, alle relevanten regulatorischen Standards erf\u00fcllen und innerhalb des vereinbarten Zeitrahmens geliefert werden.<\/span><\/p>\n                    <p><span style=\"color: rgb(0, 0, 0);\"> <\/span><\/p>\n                    <p><strong style=\"color: rgb(0, 0, 0);\"> <\/strong><\/p>\n                    <p><strong style=\"font-family: &quot;Open Sans&quot;; font-size: 16px; color: rgb(0, 0, 0);\">Vorteile von w<\/strong><strong style=\"color: rgb(0, 0, 0);\">Zusammenarbeit mit Chemgo f\u00fcr kundenspezifische Syntheseprojekte<\/strong><\/p>\n                    <ul>\n                      <li><span style=\"color: rgb(0, 0, 0);\">Zuverl\u00e4ssige Beschaffung und Lieferung: Als zuverl\u00e4ssiger Partner f\u00fcr Spezialchemikalien, Feinchemikalien und Laborbedarf stellen wir sicher, dass Ihre Projektanforderungen p\u00fcnktlich und innerhalb der richtigen Spezifikationen geliefert werden.<\/span><\/li>\n                      <li><span style=\"color: rgb(0, 0, 0);\">Projektmanagement &amp; Koordination: Als zentrale Schnittstelle zwischen Kunden und Herstellern stellt Chemgo sicher, dass komplexe chemische Syntheseprojekte mit Sachverstand gemanagt werden, um den einzigartigen Anforderungen jedes Kunden gerecht zu werden, damit das Projekt erfolgreich abgeschlossen werden kann. Einhaltung von Vorschriften und Sicherheit: Wir verstehen die Anforderungen unserer Kunden in Bezug auf Compliance und Sicherheit und sorgen f\u00fcr die Einhaltung von Industrievorschriften, wie z.B. der Gefahrgutvorschriften f\u00fcr den Transport von gef\u00e4hrlichen Chemikalien und Labormaterialien.<\/span><\/li>\n                    <\/ul>\n                    <p>\n                      <br>\n                    <\/p>\n                  <\/div>\n                <\/div>\n              <\/div>\n            <\/div>\n          <\/div>\n        <\/div>\n      <\/div>\n    <\/div>\n  <\/div>\n<\/div>","protected":false},"excerpt":{"rendered":"<p>Project Management Project Management for Specialty Chemicals and Fine Chemicals projects At Chemgo AG, we provide project management expertize in order to meet the needs of clients in the sectors of fine chemicals and life sciences, including Pharma. Leveraging decades of expertise in the chemical and life science industries, Chemgo ensures the seamless execution and [&hellip;]<\/p>\n","protected":false},"author":7,"featured_media":0,"parent":0,"menu_order":0,"comment_status":"closed","ping_status":"closed","template":"page-templates\/full-width-page.php","meta":{"footnotes":""},"class_list":["post-13303","page","type-page","status-publish","hentry"],"yoast_head":"<!-- This site is optimized with the Yoast SEO plugin v27.3 - https:\/\/yoast.com\/product\/yoast-seo-wordpress\/ -->\n<title>Project Management - Chemgo AG<\/title>\n<meta name=\"robots\" content=\"index, follow, max-snippet:-1, max-image-preview:large, max-video-preview:-1\" \/>\n<link rel=\"canonical\" href=\"https:\/\/www.chemgo.ch\/de\/projektleitung\/\" \/>\n<meta property=\"og:locale\" content=\"de_DE\" \/>\n<meta property=\"og:type\" content=\"article\" \/>\n<meta property=\"og:title\" content=\"Project Management - Chemgo AG\" \/>\n<meta property=\"og:description\" content=\"Project Management Project Management for Specialty Chemicals and Fine Chemicals projects At Chemgo AG, we provide project management expertize in order to meet the needs of clients in the sectors of fine chemicals and life sciences, including Pharma. Leveraging decades of expertise in the chemical and life science industries, Chemgo ensures the seamless execution and [&hellip;]\" \/>\n<meta property=\"og:url\" content=\"https:\/\/www.chemgo.ch\/de\/projektleitung\/\" \/>\n<meta property=\"og:site_name\" content=\"Chemgo AG\" \/>\n<meta property=\"article:publisher\" content=\"https:\/\/ch.linkedin.com\/company\/chemgo-organica-ag?original_referer=httpswww.google.com\" \/>\n<meta property=\"article:modified_time\" content=\"2025-09-16T13:28:11+00:00\" \/>\n<meta name=\"twitter:card\" content=\"summary_large_image\" \/>\n<meta name=\"twitter:label1\" content=\"Gesch\u00e4tzte Lesezeit\" \/>\n\t<meta name=\"twitter:data1\" content=\"1\u00a0Minute\" \/>\n<script type=\"application\/ld+json\" class=\"yoast-schema-graph\">{\"@context\":\"https:\\\/\\\/schema.org\",\"@graph\":[{\"@type\":\"WebPage\",\"@id\":\"https:\\\/\\\/www.chemgo.ch\\\/project-management\\\/\",\"url\":\"https:\\\/\\\/www.chemgo.ch\\\/project-management\\\/\",\"name\":\"Project Management - Chemgo AG\",\"isPartOf\":{\"@id\":\"https:\\\/\\\/www.chemgo.ch\\\/#website\"},\"datePublished\":\"2025-09-08T13:48:02+00:00\",\"dateModified\":\"2025-09-16T13:28:11+00:00\",\"breadcrumb\":{\"@id\":\"https:\\\/\\\/www.chemgo.ch\\\/project-management\\\/#breadcrumb\"},\"inLanguage\":\"de\",\"potentialAction\":[{\"@type\":\"ReadAction\",\"target\":[\"https:\\\/\\\/www.chemgo.ch\\\/project-management\\\/\"]}]},{\"@type\":\"BreadcrumbList\",\"@id\":\"https:\\\/\\\/www.chemgo.ch\\\/project-management\\\/#breadcrumb\",\"itemListElement\":[{\"@type\":\"ListItem\",\"position\":1,\"name\":\"Startseite\",\"item\":\"https:\\\/\\\/www.chemgo.ch\\\/\"},{\"@type\":\"ListItem\",\"position\":2,\"name\":\"Project Management\"}]},{\"@type\":\"WebSite\",\"@id\":\"https:\\\/\\\/www.chemgo.ch\\\/#website\",\"url\":\"https:\\\/\\\/www.chemgo.ch\\\/\",\"name\":\"Chemgo AG\",\"description\":\"\",\"publisher\":{\"@id\":\"https:\\\/\\\/www.chemgo.ch\\\/#organization\"},\"potentialAction\":[{\"@type\":\"SearchAction\",\"target\":{\"@type\":\"EntryPoint\",\"urlTemplate\":\"https:\\\/\\\/www.chemgo.ch\\\/?s={search_term_string}\"},\"query-input\":{\"@type\":\"PropertyValueSpecification\",\"valueRequired\":true,\"valueName\":\"search_term_string\"}}],\"inLanguage\":\"de\"},{\"@type\":\"Organization\",\"@id\":\"https:\\\/\\\/www.chemgo.ch\\\/#organization\",\"name\":\"Chemgo AG\",\"url\":\"https:\\\/\\\/www.chemgo.ch\\\/\",\"logo\":{\"@type\":\"ImageObject\",\"inLanguage\":\"de\",\"@id\":\"https:\\\/\\\/www.chemgo.ch\\\/#\\\/schema\\\/logo\\\/image\\\/\",\"url\":\"https:\\\/\\\/www.chemgo.ch\\\/wp-content\\\/uploads\\\/2024\\\/02\\\/cropped-cropped-cropped-RZ_Chemgo-Logo-RGB-removebg-preview.png\",\"contentUrl\":\"https:\\\/\\\/www.chemgo.ch\\\/wp-content\\\/uploads\\\/2024\\\/02\\\/cropped-cropped-cropped-RZ_Chemgo-Logo-RGB-removebg-preview.png\",\"width\":713,\"height\":345,\"caption\":\"Chemgo AG\"},\"image\":{\"@id\":\"https:\\\/\\\/www.chemgo.ch\\\/#\\\/schema\\\/logo\\\/image\\\/\"},\"sameAs\":[\"https:\\\/\\\/ch.linkedin.com\\\/company\\\/chemgo-organica-ag?original_referer=httpswww.google.com\"]}]}<\/script>\n<!-- \/ Yoast SEO plugin. -->","yoast_head_json":{"title":"Projektleitung - Chemgo AG","robots":{"index":"index","follow":"follow","max-snippet":"max-snippet:-1","max-image-preview":"max-image-preview:large","max-video-preview":"max-video-preview:-1"},"canonical":"https:\/\/www.chemgo.ch\/de\/projektleitung\/","og_locale":"de_DE","og_type":"article","og_title":"Project Management - Chemgo AG","og_description":"Project Management Project Management for Specialty Chemicals and Fine Chemicals projects At Chemgo AG, we provide project management expertize in order to meet the needs of clients in the sectors of fine chemicals and life sciences, including Pharma. Leveraging decades of expertise in the chemical and life science industries, Chemgo ensures the seamless execution and [&hellip;]","og_url":"https:\/\/www.chemgo.ch\/de\/projektleitung\/","og_site_name":"Chemgo AG","article_publisher":"https:\/\/ch.linkedin.com\/company\/chemgo-organica-ag?original_referer=httpswww.google.com","article_modified_time":"2025-09-16T13:28:11+00:00","twitter_card":"summary_large_image","twitter_misc":{"Gesch\u00e4tzte Lesezeit":"1\u00a0Minute"},"schema":{"@context":"https:\/\/schema.org","@graph":[{"@type":"WebPage","@id":"https:\/\/www.chemgo.ch\/project-management\/","url":"https:\/\/www.chemgo.ch\/project-management\/","name":"Projektleitung - Chemgo AG","isPartOf":{"@id":"https:\/\/www.chemgo.ch\/#website"},"datePublished":"2025-09-08T13:48:02+00:00","dateModified":"2025-09-16T13:28:11+00:00","breadcrumb":{"@id":"https:\/\/www.chemgo.ch\/project-management\/#breadcrumb"},"inLanguage":"de","potentialAction":[{"@type":"ReadAction","target":["https:\/\/www.chemgo.ch\/project-management\/"]}]},{"@type":"BreadcrumbList","@id":"https:\/\/www.chemgo.ch\/project-management\/#breadcrumb","itemListElement":[{"@type":"ListItem","position":1,"name":"Startseite","item":"https:\/\/www.chemgo.ch\/"},{"@type":"ListItem","position":2,"name":"Project Management"}]},{"@type":"WebSite","@id":"https:\/\/www.chemgo.ch\/#website","url":"https:\/\/www.chemgo.ch\/","name":"Chemgo AG","description":"","publisher":{"@id":"https:\/\/www.chemgo.ch\/#organization"},"potentialAction":[{"@type":"SearchAction","target":{"@type":"EntryPoint","urlTemplate":"https:\/\/www.chemgo.ch\/?s={search_term_string}"},"query-input":{"@type":"PropertyValueSpecification","valueRequired":true,"valueName":"search_term_string"}}],"inLanguage":"de"},{"@type":"Organization","@id":"https:\/\/www.chemgo.ch\/#organization","name":"Chemgo AG","url":"https:\/\/www.chemgo.ch\/","logo":{"@type":"ImageObject","inLanguage":"de","@id":"https:\/\/www.chemgo.ch\/#\/schema\/logo\/image\/","url":"https:\/\/www.chemgo.ch\/wp-content\/uploads\/2024\/02\/cropped-cropped-cropped-RZ_Chemgo-Logo-RGB-removebg-preview.png","contentUrl":"https:\/\/www.chemgo.ch\/wp-content\/uploads\/2024\/02\/cropped-cropped-cropped-RZ_Chemgo-Logo-RGB-removebg-preview.png","width":713,"height":345,"caption":"Chemgo AG"},"image":{"@id":"https:\/\/www.chemgo.ch\/#\/schema\/logo\/image\/"},"sameAs":["https:\/\/ch.linkedin.com\/company\/chemgo-organica-ag?original_referer=httpswww.google.com"]}]}},"_links":{"self":[{"href":"https:\/\/www.chemgo.ch\/de\/wp-json\/wp\/v2\/pages\/13303","targetHints":{"allow":["GET"]}}],"collection":[{"href":"https:\/\/www.chemgo.ch\/de\/wp-json\/wp\/v2\/pages"}],"about":[{"href":"https:\/\/www.chemgo.ch\/de\/wp-json\/wp\/v2\/types\/page"}],"author":[{"embeddable":true,"href":"https:\/\/www.chemgo.ch\/de\/wp-json\/wp\/v2\/users\/7"}],"replies":[{"embeddable":true,"href":"https:\/\/www.chemgo.ch\/de\/wp-json\/wp\/v2\/comments?post=13303"}],"version-history":[{"count":0,"href":"https:\/\/www.chemgo.ch\/de\/wp-json\/wp\/v2\/pages\/13303\/revisions"}],"wp:attachment":[{"href":"https:\/\/www.chemgo.ch\/de\/wp-json\/wp\/v2\/media?parent=13303"}],"curies":[{"name":"wp","href":"https:\/\/api.w.org\/{rel}","templated":true}]}}