{"id":13292,"date":"2025-09-08T15:43:25","date_gmt":"2025-09-08T13:43:25","guid":{"rendered":"https:\/\/www.chemgo.ch\/logistics-warehouse-transport-solutions\/"},"modified":"2025-09-16T15:52:01","modified_gmt":"2025-09-16T13:52:01","slug":"logistiklosungen","status":"publish","type":"page","link":"https:\/\/www.chemgo.ch\/de\/logistics-solutions\/","title":{"rendered":"Logistik-, Lager- und Transportl\u00f6sungen"},"content":{"rendered":"<div data-colibri-id=\"13292-c1\" class=\"style-4660 style-local-13292-c1 position-relative\">\n  <!---->\n  <div data-colibri-component=\"section\" data-colibri-id=\"13292-c2\" id=\"custom\" class=\"h-section h-section-global-spacing d-flex align-items-lg-center align-items-md-center align-items-center style-4661 style-local-13292-c2 position-relative\">\n    <!---->\n    <!---->\n    <div class=\"h-section-grid-container h-section-boxed-container\">\n      <!---->\n      <div data-colibri-id=\"13292-c3\" class=\"h-row-container gutters-row-lg-2 gutters-row-md-2 gutters-row-0 gutters-row-v-lg-2 gutters-row-v-md-2 gutters-row-v-2 style-4662 style-local-13292-c3 position-relative\">\n        <!---->\n        <div class=\"h-row justify-content-lg-center justify-content-md-center justify-content-center align-items-lg-stretch align-items-md-stretch align-items-stretch gutters-col-lg-2 gutters-col-md-2 gutters-col-0 gutters-col-v-lg-2 gutters-col-v-md-2 gutters-col-v-2\">\n          <!---->\n          <div class=\"h-column h-column-container d-flex h-col-lg-auto h-col-md-auto h-col-auto style-4663-outer style-local-13292-c4-outer\">\n            <div data-colibri-id=\"13292-c4\" class=\"d-flex h-flex-basis h-column__inner h-px-lg-2 h-px-md-2 h-px-2 v-inner-lg-2 v-inner-md-2 v-inner-2 style-4663 style-local-13292-c4 position-relative\">\n              <!---->\n              <!---->\n              <div class=\"w-100 h-y-container h-column__content h-column__v-align flex-basis-100 align-self-lg-start align-self-md-start align-self-start\">\n                <!---->\n                <div data-colibri-id=\"13292-c5\" class=\"h-global-transition-all h-heading style-4664 style-local-13292-c5 position-relative h-element\">\n                  <!---->\n                  <div class=\"h-heading__outer style-4664 style-local-13292-c5\">\n                    <!---->\n                    <!---->\n                    <h2 class=\"\">Logistik-, Lager- und Transportl\u00f6sungen<\/h2>\n                  <\/div>\n                <\/div>\n              <\/div>\n            <\/div>\n          <\/div>\n        <\/div>\n      <\/div>\n      <div data-colibri-id=\"13292-c6\" class=\"h-row-container gutters-row-lg-2 gutters-row-md-2 gutters-row-0 gutters-row-v-lg-2 gutters-row-v-md-2 gutters-row-v-2 style-4665 style-local-13292-c6 position-relative\">\n        <!---->\n        <div class=\"h-row justify-content-lg-center justify-content-md-center justify-content-center align-items-lg-stretch align-items-md-stretch align-items-stretch gutters-col-lg-2 gutters-col-md-2 gutters-col-0 gutters-col-v-lg-2 gutters-col-v-md-2 gutters-col-v-2\">\n          <!---->\n          <div class=\"h-column h-column-container d-flex h-col-lg-auto h-col-md-auto h-col-auto style-4666-outer style-local-13292-c7-outer\">\n            <div data-colibri-id=\"13292-c7\" class=\"d-flex h-flex-basis h-column__inner h-px-lg-2 h-px-md-2 h-px-2 v-inner-lg-2 v-inner-md-2 v-inner-2 style-4666 style-local-13292-c7 position-relative\">\n              <!---->\n              <!---->\n              <div class=\"w-100 h-y-container h-column__content h-column__v-align flex-basis-100 align-self-lg-start align-self-md-start align-self-start\">\n                <!---->\n                <div data-colibri-id=\"13292-c8\" class=\"h-text h-text-component style-4667 style-local-13292-c8 position-relative h-element\">\n                  <!---->\n                  <!---->\n                  <div class=\"\">\n                    <p><strong style=\"font-weight: 700; color: rgb(0, 0, 0);\">Logistik-, Lager- und Transportl\u00f6sungen von Chemgo<\/strong><\/p>\n                    <p><span style=\"color: rgb(3, 3, 3);\">Chemgo bietet umfassende Logistik-, Lager- und Transportl\u00f6sungen f\u00fcr Chemikalien an. Als erfahrener Chemiedienstleister sind wir auf die sichere Handhabung, Lagerung und Lieferung von Chemikalien spezialisiert, um die Anforderungen von Unternehmen in verschiedenen Branchen zu erf\u00fcllen. Unsere fortschrittlichen Logistikdienste sorgen daf\u00fcr, dass Ihre Produkte effizient verwaltet und p\u00fcnktlich ausgeliefert werden, wobei wir die h\u00f6chsten Sicherheits- und Regulierungsstandards einhalten.<\/span><\/p>\n                    <p>\n                      <br>\n                    <\/p>\n                    <p><strong style=\"color: rgb(3, 3, 3);\">Chemiedistribution in der Schweiz, Deutschland, Frankreich und den umliegenden M\u00e4rkten<\/strong><\/p>\n                    <p><span style=\"color: rgb(3, 3, 3);\">Mit Mitarbeitern in der Schweiz und in Frankreich ist Chemgo ein zuverl\u00e4ssiger Chemiedienstleister, der nahtlose Transport- und Lagerl\u00f6sungen f\u00fcr Chemikalien in ganz Europa anbietet. Ganz gleich, ob Sie Chemikalien in gro\u00dfen Mengen f\u00fcr die Produktion beschaffen oder Spezialprodukte grenz\u00fcberschreitend liefern m\u00fcssen, wir bieten eine Reihe von anpassbaren Dienstleistungen, um Ihre spezifischen logistischen Anforderungen zu erf\u00fcllen.<\/span><\/p>\n                    <p>\n                      <br>\n                    <\/p>\n                    <p><strong style=\"color: rgb(3, 3, 3);\">Zuverl\u00e4ssige Lagerl\u00f6sungen f\u00fcr Chemikalien<\/strong><\/p>\n                    <p><span style=\"color: rgb(3, 3, 3);\">Chemgo arbeitet mit ausgewiesenen Experten f\u00fcr die Lagerung von Chemikalien zusammen, um die h\u00f6chsten Industriestandards einzuhalten und die sichere und vorschriftsm\u00e4\u00dfige Lagerung einer breiten Palette chemischer Produkte zu gew\u00e4hrleisten. Als f\u00fchrende Chemikalienagentur und -distributor wissen wir, wie wichtig optimale Lagerbedingungen sind, um die Integrit\u00e4t der Produkte zu erhalten. Von gef\u00e4hrlichen Chemikalien bis hin zu Laborbedarf und Spezialverbindungen sorgen wir f\u00fcr eine ordnungsgem\u00e4\u00dfe Lagerung, die allen Sicherheits- und Regulierungsanforderungen auf dem europ\u00e4ischen Markt entspricht.<\/span><\/p>\n                    <p>\n                      <br>\n                    <\/p>\n                    <p><strong style=\"color: rgb(3, 3, 3);\">Effiziente Transportl\u00f6sungen \u00fcber die Grenzen hinweg<\/strong><\/p>\n                    <p><span style=\"color: rgb(3, 3, 3);\">Mit seinem breiten Netzwerk von internationalen Spediteuren bietet Chemgo effiziente Transportl\u00f6sungen f\u00fcr Chemikalien und gew\u00e4hrleistet eine zuverl\u00e4ssige und p\u00fcnktliche Lieferung weltweit. . Wir sind darauf spezialisiert, sowohl gro\u00dfvolumige Sendungen als auch zeitkritische Lieferungen zu managen, damit Ihre Chemikalien sicher und p\u00fcnktlich ankommen. Ob es um den Transport von Produkten innerhalb Europas oder die Koordination internationaler Sendungen geht, unser robustes Logistiknetzwerk ist darauf zugeschnitten, Ihre spezifischen Anforderungen mit Pr\u00e4zision und Zuverl\u00e4ssigkeit zu erf\u00fcllen.<\/span><\/p>\n                    <p>\n                      <br>\n                    <\/p>\n                    <p><strong style=\"color: rgb(3, 3, 3);\">Sicherheit und Compliance in der Chemielogistik<\/strong><\/p>\n                    <p><span style=\"color: rgb(3, 3, 3);\">Als vertrauensw\u00fcrdiges Chemieunternehmen stellen wir die Sicherheit und die Einhaltung von Vorschriften in den Mittelpunkt jeder Logistik-, Lager- und Transportoperation. Unser hochqualifiziertes Team sorgt f\u00fcr einen verantwortungsvollen Umgang mit gef\u00e4hrlichen G\u00fctern und garantiert, dass jede Sendung mit \u00e4u\u00dferster Sorgfalt und in strikter \u00dcbereinstimmung mit lokalen und internationalen Vorschriften abgewickelt wird.<\/span><\/p>\n                    <p>\n                      <br>\n                    <\/p>\n                    <p><strong style=\"color: rgb(3, 3, 3);\">Vorteile der Zusammenarbeit mit Chemgo f\u00fcr die Chemielogistik<\/strong><\/p>\n                    <ul>\n                      <li><strong style=\"color: rgb(3, 3, 3); font-weight: 400;\">Grenz\u00fcberschreitende Effizienz:<\/strong><span style=\"color: rgb(3, 3, 3);\"> Mit Niederlassungen in der Schweiz und in Frankreich rationalisiert Chemgo den Logistikprozess und bietet nahtlose Transportl\u00f6sungen \u00fcber die Grenzen hinweg.<\/span><\/li>\n                      <li><strong style=\"color: rgb(3, 3, 3); font-weight: 400;\">Fachkundiger Umgang mit Chemikalien:<\/strong><span style=\"color: rgb(3, 3, 3);\"> Als vertrauensw\u00fcrdige Chemieagentur verf\u00fcgt Chemgo \u00fcber bew\u00e4hrte Fachkenntnisse im Umgang mit Spezialchemikalien, Feinchemikalien sowie Laborinstrumenten und -bedarf. <\/span><\/li>\n                      <li><strong style=\"color: rgb(3, 3, 3); font-weight: 400;\">Sicherheit &amp; Compliance:<\/strong><span style=\"color: rgb(3, 3, 3);\"> Chemgo sorgt daf\u00fcr, dass alle Chemikalien sicher gelagert und transportiert werden und befolgt dabei alle relevanten Vorschriften des Marktes.<\/span><\/li>\n                      <li><strong style=\"color: rgb(3, 3, 3); font-weight: 400;\">Ma\u00dfgeschneiderte L\u00f6sungen:<\/strong><span style=\"color: rgb(3, 3, 3);\"> Mit seinem breiten Netzwerk an internationalen Spediteuren bietet Chemgo ma\u00dfgeschneiderte Logistik- und Lagerdienstleistungen f\u00fcr die spezifischen Anforderungen Ihres Chemiegesch\u00e4fts, von der Lagerung bis zur Auslieferung.<\/span><\/li>\n                    <\/ul>\n                    <p>\n                      <br>\n                    <\/p>\n                  <\/div>\n                <\/div>\n              <\/div>\n            <\/div>\n          <\/div>\n        <\/div>\n      <\/div>\n    <\/div>\n  <\/div>\n<\/div>","protected":false},"excerpt":{"rendered":"<p>Logistics, Warehouse &amp; Transport Solutions Logistics, Warehouse &amp; Transport Solutions by Chemgo At&nbsp;Chemgo, we offer comprehensive&nbsp;logistics,&nbsp;warehouse, and&nbsp;transport solutions&nbsp;for&nbsp;chemicals. As an experienced&nbsp;chemical agency, we specialize in the safe handling, storage, and delivery of&nbsp;chemicals&nbsp;to meet the needs of businesses in various industries. Our advanced logistical services ensure that your products are managed efficiently and delivered on time, [&hellip;]<\/p>\n","protected":false},"author":7,"featured_media":0,"parent":0,"menu_order":0,"comment_status":"closed","ping_status":"closed","template":"page-templates\/full-width-page.php","meta":{"footnotes":""},"class_list":["post-13292","page","type-page","status-publish","hentry"],"yoast_head":"<!-- This site is optimized with the Yoast SEO plugin v27.3 - https:\/\/yoast.com\/product\/yoast-seo-wordpress\/ -->\n<title>Logistics, Warehouse &amp; Transport Solutions - Chemgo AG<\/title>\n<meta name=\"robots\" content=\"index, follow, max-snippet:-1, max-image-preview:large, max-video-preview:-1\" \/>\n<link rel=\"canonical\" href=\"https:\/\/www.chemgo.ch\/de\/logistiklosungen\/\" \/>\n<meta property=\"og:locale\" content=\"de_DE\" \/>\n<meta property=\"og:type\" content=\"article\" \/>\n<meta property=\"og:title\" content=\"Logistics, Warehouse &amp; Transport Solutions - Chemgo AG\" \/>\n<meta property=\"og:description\" content=\"Logistics, Warehouse &amp; Transport Solutions Logistics, Warehouse &amp; Transport Solutions by Chemgo At&nbsp;Chemgo, we offer comprehensive&nbsp;logistics,&nbsp;warehouse, and&nbsp;transport solutions&nbsp;for&nbsp;chemicals. As an experienced&nbsp;chemical agency, we specialize in the safe handling, storage, and delivery of&nbsp;chemicals&nbsp;to meet the needs of businesses in various industries. Our advanced logistical services ensure that your products are managed efficiently and delivered on time, [&hellip;]\" \/>\n<meta property=\"og:url\" content=\"https:\/\/www.chemgo.ch\/de\/logistiklosungen\/\" \/>\n<meta property=\"og:site_name\" content=\"Chemgo AG\" \/>\n<meta property=\"article:publisher\" content=\"https:\/\/ch.linkedin.com\/company\/chemgo-organica-ag?original_referer=httpswww.google.com\" \/>\n<meta property=\"article:modified_time\" content=\"2025-09-16T13:52:01+00:00\" \/>\n<meta name=\"twitter:card\" content=\"summary_large_image\" \/>\n<meta name=\"twitter:label1\" content=\"Gesch\u00e4tzte Lesezeit\" \/>\n\t<meta name=\"twitter:data1\" content=\"2\u00a0Minuten\" \/>\n<script type=\"application\/ld+json\" class=\"yoast-schema-graph\">{\"@context\":\"https:\\\/\\\/schema.org\",\"@graph\":[{\"@type\":\"WebPage\",\"@id\":\"https:\\\/\\\/www.chemgo.ch\\\/logistics-solutions\\\/\",\"url\":\"https:\\\/\\\/www.chemgo.ch\\\/logistics-solutions\\\/\",\"name\":\"Logistics, Warehouse & Transport Solutions - Chemgo AG\",\"isPartOf\":{\"@id\":\"https:\\\/\\\/www.chemgo.ch\\\/#website\"},\"datePublished\":\"2025-09-08T13:43:25+00:00\",\"dateModified\":\"2025-09-16T13:52:01+00:00\",\"breadcrumb\":{\"@id\":\"https:\\\/\\\/www.chemgo.ch\\\/logistics-solutions\\\/#breadcrumb\"},\"inLanguage\":\"de\",\"potentialAction\":[{\"@type\":\"ReadAction\",\"target\":[\"https:\\\/\\\/www.chemgo.ch\\\/logistics-solutions\\\/\"]}]},{\"@type\":\"BreadcrumbList\",\"@id\":\"https:\\\/\\\/www.chemgo.ch\\\/logistics-solutions\\\/#breadcrumb\",\"itemListElement\":[{\"@type\":\"ListItem\",\"position\":1,\"name\":\"Startseite\",\"item\":\"https:\\\/\\\/www.chemgo.ch\\\/\"},{\"@type\":\"ListItem\",\"position\":2,\"name\":\"Logistics, Warehouse &#038; Transport Solutions\"}]},{\"@type\":\"WebSite\",\"@id\":\"https:\\\/\\\/www.chemgo.ch\\\/#website\",\"url\":\"https:\\\/\\\/www.chemgo.ch\\\/\",\"name\":\"Chemgo AG\",\"description\":\"\",\"publisher\":{\"@id\":\"https:\\\/\\\/www.chemgo.ch\\\/#organization\"},\"potentialAction\":[{\"@type\":\"SearchAction\",\"target\":{\"@type\":\"EntryPoint\",\"urlTemplate\":\"https:\\\/\\\/www.chemgo.ch\\\/?s={search_term_string}\"},\"query-input\":{\"@type\":\"PropertyValueSpecification\",\"valueRequired\":true,\"valueName\":\"search_term_string\"}}],\"inLanguage\":\"de\"},{\"@type\":\"Organization\",\"@id\":\"https:\\\/\\\/www.chemgo.ch\\\/#organization\",\"name\":\"Chemgo AG\",\"url\":\"https:\\\/\\\/www.chemgo.ch\\\/\",\"logo\":{\"@type\":\"ImageObject\",\"inLanguage\":\"de\",\"@id\":\"https:\\\/\\\/www.chemgo.ch\\\/#\\\/schema\\\/logo\\\/image\\\/\",\"url\":\"https:\\\/\\\/www.chemgo.ch\\\/wp-content\\\/uploads\\\/2024\\\/02\\\/cropped-cropped-cropped-RZ_Chemgo-Logo-RGB-removebg-preview.png\",\"contentUrl\":\"https:\\\/\\\/www.chemgo.ch\\\/wp-content\\\/uploads\\\/2024\\\/02\\\/cropped-cropped-cropped-RZ_Chemgo-Logo-RGB-removebg-preview.png\",\"width\":713,\"height\":345,\"caption\":\"Chemgo AG\"},\"image\":{\"@id\":\"https:\\\/\\\/www.chemgo.ch\\\/#\\\/schema\\\/logo\\\/image\\\/\"},\"sameAs\":[\"https:\\\/\\\/ch.linkedin.com\\\/company\\\/chemgo-organica-ag?original_referer=httpswww.google.com\"]}]}<\/script>\n<!-- \/ Yoast SEO plugin. -->","yoast_head_json":{"title":"Logistik-, Lager- und Transportl\u00f6sungen - Chemgo AG","robots":{"index":"index","follow":"follow","max-snippet":"max-snippet:-1","max-image-preview":"max-image-preview:large","max-video-preview":"max-video-preview:-1"},"canonical":"https:\/\/www.chemgo.ch\/de\/logistiklosungen\/","og_locale":"de_DE","og_type":"article","og_title":"Logistics, Warehouse & Transport Solutions - Chemgo AG","og_description":"Logistics, Warehouse &amp; Transport Solutions Logistics, Warehouse &amp; Transport Solutions by Chemgo At&nbsp;Chemgo, we offer comprehensive&nbsp;logistics,&nbsp;warehouse, and&nbsp;transport solutions&nbsp;for&nbsp;chemicals. As an experienced&nbsp;chemical agency, we specialize in the safe handling, storage, and delivery of&nbsp;chemicals&nbsp;to meet the needs of businesses in various industries. Our advanced logistical services ensure that your products are managed efficiently and delivered on time, [&hellip;]","og_url":"https:\/\/www.chemgo.ch\/de\/logistiklosungen\/","og_site_name":"Chemgo AG","article_publisher":"https:\/\/ch.linkedin.com\/company\/chemgo-organica-ag?original_referer=httpswww.google.com","article_modified_time":"2025-09-16T13:52:01+00:00","twitter_card":"summary_large_image","twitter_misc":{"Gesch\u00e4tzte Lesezeit":"2\u00a0Minuten"},"schema":{"@context":"https:\/\/schema.org","@graph":[{"@type":"WebPage","@id":"https:\/\/www.chemgo.ch\/logistics-solutions\/","url":"https:\/\/www.chemgo.ch\/logistics-solutions\/","name":"Logistik-, Lager- und Transportl\u00f6sungen - Chemgo AG","isPartOf":{"@id":"https:\/\/www.chemgo.ch\/#website"},"datePublished":"2025-09-08T13:43:25+00:00","dateModified":"2025-09-16T13:52:01+00:00","breadcrumb":{"@id":"https:\/\/www.chemgo.ch\/logistics-solutions\/#breadcrumb"},"inLanguage":"de","potentialAction":[{"@type":"ReadAction","target":["https:\/\/www.chemgo.ch\/logistics-solutions\/"]}]},{"@type":"BreadcrumbList","@id":"https:\/\/www.chemgo.ch\/logistics-solutions\/#breadcrumb","itemListElement":[{"@type":"ListItem","position":1,"name":"Startseite","item":"https:\/\/www.chemgo.ch\/"},{"@type":"ListItem","position":2,"name":"Logistics, Warehouse &#038; Transport Solutions"}]},{"@type":"WebSite","@id":"https:\/\/www.chemgo.ch\/#website","url":"https:\/\/www.chemgo.ch\/","name":"Chemgo AG","description":"","publisher":{"@id":"https:\/\/www.chemgo.ch\/#organization"},"potentialAction":[{"@type":"SearchAction","target":{"@type":"EntryPoint","urlTemplate":"https:\/\/www.chemgo.ch\/?s={search_term_string}"},"query-input":{"@type":"PropertyValueSpecification","valueRequired":true,"valueName":"search_term_string"}}],"inLanguage":"de"},{"@type":"Organization","@id":"https:\/\/www.chemgo.ch\/#organization","name":"Chemgo AG","url":"https:\/\/www.chemgo.ch\/","logo":{"@type":"ImageObject","inLanguage":"de","@id":"https:\/\/www.chemgo.ch\/#\/schema\/logo\/image\/","url":"https:\/\/www.chemgo.ch\/wp-content\/uploads\/2024\/02\/cropped-cropped-cropped-RZ_Chemgo-Logo-RGB-removebg-preview.png","contentUrl":"https:\/\/www.chemgo.ch\/wp-content\/uploads\/2024\/02\/cropped-cropped-cropped-RZ_Chemgo-Logo-RGB-removebg-preview.png","width":713,"height":345,"caption":"Chemgo AG"},"image":{"@id":"https:\/\/www.chemgo.ch\/#\/schema\/logo\/image\/"},"sameAs":["https:\/\/ch.linkedin.com\/company\/chemgo-organica-ag?original_referer=httpswww.google.com"]}]}},"_links":{"self":[{"href":"https:\/\/www.chemgo.ch\/de\/wp-json\/wp\/v2\/pages\/13292","targetHints":{"allow":["GET"]}}],"collection":[{"href":"https:\/\/www.chemgo.ch\/de\/wp-json\/wp\/v2\/pages"}],"about":[{"href":"https:\/\/www.chemgo.ch\/de\/wp-json\/wp\/v2\/types\/page"}],"author":[{"embeddable":true,"href":"https:\/\/www.chemgo.ch\/de\/wp-json\/wp\/v2\/users\/7"}],"replies":[{"embeddable":true,"href":"https:\/\/www.chemgo.ch\/de\/wp-json\/wp\/v2\/comments?post=13292"}],"version-history":[{"count":0,"href":"https:\/\/www.chemgo.ch\/de\/wp-json\/wp\/v2\/pages\/13292\/revisions"}],"wp:attachment":[{"href":"https:\/\/www.chemgo.ch\/de\/wp-json\/wp\/v2\/media?parent=13292"}],"curies":[{"name":"wp","href":"https:\/\/api.w.org\/{rel}","templated":true}]}}