{"id":13235,"date":"2025-09-08T15:32:31","date_gmt":"2025-09-08T13:32:31","guid":{"rendered":"https:\/\/www.chemgo.ch\/dangerous-goods-reach\/"},"modified":"2025-09-16T15:26:45","modified_gmt":"2025-09-16T13:26:45","slug":"gefahrgut-erreichen","status":"publish","type":"page","link":"https:\/\/www.chemgo.ch\/de\/dangerous-goods-reach\/","title":{"rendered":"Gef\u00e4hrliche G\u00fcter &amp; Reichweite"},"content":{"rendered":"<div data-colibri-id=\"13235-c1\" class=\"style-4634 style-local-13235-c1 position-relative\">\n  <!---->\n  <div data-colibri-component=\"section\" data-colibri-id=\"13235-c2\" id=\"custom\" class=\"h-section h-section-global-spacing d-flex align-items-lg-center align-items-md-center align-items-center style-4635 style-local-13235-c2 position-relative\">\n    <!---->\n    <!---->\n    <div class=\"h-section-grid-container h-section-boxed-container\">\n      <!---->\n      <div data-colibri-id=\"13235-c3\" class=\"h-row-container gutters-row-lg-2 gutters-row-md-2 gutters-row-0 gutters-row-v-lg-2 gutters-row-v-md-2 gutters-row-v-2 style-4636 style-local-13235-c3 position-relative\">\n        <!---->\n        <div class=\"h-row justify-content-lg-center justify-content-md-center justify-content-center align-items-lg-stretch align-items-md-stretch align-items-stretch gutters-col-lg-2 gutters-col-md-2 gutters-col-0 gutters-col-v-lg-2 gutters-col-v-md-2 gutters-col-v-2\">\n          <!---->\n          <div class=\"h-column h-column-container d-flex h-col-lg-auto h-col-md-auto h-col-auto style-4637-outer style-local-13235-c4-outer\">\n            <div data-colibri-id=\"13235-c4\" class=\"d-flex h-flex-basis h-column__inner h-px-lg-2 h-px-md-2 h-px-2 v-inner-lg-2 v-inner-md-2 v-inner-2 style-4637 style-local-13235-c4 position-relative\">\n              <!---->\n              <!---->\n              <div class=\"w-100 h-y-container h-column__content h-column__v-align flex-basis-100 align-self-lg-start align-self-md-start align-self-start\">\n                <!---->\n                <div data-colibri-id=\"13235-c5\" class=\"h-global-transition-all h-heading style-4638 style-local-13235-c5 position-relative h-element\">\n                  <!---->\n                  <div class=\"h-heading__outer style-4638 style-local-13235-c5\">\n                    <!---->\n                    <!---->\n                    <h2 class=\"\">Gef\u00e4hrliche G\u00fcter &amp; Reichweite<\/h2>\n                  <\/div>\n                <\/div>\n              <\/div>\n            <\/div>\n          <\/div>\n        <\/div>\n      <\/div>\n      <div data-colibri-id=\"13235-c6\" class=\"h-row-container gutters-row-lg-2 gutters-row-md-2 gutters-row-0 gutters-row-v-lg-2 gutters-row-v-md-2 gutters-row-v-2 style-4639 style-local-13235-c6 position-relative\">\n        <!---->\n        <div class=\"h-row justify-content-lg-center justify-content-md-center justify-content-center align-items-lg-stretch align-items-md-stretch align-items-stretch gutters-col-lg-2 gutters-col-md-2 gutters-col-0 gutters-col-v-lg-2 gutters-col-v-md-2 gutters-col-v-2\">\n          <!---->\n          <div class=\"h-column h-column-container d-flex h-col-lg-auto h-col-md-auto h-col-auto style-4640-outer style-local-13235-c7-outer\">\n            <div data-colibri-id=\"13235-c7\" class=\"d-flex h-flex-basis h-column__inner h-px-lg-2 h-px-md-2 h-px-2 v-inner-lg-2 v-inner-md-2 v-inner-2 style-4640 style-local-13235-c7 position-relative\">\n              <!---->\n              <!---->\n              <div class=\"w-100 h-y-container h-column__content h-column__v-align flex-basis-100 align-self-lg-start align-self-md-start align-self-start\">\n                <!---->\n                <div data-colibri-id=\"13235-c8\" class=\"h-text h-text-component style-4641 style-local-13235-c8 position-relative h-element\">\n                  <!---->\n                  <!---->\n                  <div class=\"\">\n                    <p><strong style=\"color: rgb(0, 0, 0); font-weight: 700;\">Gefahrgut &amp; REACH-Konformit\u00e4t f\u00fcr Chemikalien<\/strong><\/p>\n                    <p><span style=\"color: rgb(0, 0, 0); font-weight: 400;\">Unter&nbsp;<\/span><strong style=\"color: rgb(0, 0, 0); font-weight: 400;\">Chemgo<\/strong><span style=\"color: rgb(0, 0, 0); font-weight: 400;\">Wir sind spezialisiert auf die gesetzeskonforme und sichere Handhabung und Verteilung von&nbsp;<\/span>\n                      <strong\n                        style=\"color: rgb(0, 0, 0); font-weight: 400;\">Chemikalien<\/strong><span style=\"color: rgb(0, 0, 0); font-weight: 400;\"> - von aktiven pharmazeutischen Wirkstoffen (APIs) und Zwischenprodukten bis hin zu L\u00f6sungsmitteln und Reagenzien. Unsere Prozesse orientieren sich an internationalen Vorschriften - einschlie\u00dflich REACH. Ob Sie nun mit&nbsp;<\/span>\n                        <strong\n                          style=\"color: rgb(0, 0, 0); font-weight: 400;\">chemische Reagenzien<\/strong><span style=\"color: rgb(0, 0, 0); font-weight: 400;\">&nbsp;oder gef\u00e4hrlich&nbsp;<\/span><strong style=\"color: rgb(0, 0, 0); font-weight: 400;\">Chemikalien<\/strong><span style=\"color: rgb(0, 0, 0); font-weight: 400;\">Wir verf\u00fcgen \u00fcber das Fachwissen, um die Komplexit\u00e4t globaler Vorschriften und Lieferketten zu bew\u00e4ltigen.<\/span><\/p>\n                    <p>\n                      <br>\n                    <\/p>\n                    <p><strong style=\"color: rgb(0, 0, 0); font-weight: 700;\">Was sind gef\u00e4hrliche G\u00fcter?<\/strong><\/p>\n                    <p><strong style=\"color: rgb(0, 0, 0); font-weight: 400;\">Gef\u00e4hrliche G\u00fcter<\/strong><span style=\"color: rgb(0, 0, 0); font-weight: 400;\"> sind Materialien, die w\u00e4hrend des Transports ein erhebliches Risiko darstellen k\u00f6nnen. Dazu geh\u00f6ren Stoffe, die f\u00fcr die Gesundheit, die Sicherheit oder die Umwelt gef\u00e4hrlich sein k\u00f6nnen. Diese Kategorie umfasst eine breite Palette von Materialien, darunter&nbsp;<\/span>\n                      <strong\n                        style=\"color: rgb(0, 0, 0); font-weight: 400;\">Chemikalien<\/strong><span style=\"color: rgb(0, 0, 0); font-weight: 400;\">,&nbsp;<\/span><strong style=\"color: rgb(0, 0, 0); font-weight: 400;\">L\u00f6sungsmittel<\/strong><span style=\"color: rgb(0, 0, 0); font-weight: 400;\">,&nbsp;<\/span>\n                        <strong\n                          style=\"color: rgb(0, 0, 0); font-weight: 400;\">APIs<\/strong><span style=\"color: rgb(0, 0, 0); font-weight: 400;\">,&nbsp;<\/span><strong style=\"color: rgb(0, 0, 0); font-weight: 400;\">Zwischenprodukte<\/strong><span style=\"color: rgb(0, 0, 0); font-weight: 400;\">, und&nbsp;<\/span>\n                          <strong\n                            style=\"color: rgb(0, 0, 0); font-weight: 400;\">chemische Reagenzien<\/strong><span style=\"color: rgb(0, 0, 0); font-weight: 400;\">. Diese Stoffe erfordern eine sorgf\u00e4ltige Handhabung und einen sorgf\u00e4ltigen Transport unter Einhaltung der internationalen und lokalen Gefahrgutvorschriften, um Unf\u00e4lle und Umweltsch\u00e4den zu vermeiden.<br> Um einen gesetzeskonformen Transport zu gew\u00e4hrleisten, arbeitet Chemgo mit renommierten Experten auf dem Gebiet der Gefahrgutspedition zusammen.<\/span><\/p>\n                    <p>\n                      <br>\n                    <\/p>\n                    <p><strong style=\"color: rgb(0, 0, 0); font-weight: 700;\">Die Rolle von REACH bei der Chemikaliensicherheit<\/strong><\/p>\n                    <p><span style=\"color: rgb(0, 0, 0); font-weight: 400;\">Die&nbsp;<\/span><strong style=\"color: rgb(0, 0, 0); font-weight: 400;\">REACH<\/strong><span style=\"color: rgb(0, 0, 0); font-weight: 400;\">&nbsp;Die Verordnung zielt darauf ab, die menschliche Gesundheit und die Umwelt vor den Risiken zu sch\u00fctzen, die von&nbsp;<\/span>\n                      <strong\n                        style=\"color: rgb(0, 0, 0); font-weight: 400;\">Chemikalien<\/strong><span style=\"color: rgb(0, 0, 0); font-weight: 400;\">. Hersteller und Importeure von&nbsp;<\/span><strong style=\"color: rgb(0, 0, 0); font-weight: 400;\">chemische Reagenzien<\/strong><span style=\"color: rgb(0, 0, 0); font-weight: 400;\">,&nbsp;<\/span>\n                        <strong\n                          style=\"color: rgb(0, 0, 0); font-weight: 400;\">Zwischenprodukte<\/strong><span style=\"color: rgb(0, 0, 0); font-weight: 400;\">, und&nbsp;<\/span><strong style=\"color: rgb(0, 0, 0); font-weight: 400;\">L\u00f6sungsmittel in die Europ\u00e4ische Union,<\/strong><span style=\"color: rgb(0, 0, 0); font-weight: 400;\">&nbsp;m\u00fcssen entsprechen&nbsp;<\/span>\n                          <strong\n                            style=\"color: rgb(0, 0, 0); font-weight: 400;\">REACH<\/strong><span style=\"color: rgb(0, 0, 0); font-weight: 400;\">&nbsp;indem Sie diese Stoffe bei der Europ\u00e4ischen Chemikalienagentur (ECHA) registrieren lassen. Unter&nbsp;<\/span><strong style=\"color: rgb(0, 0, 0); font-weight: 400;\">Chemgo<\/strong>\n                            <span\n                              style=\"color: rgb(0, 0, 0); font-weight: 400;\">gew\u00e4hrleisten wir volle&nbsp;<\/span><strong style=\"color: rgb(0, 0, 0); font-weight: 400;\">REACH<\/strong><span style=\"color: rgb(0, 0, 0); font-weight: 400;\">&nbsp;Compliance f\u00fcr einen erheblichen Teil unserer&nbsp;<\/span><strong style=\"color: rgb(0, 0, 0); font-weight: 400;\">Produkte finden Sie<\/strong>\n                              <span\n                                style=\"color: rgb(0, 0, 0); font-weight: 400;\">. Um den Marktzugang zu unterst\u00fctzen, bietet Chemgo die REACH-Registrierung der von ihm gelieferten Materialien an - ein Mehrwertdienst f\u00fcr Lieferanten und Kunden.<\/span>\n                    <\/p>\n                    <p>\n                      <br>\n                    <\/p>\n                    <p><strong style=\"color: rgb(0, 0, 0); font-weight: 700;\">Sicherheit im Umgang mit L\u00f6semitteln, Zwischenprodukten und APIs<\/strong><\/p>\n                    <p><span style=\"color: rgb(0, 0, 0); font-weight: 400;\">Handhabung&nbsp;<\/span><strong style=\"color: rgb(0, 0, 0); font-weight: 400;\">L\u00f6sungsmittel<\/strong><span style=\"color: rgb(0, 0, 0); font-weight: 400;\">,&nbsp;<\/span><strong style=\"color: rgb(0, 0, 0); font-weight: 400;\">Zwischenprodukte<\/strong>\n                      <span\n                        style=\"color: rgb(0, 0, 0); font-weight: 400;\">, und&nbsp;<\/span><strong style=\"color: rgb(0, 0, 0); font-weight: 400;\">APIs<\/strong><span style=\"color: rgb(0, 0, 0); font-weight: 400;\"> erfordert spezielle Sicherheitsprotokolle, um die Exposition gegen\u00fcber den mit diesen Substanzen verbundenen Gefahren zu verhindern. Unser erfahrenes Team bietet Ihnen gerne technische Beratung zu diesen Themen, um unsere Kunden effektiv zu unterst\u00fctzen.<\/span><\/p>\n                    <p>\n                      <br>\n                    <\/p>\n                    <p><strong style=\"color: rgb(0, 0, 0); font-weight: 700;\">Vertrauen Sie auf unsere Expertise in Sachen Gefahrgut und REACH-Konformit\u00e4t<\/strong><\/p>\n                    <p><span style=\"color: rgb(0, 0, 0); font-weight: 400;\">Der Umgang mit chemischen Vorschriften kann komplex sein. Chemgo ist Ihr zuverl\u00e4ssiger Partner f\u00fcr sichere Logistik und REACH-konforme Beschaffung von Chemikalien.<\/span><\/p>\n                    <p><span style=\"color: rgb(0, 0, 0); font-weight: 400;\">Nehmen Sie Kontakt auf, um mehr \u00fcber unsere Dienstleistungen im Bereich Gefahrgut und REACH-Konformit\u00e4t zu erfahren.<\/span><strong style=\"color: rgb(0, 0, 0); font-weight: 400;\">ce.<\/strong><\/p>\n                  <\/div>\n                <\/div>\n              <\/div>\n            <\/div>\n          <\/div>\n        <\/div>\n      <\/div>\n    <\/div>\n  <\/div>\n<\/div>","protected":false},"excerpt":{"rendered":"<p>Dangerous Goods &amp; Reach Dangerous Goods &amp; REACH Compliance for Chemicals At&nbsp;Chemgo, we specialize in the compliant and secure handling and distribution of&nbsp; chemicals &#8211; from active pharmaceutical ingredients (APIs) and intermediates to solvents and reagents. Our processes are guided by international regulations \u2013 including REACH.&nbsp;Whether you&#8217;re dealing with&nbsp; chemical reagents&nbsp;or hazardous&nbsp;chemicals, we provide the [&hellip;]<\/p>\n","protected":false},"author":7,"featured_media":0,"parent":0,"menu_order":0,"comment_status":"closed","ping_status":"closed","template":"page-templates\/full-width-page.php","meta":{"footnotes":""},"class_list":["post-13235","page","type-page","status-publish","hentry"],"yoast_head":"<!-- This site is optimized with the Yoast SEO plugin v27.3 - https:\/\/yoast.com\/product\/yoast-seo-wordpress\/ -->\n<title>Dangerous Goods &amp; Reach - Chemgo AG<\/title>\n<meta name=\"robots\" content=\"index, follow, max-snippet:-1, max-image-preview:large, max-video-preview:-1\" \/>\n<link rel=\"canonical\" href=\"https:\/\/www.chemgo.ch\/de\/gefahrgut-erreichen\/\" \/>\n<meta property=\"og:locale\" content=\"de_DE\" \/>\n<meta property=\"og:type\" content=\"article\" \/>\n<meta property=\"og:title\" content=\"Dangerous Goods &amp; Reach - Chemgo AG\" \/>\n<meta property=\"og:description\" content=\"Dangerous Goods &amp; Reach Dangerous Goods &amp; REACH Compliance for Chemicals At&nbsp;Chemgo, we specialize in the compliant and secure handling and distribution of&nbsp; chemicals &#8211; from active pharmaceutical ingredients (APIs) and intermediates to solvents and reagents. Our processes are guided by international regulations \u2013 including REACH.&nbsp;Whether you&#8217;re dealing with&nbsp; chemical reagents&nbsp;or hazardous&nbsp;chemicals, we provide the [&hellip;]\" \/>\n<meta property=\"og:url\" content=\"https:\/\/www.chemgo.ch\/de\/gefahrgut-erreichen\/\" \/>\n<meta property=\"og:site_name\" content=\"Chemgo AG\" \/>\n<meta property=\"article:publisher\" content=\"https:\/\/ch.linkedin.com\/company\/chemgo-organica-ag?original_referer=httpswww.google.com\" \/>\n<meta property=\"article:modified_time\" content=\"2025-09-16T13:26:45+00:00\" \/>\n<meta name=\"twitter:card\" content=\"summary_large_image\" \/>\n<meta name=\"twitter:label1\" content=\"Gesch\u00e4tzte Lesezeit\" \/>\n\t<meta name=\"twitter:data1\" content=\"2\u00a0Minuten\" \/>\n<script type=\"application\/ld+json\" class=\"yoast-schema-graph\">{\"@context\":\"https:\\\/\\\/schema.org\",\"@graph\":[{\"@type\":\"WebPage\",\"@id\":\"https:\\\/\\\/www.chemgo.ch\\\/dangerous-goods-reach\\\/\",\"url\":\"https:\\\/\\\/www.chemgo.ch\\\/dangerous-goods-reach\\\/\",\"name\":\"Dangerous Goods & Reach - Chemgo AG\",\"isPartOf\":{\"@id\":\"https:\\\/\\\/www.chemgo.ch\\\/#website\"},\"datePublished\":\"2025-09-08T13:32:31+00:00\",\"dateModified\":\"2025-09-16T13:26:45+00:00\",\"breadcrumb\":{\"@id\":\"https:\\\/\\\/www.chemgo.ch\\\/dangerous-goods-reach\\\/#breadcrumb\"},\"inLanguage\":\"de\",\"potentialAction\":[{\"@type\":\"ReadAction\",\"target\":[\"https:\\\/\\\/www.chemgo.ch\\\/dangerous-goods-reach\\\/\"]}]},{\"@type\":\"BreadcrumbList\",\"@id\":\"https:\\\/\\\/www.chemgo.ch\\\/dangerous-goods-reach\\\/#breadcrumb\",\"itemListElement\":[{\"@type\":\"ListItem\",\"position\":1,\"name\":\"Startseite\",\"item\":\"https:\\\/\\\/www.chemgo.ch\\\/\"},{\"@type\":\"ListItem\",\"position\":2,\"name\":\"Dangerous Goods &#038; Reach\"}]},{\"@type\":\"WebSite\",\"@id\":\"https:\\\/\\\/www.chemgo.ch\\\/#website\",\"url\":\"https:\\\/\\\/www.chemgo.ch\\\/\",\"name\":\"Chemgo AG\",\"description\":\"\",\"publisher\":{\"@id\":\"https:\\\/\\\/www.chemgo.ch\\\/#organization\"},\"potentialAction\":[{\"@type\":\"SearchAction\",\"target\":{\"@type\":\"EntryPoint\",\"urlTemplate\":\"https:\\\/\\\/www.chemgo.ch\\\/?s={search_term_string}\"},\"query-input\":{\"@type\":\"PropertyValueSpecification\",\"valueRequired\":true,\"valueName\":\"search_term_string\"}}],\"inLanguage\":\"de\"},{\"@type\":\"Organization\",\"@id\":\"https:\\\/\\\/www.chemgo.ch\\\/#organization\",\"name\":\"Chemgo AG\",\"url\":\"https:\\\/\\\/www.chemgo.ch\\\/\",\"logo\":{\"@type\":\"ImageObject\",\"inLanguage\":\"de\",\"@id\":\"https:\\\/\\\/www.chemgo.ch\\\/#\\\/schema\\\/logo\\\/image\\\/\",\"url\":\"https:\\\/\\\/www.chemgo.ch\\\/wp-content\\\/uploads\\\/2024\\\/02\\\/cropped-cropped-cropped-RZ_Chemgo-Logo-RGB-removebg-preview.png\",\"contentUrl\":\"https:\\\/\\\/www.chemgo.ch\\\/wp-content\\\/uploads\\\/2024\\\/02\\\/cropped-cropped-cropped-RZ_Chemgo-Logo-RGB-removebg-preview.png\",\"width\":713,\"height\":345,\"caption\":\"Chemgo AG\"},\"image\":{\"@id\":\"https:\\\/\\\/www.chemgo.ch\\\/#\\\/schema\\\/logo\\\/image\\\/\"},\"sameAs\":[\"https:\\\/\\\/ch.linkedin.com\\\/company\\\/chemgo-organica-ag?original_referer=httpswww.google.com\"]}]}<\/script>\n<!-- \/ Yoast SEO plugin. -->","yoast_head_json":{"title":"Gef\u00e4hrliche G\u00fcter &amp; Reichweite - Chemgo AG","robots":{"index":"index","follow":"follow","max-snippet":"max-snippet:-1","max-image-preview":"max-image-preview:large","max-video-preview":"max-video-preview:-1"},"canonical":"https:\/\/www.chemgo.ch\/de\/gefahrgut-erreichen\/","og_locale":"de_DE","og_type":"article","og_title":"Dangerous Goods & Reach - Chemgo AG","og_description":"Dangerous Goods &amp; Reach Dangerous Goods &amp; REACH Compliance for Chemicals At&nbsp;Chemgo, we specialize in the compliant and secure handling and distribution of&nbsp; chemicals &#8211; from active pharmaceutical ingredients (APIs) and intermediates to solvents and reagents. Our processes are guided by international regulations \u2013 including REACH.&nbsp;Whether you&#8217;re dealing with&nbsp; chemical reagents&nbsp;or hazardous&nbsp;chemicals, we provide the [&hellip;]","og_url":"https:\/\/www.chemgo.ch\/de\/gefahrgut-erreichen\/","og_site_name":"Chemgo AG","article_publisher":"https:\/\/ch.linkedin.com\/company\/chemgo-organica-ag?original_referer=httpswww.google.com","article_modified_time":"2025-09-16T13:26:45+00:00","twitter_card":"summary_large_image","twitter_misc":{"Gesch\u00e4tzte Lesezeit":"2\u00a0Minuten"},"schema":{"@context":"https:\/\/schema.org","@graph":[{"@type":"WebPage","@id":"https:\/\/www.chemgo.ch\/dangerous-goods-reach\/","url":"https:\/\/www.chemgo.ch\/dangerous-goods-reach\/","name":"Gef\u00e4hrliche G\u00fcter &amp; Reichweite - Chemgo AG","isPartOf":{"@id":"https:\/\/www.chemgo.ch\/#website"},"datePublished":"2025-09-08T13:32:31+00:00","dateModified":"2025-09-16T13:26:45+00:00","breadcrumb":{"@id":"https:\/\/www.chemgo.ch\/dangerous-goods-reach\/#breadcrumb"},"inLanguage":"de","potentialAction":[{"@type":"ReadAction","target":["https:\/\/www.chemgo.ch\/dangerous-goods-reach\/"]}]},{"@type":"BreadcrumbList","@id":"https:\/\/www.chemgo.ch\/dangerous-goods-reach\/#breadcrumb","itemListElement":[{"@type":"ListItem","position":1,"name":"Startseite","item":"https:\/\/www.chemgo.ch\/"},{"@type":"ListItem","position":2,"name":"Dangerous Goods &#038; Reach"}]},{"@type":"WebSite","@id":"https:\/\/www.chemgo.ch\/#website","url":"https:\/\/www.chemgo.ch\/","name":"Chemgo AG","description":"","publisher":{"@id":"https:\/\/www.chemgo.ch\/#organization"},"potentialAction":[{"@type":"SearchAction","target":{"@type":"EntryPoint","urlTemplate":"https:\/\/www.chemgo.ch\/?s={search_term_string}"},"query-input":{"@type":"PropertyValueSpecification","valueRequired":true,"valueName":"search_term_string"}}],"inLanguage":"de"},{"@type":"Organization","@id":"https:\/\/www.chemgo.ch\/#organization","name":"Chemgo AG","url":"https:\/\/www.chemgo.ch\/","logo":{"@type":"ImageObject","inLanguage":"de","@id":"https:\/\/www.chemgo.ch\/#\/schema\/logo\/image\/","url":"https:\/\/www.chemgo.ch\/wp-content\/uploads\/2024\/02\/cropped-cropped-cropped-RZ_Chemgo-Logo-RGB-removebg-preview.png","contentUrl":"https:\/\/www.chemgo.ch\/wp-content\/uploads\/2024\/02\/cropped-cropped-cropped-RZ_Chemgo-Logo-RGB-removebg-preview.png","width":713,"height":345,"caption":"Chemgo AG"},"image":{"@id":"https:\/\/www.chemgo.ch\/#\/schema\/logo\/image\/"},"sameAs":["https:\/\/ch.linkedin.com\/company\/chemgo-organica-ag?original_referer=httpswww.google.com"]}]}},"_links":{"self":[{"href":"https:\/\/www.chemgo.ch\/de\/wp-json\/wp\/v2\/pages\/13235","targetHints":{"allow":["GET"]}}],"collection":[{"href":"https:\/\/www.chemgo.ch\/de\/wp-json\/wp\/v2\/pages"}],"about":[{"href":"https:\/\/www.chemgo.ch\/de\/wp-json\/wp\/v2\/types\/page"}],"author":[{"embeddable":true,"href":"https:\/\/www.chemgo.ch\/de\/wp-json\/wp\/v2\/users\/7"}],"replies":[{"embeddable":true,"href":"https:\/\/www.chemgo.ch\/de\/wp-json\/wp\/v2\/comments?post=13235"}],"version-history":[{"count":0,"href":"https:\/\/www.chemgo.ch\/de\/wp-json\/wp\/v2\/pages\/13235\/revisions"}],"wp:attachment":[{"href":"https:\/\/www.chemgo.ch\/de\/wp-json\/wp\/v2\/media?parent=13235"}],"curies":[{"name":"wp","href":"https:\/\/api.w.org\/{rel}","templated":true}]}}