{"id":13114,"date":"2025-09-08T15:01:30","date_gmt":"2025-09-08T13:01:30","guid":{"rendered":"https:\/\/www.chemgo.ch\/?page_id=13114"},"modified":"2025-09-17T13:10:30","modified_gmt":"2025-09-17T11:10:30","slug":"uber-uns","status":"publish","type":"page","link":"https:\/\/www.chemgo.ch\/de\/about-us\/","title":{"rendered":"\u00dcber uns"},"content":{"rendered":"<div data-colibri-id=\"13114-c1\" class=\"style-4593 style-local-13114-c1 position-relative\">\r\n  <!---->\r\n  <div data-colibri-component=\"section\" data-colibri-id=\"13114-c2\" id=\"custom\" class=\"h-section h-section-global-spacing d-flex align-items-lg-center align-items-md-center align-items-center style-4594 style-local-13114-c2 position-relative\">\r\n    <!---->\r\n    <!---->\r\n    <div class=\"h-section-grid-container h-section-boxed-container\">\r\n      <!---->\r\n      <div data-colibri-id=\"13114-c3\" class=\"h-row-container gutters-row-lg-2 gutters-row-md-2 gutters-row-0 gutters-row-v-lg-2 gutters-row-v-md-2 gutters-row-v-2 style-4598 style-local-13114-c3 position-relative\">\r\n        <!---->\r\n        <div class=\"h-row justify-content-lg-center justify-content-md-center justify-content-center align-items-lg-stretch align-items-md-stretch align-items-stretch gutters-col-lg-2 gutters-col-md-2 gutters-col-0 gutters-col-v-lg-2 gutters-col-v-md-2 gutters-col-v-2\">\r\n          <!---->\r\n          <div class=\"h-column h-column-container d-flex h-col-lg-auto h-col-md-auto h-col-auto style-4599-outer style-local-13114-c4-outer\">\r\n            <div data-colibri-id=\"13114-c4\" class=\"d-flex h-flex-basis h-column__inner h-px-lg-2 h-px-md-2 h-px-2 v-inner-lg-2 v-inner-md-2 v-inner-2 style-4599 style-local-13114-c4 position-relative\">\r\n              <!---->\r\n              <!---->\r\n              <div class=\"w-100 h-y-container h-column__content h-column__v-align flex-basis-100 align-self-lg-start align-self-md-start align-self-start\">\r\n                <!---->\r\n                <div data-colibri-id=\"13114-c5\" class=\"h-global-transition-all h-heading style-4600 style-local-13114-c5 position-relative h-element\">\r\n                  <!---->\r\n                  <div class=\"h-heading__outer style-4600 style-local-13114-c5\">\r\n                    <!---->\r\n                    <!---->\r\n                    <h2 class=\"\">\u00dcber uns<\/h2>\r\n                  <\/div>\r\n                <\/div>\r\n              <\/div>\r\n            <\/div>\r\n          <\/div>\r\n        <\/div>\r\n      <\/div>\r\n      <div data-colibri-id=\"13114-c6\" class=\"h-row-container gutters-row-lg-2 gutters-row-md-2 gutters-row-0 gutters-row-v-lg-2 gutters-row-v-md-2 gutters-row-v-2 style-4595 style-local-13114-c6 position-relative\">\r\n        <!---->\r\n        <div class=\"h-row justify-content-lg-center justify-content-md-center justify-content-center align-items-lg-stretch align-items-md-stretch align-items-stretch gutters-col-lg-2 gutters-col-md-2 gutters-col-0 gutters-col-v-lg-2 gutters-col-v-md-2 gutters-col-v-2\">\r\n          <!---->\r\n          <div class=\"h-column h-column-container d-flex h-col-lg-auto h-col-md-auto h-col-auto style-4596-outer style-local-13114-c7-outer\">\r\n            <div data-colibri-id=\"13114-c7\" class=\"d-flex h-flex-basis h-column__inner h-px-lg-2 h-px-md-2 h-px-2 v-inner-lg-2 v-inner-md-2 v-inner-2 style-4596 style-local-13114-c7 position-relative\">\r\n              <!---->\r\n              <!---->\r\n              <div class=\"w-100 h-y-container h-column__content h-column__v-align flex-basis-100 align-self-lg-start align-self-md-start align-self-start\">\r\n                <!---->\r\n                <div data-colibri-id=\"13114-c8\" class=\"h-text h-text-component style-4597 style-local-13114-c8 position-relative h-element\">\r\n                  <!---->\r\n                  <!---->\r\n                  <div class=\"\">\r\n                    <p><span style=\"color: rgb(0, 0, 0);\">Chemgo mit Sitz in Basel, Schweiz, und einer zweiten Niederlassung in Lyon, Frankreich, ist ein zuverl\u00e4ssiger Partner in der Welt der Feinchemikalien, Histologie, Laborbedarf und Laborger\u00e4te. Chemgo vertritt weltweit renommierte Hersteller und kombiniert ein starkes Netzwerk von Lieferanten mit fundiertem Fachwissen in der Beschaffung und bietet L\u00f6sungen in den Bereichen Spezialchemikalien und Laborbedarf, um selbst die komplexesten Kundenanforderungen zu erf\u00fcllen.<\/span><\/p>\r\n                    <p><span style=\"color: rgb(0, 0, 0);\">Chemgo ist mehr als nur eine traditionelle Agentur oder ein Distributor. Das Unternehmen arbeitet als verl\u00e4ngerter Arm seiner Lieferanten und schafft mit seinen Kernkompetenzen in den Bereichen Gesch\u00e4ftsentwicklung, Beratung, strategisches Marketing, Logistik und Vertrieb einen Mehrwert. Mit seiner breiten Produktpalette an Laborchemikalien, Speziall\u00f6sungsmitteln, Zwischenprodukten, Laborverbrauchsmaterialien, hochreinen Reagenzien und Ger\u00e4ten bietet Chemgo ma\u00dfgeschneiderte L\u00f6sungen f\u00fcr eine Vielzahl von Branchen und Anwendungen, einschlie\u00dflich der Life-Science- und Feinchemie-Industrie.<\/span><\/p>\r\n                    <p><span style=\"color: rgb(0, 0, 0);\">Chemgos Fokus auf Qualit\u00e4t und au\u00dfergew\u00f6hnlichen Service hebt das Unternehmen in seinen Zielindustrien und -m\u00e4rkten hervor. Mit seinem Fachwissen bei der Beschaffung und Verwaltung von Laborger\u00e4ten, Chemikalien und Materialien ist Chemgo der ideale Partner f\u00fcr Labore und Unternehmen, die nach zuverl\u00e4ssigen L\u00f6sungen suchen. Ob es sich um Speziall\u00f6sungsmittel, organische und anorganische Verbindungen oder Reagenzien handelt, Chemgo liefert Produkte, die den sich st\u00e4ndig \u00e4ndernden Anforderungen seiner Kunden gerecht werden, und st\u00e4rkt damit seinen Ruf als f\u00fchrendes Unternehmen in diesem Bereich.<\/span><\/p>\r\n                  <\/div>\r\n                <\/div>\r\n              <\/div>\r\n            <\/div>\r\n          <\/div>\r\n        <\/div>\r\n      <\/div>\r\n    <\/div>\r\n  <\/div>\r\n<\/div>","protected":false},"excerpt":{"rendered":"<p>About Us Chemgo, based in Basel, Switzerland, with a second office in Lyon, France, is a trusted partner in the world of fine chemicals, histology, lab supplies, lab equipment. Representing&nbsp;globally renowned manufacturers, Chemgo combines a strong network of suppliers with deep expertise in sourcing, offering solutions in the fields of specialty chemicals and lab supplies [&hellip;]<\/p>\n","protected":false},"author":7,"featured_media":0,"parent":0,"menu_order":0,"comment_status":"closed","ping_status":"closed","template":"page-templates\/full-width-page.php","meta":{"footnotes":""},"class_list":["post-13114","page","type-page","status-publish","hentry"],"yoast_head":"<!-- This site is optimized with the Yoast SEO plugin v27.3 - https:\/\/yoast.com\/product\/yoast-seo-wordpress\/ -->\n<title>About Us: Chemgo&#039;s Commitment to Quality - Chemgo AG<\/title>\n<meta name=\"description\" content=\"Discover more About Us at Chemgo, your trusted partner in fine chemicals and lab supplies, with offices in Basel and Lyon.\" \/>\n<meta name=\"robots\" content=\"index, follow, max-snippet:-1, max-image-preview:large, max-video-preview:-1\" \/>\n<link rel=\"canonical\" href=\"https:\/\/www.chemgo.ch\/de\/uber-uns\/\" \/>\n<meta property=\"og:locale\" content=\"de_DE\" \/>\n<meta property=\"og:type\" content=\"article\" \/>\n<meta property=\"og:title\" content=\"About Us: Chemgo&#039;s Commitment to Quality - Chemgo AG\" \/>\n<meta property=\"og:description\" content=\"Discover more About Us at Chemgo, your trusted partner in fine chemicals and lab supplies, with offices in Basel and Lyon.\" \/>\n<meta property=\"og:url\" content=\"https:\/\/www.chemgo.ch\/de\/uber-uns\/\" \/>\n<meta property=\"og:site_name\" content=\"Chemgo AG\" \/>\n<meta property=\"article:publisher\" content=\"https:\/\/ch.linkedin.com\/company\/chemgo-organica-ag?original_referer=httpswww.google.com\" \/>\n<meta property=\"article:modified_time\" content=\"2025-09-17T11:10:30+00:00\" \/>\n<meta name=\"twitter:card\" content=\"summary_large_image\" \/>\n<meta name=\"twitter:label1\" content=\"Gesch\u00e4tzte Lesezeit\" \/>\n\t<meta name=\"twitter:data1\" content=\"1\u00a0Minute\" \/>\n<script type=\"application\/ld+json\" class=\"yoast-schema-graph\">{\"@context\":\"https:\\\/\\\/schema.org\",\"@graph\":[{\"@type\":\"WebPage\",\"@id\":\"https:\\\/\\\/www.chemgo.ch\\\/about-us\\\/\",\"url\":\"https:\\\/\\\/www.chemgo.ch\\\/about-us\\\/\",\"name\":\"About Us: Chemgo's Commitment to Quality - Chemgo AG\",\"isPartOf\":{\"@id\":\"https:\\\/\\\/www.chemgo.ch\\\/#website\"},\"datePublished\":\"2025-09-08T13:01:30+00:00\",\"dateModified\":\"2025-09-17T11:10:30+00:00\",\"description\":\"Discover more About Us at Chemgo, your trusted partner in fine chemicals and lab supplies, with offices in Basel and Lyon.\",\"breadcrumb\":{\"@id\":\"https:\\\/\\\/www.chemgo.ch\\\/about-us\\\/#breadcrumb\"},\"inLanguage\":\"de\",\"potentialAction\":[{\"@type\":\"ReadAction\",\"target\":[\"https:\\\/\\\/www.chemgo.ch\\\/about-us\\\/\"]}]},{\"@type\":\"BreadcrumbList\",\"@id\":\"https:\\\/\\\/www.chemgo.ch\\\/about-us\\\/#breadcrumb\",\"itemListElement\":[{\"@type\":\"ListItem\",\"position\":1,\"name\":\"Startseite\",\"item\":\"https:\\\/\\\/www.chemgo.ch\\\/\"},{\"@type\":\"ListItem\",\"position\":2,\"name\":\"About Us\"}]},{\"@type\":\"WebSite\",\"@id\":\"https:\\\/\\\/www.chemgo.ch\\\/#website\",\"url\":\"https:\\\/\\\/www.chemgo.ch\\\/\",\"name\":\"Chemgo AG\",\"description\":\"\",\"publisher\":{\"@id\":\"https:\\\/\\\/www.chemgo.ch\\\/#organization\"},\"potentialAction\":[{\"@type\":\"SearchAction\",\"target\":{\"@type\":\"EntryPoint\",\"urlTemplate\":\"https:\\\/\\\/www.chemgo.ch\\\/?s={search_term_string}\"},\"query-input\":{\"@type\":\"PropertyValueSpecification\",\"valueRequired\":true,\"valueName\":\"search_term_string\"}}],\"inLanguage\":\"de\"},{\"@type\":\"Organization\",\"@id\":\"https:\\\/\\\/www.chemgo.ch\\\/#organization\",\"name\":\"Chemgo AG\",\"url\":\"https:\\\/\\\/www.chemgo.ch\\\/\",\"logo\":{\"@type\":\"ImageObject\",\"inLanguage\":\"de\",\"@id\":\"https:\\\/\\\/www.chemgo.ch\\\/#\\\/schema\\\/logo\\\/image\\\/\",\"url\":\"https:\\\/\\\/www.chemgo.ch\\\/wp-content\\\/uploads\\\/2024\\\/02\\\/cropped-cropped-cropped-RZ_Chemgo-Logo-RGB-removebg-preview.png\",\"contentUrl\":\"https:\\\/\\\/www.chemgo.ch\\\/wp-content\\\/uploads\\\/2024\\\/02\\\/cropped-cropped-cropped-RZ_Chemgo-Logo-RGB-removebg-preview.png\",\"width\":713,\"height\":345,\"caption\":\"Chemgo AG\"},\"image\":{\"@id\":\"https:\\\/\\\/www.chemgo.ch\\\/#\\\/schema\\\/logo\\\/image\\\/\"},\"sameAs\":[\"https:\\\/\\\/ch.linkedin.com\\\/company\\\/chemgo-organica-ag?original_referer=httpswww.google.com\"]}]}<\/script>\n<!-- \/ Yoast SEO plugin. -->","yoast_head_json":{"title":"\u00dcber uns: Chemgos Engagement f\u00fcr Qualit\u00e4t - Chemgo AG","description":"Erfahren Sie mehr \u00fcber uns bei Chemgo, Ihrem zuverl\u00e4ssigen Partner f\u00fcr Feinchemikalien und Laborbedarf mit Niederlassungen in Basel und Lyon.","robots":{"index":"index","follow":"follow","max-snippet":"max-snippet:-1","max-image-preview":"max-image-preview:large","max-video-preview":"max-video-preview:-1"},"canonical":"https:\/\/www.chemgo.ch\/de\/uber-uns\/","og_locale":"de_DE","og_type":"article","og_title":"About Us: Chemgo's Commitment to Quality - Chemgo AG","og_description":"Discover more About Us at Chemgo, your trusted partner in fine chemicals and lab supplies, with offices in Basel and Lyon.","og_url":"https:\/\/www.chemgo.ch\/de\/uber-uns\/","og_site_name":"Chemgo AG","article_publisher":"https:\/\/ch.linkedin.com\/company\/chemgo-organica-ag?original_referer=httpswww.google.com","article_modified_time":"2025-09-17T11:10:30+00:00","twitter_card":"summary_large_image","twitter_misc":{"Gesch\u00e4tzte Lesezeit":"1\u00a0Minute"},"schema":{"@context":"https:\/\/schema.org","@graph":[{"@type":"WebPage","@id":"https:\/\/www.chemgo.ch\/about-us\/","url":"https:\/\/www.chemgo.ch\/about-us\/","name":"\u00dcber uns: Chemgos Engagement f\u00fcr Qualit\u00e4t - Chemgo AG","isPartOf":{"@id":"https:\/\/www.chemgo.ch\/#website"},"datePublished":"2025-09-08T13:01:30+00:00","dateModified":"2025-09-17T11:10:30+00:00","description":"Erfahren Sie mehr \u00fcber uns bei Chemgo, Ihrem zuverl\u00e4ssigen Partner f\u00fcr Feinchemikalien und Laborbedarf mit Niederlassungen in Basel und Lyon.","breadcrumb":{"@id":"https:\/\/www.chemgo.ch\/about-us\/#breadcrumb"},"inLanguage":"de","potentialAction":[{"@type":"ReadAction","target":["https:\/\/www.chemgo.ch\/about-us\/"]}]},{"@type":"BreadcrumbList","@id":"https:\/\/www.chemgo.ch\/about-us\/#breadcrumb","itemListElement":[{"@type":"ListItem","position":1,"name":"Startseite","item":"https:\/\/www.chemgo.ch\/"},{"@type":"ListItem","position":2,"name":"About Us"}]},{"@type":"WebSite","@id":"https:\/\/www.chemgo.ch\/#website","url":"https:\/\/www.chemgo.ch\/","name":"Chemgo AG","description":"","publisher":{"@id":"https:\/\/www.chemgo.ch\/#organization"},"potentialAction":[{"@type":"SearchAction","target":{"@type":"EntryPoint","urlTemplate":"https:\/\/www.chemgo.ch\/?s={search_term_string}"},"query-input":{"@type":"PropertyValueSpecification","valueRequired":true,"valueName":"search_term_string"}}],"inLanguage":"de"},{"@type":"Organization","@id":"https:\/\/www.chemgo.ch\/#organization","name":"Chemgo AG","url":"https:\/\/www.chemgo.ch\/","logo":{"@type":"ImageObject","inLanguage":"de","@id":"https:\/\/www.chemgo.ch\/#\/schema\/logo\/image\/","url":"https:\/\/www.chemgo.ch\/wp-content\/uploads\/2024\/02\/cropped-cropped-cropped-RZ_Chemgo-Logo-RGB-removebg-preview.png","contentUrl":"https:\/\/www.chemgo.ch\/wp-content\/uploads\/2024\/02\/cropped-cropped-cropped-RZ_Chemgo-Logo-RGB-removebg-preview.png","width":713,"height":345,"caption":"Chemgo AG"},"image":{"@id":"https:\/\/www.chemgo.ch\/#\/schema\/logo\/image\/"},"sameAs":["https:\/\/ch.linkedin.com\/company\/chemgo-organica-ag?original_referer=httpswww.google.com"]}]}},"_links":{"self":[{"href":"https:\/\/www.chemgo.ch\/de\/wp-json\/wp\/v2\/pages\/13114","targetHints":{"allow":["GET"]}}],"collection":[{"href":"https:\/\/www.chemgo.ch\/de\/wp-json\/wp\/v2\/pages"}],"about":[{"href":"https:\/\/www.chemgo.ch\/de\/wp-json\/wp\/v2\/types\/page"}],"author":[{"embeddable":true,"href":"https:\/\/www.chemgo.ch\/de\/wp-json\/wp\/v2\/users\/7"}],"replies":[{"embeddable":true,"href":"https:\/\/www.chemgo.ch\/de\/wp-json\/wp\/v2\/comments?post=13114"}],"version-history":[{"count":0,"href":"https:\/\/www.chemgo.ch\/de\/wp-json\/wp\/v2\/pages\/13114\/revisions"}],"wp:attachment":[{"href":"https:\/\/www.chemgo.ch\/de\/wp-json\/wp\/v2\/media?parent=13114"}],"curies":[{"name":"wp","href":"https:\/\/api.w.org\/{rel}","templated":true}]}}