{"id":12126,"date":"2024-09-24T11:02:44","date_gmt":"2024-09-24T09:02:44","guid":{"rendered":"https:\/\/www.chemgo.ch\/?page_id=12126"},"modified":"2025-09-16T15:23:45","modified_gmt":"2025-09-16T13:23:45","slug":"beschaffung","status":"publish","type":"page","link":"https:\/\/www.chemgo.ch\/de\/sourcing\/","title":{"rendered":"Sourcing"},"content":{"rendered":"<div data-colibri-id=\"12126-c1\" class=\"style-4370 style-local-12126-c1 position-relative\">\n  <!---->\n  <div data-colibri-component=\"section\" data-colibri-id=\"12126-c2\" id=\"custom\" class=\"h-section h-section-global-spacing d-flex align-items-lg-center align-items-md-center align-items-center style-4371 style-local-12126-c2 position-relative\">\n    <!---->\n    <!---->\n    <div class=\"h-section-grid-container h-section-boxed-container\">\n      <!---->\n      <div data-colibri-id=\"12126-c3\" class=\"h-row-container gutters-row-lg-2 gutters-row-md-2 gutters-row-0 gutters-row-v-lg-2 gutters-row-v-md-2 gutters-row-v-2 style-4375 style-local-12126-c3 position-relative\">\n        <!---->\n        <div class=\"h-row justify-content-lg-center justify-content-md-center justify-content-center align-items-lg-stretch align-items-md-stretch align-items-stretch gutters-col-lg-2 gutters-col-md-2 gutters-col-0 gutters-col-v-lg-2 gutters-col-v-md-2 gutters-col-v-2\">\n          <!---->\n          <div class=\"h-column h-column-container d-flex h-col-lg-auto h-col-md-auto h-col-auto style-4376-outer style-local-12126-c4-outer\">\n            <div data-colibri-id=\"12126-c4\" class=\"d-flex h-flex-basis h-column__inner h-px-lg-2 h-px-md-2 h-px-2 v-inner-lg-2 v-inner-md-2 v-inner-2 style-4376 style-local-12126-c4 position-relative\">\n              <!---->\n              <!---->\n              <div class=\"w-100 h-y-container h-column__content h-column__v-align flex-basis-100 align-self-lg-start align-self-md-start align-self-start\">\n                <!---->\n                <div data-colibri-id=\"12126-c5\" class=\"h-global-transition-all h-heading style-4377 style-local-12126-c5 position-relative h-element\">\n                  <!---->\n                  <div class=\"h-heading__outer style-4377 style-local-12126-c5\">\n                    <!---->\n                    <!---->\n                    <h2 class=\"\">Sourcing<\/h2>\n                  <\/div>\n                <\/div>\n              <\/div>\n            <\/div>\n          <\/div>\n        <\/div>\n      <\/div>\n      <div data-colibri-id=\"12126-c6\" class=\"h-row-container gutters-row-lg-2 gutters-row-md-2 gutters-row-0 gutters-row-v-lg-2 gutters-row-v-md-2 gutters-row-v-2 style-4372 style-local-12126-c6 position-relative\">\n        <!---->\n        <div class=\"h-row justify-content-lg-center justify-content-md-center justify-content-center align-items-lg-stretch align-items-md-stretch align-items-stretch gutters-col-lg-2 gutters-col-md-2 gutters-col-0 gutters-col-v-lg-2 gutters-col-v-md-2 gutters-col-v-2\">\n          <!---->\n          <div class=\"h-column h-column-container d-flex h-col-lg-auto h-col-md-auto h-col-auto style-4373-outer style-local-12126-c7-outer\">\n            <div data-colibri-id=\"12126-c7\" class=\"d-flex h-flex-basis h-column__inner h-px-lg-2 h-px-md-2 h-px-2 v-inner-lg-2 v-inner-md-2 v-inner-2 style-4373 style-local-12126-c7 position-relative\">\n              <!---->\n              <!---->\n              <div class=\"w-100 h-y-container h-column__content h-column__v-align flex-basis-100 align-self-lg-start align-self-md-start align-self-start\">\n                <!---->\n                <div data-colibri-id=\"12126-c8\" class=\"h-text h-text-component style-4374 style-local-12126-c8 position-relative h-element\">\n                  <!---->\n                  <!---->\n                  <div class=\"\">\n                    <p><strong style=\"font-weight: 700; color: rgb(0, 0, 0);\">Beschaffung leicht gemacht: Spezialit\u00e4ten- und Feinchemikalien in der Schweiz, Deutschland und Frankreich<\/strong><\/p>\n                    <p><span style=\"font-weight: 400; color: rgb(0, 0, 0);\">Chemgo ist spezialisiert auf die Beschaffung von hochwertigen Spezial- und Feinchemikalien f\u00fcr Kunden in der Schweiz, Deutschland, Frankreich und den umliegenden M\u00e4rkten. Mit einem starken Netzwerk und jahrzehntelanger Erfahrung identifizieren und beschaffen wir die Produkte, die Sie ben\u00f6tigen, zugeschnitten auf Ihre spezifischen Anforderungen.<\/span><\/p>\n                    <p>\n                      <br>\n                    <\/p>\n                    <p><strong style=\"font-weight: 700; color: rgb(0, 0, 0);\">Was wir anbieten:<\/strong><\/p>\n                    <p><span style=\"font-weight: 400; color: rgb(0, 0, 0);\">Durch die enge Zusammenarbeit mit seinen Hauptpartnern und vertrauensw\u00fcrdigen Partnern aus seinem ausgedehnten Netzwerk, kombiniert mit tiefgreifenden Branchenkenntnissen, ist Chemgo in der Lage, ma\u00dfgeschneiderte Beschaffungsl\u00f6sungen f\u00fcr Ihren Bedarf an Spezialchemikalien f\u00fcr Forschung, Produktion oder innovative Entwicklung anzubieten.<\/span><\/p>\n                    <p>\n                      <br>\n                    <\/p>\n                    <p><strong style=\"font-weight: 700; color: rgb(0, 0, 0);\">Warum Chemgo f\u00fcr Ihre Beschaffungsbed\u00fcrfnisse w\u00e4hlen?<\/strong><\/p>\n                    <p><span style=\"font-weight: 400; color: rgb(0, 0, 0);\">Die Beschaffungsdienstleistungen von Chemgo sind darauf ausgerichtet, den Beschaffungsprozess f\u00fcr Spezial- und Feinchemikalien in den Zielm\u00e4rkten Schweiz, Deutschland, Frankreich und den umliegenden M\u00e4rkten zu vereinfachen. Unser engagiertes Expertenteam stellt sicher, dass jedes Beschaffungsprojekt mit Pr\u00e4zision, Zuverl\u00e4ssigkeit und einem unersch\u00fctterlichen Bekenntnis zur Qualit\u00e4t durchgef\u00fchrt wird.<\/span><\/p>\n                    <p>\n                      <br>\n                    <\/p>\n                    <p><strong style=\"font-weight: 700; color: rgb(0, 0, 0);\">Unser Ziel ist es, den gesamten Beschaffungsprozess zu vereinfachen, indem wir Folgendes anbieten:<\/strong><\/p>\n                    <ul>\n                      <li><strong style=\"font-weight: 400; color: rgb(0, 0, 0);\">Ein weites Netzwerk:<\/strong><span style=\"font-weight: 400; color: rgb(0, 0, 0);\"> Verbindungen zu vertrauensw\u00fcrdigen Lieferanten in der ganzen Welt.<\/span><\/li>\n                      <li><strong style=\"font-weight: 400; color: rgb(0, 0, 0);\">Ratschl\u00e4ge von Experten:<\/strong><span style=\"font-weight: 400; color: rgb(0, 0, 0);\"> Finden Sie die richtigen Produkte, die den genauen Spezifikationen und gesetzlichen Anforderungen entsprechen.<\/span><\/li>\n                      <li><strong style=\"font-weight: 400; color: rgb(0, 0, 0);\">Logistische L\u00f6sungen<\/strong><span style=\"font-weight: 400; color: rgb(0, 0, 0);\">: Zollabfertigung, Lagerhaltung und Versand.<\/span><\/li>\n                      <li><strong style=\"font-weight: 400; color: rgb(0, 0, 0);\">Ethische Beschaffung:<\/strong><span style=\"font-weight: 400; color: rgb(0, 0, 0);\"> Strenge Einhaltung der lokalen und globalen Vorschriften.<\/span><\/li>\n                    <\/ul>\n                    <p><span style=\"font-weight: 400; color: rgb(0, 0, 0);\"><\/span><\/p>\n                    <p><strong style=\"font-weight: 700; color: rgb(0, 0, 0);\">Hervorragende Leistungen bei der Beschaffung von Spezial- und Feinchemikalien<\/strong><\/p>\n                    <p><strong style=\"font-weight: 400; color: rgb(0, 0, 0);\">Chemgo widmet sich der Bereitstellung effizienter und umfassender Beschaffungsdienstleistungen f\u00fcr Spezial- und Feinchemikalien. Dank unserer starken Pr\u00e4senz in der Schweiz, in Deutschland, Frankreich und den umliegenden M\u00e4rkten k\u00f6nnen wir schnell hochwertige Produkte aufsp\u00fcren und unsere Kunden durch einen komplizierten Markt lotsen. Unser Beschaffungsprozess ist transparent, effizient und auf die spezifischen Bed\u00fcrfnisse jedes Kunden zugeschnitten.<\/strong><\/p>\n                    <p><span style=\"font-weight: 400; color: rgb(0, 0, 0);\">Ganz gleich, ob es sich um Spezial- oder Feinchemikalien handelt, Chemgo ist Ihr zuverl\u00e4ssiger Partner in der Schweiz, Deutschland, Frankreich und den angrenzenden M\u00e4rkten. Setzen Sie sich noch heute mit uns in Verbindung, um mehr dar\u00fcber zu erfahren, wie unsere Beschaffungsexpertise Ihre Projekte unterst\u00fctzen und Ihren Erfolg f\u00f6rdern kann.<\/span><\/p>\n                    <p>\n                      <br>\n                    <\/p>\n                  <\/div>\n                <\/div>\n              <\/div>\n            <\/div>\n          <\/div>\n        <\/div>\n      <\/div>\n    <\/div>\n  <\/div>\n<\/div>","protected":false},"excerpt":{"rendered":"<p>Sourcing Sourcing Made Simple: Specialty &amp; Fine Chemicals in Switzerland, Germany, and France At Chemgo, we specialize in sourcing top-quality specialty and fine chemicals for clients in Switzerland, Germany, France and surrounding markets. With a strong network and decades of expertise, we identify and provide the products you need, tailored to your specific requirements. What [&hellip;]<\/p>\n","protected":false},"author":7,"featured_media":0,"parent":0,"menu_order":0,"comment_status":"closed","ping_status":"closed","template":"page-templates\/full-width-page.php","meta":{"footnotes":""},"class_list":["post-12126","page","type-page","status-publish","hentry"],"yoast_head":"<!-- This site is optimized with the Yoast SEO plugin v27.3 - https:\/\/yoast.com\/product\/yoast-seo-wordpress\/ -->\n<title>Sourcing - Chemgo AG<\/title>\n<meta name=\"robots\" content=\"index, follow, max-snippet:-1, max-image-preview:large, max-video-preview:-1\" \/>\n<link rel=\"canonical\" href=\"https:\/\/www.chemgo.ch\/de\/beschaffung\/\" \/>\n<meta property=\"og:locale\" content=\"de_DE\" \/>\n<meta property=\"og:type\" content=\"article\" \/>\n<meta property=\"og:title\" content=\"Sourcing - Chemgo AG\" \/>\n<meta property=\"og:description\" content=\"Sourcing Sourcing Made Simple: Specialty &amp; Fine Chemicals in Switzerland, Germany, and France At Chemgo, we specialize in sourcing top-quality specialty and fine chemicals for clients in Switzerland, Germany, France and surrounding markets. With a strong network and decades of expertise, we identify and provide the products you need, tailored to your specific requirements. What [&hellip;]\" \/>\n<meta property=\"og:url\" content=\"https:\/\/www.chemgo.ch\/de\/beschaffung\/\" \/>\n<meta property=\"og:site_name\" content=\"Chemgo AG\" \/>\n<meta property=\"article:publisher\" content=\"https:\/\/ch.linkedin.com\/company\/chemgo-organica-ag?original_referer=httpswww.google.com\" \/>\n<meta property=\"article:modified_time\" content=\"2025-09-16T13:23:45+00:00\" \/>\n<meta name=\"twitter:card\" content=\"summary_large_image\" \/>\n<meta name=\"twitter:label1\" content=\"Gesch\u00e4tzte Lesezeit\" \/>\n\t<meta name=\"twitter:data1\" content=\"1\u00a0Minute\" \/>\n<script type=\"application\/ld+json\" class=\"yoast-schema-graph\">{\"@context\":\"https:\\\/\\\/schema.org\",\"@graph\":[{\"@type\":\"WebPage\",\"@id\":\"https:\\\/\\\/www.chemgo.ch\\\/sourcing\\\/\",\"url\":\"https:\\\/\\\/www.chemgo.ch\\\/sourcing\\\/\",\"name\":\"Sourcing - Chemgo AG\",\"isPartOf\":{\"@id\":\"https:\\\/\\\/www.chemgo.ch\\\/#website\"},\"datePublished\":\"2024-09-24T09:02:44+00:00\",\"dateModified\":\"2025-09-16T13:23:45+00:00\",\"breadcrumb\":{\"@id\":\"https:\\\/\\\/www.chemgo.ch\\\/sourcing\\\/#breadcrumb\"},\"inLanguage\":\"de\",\"potentialAction\":[{\"@type\":\"ReadAction\",\"target\":[\"https:\\\/\\\/www.chemgo.ch\\\/sourcing\\\/\"]}]},{\"@type\":\"BreadcrumbList\",\"@id\":\"https:\\\/\\\/www.chemgo.ch\\\/sourcing\\\/#breadcrumb\",\"itemListElement\":[{\"@type\":\"ListItem\",\"position\":1,\"name\":\"Startseite\",\"item\":\"https:\\\/\\\/www.chemgo.ch\\\/\"},{\"@type\":\"ListItem\",\"position\":2,\"name\":\"Sourcing\"}]},{\"@type\":\"WebSite\",\"@id\":\"https:\\\/\\\/www.chemgo.ch\\\/#website\",\"url\":\"https:\\\/\\\/www.chemgo.ch\\\/\",\"name\":\"Chemgo AG\",\"description\":\"\",\"publisher\":{\"@id\":\"https:\\\/\\\/www.chemgo.ch\\\/#organization\"},\"potentialAction\":[{\"@type\":\"SearchAction\",\"target\":{\"@type\":\"EntryPoint\",\"urlTemplate\":\"https:\\\/\\\/www.chemgo.ch\\\/?s={search_term_string}\"},\"query-input\":{\"@type\":\"PropertyValueSpecification\",\"valueRequired\":true,\"valueName\":\"search_term_string\"}}],\"inLanguage\":\"de\"},{\"@type\":\"Organization\",\"@id\":\"https:\\\/\\\/www.chemgo.ch\\\/#organization\",\"name\":\"Chemgo AG\",\"url\":\"https:\\\/\\\/www.chemgo.ch\\\/\",\"logo\":{\"@type\":\"ImageObject\",\"inLanguage\":\"de\",\"@id\":\"https:\\\/\\\/www.chemgo.ch\\\/#\\\/schema\\\/logo\\\/image\\\/\",\"url\":\"https:\\\/\\\/www.chemgo.ch\\\/wp-content\\\/uploads\\\/2024\\\/02\\\/cropped-cropped-cropped-RZ_Chemgo-Logo-RGB-removebg-preview.png\",\"contentUrl\":\"https:\\\/\\\/www.chemgo.ch\\\/wp-content\\\/uploads\\\/2024\\\/02\\\/cropped-cropped-cropped-RZ_Chemgo-Logo-RGB-removebg-preview.png\",\"width\":713,\"height\":345,\"caption\":\"Chemgo AG\"},\"image\":{\"@id\":\"https:\\\/\\\/www.chemgo.ch\\\/#\\\/schema\\\/logo\\\/image\\\/\"},\"sameAs\":[\"https:\\\/\\\/ch.linkedin.com\\\/company\\\/chemgo-organica-ag?original_referer=httpswww.google.com\"]}]}<\/script>\n<!-- \/ Yoast SEO plugin. -->","yoast_head_json":{"title":"Beschaffung - Chemgo AG","robots":{"index":"index","follow":"follow","max-snippet":"max-snippet:-1","max-image-preview":"max-image-preview:large","max-video-preview":"max-video-preview:-1"},"canonical":"https:\/\/www.chemgo.ch\/de\/beschaffung\/","og_locale":"de_DE","og_type":"article","og_title":"Sourcing - Chemgo AG","og_description":"Sourcing Sourcing Made Simple: Specialty &amp; Fine Chemicals in Switzerland, Germany, and France At Chemgo, we specialize in sourcing top-quality specialty and fine chemicals for clients in Switzerland, Germany, France and surrounding markets. With a strong network and decades of expertise, we identify and provide the products you need, tailored to your specific requirements. What [&hellip;]","og_url":"https:\/\/www.chemgo.ch\/de\/beschaffung\/","og_site_name":"Chemgo AG","article_publisher":"https:\/\/ch.linkedin.com\/company\/chemgo-organica-ag?original_referer=httpswww.google.com","article_modified_time":"2025-09-16T13:23:45+00:00","twitter_card":"summary_large_image","twitter_misc":{"Gesch\u00e4tzte Lesezeit":"1\u00a0Minute"},"schema":{"@context":"https:\/\/schema.org","@graph":[{"@type":"WebPage","@id":"https:\/\/www.chemgo.ch\/sourcing\/","url":"https:\/\/www.chemgo.ch\/sourcing\/","name":"Beschaffung - Chemgo AG","isPartOf":{"@id":"https:\/\/www.chemgo.ch\/#website"},"datePublished":"2024-09-24T09:02:44+00:00","dateModified":"2025-09-16T13:23:45+00:00","breadcrumb":{"@id":"https:\/\/www.chemgo.ch\/sourcing\/#breadcrumb"},"inLanguage":"de","potentialAction":[{"@type":"ReadAction","target":["https:\/\/www.chemgo.ch\/sourcing\/"]}]},{"@type":"BreadcrumbList","@id":"https:\/\/www.chemgo.ch\/sourcing\/#breadcrumb","itemListElement":[{"@type":"ListItem","position":1,"name":"Startseite","item":"https:\/\/www.chemgo.ch\/"},{"@type":"ListItem","position":2,"name":"Sourcing"}]},{"@type":"WebSite","@id":"https:\/\/www.chemgo.ch\/#website","url":"https:\/\/www.chemgo.ch\/","name":"Chemgo AG","description":"","publisher":{"@id":"https:\/\/www.chemgo.ch\/#organization"},"potentialAction":[{"@type":"SearchAction","target":{"@type":"EntryPoint","urlTemplate":"https:\/\/www.chemgo.ch\/?s={search_term_string}"},"query-input":{"@type":"PropertyValueSpecification","valueRequired":true,"valueName":"search_term_string"}}],"inLanguage":"de"},{"@type":"Organization","@id":"https:\/\/www.chemgo.ch\/#organization","name":"Chemgo AG","url":"https:\/\/www.chemgo.ch\/","logo":{"@type":"ImageObject","inLanguage":"de","@id":"https:\/\/www.chemgo.ch\/#\/schema\/logo\/image\/","url":"https:\/\/www.chemgo.ch\/wp-content\/uploads\/2024\/02\/cropped-cropped-cropped-RZ_Chemgo-Logo-RGB-removebg-preview.png","contentUrl":"https:\/\/www.chemgo.ch\/wp-content\/uploads\/2024\/02\/cropped-cropped-cropped-RZ_Chemgo-Logo-RGB-removebg-preview.png","width":713,"height":345,"caption":"Chemgo AG"},"image":{"@id":"https:\/\/www.chemgo.ch\/#\/schema\/logo\/image\/"},"sameAs":["https:\/\/ch.linkedin.com\/company\/chemgo-organica-ag?original_referer=httpswww.google.com"]}]}},"_links":{"self":[{"href":"https:\/\/www.chemgo.ch\/de\/wp-json\/wp\/v2\/pages\/12126","targetHints":{"allow":["GET"]}}],"collection":[{"href":"https:\/\/www.chemgo.ch\/de\/wp-json\/wp\/v2\/pages"}],"about":[{"href":"https:\/\/www.chemgo.ch\/de\/wp-json\/wp\/v2\/types\/page"}],"author":[{"embeddable":true,"href":"https:\/\/www.chemgo.ch\/de\/wp-json\/wp\/v2\/users\/7"}],"replies":[{"embeddable":true,"href":"https:\/\/www.chemgo.ch\/de\/wp-json\/wp\/v2\/comments?post=12126"}],"version-history":[{"count":0,"href":"https:\/\/www.chemgo.ch\/de\/wp-json\/wp\/v2\/pages\/12126\/revisions"}],"wp:attachment":[{"href":"https:\/\/www.chemgo.ch\/de\/wp-json\/wp\/v2\/media?parent=12126"}],"curies":[{"name":"wp","href":"https:\/\/api.w.org\/{rel}","templated":true}]}}