{"id":11163,"date":"2024-06-13T15:55:27","date_gmt":"2024-06-13T13:55:27","guid":{"rendered":"https:\/\/www.chemgo.ch\/terms-and-conditions-chemgo-sarl\/"},"modified":"2025-09-01T16:59:29","modified_gmt":"2025-09-01T14:59:29","slug":"bedingungen-chemgo-sarl","status":"publish","type":"page","link":"https:\/\/www.chemgo.ch\/de\/terms-and-conditions-chemgo-sarl\/","title":{"rendered":"Allgemeine Gesch\u00e4ftsbedingungen Chemgo SARL"},"content":{"rendered":"<div data-colibri-id=\"11163-c1\" class=\"style-4141 style-local-11163-c1 position-relative\">\n  <!---->\n  <div data-colibri-component=\"section\" data-colibri-id=\"11163-c2\" id=\"custom\" class=\"h-section h-section-global-spacing d-flex align-items-lg-center align-items-md-center align-items-center style-4142 style-local-11163-c2 position-relative\">\n    <!---->\n    <!---->\n    <div class=\"h-section-grid-container h-section-boxed-container\">\n      <div data-colibri-id=\"11163-c6\" class=\"h-row-container gutters-row-lg-2 gutters-row-md-2 gutters-row-0 gutters-row-v-lg-2 gutters-row-v-md-2 gutters-row-v-2 style-4146 style-local-11163-c6 position-relative\">\n        <!---->\n        <div class=\"h-row justify-content-lg-center justify-content-md-center justify-content-center align-items-lg-stretch align-items-md-stretch align-items-stretch gutters-col-lg-2 gutters-col-md-2 gutters-col-0 gutters-col-v-lg-2 gutters-col-v-md-2 gutters-col-v-2\">\n          <!---->\n          <div class=\"h-column h-column-container d-flex h-col-lg-auto h-col-md-auto h-col-auto style-4147-outer style-local-11163-c7-outer\">\n            <div data-colibri-id=\"11163-c7\" class=\"d-flex h-flex-basis h-column__inner h-px-lg-2 h-px-md-2 h-px-2 v-inner-lg-2 v-inner-md-2 v-inner-2 style-4147 style-local-11163-c7 position-relative\">\n              <!---->\n              <!---->\n              <div class=\"w-100 h-y-container h-column__content h-column__v-align flex-basis-100 align-self-lg-start align-self-md-start align-self-start\">\n                <!---->\n                <div data-colibri-id=\"11163-c8\" class=\"h-global-transition-all h-heading style-4148 style-local-11163-c8 position-relative h-element\">\n                  <!---->\n                  <div class=\"h-heading__outer style-4148 style-local-11163-c8\">\n                    <!---->\n                    <!---->\n                    <h2 class=\"\">Allgemeine Gesch\u00e4ftsbedingungen Chemgo SARL<\/h2>\n                  <\/div>\n                <\/div>\n              <\/div>\n            <\/div>\n          <\/div>\n        <\/div>\n      <\/div>\n      <div data-colibri-id=\"11163-c3\" class=\"h-row-container gutters-row-lg-2 gutters-row-md-2 gutters-row-0 gutters-row-v-lg-2 gutters-row-v-md-2 gutters-row-v-2 style-4143 style-local-11163-c3 position-relative\">\n        <!---->\n        <div class=\"h-row justify-content-lg-center justify-content-md-center justify-content-center align-items-lg-stretch align-items-md-stretch align-items-stretch gutters-col-lg-2 gutters-col-md-2 gutters-col-0 gutters-col-v-lg-2 gutters-col-v-md-2 gutters-col-v-2\">\n          <!---->\n          <div class=\"h-column h-column-container d-flex h-col-lg-auto h-col-md-auto h-col-auto style-4144-outer style-local-11163-c4-outer\">\n            <div data-colibri-id=\"11163-c4\" class=\"d-flex h-flex-basis h-column__inner h-px-lg-2 h-px-md-2 h-px-2 v-inner-lg-2 v-inner-md-2 v-inner-2 style-4144 style-local-11163-c4 position-relative\">\n              <!---->\n              <!---->\n              <div class=\"w-100 h-y-container h-column__content h-column__v-align flex-basis-100 align-self-lg-start align-self-md-start align-self-start\">\n                <!---->\n                <div data-colibri-id=\"11163-c5\" class=\"h-text h-text-component style-4145 style-local-11163-c5 position-relative h-element\">\n                  <!---->\n                  <!---->\n                  <div class=\"\">\n                    <h4>Allgemeine Einkaufsbedingungen\n                      <br>\n                      <br>\n                    <\/h4>\n                    <p><span style=\"color: rgb(0, 0, 0);\">Abweichende oder zus\u00e4tzliche Bedingungen, insbesondere solche des Lieferanten, gelten nur mit schriftlicher Zustimmung von CHEMGO.<\/span><\/p>\n                    <p><span style=\"color: rgb(0, 0, 0);\">Der Lieferant macht CHEMGO und\/oder den Frachtf\u00fchrer auf Eigenschaften der bestellten Waren aufmerksam, aufgrund derer besondere Sorgfalt bei Transport und Lagerung n\u00f6tig ist, sei es zur Vermeidung von Besch\u00e4digung der Ware selbst, sei es zur Vermeidung von Sch\u00e4den durch die Ware an anderem Gut oder Personen.<\/span><\/p>\n                    <p><span style=\"color: rgb(0, 0, 0);\">Der Lieferant sorgt f\u00fcr die Einhaltung der Vorschriften betreffend den Versand gef\u00e4hrlicher G\u00fcter. (IATA\/IMCO\/RID\/ADR).<\/span><\/p>\n                    <p><span style=\"color: rgb(0, 0, 0);\">Die Pr\u00fcfung der Ware erfolgt durch CHEMGO und\/oder den Abnehmer am endg\u00fcltigen Bestimmungsort. CHEMGO sorgt f\u00fcr die umgehende Weiterleitung einer allf\u00e4lligen M\u00e4ngelr\u00fcge an den Lieferanten.<\/span><\/p>\n                    <p>\n                      <br>\n                    <\/p>\n                    <h4><strong style=\"font-weight: 600;\">Allgemeine Lieferbedingungen<\/strong>\n                      <br>\n                      <br>\n                    <\/h4>\n                    <p><span style=\"color: rgb(0, 0, 0);\">Abweichende oder zus\u00e4tzliche Bedingungen, insbesondere solche des Abnehmers, gelten nur mit schriftlicher Zustimmung von CHEMGO. Der Abnehmer pr\u00fcft die Ware sofort nach Erhalt. Eine allf\u00e4llige M\u00e4ngelr\u00fcge ist schriftlich zu erheben und muss sp\u00e4testens nach einer Woche nach Erhalt der Ware bei CHEMGO eingegangen sein.<\/span><\/p>\n                    <p><span style=\"color: rgb(0, 0, 0);\">CHEMGO leitet die M\u00e4ngelr\u00fcge umgehend an den Hersteller beziehungsweise Lieferanten der Ware weiter. CHEMGO unterst\u00fctzt die Parteien bei der Abwicklung des Mangelfalles.<\/span><\/p>\n                    <p><span style=\"color: rgb(0, 0, 0);\">Steht der beanstandete Mangel in Zusammenhang mit einer Leistung von CHEMGO, beschr\u00e4nkt sich deren Haftung der H\u00f6he nach im Maximum auf den Wert der Ware.<\/span><\/p>\n                    <p><span style=\"color: rgb(0, 0, 0);\">Die gelieferte Ware bleibt bis zur v\u00f6lligen Bezahlung des Kaufpreises und aller sonstigen gegenw\u00e4rtigen oder zuk\u00fcnftigen Forderungen, die uns aus der Gesch\u00e4ftsverbindung gegen den Besteller zustehen, unser Eigentum.<\/span><\/p>\n                    <p><span style=\"color: rgb(0, 0, 0);\">Alle Auftr\u00e4ge werden nach dem aktuellen ISO-\u00e4hnlichen Qualit\u00e4tssystem ausgef\u00fchrt. Wenn ein Kunde die Ausf\u00fchrung gem\u00e4\u00df GDP (Good Distribution Practice f\u00fcr GMP-relevante Produkte oder APIs) verlangt, m\u00fcssen die entsprechenden Anforderungen vor jedem Auftrag schriftlich festgelegt werden.<\/span><\/p>\n                    <p>\n                      <br>\n                    <\/p>\n                    <p><strong style=\"color: rgb(0, 0, 0);\">Gerichtsstand f\u00fcr K\u00e4ufe und Verk\u00e4ufe ist das Handelsgericht von Lyon, Frankreich.<br> Es gilt ausschlie\u00dflich franz\u00f6sisches Recht.<\/strong><\/p>\n                    <p>\n                      <br>\n                    <\/p>\n                  <\/div>\n                <\/div>\n              <\/div>\n            <\/div>\n          <\/div>\n        <\/div>\n      <\/div>\n    <\/div>\n  <\/div>\n<\/div>","protected":false},"excerpt":{"rendered":"<p>Terms and Conditions Chemgo SARL General Conditions of Purchase Differing or additional terms or conditions, in particular those of the supplier, are only valid with written agreement from CHEMGO. The supplier makes CHEMGO and\/or the forwarding agent aware of any characteristics of the ordered goods that necessitate special care during transport and storage, whether it [&hellip;]<\/p>\n","protected":false},"author":7,"featured_media":0,"parent":0,"menu_order":0,"comment_status":"closed","ping_status":"closed","template":"page-templates\/full-width-page.php","meta":{"footnotes":""},"class_list":["post-11163","page","type-page","status-publish","hentry"],"yoast_head":"<!-- This site is optimized with the Yoast SEO plugin v27.3 - https:\/\/yoast.com\/product\/yoast-seo-wordpress\/ -->\n<title>Terms and Conditions Chemgo SARL - Chemgo AG<\/title>\n<meta name=\"robots\" content=\"index, follow, max-snippet:-1, max-image-preview:large, max-video-preview:-1\" \/>\n<link rel=\"canonical\" href=\"https:\/\/www.chemgo.ch\/de\/bedingungen-chemgo-sarl\/\" \/>\n<meta property=\"og:locale\" content=\"de_DE\" \/>\n<meta property=\"og:type\" content=\"article\" \/>\n<meta property=\"og:title\" content=\"Terms and Conditions Chemgo SARL - Chemgo AG\" \/>\n<meta property=\"og:description\" content=\"Terms and Conditions Chemgo SARL General Conditions of Purchase Differing or additional terms or conditions, in particular those of the supplier, are only valid with written agreement from CHEMGO. The supplier makes CHEMGO and\/or the forwarding agent aware of any characteristics of the ordered goods that necessitate special care during transport and storage, whether it [&hellip;]\" \/>\n<meta property=\"og:url\" content=\"https:\/\/www.chemgo.ch\/de\/bedingungen-chemgo-sarl\/\" \/>\n<meta property=\"og:site_name\" content=\"Chemgo AG\" \/>\n<meta property=\"article:publisher\" content=\"https:\/\/ch.linkedin.com\/company\/chemgo-organica-ag?original_referer=httpswww.google.com\" \/>\n<meta property=\"article:modified_time\" content=\"2025-09-01T14:59:29+00:00\" \/>\n<meta name=\"twitter:card\" content=\"summary_large_image\" \/>\n<meta name=\"twitter:label1\" content=\"Gesch\u00e4tzte Lesezeit\" \/>\n\t<meta name=\"twitter:data1\" content=\"2\u00a0Minuten\" \/>\n<script type=\"application\/ld+json\" class=\"yoast-schema-graph\">{\"@context\":\"https:\\\/\\\/schema.org\",\"@graph\":[{\"@type\":\"WebPage\",\"@id\":\"https:\\\/\\\/www.chemgo.ch\\\/terms-and-conditions-chemgo-sarl\\\/\",\"url\":\"https:\\\/\\\/www.chemgo.ch\\\/terms-and-conditions-chemgo-sarl\\\/\",\"name\":\"Terms and Conditions Chemgo SARL - Chemgo AG\",\"isPartOf\":{\"@id\":\"https:\\\/\\\/www.chemgo.ch\\\/#website\"},\"datePublished\":\"2024-06-13T13:55:27+00:00\",\"dateModified\":\"2025-09-01T14:59:29+00:00\",\"breadcrumb\":{\"@id\":\"https:\\\/\\\/www.chemgo.ch\\\/terms-and-conditions-chemgo-sarl\\\/#breadcrumb\"},\"inLanguage\":\"de\",\"potentialAction\":[{\"@type\":\"ReadAction\",\"target\":[\"https:\\\/\\\/www.chemgo.ch\\\/terms-and-conditions-chemgo-sarl\\\/\"]}]},{\"@type\":\"BreadcrumbList\",\"@id\":\"https:\\\/\\\/www.chemgo.ch\\\/terms-and-conditions-chemgo-sarl\\\/#breadcrumb\",\"itemListElement\":[{\"@type\":\"ListItem\",\"position\":1,\"name\":\"Startseite\",\"item\":\"https:\\\/\\\/www.chemgo.ch\\\/\"},{\"@type\":\"ListItem\",\"position\":2,\"name\":\"Terms and Conditions Chemgo SARL\"}]},{\"@type\":\"WebSite\",\"@id\":\"https:\\\/\\\/www.chemgo.ch\\\/#website\",\"url\":\"https:\\\/\\\/www.chemgo.ch\\\/\",\"name\":\"Chemgo AG\",\"description\":\"\",\"publisher\":{\"@id\":\"https:\\\/\\\/www.chemgo.ch\\\/#organization\"},\"potentialAction\":[{\"@type\":\"SearchAction\",\"target\":{\"@type\":\"EntryPoint\",\"urlTemplate\":\"https:\\\/\\\/www.chemgo.ch\\\/?s={search_term_string}\"},\"query-input\":{\"@type\":\"PropertyValueSpecification\",\"valueRequired\":true,\"valueName\":\"search_term_string\"}}],\"inLanguage\":\"de\"},{\"@type\":\"Organization\",\"@id\":\"https:\\\/\\\/www.chemgo.ch\\\/#organization\",\"name\":\"Chemgo AG\",\"url\":\"https:\\\/\\\/www.chemgo.ch\\\/\",\"logo\":{\"@type\":\"ImageObject\",\"inLanguage\":\"de\",\"@id\":\"https:\\\/\\\/www.chemgo.ch\\\/#\\\/schema\\\/logo\\\/image\\\/\",\"url\":\"https:\\\/\\\/www.chemgo.ch\\\/wp-content\\\/uploads\\\/2024\\\/02\\\/cropped-cropped-cropped-RZ_Chemgo-Logo-RGB-removebg-preview.png\",\"contentUrl\":\"https:\\\/\\\/www.chemgo.ch\\\/wp-content\\\/uploads\\\/2024\\\/02\\\/cropped-cropped-cropped-RZ_Chemgo-Logo-RGB-removebg-preview.png\",\"width\":713,\"height\":345,\"caption\":\"Chemgo AG\"},\"image\":{\"@id\":\"https:\\\/\\\/www.chemgo.ch\\\/#\\\/schema\\\/logo\\\/image\\\/\"},\"sameAs\":[\"https:\\\/\\\/ch.linkedin.com\\\/company\\\/chemgo-organica-ag?original_referer=httpswww.google.com\"]}]}<\/script>\n<!-- \/ Yoast SEO plugin. -->","yoast_head_json":{"title":"Allgemeine Gesch\u00e4ftsbedingungen Chemgo SARL - Chemgo AG","robots":{"index":"index","follow":"follow","max-snippet":"max-snippet:-1","max-image-preview":"max-image-preview:large","max-video-preview":"max-video-preview:-1"},"canonical":"https:\/\/www.chemgo.ch\/de\/bedingungen-chemgo-sarl\/","og_locale":"de_DE","og_type":"article","og_title":"Terms and Conditions Chemgo SARL - Chemgo AG","og_description":"Terms and Conditions Chemgo SARL General Conditions of Purchase Differing or additional terms or conditions, in particular those of the supplier, are only valid with written agreement from CHEMGO. The supplier makes CHEMGO and\/or the forwarding agent aware of any characteristics of the ordered goods that necessitate special care during transport and storage, whether it [&hellip;]","og_url":"https:\/\/www.chemgo.ch\/de\/bedingungen-chemgo-sarl\/","og_site_name":"Chemgo AG","article_publisher":"https:\/\/ch.linkedin.com\/company\/chemgo-organica-ag?original_referer=httpswww.google.com","article_modified_time":"2025-09-01T14:59:29+00:00","twitter_card":"summary_large_image","twitter_misc":{"Gesch\u00e4tzte Lesezeit":"2\u00a0Minuten"},"schema":{"@context":"https:\/\/schema.org","@graph":[{"@type":"WebPage","@id":"https:\/\/www.chemgo.ch\/terms-and-conditions-chemgo-sarl\/","url":"https:\/\/www.chemgo.ch\/terms-and-conditions-chemgo-sarl\/","name":"Allgemeine Gesch\u00e4ftsbedingungen Chemgo SARL - Chemgo AG","isPartOf":{"@id":"https:\/\/www.chemgo.ch\/#website"},"datePublished":"2024-06-13T13:55:27+00:00","dateModified":"2025-09-01T14:59:29+00:00","breadcrumb":{"@id":"https:\/\/www.chemgo.ch\/terms-and-conditions-chemgo-sarl\/#breadcrumb"},"inLanguage":"de","potentialAction":[{"@type":"ReadAction","target":["https:\/\/www.chemgo.ch\/terms-and-conditions-chemgo-sarl\/"]}]},{"@type":"BreadcrumbList","@id":"https:\/\/www.chemgo.ch\/terms-and-conditions-chemgo-sarl\/#breadcrumb","itemListElement":[{"@type":"ListItem","position":1,"name":"Startseite","item":"https:\/\/www.chemgo.ch\/"},{"@type":"ListItem","position":2,"name":"Terms and Conditions Chemgo SARL"}]},{"@type":"WebSite","@id":"https:\/\/www.chemgo.ch\/#website","url":"https:\/\/www.chemgo.ch\/","name":"Chemgo AG","description":"","publisher":{"@id":"https:\/\/www.chemgo.ch\/#organization"},"potentialAction":[{"@type":"SearchAction","target":{"@type":"EntryPoint","urlTemplate":"https:\/\/www.chemgo.ch\/?s={search_term_string}"},"query-input":{"@type":"PropertyValueSpecification","valueRequired":true,"valueName":"search_term_string"}}],"inLanguage":"de"},{"@type":"Organization","@id":"https:\/\/www.chemgo.ch\/#organization","name":"Chemgo AG","url":"https:\/\/www.chemgo.ch\/","logo":{"@type":"ImageObject","inLanguage":"de","@id":"https:\/\/www.chemgo.ch\/#\/schema\/logo\/image\/","url":"https:\/\/www.chemgo.ch\/wp-content\/uploads\/2024\/02\/cropped-cropped-cropped-RZ_Chemgo-Logo-RGB-removebg-preview.png","contentUrl":"https:\/\/www.chemgo.ch\/wp-content\/uploads\/2024\/02\/cropped-cropped-cropped-RZ_Chemgo-Logo-RGB-removebg-preview.png","width":713,"height":345,"caption":"Chemgo AG"},"image":{"@id":"https:\/\/www.chemgo.ch\/#\/schema\/logo\/image\/"},"sameAs":["https:\/\/ch.linkedin.com\/company\/chemgo-organica-ag?original_referer=httpswww.google.com"]}]}},"_links":{"self":[{"href":"https:\/\/www.chemgo.ch\/de\/wp-json\/wp\/v2\/pages\/11163","targetHints":{"allow":["GET"]}}],"collection":[{"href":"https:\/\/www.chemgo.ch\/de\/wp-json\/wp\/v2\/pages"}],"about":[{"href":"https:\/\/www.chemgo.ch\/de\/wp-json\/wp\/v2\/types\/page"}],"author":[{"embeddable":true,"href":"https:\/\/www.chemgo.ch\/de\/wp-json\/wp\/v2\/users\/7"}],"replies":[{"embeddable":true,"href":"https:\/\/www.chemgo.ch\/de\/wp-json\/wp\/v2\/comments?post=11163"}],"version-history":[{"count":0,"href":"https:\/\/www.chemgo.ch\/de\/wp-json\/wp\/v2\/pages\/11163\/revisions"}],"wp:attachment":[{"href":"https:\/\/www.chemgo.ch\/de\/wp-json\/wp\/v2\/media?parent=11163"}],"curies":[{"name":"wp","href":"https:\/\/api.w.org\/{rel}","templated":true}]}}