{"id":728,"date":"2022-09-15T14:49:43","date_gmt":"2022-09-15T14:49:43","guid":{"rendered":"https:\/\/www.chemgo.ch\/?page_id=728"},"modified":"2024-08-28T15:50:40","modified_gmt":"2024-08-28T13:50:40","slug":"politique-hse-code-de-conduite","status":"publish","type":"page","link":"http:\/\/www.chemgo.ch\/fr\/hse-quality-policy\/","title":{"rendered":"Politique en mati\u00e8re de HSE et de qualit\u00e9"},"content":{"rendered":"<div data-colibri-id=\"728-c1\" class=\"style-1173 style-local-728-c1 position-relative\">\r\n  <!---->\r\n  <div data-colibri-component=\"section\" data-colibri-id=\"728-c2\" id=\"custom\" class=\"h-section h-section-global-spacing d-flex align-items-lg-center align-items-md-center align-items-center style-1178 style-local-728-c2 position-relative\">\r\n    <!---->\r\n    <!---->\r\n    <div class=\"h-section-grid-container h-section-boxed-container\">\r\n      <div data-colibri-id=\"728-c6\" class=\"h-row-container gutters-row-lg-2 gutters-row-md-2 gutters-row-0 gutters-row-v-lg-2 gutters-row-v-md-2 gutters-row-v-2 style-1184 style-local-728-c6 position-relative\">\r\n        <!---->\r\n        <div class=\"h-row justify-content-lg-center justify-content-md-center justify-content-center align-items-lg-stretch align-items-md-stretch align-items-stretch gutters-col-lg-2 gutters-col-md-2 gutters-col-0 gutters-col-v-lg-2 gutters-col-v-md-2 gutters-col-v-2\">\r\n          <!---->\r\n          <div class=\"h-column h-column-container d-flex h-col-lg-auto h-col-md-auto h-col-auto style-1185-outer style-local-728-c7-outer\">\r\n            <div data-colibri-id=\"728-c7\" class=\"d-flex h-flex-basis h-column__inner h-px-lg-2 h-px-md-2 h-px-2 v-inner-lg-2 v-inner-md-2 v-inner-2 style-1185 style-local-728-c7 position-relative\">\r\n              <!---->\r\n              <!---->\r\n              <div class=\"w-100 h-y-container h-column__content h-column__v-align flex-basis-100 align-self-lg-start align-self-md-start align-self-start\">\r\n                <!---->\r\n                <div data-colibri-id=\"728-c8\" class=\"h-global-transition-all h-heading style-1186 style-local-728-c8 position-relative h-element\">\r\n                  <!---->\r\n                  <div class=\"h-heading__outer style-1186 style-local-728-c8\">\r\n                    <!---->\r\n                    <!---->\r\n                    <h2 class=\"\">Politique en mati\u00e8re de HSE et de qualit\u00e9<\/h2>\r\n                  <\/div>\r\n                <\/div>\r\n              <\/div>\r\n            <\/div>\r\n          <\/div>\r\n        <\/div>\r\n      <\/div>\r\n      <div data-colibri-id=\"728-c3\" class=\"h-row-container gutters-row-lg-2 gutters-row-md-2 gutters-row-0 gutters-row-v-lg-2 gutters-row-v-md-2 gutters-row-v-2 style-1181 style-local-728-c3 position-relative\">\r\n        <!---->\r\n        <div class=\"h-row justify-content-lg-center justify-content-md-center justify-content-center align-items-lg-stretch align-items-md-stretch align-items-stretch gutters-col-lg-2 gutters-col-md-2 gutters-col-0 gutters-col-v-lg-2 gutters-col-v-md-2 gutters-col-v-2\">\r\n          <!---->\r\n          <div class=\"h-column h-column-container d-flex h-col-lg-auto h-col-md-auto h-col-auto style-1182-outer style-local-728-c4-outer\">\r\n            <div data-colibri-id=\"728-c4\" class=\"d-flex h-flex-basis h-column__inner h-px-lg-2 h-px-md-2 h-px-2 v-inner-lg-2 v-inner-md-2 v-inner-2 style-1182 style-local-728-c4 position-relative\">\r\n              <!---->\r\n              <!---->\r\n              <div class=\"w-100 h-y-container h-column__content h-column__v-align flex-basis-100 align-self-lg-start align-self-md-start align-self-start\">\r\n                <!---->\r\n                <div data-colibri-id=\"728-c5\" class=\"h-text h-text-component style-1183 style-local-728-c5 position-relative h-element\">\r\n                  <!---->\r\n                  <!---->\r\n                  <div class=\"\">\r\n                    <h4><strong>Principes de conduite des affaires<\/strong><\/h4>\r\n                    <p>Chemgo AG est une entreprise de taille moyenne qui repr\u00e9sente les fournisseurs du secteur des sciences de la vie. Chemgo associe des comp\u00e9tences individuelles et des d\u00e9cennies d'exp\u00e9rience dans les domaines du marketing, de la vente, du d\u00e9veloppement commercial et de l'innovation.<span style=\"font-family: &quot;Open Sans&quot;;\">Nous sommes conscients que nos activit\u00e9s dans ce domaine impliquent une \u00e9norme responsabilit\u00e9. Nous sommes conscients que nos activit\u00e9s dans ce domaine impliquent une \u00e9norme responsabilit\u00e9. Nous attachons une grande importance \u00e0 la r\u00e9alisation de toutes les transactions de mani\u00e8re l\u00e9gale, fiable, professionnelle et \u00e0 la satisfaction absolue de nos clients, dans le respect de nos valeurs. Notre \u00e9thique des affaires nous oblige \u00e0 veiller \u00e0 ce que notre activit\u00e9 \u00e9conomique soit conforme aux droits internationaux de l'homme, de la libert\u00e9 et du travail et qu'elle soit toujours durable et respectueuse de l'environnement. Nous commercialisons les produits et services de nos entreprises partenaires, principalement \u00e9trang\u00e8res, en Suisse et dans toute l'Europe. Lorsque nous s\u00e9lectionnons nos partenaires commerciaux, nous nous assurons qu'ils partagent et v\u00e9hiculent les m\u00eames valeurs que celles que nous exigeons comme socle de notre activit\u00e9 commerciale. Cela est particuli\u00e8rement important pour nous, car nous ne commercialisons pas seulement des produits et des services, mais des partenaires et leur syst\u00e8me de valeurs.<\/span><\/p>\r\n                    <h4><strong>L'\u00e9thique<\/strong><\/h4>\r\n                    <p>Selon notre vision du monde, tous les individus sont \u00e9gaux et chaque vie humaine a la m\u00eame valeur. Nous ne tol\u00e9rons aucune forme de discrimination et attendons de nos partenaires qu'ils nous traitent avec le m\u00eame respect que celui avec lequel nous les traitons.<\/p>\r\n                    <p>Les droits de l'homme constituent la base de notre soci\u00e9t\u00e9. Ils doivent \u00eatre respect\u00e9s par nos employ\u00e9s et nos partenaires commerciaux. Cela inclut le rejet de toutes les formes d'esclavage moderne telles que le travail des enfants et le travail forc\u00e9. Chemgo pr\u00f4ne le droit \u00e0 un salaire d\u00e9cent, s'oppose \u00e0 l'interdiction de former des syndicats ou des organes repr\u00e9sentatifs des travailleurs. Nous pr\u00f4nons \u00e9galement l'acc\u00e8s \u00e0 la nourriture et \u00e0 l'eau et nous opposons \u00e0 la privation ill\u00e9gale des travailleurs de leurs terres et de leurs moyens de subsistance.<\/p>\r\n                    <p>Nous attendons de nos employ\u00e9s et de nos partenaires commerciaux qu'ils respectent et se conforment aux dispositions l\u00e9gales et r\u00e9glementaires nationales et internationales et qu'ils rejettent toute forme de corruption.<\/p>\r\n                    <p>En tant qu'employeur, nous prenons au s\u00e9rieux notre responsabilit\u00e9 sociale \u00e0 l'\u00e9gard de nos employ\u00e9s en cr\u00e9ant un environnement innovant avec une structure de communication ouverte et active et en veillant \u00e0 ce que tous les employ\u00e9s se rencontrent au m\u00eame niveau.<\/p>\r\n                    <h4><strong>S\u00e9curit\u00e9 et sant\u00e9 au travail<\/strong><\/h4>\r\n                    <p>Nous veillons strictement au respect de toutes les exigences l\u00e9gales dans les domaines de la s\u00e9curit\u00e9 et de la sant\u00e9 au travail. \u00c0 l'\u00e8re des processus toujours plus rapides, nous prot\u00e9geons \u00e9galement nos employ\u00e9s d'un stress psychologique croissant et leur offrons un soutien si n\u00e9cessaire. Nous attachons une grande importance \u00e0 la protection de nos employ\u00e9s et de nos partenaires commerciaux contre l'exposition aux risques chimiques, biologiques et physiques. Cela comprend \u00e9galement le transport de marchandises dangereuses et le stockage de substances dangereuses. Nous minimisons les risques li\u00e9s au transport et \u00e0 l'entreposage en travaillant avec des fabricants poss\u00e9dant le plus haut niveau d'expertise dans le choix des emballages et des moyens de transport appropri\u00e9s, ainsi qu'avec des prestataires de services logistiques d\u00fbment qualifi\u00e9s.<\/p>\r\n                    <h4><strong>Durabilit\u00e9<\/strong><\/h4>\r\n                    <p>Nous sommes convaincus que notre activit\u00e9 \u00e9conomique ne doit pas mettre en p\u00e9ril l'environnement qui est la base de notre existence. Nous mettons en \u0153uvre des strat\u00e9gies \u00e0 long terme pour une utilisation prudente des ressources, rejetons l'utilisation de minerais issus de conflit et d\u00e9veloppons des Cela conduit directement \u00e0 la stabilit\u00e9 \u00e9conomique et donc \u00e0 un niveau \u00e9lev\u00e9 de s\u00e9curit\u00e9 de base pour nos employ\u00e9s et nos partenaires commerciaux.<\/p>\r\n                    <h4><strong style=\"font-weight: 700;\">Gestion de la qualit\u00e9<\/strong><\/h4>\r\n                    <p>Chemgo a mis en place un syst\u00e8me avanc\u00e9 de gestion de la qualit\u00e9 conforme aux normes internationales, qui est r\u00e9guli\u00e8rement contr\u00f4l\u00e9 et certifi\u00e9 par SwissMedic. Le site de Chemgo AG a \u00e9t\u00e9 certifi\u00e9 conforme au GDP. Pour garantir la qualit\u00e9 et la s\u00e9curit\u00e9 des produits finaux fournis, Chemgo AG a mis en place un syst\u00e8me de gestion de la qualit\u00e9 et de la s\u00e9curit\u00e9 des produits finaux fournis, Chemgo travaille avec des partenaires soigneusement s\u00e9lectionn\u00e9s qui disposent d'un syst\u00e8me de gestion de la qualit\u00e9 conforme aux normes internationales.<\/p>\r\n                    <p>\r\n                      <br>\r\n                    <\/p>\r\n                  <\/div>\r\n                <\/div>\r\n              <\/div>\r\n            <\/div>\r\n          <\/div>\r\n        <\/div>\r\n      <\/div>\r\n    <\/div>\r\n  <\/div>\r\n<\/div>","protected":false},"excerpt":{"rendered":"<p>HSE &amp; Quality Policy Business Principles Chemgo AG is a medium-sized company representing suppliers from the life sciences sector.&nbsp;Chemgo combines individual expertise and decades of experience in the areas of marketing, sales, business development, distribution and logistics. We are aware that our activities in this business area involve an enormous amount of responsibility. We attach [&hellip;]<\/p>\n","protected":false},"author":7,"featured_media":0,"parent":0,"menu_order":0,"comment_status":"closed","ping_status":"closed","template":"page-templates\/full-width-page.php","meta":{"footnotes":""},"class_list":["post-728","page","type-page","status-publish","hentry"],"yoast_head":"<!-- This site is optimized with the Yoast SEO plugin v27.3 - https:\/\/yoast.com\/product\/yoast-seo-wordpress\/ -->\n<title>HSE &amp; Quality Policy - Chemgo AG<\/title>\n<meta name=\"robots\" content=\"index, follow, max-snippet:-1, max-image-preview:large, max-video-preview:-1\" \/>\n<link rel=\"canonical\" href=\"https:\/\/www.chemgo.ch\/fr\/politique-hse-code-de-conduite\/\" \/>\n<meta property=\"og:locale\" content=\"fr_FR\" \/>\n<meta property=\"og:type\" content=\"article\" \/>\n<meta property=\"og:title\" content=\"HSE &amp; Quality Policy - Chemgo AG\" \/>\n<meta property=\"og:description\" content=\"HSE &amp; Quality Policy Business Principles Chemgo AG is a medium-sized company representing suppliers from the life sciences sector.&nbsp;Chemgo combines individual expertise and decades of experience in the areas of marketing, sales, business development, distribution and logistics. We are aware that our activities in this business area involve an enormous amount of responsibility. We attach [&hellip;]\" \/>\n<meta property=\"og:url\" content=\"https:\/\/www.chemgo.ch\/fr\/politique-hse-code-de-conduite\/\" \/>\n<meta property=\"og:site_name\" content=\"Chemgo AG\" \/>\n<meta property=\"article:publisher\" content=\"https:\/\/ch.linkedin.com\/company\/chemgo-organica-ag?original_referer=httpswww.google.com\" \/>\n<meta property=\"article:modified_time\" content=\"2024-08-28T13:50:40+00:00\" \/>\n<meta name=\"twitter:card\" content=\"summary_large_image\" \/>\n<meta name=\"twitter:label1\" content=\"Dur\u00e9e de lecture estim\u00e9e\" \/>\n\t<meta name=\"twitter:data1\" content=\"3 minutes\" \/>\n<script type=\"application\/ld+json\" class=\"yoast-schema-graph\">{\"@context\":\"https:\\\/\\\/schema.org\",\"@graph\":[{\"@type\":\"WebPage\",\"@id\":\"https:\\\/\\\/www.chemgo.ch\\\/hse-quality-policy\\\/\",\"url\":\"https:\\\/\\\/www.chemgo.ch\\\/hse-quality-policy\\\/\",\"name\":\"HSE & Quality Policy - Chemgo AG\",\"isPartOf\":{\"@id\":\"https:\\\/\\\/www.chemgo.ch\\\/#website\"},\"datePublished\":\"2022-09-15T14:49:43+00:00\",\"dateModified\":\"2024-08-28T13:50:40+00:00\",\"breadcrumb\":{\"@id\":\"https:\\\/\\\/www.chemgo.ch\\\/hse-quality-policy\\\/#breadcrumb\"},\"inLanguage\":\"fr-FR\",\"potentialAction\":[{\"@type\":\"ReadAction\",\"target\":[\"https:\\\/\\\/www.chemgo.ch\\\/hse-quality-policy\\\/\"]}]},{\"@type\":\"BreadcrumbList\",\"@id\":\"https:\\\/\\\/www.chemgo.ch\\\/hse-quality-policy\\\/#breadcrumb\",\"itemListElement\":[{\"@type\":\"ListItem\",\"position\":1,\"name\":\"Startseite\",\"item\":\"https:\\\/\\\/www.chemgo.ch\\\/\"},{\"@type\":\"ListItem\",\"position\":2,\"name\":\"HSE &#038; Quality Policy\"}]},{\"@type\":\"WebSite\",\"@id\":\"https:\\\/\\\/www.chemgo.ch\\\/#website\",\"url\":\"https:\\\/\\\/www.chemgo.ch\\\/\",\"name\":\"Chemgo AG\",\"description\":\"\",\"publisher\":{\"@id\":\"https:\\\/\\\/www.chemgo.ch\\\/#organization\"},\"potentialAction\":[{\"@type\":\"SearchAction\",\"target\":{\"@type\":\"EntryPoint\",\"urlTemplate\":\"https:\\\/\\\/www.chemgo.ch\\\/?s={search_term_string}\"},\"query-input\":{\"@type\":\"PropertyValueSpecification\",\"valueRequired\":true,\"valueName\":\"search_term_string\"}}],\"inLanguage\":\"fr-FR\"},{\"@type\":\"Organization\",\"@id\":\"https:\\\/\\\/www.chemgo.ch\\\/#organization\",\"name\":\"Chemgo AG\",\"url\":\"https:\\\/\\\/www.chemgo.ch\\\/\",\"logo\":{\"@type\":\"ImageObject\",\"inLanguage\":\"fr-FR\",\"@id\":\"https:\\\/\\\/www.chemgo.ch\\\/#\\\/schema\\\/logo\\\/image\\\/\",\"url\":\"https:\\\/\\\/www.chemgo.ch\\\/wp-content\\\/uploads\\\/2024\\\/02\\\/cropped-cropped-cropped-RZ_Chemgo-Logo-RGB-removebg-preview.png\",\"contentUrl\":\"https:\\\/\\\/www.chemgo.ch\\\/wp-content\\\/uploads\\\/2024\\\/02\\\/cropped-cropped-cropped-RZ_Chemgo-Logo-RGB-removebg-preview.png\",\"width\":713,\"height\":345,\"caption\":\"Chemgo AG\"},\"image\":{\"@id\":\"https:\\\/\\\/www.chemgo.ch\\\/#\\\/schema\\\/logo\\\/image\\\/\"},\"sameAs\":[\"https:\\\/\\\/ch.linkedin.com\\\/company\\\/chemgo-organica-ag?original_referer=httpswww.google.com\"]}]}<\/script>\n<!-- \/ Yoast SEO plugin. -->","yoast_head_json":{"title":"Politique HSE et qualit\u00e9 - Chemgo AG","robots":{"index":"index","follow":"follow","max-snippet":"max-snippet:-1","max-image-preview":"max-image-preview:large","max-video-preview":"max-video-preview:-1"},"canonical":"https:\/\/www.chemgo.ch\/fr\/politique-hse-code-de-conduite\/","og_locale":"fr_FR","og_type":"article","og_title":"HSE & Quality Policy - Chemgo AG","og_description":"HSE &amp; Quality Policy Business Principles Chemgo AG is a medium-sized company representing suppliers from the life sciences sector.&nbsp;Chemgo combines individual expertise and decades of experience in the areas of marketing, sales, business development, distribution and logistics. We are aware that our activities in this business area involve an enormous amount of responsibility. We attach [&hellip;]","og_url":"https:\/\/www.chemgo.ch\/fr\/politique-hse-code-de-conduite\/","og_site_name":"Chemgo AG","article_publisher":"https:\/\/ch.linkedin.com\/company\/chemgo-organica-ag?original_referer=httpswww.google.com","article_modified_time":"2024-08-28T13:50:40+00:00","twitter_card":"summary_large_image","twitter_misc":{"Dur\u00e9e de lecture estim\u00e9e":"3 minutes"},"schema":{"@context":"https:\/\/schema.org","@graph":[{"@type":"WebPage","@id":"https:\/\/www.chemgo.ch\/hse-quality-policy\/","url":"https:\/\/www.chemgo.ch\/hse-quality-policy\/","name":"Politique HSE et qualit\u00e9 - Chemgo AG","isPartOf":{"@id":"https:\/\/www.chemgo.ch\/#website"},"datePublished":"2022-09-15T14:49:43+00:00","dateModified":"2024-08-28T13:50:40+00:00","breadcrumb":{"@id":"https:\/\/www.chemgo.ch\/hse-quality-policy\/#breadcrumb"},"inLanguage":"fr-FR","potentialAction":[{"@type":"ReadAction","target":["https:\/\/www.chemgo.ch\/hse-quality-policy\/"]}]},{"@type":"BreadcrumbList","@id":"https:\/\/www.chemgo.ch\/hse-quality-policy\/#breadcrumb","itemListElement":[{"@type":"ListItem","position":1,"name":"Startseite","item":"https:\/\/www.chemgo.ch\/"},{"@type":"ListItem","position":2,"name":"HSE &#038; Quality Policy"}]},{"@type":"WebSite","@id":"https:\/\/www.chemgo.ch\/#website","url":"https:\/\/www.chemgo.ch\/","name":"Chemgo AG","description":"","publisher":{"@id":"https:\/\/www.chemgo.ch\/#organization"},"potentialAction":[{"@type":"SearchAction","target":{"@type":"EntryPoint","urlTemplate":"https:\/\/www.chemgo.ch\/?s={search_term_string}"},"query-input":{"@type":"PropertyValueSpecification","valueRequired":true,"valueName":"search_term_string"}}],"inLanguage":"fr-FR"},{"@type":"Organization","@id":"https:\/\/www.chemgo.ch\/#organization","name":"Chemgo AG","url":"https:\/\/www.chemgo.ch\/","logo":{"@type":"ImageObject","inLanguage":"fr-FR","@id":"https:\/\/www.chemgo.ch\/#\/schema\/logo\/image\/","url":"https:\/\/www.chemgo.ch\/wp-content\/uploads\/2024\/02\/cropped-cropped-cropped-RZ_Chemgo-Logo-RGB-removebg-preview.png","contentUrl":"https:\/\/www.chemgo.ch\/wp-content\/uploads\/2024\/02\/cropped-cropped-cropped-RZ_Chemgo-Logo-RGB-removebg-preview.png","width":713,"height":345,"caption":"Chemgo AG"},"image":{"@id":"https:\/\/www.chemgo.ch\/#\/schema\/logo\/image\/"},"sameAs":["https:\/\/ch.linkedin.com\/company\/chemgo-organica-ag?original_referer=httpswww.google.com"]}]}},"_links":{"self":[{"href":"http:\/\/www.chemgo.ch\/fr\/wp-json\/wp\/v2\/pages\/728","targetHints":{"allow":["GET"]}}],"collection":[{"href":"http:\/\/www.chemgo.ch\/fr\/wp-json\/wp\/v2\/pages"}],"about":[{"href":"http:\/\/www.chemgo.ch\/fr\/wp-json\/wp\/v2\/types\/page"}],"author":[{"embeddable":true,"href":"http:\/\/www.chemgo.ch\/fr\/wp-json\/wp\/v2\/users\/7"}],"replies":[{"embeddable":true,"href":"http:\/\/www.chemgo.ch\/fr\/wp-json\/wp\/v2\/comments?post=728"}],"version-history":[{"count":0,"href":"http:\/\/www.chemgo.ch\/fr\/wp-json\/wp\/v2\/pages\/728\/revisions"}],"wp:attachment":[{"href":"http:\/\/www.chemgo.ch\/fr\/wp-json\/wp\/v2\/media?parent=728"}],"curies":[{"name":"wp","href":"https:\/\/api.w.org\/{rel}","templated":true}]}}