{"id":2836,"date":"2024-03-18T18:08:20","date_gmt":"2024-03-18T16:08:20","guid":{"rendered":"https:\/\/www.chemgo.ch\/imprint\/"},"modified":"2024-05-23T11:14:10","modified_gmt":"2024-05-23T09:14:10","slug":"impression","status":"publish","type":"page","link":"http:\/\/www.chemgo.ch\/fr\/imprint\/","title":{"rendered":"Impression"},"content":{"rendered":"<div data-colibri-id=\"2836-c81\" class=\"style-1402 style-local-2836-c81 position-relative\">\n  <!---->\n  <div data-colibri-component=\"section\" data-colibri-id=\"2836-c82\" id=\"custom-2\" class=\"h-section h-section-global-spacing d-flex align-items-lg-center align-items-md-center align-items-center style-2080 style-local-2836-c82 position-relative\">\n    <!---->\n    <!---->\n    <div class=\"h-section-grid-container h-section-boxed-container\">\n      <div data-colibri-id=\"2836-c86\" class=\"h-row-container gutters-row-lg-2 gutters-row-md-2 gutters-row-0 gutters-row-v-lg-2 gutters-row-v-md-2 gutters-row-v-2 style-2090 style-local-2836-c86 position-relative\">\n        <!---->\n        <div class=\"h-row justify-content-lg-center justify-content-md-center justify-content-center align-items-lg-stretch align-items-md-stretch align-items-stretch gutters-col-lg-2 gutters-col-md-2 gutters-col-0 gutters-col-v-lg-2 gutters-col-v-md-2 gutters-col-v-2\">\n          <!---->\n          <div class=\"h-column h-column-container d-flex h-col-lg-auto h-col-md-auto h-col-auto style-2091-outer style-local-2836-c87-outer\">\n            <div data-colibri-id=\"2836-c87\" class=\"d-flex h-flex-basis h-column__inner h-px-lg-2 h-px-md-2 h-px-2 v-inner-lg-2 v-inner-md-2 v-inner-2 style-2091 style-local-2836-c87 position-relative\">\n              <!---->\n              <!---->\n              <div class=\"w-100 h-y-container h-column__content h-column__v-align flex-basis-100 align-self-lg-start align-self-md-start align-self-start\">\n                <!---->\n                <div data-colibri-id=\"2836-c88\" class=\"h-global-transition-all h-heading style-2092 style-local-2836-c88 position-relative h-element\">\n                  <!---->\n                  <div class=\"h-heading__outer style-2092 style-local-2836-c88\">\n                    <!---->\n                    <!---->\n                    <h2 class=\"\">Impression<\/h2>\n                  <\/div>\n                <\/div>\n              <\/div>\n            <\/div>\n          <\/div>\n        <\/div>\n      <\/div>\n      <div data-colibri-id=\"2836-c83\" class=\"h-row-container gutters-row-lg-2 gutters-row-md-2 gutters-row-0 gutters-row-v-lg-2 gutters-row-v-md-2 gutters-row-v-2 style-2088 style-local-2836-c83 position-relative\">\n        <!---->\n        <div class=\"h-row justify-content-lg-center justify-content-md-center justify-content-center align-items-lg-stretch align-items-md-stretch align-items-stretch gutters-col-lg-2 gutters-col-md-2 gutters-col-0 gutters-col-v-lg-2 gutters-col-v-md-2 gutters-col-v-2\">\n          <!---->\n          <div class=\"h-column h-column-container d-flex h-col-lg-auto h-col-md-auto h-col-auto style-2089-outer style-local-2836-c84-outer\">\n            <div data-colibri-id=\"2836-c84\" class=\"d-flex h-flex-basis h-column__inner h-px-lg-2 h-px-md-2 h-px-2 v-inner-lg-2 v-inner-md-2 v-inner-2 style-2089 style-local-2836-c84 position-relative\">\n              <!---->\n              <!---->\n              <div class=\"w-100 h-y-container h-column__content h-column__v-align flex-basis-100 align-self-lg-start align-self-md-start align-self-start\">\n                <!---->\n                <div data-colibri-id=\"2836-c85\" class=\"h-text h-text-component style-2087 style-local-2836-c85 position-relative h-element\">\n                  <!---->\n                  <!---->\n                  <div class=\"\">\n                    <p><strong style=\"color: rgb(0, 0, 0);\">Entit\u00e9 responsable :<\/strong><span style=\"color: rgb(0, 0, 0);\"><br> Chemgo AG<br> Florenz - Strasse 9<br> 4142 M\u00fcnchenstein<br> Suisse<br> <\/span><strong style=\"color: rgb(0, 0, 0);\">Courriel<\/strong>\n                      <span\n                        style=\"color: rgb(0, 0, 0);\">: info@chemgo.ch\n                        <br>\n                        <br> <\/span><strong style=\"color: rgb(0, 0, 0);\">Personnes<\/strong><span style=\"color: rgb(0, 0, 0);\"><br> Thomas Fleischmann<br> <br> <\/span><strong style=\"color: rgb(0, 0, 0);\">Nom de l'entreprise<\/strong><span style=\"color: rgb(0, 0, 0);\">: Chemgo AG<br> <\/span>\n                        <strong\n                          style=\"color: rgb(0, 0, 0);\">Num\u00e9ro d'enregistrement<\/strong><span style=\"color: rgb(0, 0, 0);\">: CHE-107.940.465<br> <\/span><strong style=\"color: rgb(0, 0, 0);\">Num\u00e9ro de TVA<\/strong><span style=\"color: rgb(0, 0, 0);\">: CHE-107.940.465 MWST<br> <br> <\/span>\n                          <strong\n                            style=\"color: rgb(0, 0, 0);\">Clause de non-responsabilit\u00e9<\/strong><span style=\"color: rgb(0, 0, 0);\"><br> L'auteur n'assume aucune responsabilit\u00e9 quant \u00e0 l'exactitude, la pr\u00e9cision, l'actualit\u00e9, la fiabilit\u00e9 et l'exhaustivit\u00e9 des informations.<br> Les droits \u00e0 la responsabilit\u00e9 contre l'auteur pour des dommages mat\u00e9riels ou immat\u00e9riels r\u00e9sultant de l'acc\u00e8s, de l'utilisation ou de la non-utilisation des informations publi\u00e9es, d'une mauvaise utilisation de la connexion ou de dysfonctionnements techniques sont exclus.<br> <br> Toutes les offres sont sans engagement. L'auteur se r\u00e9serve express\u00e9ment le droit de modifier, de compl\u00e9ter ou de supprimer des parties de pages ou l'ensemble de l'offre sans pr\u00e9avis, ou de cesser temporairement ou d\u00e9finitivement la publication.<br> <br> <\/span>\n                            <strong\n                              style=\"color: rgb(0, 0, 0);\">Clause de non-responsabilit\u00e9 pour le contenu et les liens<\/strong><span style=\"color: rgb(0, 0, 0);\"><br> Les r\u00e9f\u00e9rences et les liens vers des sites web de tiers ne rel\u00e8vent pas de notre domaine de responsabilit\u00e9. Elle rejette toute responsabilit\u00e9 pour ces sites web. L'acc\u00e8s \u00e0 ces sites et leur utilisation se font aux risques et p\u00e9rils de l'utilisateur.<br> <br> <\/span>\n                              <strong\n                                style=\"color: rgb(0, 0, 0);\">D\u00e9claration de droits d'auteur<\/strong><span style=\"color: rgb(0, 0, 0);\"><br> Les droits d'auteur et tous les autres droits relatifs au contenu, aux images, aux photos ou aux autres fichiers de ce site Web appartiennent exclusivement \u00e0 Chemgo AG ou aux d\u00e9tenteurs de droits sp\u00e9cifiquement cit\u00e9s. La reproduction de tout \u00e9l\u00e9ment doit faire l'objet d'une autorisation \u00e9crite pr\u00e9alable du d\u00e9tenteur des droits d'auteur.<\/span>\n                                <br>\n                                <br>\n                    <\/p>\n                  <\/div>\n                <\/div>\n              <\/div>\n            <\/div>\n          <\/div>\n        <\/div>\n      <\/div>\n    <\/div>\n  <\/div>\n<\/div>","protected":false},"excerpt":{"rendered":"<p>Imprint Responsible entity: Chemgo AG Florenz &#8211; Strasse 9 4142 M\u00fcnchenstein Schweiz Email : info@chemgo.ch Persons Thomas Fleischmann Company Name: Chemgo AG Registration number: CHE-107.940.465 Vat number: CHE-107.940.465 MWST Disclaimer The author assumes no liability for the correctness, accuracy, timeliness, reliability and completeness of the information. Liability claims against the author for material or immaterial [&hellip;]<\/p>\n","protected":false},"author":7,"featured_media":0,"parent":0,"menu_order":0,"comment_status":"closed","ping_status":"closed","template":"page-templates\/full-width-page.php","meta":{"footnotes":""},"class_list":["post-2836","page","type-page","status-publish","hentry"],"yoast_head":"<!-- This site is optimized with the Yoast SEO plugin v27.3 - https:\/\/yoast.com\/product\/yoast-seo-wordpress\/ -->\n<title>Imprint - Chemgo AG<\/title>\n<meta name=\"robots\" content=\"index, follow, max-snippet:-1, max-image-preview:large, max-video-preview:-1\" \/>\n<link rel=\"canonical\" href=\"https:\/\/www.chemgo.ch\/fr\/impression\/\" \/>\n<meta property=\"og:locale\" content=\"fr_FR\" \/>\n<meta property=\"og:type\" content=\"article\" \/>\n<meta property=\"og:title\" content=\"Imprint - Chemgo AG\" \/>\n<meta property=\"og:description\" content=\"Imprint Responsible entity: Chemgo AG Florenz &#8211; Strasse 9 4142 M\u00fcnchenstein Schweiz Email : info@chemgo.ch Persons Thomas Fleischmann Company Name: Chemgo AG Registration number: CHE-107.940.465 Vat number: CHE-107.940.465 MWST Disclaimer The author assumes no liability for the correctness, accuracy, timeliness, reliability and completeness of the information. Liability claims against the author for material or immaterial [&hellip;]\" \/>\n<meta property=\"og:url\" content=\"https:\/\/www.chemgo.ch\/fr\/impression\/\" \/>\n<meta property=\"og:site_name\" content=\"Chemgo AG\" \/>\n<meta property=\"article:publisher\" content=\"https:\/\/ch.linkedin.com\/company\/chemgo-organica-ag?original_referer=httpswww.google.com\" \/>\n<meta property=\"article:modified_time\" content=\"2024-05-23T09:14:10+00:00\" \/>\n<meta name=\"twitter:card\" content=\"summary_large_image\" \/>\n<meta name=\"twitter:label1\" content=\"Dur\u00e9e de lecture estim\u00e9e\" \/>\n\t<meta name=\"twitter:data1\" content=\"1 minute\" \/>\n<script type=\"application\/ld+json\" class=\"yoast-schema-graph\">{\"@context\":\"https:\\\/\\\/schema.org\",\"@graph\":[{\"@type\":\"WebPage\",\"@id\":\"https:\\\/\\\/www.chemgo.ch\\\/imprint\\\/\",\"url\":\"https:\\\/\\\/www.chemgo.ch\\\/imprint\\\/\",\"name\":\"Imprint - Chemgo AG\",\"isPartOf\":{\"@id\":\"https:\\\/\\\/www.chemgo.ch\\\/#website\"},\"datePublished\":\"2024-03-18T16:08:20+00:00\",\"dateModified\":\"2024-05-23T09:14:10+00:00\",\"breadcrumb\":{\"@id\":\"https:\\\/\\\/www.chemgo.ch\\\/imprint\\\/#breadcrumb\"},\"inLanguage\":\"fr-FR\",\"potentialAction\":[{\"@type\":\"ReadAction\",\"target\":[\"https:\\\/\\\/www.chemgo.ch\\\/imprint\\\/\"]}]},{\"@type\":\"BreadcrumbList\",\"@id\":\"https:\\\/\\\/www.chemgo.ch\\\/imprint\\\/#breadcrumb\",\"itemListElement\":[{\"@type\":\"ListItem\",\"position\":1,\"name\":\"Startseite\",\"item\":\"https:\\\/\\\/www.chemgo.ch\\\/\"},{\"@type\":\"ListItem\",\"position\":2,\"name\":\"Imprint\"}]},{\"@type\":\"WebSite\",\"@id\":\"https:\\\/\\\/www.chemgo.ch\\\/#website\",\"url\":\"https:\\\/\\\/www.chemgo.ch\\\/\",\"name\":\"Chemgo AG\",\"description\":\"\",\"publisher\":{\"@id\":\"https:\\\/\\\/www.chemgo.ch\\\/#organization\"},\"potentialAction\":[{\"@type\":\"SearchAction\",\"target\":{\"@type\":\"EntryPoint\",\"urlTemplate\":\"https:\\\/\\\/www.chemgo.ch\\\/?s={search_term_string}\"},\"query-input\":{\"@type\":\"PropertyValueSpecification\",\"valueRequired\":true,\"valueName\":\"search_term_string\"}}],\"inLanguage\":\"fr-FR\"},{\"@type\":\"Organization\",\"@id\":\"https:\\\/\\\/www.chemgo.ch\\\/#organization\",\"name\":\"Chemgo AG\",\"url\":\"https:\\\/\\\/www.chemgo.ch\\\/\",\"logo\":{\"@type\":\"ImageObject\",\"inLanguage\":\"fr-FR\",\"@id\":\"https:\\\/\\\/www.chemgo.ch\\\/#\\\/schema\\\/logo\\\/image\\\/\",\"url\":\"https:\\\/\\\/www.chemgo.ch\\\/wp-content\\\/uploads\\\/2024\\\/02\\\/cropped-cropped-cropped-RZ_Chemgo-Logo-RGB-removebg-preview.png\",\"contentUrl\":\"https:\\\/\\\/www.chemgo.ch\\\/wp-content\\\/uploads\\\/2024\\\/02\\\/cropped-cropped-cropped-RZ_Chemgo-Logo-RGB-removebg-preview.png\",\"width\":713,\"height\":345,\"caption\":\"Chemgo AG\"},\"image\":{\"@id\":\"https:\\\/\\\/www.chemgo.ch\\\/#\\\/schema\\\/logo\\\/image\\\/\"},\"sameAs\":[\"https:\\\/\\\/ch.linkedin.com\\\/company\\\/chemgo-organica-ag?original_referer=httpswww.google.com\"]}]}<\/script>\n<!-- \/ Yoast SEO plugin. -->","yoast_head_json":{"title":"Mentions l\u00e9gales - Chemgo AG","robots":{"index":"index","follow":"follow","max-snippet":"max-snippet:-1","max-image-preview":"max-image-preview:large","max-video-preview":"max-video-preview:-1"},"canonical":"https:\/\/www.chemgo.ch\/fr\/impression\/","og_locale":"fr_FR","og_type":"article","og_title":"Imprint - Chemgo AG","og_description":"Imprint Responsible entity: Chemgo AG Florenz &#8211; Strasse 9 4142 M\u00fcnchenstein Schweiz Email : info@chemgo.ch Persons Thomas Fleischmann Company Name: Chemgo AG Registration number: CHE-107.940.465 Vat number: CHE-107.940.465 MWST Disclaimer The author assumes no liability for the correctness, accuracy, timeliness, reliability and completeness of the information. Liability claims against the author for material or immaterial [&hellip;]","og_url":"https:\/\/www.chemgo.ch\/fr\/impression\/","og_site_name":"Chemgo AG","article_publisher":"https:\/\/ch.linkedin.com\/company\/chemgo-organica-ag?original_referer=httpswww.google.com","article_modified_time":"2024-05-23T09:14:10+00:00","twitter_card":"summary_large_image","twitter_misc":{"Dur\u00e9e de lecture estim\u00e9e":"1 minute"},"schema":{"@context":"https:\/\/schema.org","@graph":[{"@type":"WebPage","@id":"https:\/\/www.chemgo.ch\/imprint\/","url":"https:\/\/www.chemgo.ch\/imprint\/","name":"Mentions l\u00e9gales - Chemgo AG","isPartOf":{"@id":"https:\/\/www.chemgo.ch\/#website"},"datePublished":"2024-03-18T16:08:20+00:00","dateModified":"2024-05-23T09:14:10+00:00","breadcrumb":{"@id":"https:\/\/www.chemgo.ch\/imprint\/#breadcrumb"},"inLanguage":"fr-FR","potentialAction":[{"@type":"ReadAction","target":["https:\/\/www.chemgo.ch\/imprint\/"]}]},{"@type":"BreadcrumbList","@id":"https:\/\/www.chemgo.ch\/imprint\/#breadcrumb","itemListElement":[{"@type":"ListItem","position":1,"name":"Startseite","item":"https:\/\/www.chemgo.ch\/"},{"@type":"ListItem","position":2,"name":"Imprint"}]},{"@type":"WebSite","@id":"https:\/\/www.chemgo.ch\/#website","url":"https:\/\/www.chemgo.ch\/","name":"Chemgo AG","description":"","publisher":{"@id":"https:\/\/www.chemgo.ch\/#organization"},"potentialAction":[{"@type":"SearchAction","target":{"@type":"EntryPoint","urlTemplate":"https:\/\/www.chemgo.ch\/?s={search_term_string}"},"query-input":{"@type":"PropertyValueSpecification","valueRequired":true,"valueName":"search_term_string"}}],"inLanguage":"fr-FR"},{"@type":"Organization","@id":"https:\/\/www.chemgo.ch\/#organization","name":"Chemgo AG","url":"https:\/\/www.chemgo.ch\/","logo":{"@type":"ImageObject","inLanguage":"fr-FR","@id":"https:\/\/www.chemgo.ch\/#\/schema\/logo\/image\/","url":"https:\/\/www.chemgo.ch\/wp-content\/uploads\/2024\/02\/cropped-cropped-cropped-RZ_Chemgo-Logo-RGB-removebg-preview.png","contentUrl":"https:\/\/www.chemgo.ch\/wp-content\/uploads\/2024\/02\/cropped-cropped-cropped-RZ_Chemgo-Logo-RGB-removebg-preview.png","width":713,"height":345,"caption":"Chemgo AG"},"image":{"@id":"https:\/\/www.chemgo.ch\/#\/schema\/logo\/image\/"},"sameAs":["https:\/\/ch.linkedin.com\/company\/chemgo-organica-ag?original_referer=httpswww.google.com"]}]}},"_links":{"self":[{"href":"http:\/\/www.chemgo.ch\/fr\/wp-json\/wp\/v2\/pages\/2836","targetHints":{"allow":["GET"]}}],"collection":[{"href":"http:\/\/www.chemgo.ch\/fr\/wp-json\/wp\/v2\/pages"}],"about":[{"href":"http:\/\/www.chemgo.ch\/fr\/wp-json\/wp\/v2\/types\/page"}],"author":[{"embeddable":true,"href":"http:\/\/www.chemgo.ch\/fr\/wp-json\/wp\/v2\/users\/7"}],"replies":[{"embeddable":true,"href":"http:\/\/www.chemgo.ch\/fr\/wp-json\/wp\/v2\/comments?post=2836"}],"version-history":[{"count":0,"href":"http:\/\/www.chemgo.ch\/fr\/wp-json\/wp\/v2\/pages\/2836\/revisions"}],"wp:attachment":[{"href":"http:\/\/www.chemgo.ch\/fr\/wp-json\/wp\/v2\/media?parent=2836"}],"curies":[{"name":"wp","href":"https:\/\/api.w.org\/{rel}","templated":true}]}}