{"id":6751,"date":"2024-04-08T15:46:03","date_gmt":"2024-04-08T13:46:03","guid":{"rendered":"https:\/\/www.chemgo.ch\/terms-conditions-chemgo\/"},"modified":"2025-09-01T17:00:18","modified_gmt":"2025-09-01T15:00:18","slug":"bedingungen-chemgo-ag","status":"publish","type":"page","link":"http:\/\/www.chemgo.ch\/de\/terms-conditions-chemgo\/","title":{"rendered":"Bedingungen &amp; Konditionen Chemgo"},"content":{"rendered":"<div data-colibri-id=\"6751-c1\" class=\"style-3235 style-local-6751-c1 position-relative\">\n  <!---->\n  <div data-colibri-component=\"section\" data-colibri-id=\"6751-c2\" id=\"custom\" class=\"h-section h-section-global-spacing d-flex align-items-lg-center align-items-md-center align-items-center style-3291 style-local-6751-c2 position-relative\">\n    <!---->\n    <!---->\n    <div class=\"h-section-grid-container h-section-boxed-container\">\n      <div data-colibri-id=\"6751-c6\" class=\"h-row-container gutters-row-lg-2 gutters-row-md-2 gutters-row-0 gutters-row-v-lg-2 gutters-row-v-md-2 gutters-row-v-2 style-3301 style-local-6751-c6 position-relative\">\n        <!---->\n        <div class=\"h-row justify-content-lg-center justify-content-md-center justify-content-center align-items-lg-stretch align-items-md-stretch align-items-stretch gutters-col-lg-2 gutters-col-md-2 gutters-col-0 gutters-col-v-lg-2 gutters-col-v-md-2 gutters-col-v-2\">\n          <!---->\n          <div class=\"h-column h-column-container d-flex h-col-lg-auto h-col-md-auto h-col-auto style-3302-outer style-local-6751-c7-outer\">\n            <div data-colibri-id=\"6751-c7\" class=\"d-flex h-flex-basis h-column__inner h-px-lg-2 h-px-md-2 h-px-2 v-inner-lg-2 v-inner-md-2 v-inner-2 style-3302 style-local-6751-c7 position-relative\">\n              <!---->\n              <!---->\n              <div class=\"w-100 h-y-container h-column__content h-column__v-align flex-basis-100 align-self-lg-start align-self-md-start align-self-start\">\n                <!---->\n                <div data-colibri-id=\"6751-c8\" class=\"h-global-transition-all h-heading style-3303 style-local-6751-c8 position-relative h-element\">\n                  <!---->\n                  <div class=\"h-heading__outer style-3303 style-local-6751-c8\">\n                    <!---->\n                    <!---->\n                    <h2 class=\"\">Allgemeine Gesch\u00e4ftsbedingungen Chemgo AG<\/h2>\n                  <\/div>\n                <\/div>\n              <\/div>\n            <\/div>\n          <\/div>\n        <\/div>\n      <\/div>\n      <div data-colibri-id=\"6751-c3\" class=\"h-row-container gutters-row-lg-2 gutters-row-md-2 gutters-row-0 gutters-row-v-lg-2 gutters-row-v-md-2 gutters-row-v-2 style-3813 style-local-6751-c3 position-relative\">\n        <!---->\n        <div class=\"h-row justify-content-lg-center justify-content-md-center justify-content-center align-items-lg-stretch align-items-md-stretch align-items-stretch gutters-col-lg-2 gutters-col-md-2 gutters-col-0 gutters-col-v-lg-2 gutters-col-v-md-2 gutters-col-v-2\">\n          <!---->\n          <div class=\"h-column h-column-container d-flex h-col-lg-auto h-col-md-auto h-col-auto style-3814-outer style-local-6751-c4-outer\">\n            <div data-colibri-id=\"6751-c4\" class=\"d-flex h-flex-basis h-column__inner h-px-lg-2 h-px-md-2 h-px-2 v-inner-lg-2 v-inner-md-2 v-inner-2 style-3814 style-local-6751-c4 position-relative\">\n              <!---->\n              <!---->\n              <div class=\"w-100 h-y-container h-column__content h-column__v-align flex-basis-100 align-self-lg-start align-self-md-start align-self-start\">\n                <!---->\n                <div data-colibri-id=\"6751-c5\" class=\"h-text h-text-component style-3306 style-local-6751-c5 position-relative h-element\">\n                  <!---->\n                  <!---->\n                  <div class=\"\">\n                    <h4><span style=\"color: rgb(0, 0, 0);\">Allgemeine Einkaufsbedingungen<\/span><\/h4>\n                    <p><span style=\"color: rgb(0, 0, 0);\"><br><\/span><\/p>\n                    <p><span style=\"color: rgb(0, 0, 0);\">Abweichende oder zus\u00e4tzliche Bedingungen, insbesondere solche des Lieferanten, gelten nur mit schriftlicher Zustimmung von CHEMGO.<br><\/span><\/p>\n                    <p><span style=\"color: rgb(0, 0, 0);\">Der Lieferant macht CHEMGO und\/oder den Frachtf\u00fchrer auf Eigenschaften der bestellten Waren aufmerksam, aufgrund derer besondere Sorgfalt bei Transport und Lagerung n\u00f6tig ist, sei es zur Vermeidung von Besch\u00e4digung der Ware selbst, sei es zur Vermeidung von Sch\u00e4den durch die Ware an anderem Gut oder Personen.<br><\/span><\/p>\n                    <p><span style=\"color: rgb(0, 0, 0);\">Der Lieferant sorgt f\u00fcr die Einhaltung der Vorschriften betreffend den Versand gef\u00e4hrlicher G\u00fcter. (IATA\/IMCO\/RID\/ADR).<br><\/span><\/p>\n                    <p><span style=\"color: rgb(0, 0, 0);\">Die Pr\u00fcfung der Ware erfolgt durch CHEMGO und\/oder den Abnehmer am endg\u00fcltigen Bestimmungsort. CHEMGO sorgt f\u00fcr die umgehende Weiterleitung einer allf\u00e4lligen M\u00e4ngelr\u00fcge an den Lieferanten.<\/span><\/p>\n                    <p><span style=\"color: rgb(0, 0, 0);\"><br><\/span><\/p>\n                    <h4><span style=\"color: rgb(0, 0, 0);\">Allgemeine Lieferbedingungen<\/span><\/h4>\n                    <p><span style=\"color: rgb(0, 0, 0);\"><br><\/span><\/p>\n                    <p><span style=\"color: rgb(0, 0, 0);\">Abweichende oder zus\u00e4tzliche Bedingungen, insbesondere solche des Abnehmers, gelten nur mit schriftlicher Zustimmung von CHEMGO. Der Abnehmer pr\u00fcft die Ware sofort nach Erhalt. Eine allf\u00e4llige M\u00e4ngelr\u00fcge ist schriftlich zu erheben und muss sp\u00e4testens nach einer Woche nach Erhalt der Ware bei CHEMGO eingegangen sein.<br><\/span><\/p>\n                    <p><span style=\"color: rgb(0, 0, 0);\">CHEMGO leitet die M\u00e4ngelr\u00fcge umgehend an den Hersteller beziehungsweise Lieferanten der Ware weiter. CHEMGO unterst\u00fctzt die Parteien bei der Abwicklung des Mangelfalles.<br><\/span><\/p>\n                    <p><span style=\"color: rgb(0, 0, 0);\">Steht der beanstandete Mangel in Zusammenhang mit einer Leistung von CHEMGO, beschr\u00e4nkt sich deren Haftung der H\u00f6he nach im Maximum auf den Wert der Ware.<br><\/span><\/p>\n                    <p><span style=\"color: rgb(0, 0, 0);\">Die gelieferte Ware bleibt bis zur v\u00f6lligen Bezahlung des Kaufpreises und aller sonstigen gegenw\u00e4rtigen oder zuk\u00fcnftigen Forderungen, die uns aus der Gesch\u00e4ftsverbindung gegen den Besteller zustehen, unser Eigentum.<br><\/span><\/p>\n                    <p><span style=\"color: rgb(0, 0, 0);\">Alle Bestellungen werden nach aktuellem ISO-ent-sprechendem Qualit\u00e4tssystem abgewickelt. Verlangt der Kunde Abwicklung nach GDP (Good Distribution Practice f\u00fcr GMP-relevante Produkte oder APIs) so sind die Anforderungen vor der Bestellung schriftlich festzulegen.<\/span><\/p>\n                    <p><span style=\"color: rgb(0, 0, 0);\"><br><\/span><\/p>\n                    <p><span style=\"font-weight: 700; color: rgb(0, 0, 0);\">F\u00fcr Bestellungen und Lieferungen gilt Gerichtsstand Basel, Schweiz.<\/span><\/p>\n                    <p><strong style=\"color: rgb(0, 0, 0);\">Es gilt ausschliesslich schweizerisches Recht.<\/strong><\/p>\n                  <\/div>\n                <\/div>\n              <\/div>\n            <\/div>\n          <\/div>\n        <\/div>\n      <\/div>\n    <\/div>\n  <\/div>\n<\/div>","protected":false},"excerpt":{"rendered":"<p>Terms and Conditions Chemgo AG General Conditions of Purchase Differing or additional terms or conditions, in particular those of the supplier, are only valid with written agreement from CHEMGO. The supplier makes CHEMGO and\/or the forwarding agent aware of any characteristics of the ordered goods that necessitate special care during transport and storage, whether it [&hellip;]<\/p>\n","protected":false},"author":7,"featured_media":0,"parent":0,"menu_order":0,"comment_status":"closed","ping_status":"closed","template":"page-templates\/full-width-page.php","meta":{"footnotes":""},"class_list":["post-6751","page","type-page","status-publish","hentry"],"yoast_head":"<!-- This site is optimized with the Yoast SEO plugin v27.4 - https:\/\/yoast.com\/product\/yoast-seo-wordpress\/ -->\n<title>Terms &amp; Conditions Chemgo - Chemgo AG<\/title>\n<meta name=\"robots\" content=\"index, follow, max-snippet:-1, max-image-preview:large, max-video-preview:-1\" \/>\n<link rel=\"canonical\" href=\"https:\/\/www.chemgo.ch\/de\/bedingungen-chemgo-ag\/\" \/>\n<meta property=\"og:locale\" content=\"de_DE\" \/>\n<meta property=\"og:type\" content=\"article\" \/>\n<meta property=\"og:title\" content=\"Terms &amp; Conditions Chemgo - Chemgo AG\" \/>\n<meta property=\"og:description\" content=\"Terms and Conditions Chemgo AG General Conditions of Purchase Differing or additional terms or conditions, in particular those of the supplier, are only valid with written agreement from CHEMGO. The supplier makes CHEMGO and\/or the forwarding agent aware of any characteristics of the ordered goods that necessitate special care during transport and storage, whether it [&hellip;]\" \/>\n<meta property=\"og:url\" content=\"https:\/\/www.chemgo.ch\/de\/bedingungen-chemgo-ag\/\" \/>\n<meta property=\"og:site_name\" content=\"Chemgo AG\" \/>\n<meta property=\"article:publisher\" content=\"https:\/\/ch.linkedin.com\/company\/chemgo-organica-ag?original_referer=httpswww.google.com\" \/>\n<meta property=\"article:modified_time\" content=\"2025-09-01T15:00:18+00:00\" \/>\n<meta name=\"twitter:card\" content=\"summary_large_image\" \/>\n<meta name=\"twitter:label1\" content=\"Gesch\u00e4tzte Lesezeit\" \/>\n\t<meta name=\"twitter:data1\" content=\"2\u00a0Minuten\" \/>\n<script type=\"application\/ld+json\" class=\"yoast-schema-graph\">{\"@context\":\"https:\\\/\\\/schema.org\",\"@graph\":[{\"@type\":\"WebPage\",\"@id\":\"https:\\\/\\\/www.chemgo.ch\\\/terms-conditions-chemgo\\\/\",\"url\":\"https:\\\/\\\/www.chemgo.ch\\\/terms-conditions-chemgo\\\/\",\"name\":\"Terms & Conditions Chemgo - Chemgo AG\",\"isPartOf\":{\"@id\":\"https:\\\/\\\/www.chemgo.ch\\\/#website\"},\"datePublished\":\"2024-04-08T13:46:03+00:00\",\"dateModified\":\"2025-09-01T15:00:18+00:00\",\"breadcrumb\":{\"@id\":\"https:\\\/\\\/www.chemgo.ch\\\/terms-conditions-chemgo\\\/#breadcrumb\"},\"inLanguage\":\"de\",\"potentialAction\":[{\"@type\":\"ReadAction\",\"target\":[\"https:\\\/\\\/www.chemgo.ch\\\/terms-conditions-chemgo\\\/\"]}]},{\"@type\":\"BreadcrumbList\",\"@id\":\"https:\\\/\\\/www.chemgo.ch\\\/terms-conditions-chemgo\\\/#breadcrumb\",\"itemListElement\":[{\"@type\":\"ListItem\",\"position\":1,\"name\":\"Startseite\",\"item\":\"https:\\\/\\\/www.chemgo.ch\\\/\"},{\"@type\":\"ListItem\",\"position\":2,\"name\":\"Terms &#038; Conditions Chemgo\"}]},{\"@type\":\"WebSite\",\"@id\":\"https:\\\/\\\/www.chemgo.ch\\\/#website\",\"url\":\"https:\\\/\\\/www.chemgo.ch\\\/\",\"name\":\"Chemgo AG\",\"description\":\"\",\"publisher\":{\"@id\":\"https:\\\/\\\/www.chemgo.ch\\\/#organization\"},\"potentialAction\":[{\"@type\":\"SearchAction\",\"target\":{\"@type\":\"EntryPoint\",\"urlTemplate\":\"https:\\\/\\\/www.chemgo.ch\\\/?s={search_term_string}\"},\"query-input\":{\"@type\":\"PropertyValueSpecification\",\"valueRequired\":true,\"valueName\":\"search_term_string\"}}],\"inLanguage\":\"de\"},{\"@type\":\"Organization\",\"@id\":\"https:\\\/\\\/www.chemgo.ch\\\/#organization\",\"name\":\"Chemgo AG\",\"url\":\"https:\\\/\\\/www.chemgo.ch\\\/\",\"logo\":{\"@type\":\"ImageObject\",\"inLanguage\":\"de\",\"@id\":\"https:\\\/\\\/www.chemgo.ch\\\/#\\\/schema\\\/logo\\\/image\\\/\",\"url\":\"https:\\\/\\\/www.chemgo.ch\\\/wp-content\\\/uploads\\\/2026\\\/04\\\/Logo-Chemgo-50J-2-scaled.png\",\"contentUrl\":\"https:\\\/\\\/www.chemgo.ch\\\/wp-content\\\/uploads\\\/2026\\\/04\\\/Logo-Chemgo-50J-2-scaled.png\",\"width\":2560,\"height\":1253,\"caption\":\"Chemgo AG\"},\"image\":{\"@id\":\"https:\\\/\\\/www.chemgo.ch\\\/#\\\/schema\\\/logo\\\/image\\\/\"},\"sameAs\":[\"https:\\\/\\\/ch.linkedin.com\\\/company\\\/chemgo-organica-ag?original_referer=httpswww.google.com\"]}]}<\/script>\n<!-- \/ Yoast SEO plugin. -->","yoast_head_json":{"title":"Allgemeine Gesch\u00e4ftsbedingungen Chemgo - Chemgo AG","robots":{"index":"index","follow":"follow","max-snippet":"max-snippet:-1","max-image-preview":"max-image-preview:large","max-video-preview":"max-video-preview:-1"},"canonical":"https:\/\/www.chemgo.ch\/de\/bedingungen-chemgo-ag\/","og_locale":"de_DE","og_type":"article","og_title":"Terms & Conditions Chemgo - Chemgo AG","og_description":"Terms and Conditions Chemgo AG General Conditions of Purchase Differing or additional terms or conditions, in particular those of the supplier, are only valid with written agreement from CHEMGO. The supplier makes CHEMGO and\/or the forwarding agent aware of any characteristics of the ordered goods that necessitate special care during transport and storage, whether it [&hellip;]","og_url":"https:\/\/www.chemgo.ch\/de\/bedingungen-chemgo-ag\/","og_site_name":"Chemgo AG","article_publisher":"https:\/\/ch.linkedin.com\/company\/chemgo-organica-ag?original_referer=httpswww.google.com","article_modified_time":"2025-09-01T15:00:18+00:00","twitter_card":"summary_large_image","twitter_misc":{"Gesch\u00e4tzte Lesezeit":"2\u00a0Minuten"},"schema":{"@context":"https:\/\/schema.org","@graph":[{"@type":"WebPage","@id":"https:\/\/www.chemgo.ch\/terms-conditions-chemgo\/","url":"https:\/\/www.chemgo.ch\/terms-conditions-chemgo\/","name":"Allgemeine Gesch\u00e4ftsbedingungen Chemgo - Chemgo AG","isPartOf":{"@id":"https:\/\/www.chemgo.ch\/#website"},"datePublished":"2024-04-08T13:46:03+00:00","dateModified":"2025-09-01T15:00:18+00:00","breadcrumb":{"@id":"https:\/\/www.chemgo.ch\/terms-conditions-chemgo\/#breadcrumb"},"inLanguage":"de","potentialAction":[{"@type":"ReadAction","target":["https:\/\/www.chemgo.ch\/terms-conditions-chemgo\/"]}]},{"@type":"BreadcrumbList","@id":"https:\/\/www.chemgo.ch\/terms-conditions-chemgo\/#breadcrumb","itemListElement":[{"@type":"ListItem","position":1,"name":"Startseite","item":"https:\/\/www.chemgo.ch\/"},{"@type":"ListItem","position":2,"name":"Terms &#038; Conditions Chemgo"}]},{"@type":"WebSite","@id":"https:\/\/www.chemgo.ch\/#website","url":"https:\/\/www.chemgo.ch\/","name":"Chemgo AG","description":"","publisher":{"@id":"https:\/\/www.chemgo.ch\/#organization"},"potentialAction":[{"@type":"SearchAction","target":{"@type":"EntryPoint","urlTemplate":"https:\/\/www.chemgo.ch\/?s={search_term_string}"},"query-input":{"@type":"PropertyValueSpecification","valueRequired":true,"valueName":"search_term_string"}}],"inLanguage":"de"},{"@type":"Organization","@id":"https:\/\/www.chemgo.ch\/#organization","name":"Chemgo AG","url":"https:\/\/www.chemgo.ch\/","logo":{"@type":"ImageObject","inLanguage":"de","@id":"https:\/\/www.chemgo.ch\/#\/schema\/logo\/image\/","url":"https:\/\/www.chemgo.ch\/wp-content\/uploads\/2026\/04\/Logo-Chemgo-50J-2-scaled.png","contentUrl":"https:\/\/www.chemgo.ch\/wp-content\/uploads\/2026\/04\/Logo-Chemgo-50J-2-scaled.png","width":2560,"height":1253,"caption":"Chemgo AG"},"image":{"@id":"https:\/\/www.chemgo.ch\/#\/schema\/logo\/image\/"},"sameAs":["https:\/\/ch.linkedin.com\/company\/chemgo-organica-ag?original_referer=httpswww.google.com"]}]}},"_links":{"self":[{"href":"http:\/\/www.chemgo.ch\/de\/wp-json\/wp\/v2\/pages\/6751","targetHints":{"allow":["GET"]}}],"collection":[{"href":"http:\/\/www.chemgo.ch\/de\/wp-json\/wp\/v2\/pages"}],"about":[{"href":"http:\/\/www.chemgo.ch\/de\/wp-json\/wp\/v2\/types\/page"}],"author":[{"embeddable":true,"href":"http:\/\/www.chemgo.ch\/de\/wp-json\/wp\/v2\/users\/7"}],"replies":[{"embeddable":true,"href":"http:\/\/www.chemgo.ch\/de\/wp-json\/wp\/v2\/comments?post=6751"}],"version-history":[{"count":0,"href":"http:\/\/www.chemgo.ch\/de\/wp-json\/wp\/v2\/pages\/6751\/revisions"}],"wp:attachment":[{"href":"http:\/\/www.chemgo.ch\/de\/wp-json\/wp\/v2\/media?parent=6751"}],"curies":[{"name":"wp","href":"https:\/\/api.w.org\/{rel}","templated":true}]}}