{"id":2836,"date":"2024-03-18T18:08:20","date_gmt":"2024-03-18T16:08:20","guid":{"rendered":"https:\/\/www.chemgo.ch\/imprint\/"},"modified":"2024-05-23T11:14:10","modified_gmt":"2024-05-23T09:14:10","slug":"impressum","status":"publish","type":"page","link":"http:\/\/www.chemgo.ch\/de\/imprint\/","title":{"rendered":"Impressum"},"content":{"rendered":"<div data-colibri-id=\"2836-c81\" class=\"style-1402 style-local-2836-c81 position-relative\">\n  <!---->\n  <div data-colibri-component=\"section\" data-colibri-id=\"2836-c82\" id=\"custom-2\" class=\"h-section h-section-global-spacing d-flex align-items-lg-center align-items-md-center align-items-center style-2080 style-local-2836-c82 position-relative\">\n    <!---->\n    <!---->\n    <div class=\"h-section-grid-container h-section-boxed-container\">\n      <div data-colibri-id=\"2836-c86\" class=\"h-row-container gutters-row-lg-2 gutters-row-md-2 gutters-row-0 gutters-row-v-lg-2 gutters-row-v-md-2 gutters-row-v-2 style-2090 style-local-2836-c86 position-relative\">\n        <!---->\n        <div class=\"h-row justify-content-lg-center justify-content-md-center justify-content-center align-items-lg-stretch align-items-md-stretch align-items-stretch gutters-col-lg-2 gutters-col-md-2 gutters-col-0 gutters-col-v-lg-2 gutters-col-v-md-2 gutters-col-v-2\">\n          <!---->\n          <div class=\"h-column h-column-container d-flex h-col-lg-auto h-col-md-auto h-col-auto style-2091-outer style-local-2836-c87-outer\">\n            <div data-colibri-id=\"2836-c87\" class=\"d-flex h-flex-basis h-column__inner h-px-lg-2 h-px-md-2 h-px-2 v-inner-lg-2 v-inner-md-2 v-inner-2 style-2091 style-local-2836-c87 position-relative\">\n              <!---->\n              <!---->\n              <div class=\"w-100 h-y-container h-column__content h-column__v-align flex-basis-100 align-self-lg-start align-self-md-start align-self-start\">\n                <!---->\n                <div data-colibri-id=\"2836-c88\" class=\"h-global-transition-all h-heading style-2092 style-local-2836-c88 position-relative h-element\">\n                  <!---->\n                  <div class=\"h-heading__outer style-2092 style-local-2836-c88\">\n                    <!---->\n                    <!---->\n                    <h2 class=\"\">Impressum<\/h2>\n                  <\/div>\n                <\/div>\n              <\/div>\n            <\/div>\n          <\/div>\n        <\/div>\n      <\/div>\n      <div data-colibri-id=\"2836-c83\" class=\"h-row-container gutters-row-lg-2 gutters-row-md-2 gutters-row-0 gutters-row-v-lg-2 gutters-row-v-md-2 gutters-row-v-2 style-2088 style-local-2836-c83 position-relative\">\n        <!---->\n        <div class=\"h-row justify-content-lg-center justify-content-md-center justify-content-center align-items-lg-stretch align-items-md-stretch align-items-stretch gutters-col-lg-2 gutters-col-md-2 gutters-col-0 gutters-col-v-lg-2 gutters-col-v-md-2 gutters-col-v-2\">\n          <!---->\n          <div class=\"h-column h-column-container d-flex h-col-lg-auto h-col-md-auto h-col-auto style-2089-outer style-local-2836-c84-outer\">\n            <div data-colibri-id=\"2836-c84\" class=\"d-flex h-flex-basis h-column__inner h-px-lg-2 h-px-md-2 h-px-2 v-inner-lg-2 v-inner-md-2 v-inner-2 style-2089 style-local-2836-c84 position-relative\">\n              <!---->\n              <!---->\n              <div class=\"w-100 h-y-container h-column__content h-column__v-align flex-basis-100 align-self-lg-start align-self-md-start align-self-start\">\n                <!---->\n                <div data-colibri-id=\"2836-c85\" class=\"h-text h-text-component style-2087 style-local-2836-c85 position-relative h-element\">\n                  <!---->\n                  <!---->\n                  <div class=\"\">\n                    <p><strong style=\"color: rgb(0, 0, 0);\">Verantwortliche Stelle:<\/strong><span style=\"color: rgb(0, 0, 0);\"><br> Chemgo AG<br> Florenz - Stra\u00dfe 9<br> 4142 M\u00fcnchenstein<br> Schweiz<br> <\/span><strong style=\"color: rgb(0, 0, 0);\">E-Mail<\/strong>\n                      <span\n                        style=\"color: rgb(0, 0, 0);\">: info@chemgo.ch\n                        <br>\n                        <br> <\/span><strong style=\"color: rgb(0, 0, 0);\">Personen<\/strong><span style=\"color: rgb(0, 0, 0);\"><br> Thomas Fleischmann<br> <br> <\/span><strong style=\"color: rgb(0, 0, 0);\">Firma<\/strong><span style=\"color: rgb(0, 0, 0);\">: Chemgo AG<br> <\/span>\n                        <strong\n                          style=\"color: rgb(0, 0, 0);\">Registrierungsnummer<\/strong><span style=\"color: rgb(0, 0, 0);\">: CHE-107.940.465<br> <\/span><strong style=\"color: rgb(0, 0, 0);\">Umsatzsteuer-Identifikationsnummer<\/strong><span style=\"color: rgb(0, 0, 0);\">: CHE-107.940.465 MWST<br> <br> <\/span>\n                          <strong\n                            style=\"color: rgb(0, 0, 0);\">Haftungsausschluss<\/strong><span style=\"color: rgb(0, 0, 0);\"><br> Der Autor \u00fcbernimmt keine Haftung f\u00fcr die Richtigkeit, Genauigkeit, Aktualit\u00e4t, Zuverl\u00e4ssigkeit und Vollst\u00e4ndigkeit der Informationen.<br> Haftungsanspr\u00fcche gegen den Autor wegen Sch\u00e4den materieller oder immaterieller Art, welche aus dem Zugriff oder der Nutzung bzw. Nichtnutzung der ver\u00f6ffentlichten Informationen, durch Missbrauch der Verbindung oder durch technische St\u00f6rungen entstanden sind, werden ausgeschlossen.<br> <br> Alle Angebote sind freibleibend und unverbindlich. Der Autor beh\u00e4lt es sich ausdr\u00fccklich vor, Teile der Seiten oder das gesamte Angebot ohne gesonderte Ank\u00fcndigung zu ver\u00e4ndern, zu erg\u00e4nzen, zu l\u00f6schen oder die Ver\u00f6ffentlichung zeitweise oder endg\u00fcltig einzustellen.<br> <br> <\/span>\n                            <strong\n                              style=\"color: rgb(0, 0, 0);\">Haftungsausschluss f\u00fcr Inhalte und Links<\/strong><span style=\"color: rgb(0, 0, 0);\"><br> Verweise und Links zu Websites Dritter liegen au\u00dferhalb unseres Verantwortungsbereichs. Wir lehnen jede Verantwortung f\u00fcr solche Websites ab. Der Zugriff auf und die Nutzung von solchen Websites erfolgt auf eigenes Risiko des Nutzers.<br> <br> <\/span>\n                              <strong\n                                style=\"color: rgb(0, 0, 0);\">Copyright-Erkl\u00e4rung<\/strong><span style=\"color: rgb(0, 0, 0);\"><br> Die Urheberrechte und alle anderen Rechte an Inhalten, Bildern, Fotos oder anderen Dateien auf dieser Website geh\u00f6ren ausschlie\u00dflich der Chemgo AG oder den namentlich genannten Rechteinhabern. F\u00fcr die Reproduktion jeglicher Elemente muss im Voraus die schriftliche Zustimmung des Rechteinhabers eingeholt werden.<\/span>\n                                <br>\n                                <br>\n                    <\/p>\n                  <\/div>\n                <\/div>\n              <\/div>\n            <\/div>\n          <\/div>\n        <\/div>\n      <\/div>\n    <\/div>\n  <\/div>\n<\/div>","protected":false},"excerpt":{"rendered":"<p>Imprint Responsible entity: Chemgo AG Florenz &#8211; Strasse 9 4142 M\u00fcnchenstein Schweiz Email : info@chemgo.ch Persons Thomas Fleischmann Company Name: Chemgo AG Registration number: CHE-107.940.465 Vat number: CHE-107.940.465 MWST Disclaimer The author assumes no liability for the correctness, accuracy, timeliness, reliability and completeness of the information. Liability claims against the author for material or immaterial [&hellip;]<\/p>\n","protected":false},"author":7,"featured_media":0,"parent":0,"menu_order":0,"comment_status":"closed","ping_status":"closed","template":"page-templates\/full-width-page.php","meta":{"footnotes":""},"class_list":["post-2836","page","type-page","status-publish","hentry"],"yoast_head":"<!-- This site is optimized with the Yoast SEO plugin v27.3 - https:\/\/yoast.com\/product\/yoast-seo-wordpress\/ -->\n<title>Imprint - Chemgo AG<\/title>\n<meta name=\"robots\" content=\"index, follow, max-snippet:-1, max-image-preview:large, max-video-preview:-1\" \/>\n<link rel=\"canonical\" href=\"https:\/\/www.chemgo.ch\/de\/impressum\/\" \/>\n<meta property=\"og:locale\" content=\"de_DE\" \/>\n<meta property=\"og:type\" content=\"article\" \/>\n<meta property=\"og:title\" content=\"Imprint - Chemgo AG\" \/>\n<meta property=\"og:description\" content=\"Imprint Responsible entity: Chemgo AG Florenz &#8211; Strasse 9 4142 M\u00fcnchenstein Schweiz Email : info@chemgo.ch Persons Thomas Fleischmann Company Name: Chemgo AG Registration number: CHE-107.940.465 Vat number: CHE-107.940.465 MWST Disclaimer The author assumes no liability for the correctness, accuracy, timeliness, reliability and completeness of the information. Liability claims against the author for material or immaterial [&hellip;]\" \/>\n<meta property=\"og:url\" content=\"https:\/\/www.chemgo.ch\/de\/impressum\/\" \/>\n<meta property=\"og:site_name\" content=\"Chemgo AG\" \/>\n<meta property=\"article:publisher\" content=\"https:\/\/ch.linkedin.com\/company\/chemgo-organica-ag?original_referer=httpswww.google.com\" \/>\n<meta property=\"article:modified_time\" content=\"2024-05-23T09:14:10+00:00\" \/>\n<meta name=\"twitter:card\" content=\"summary_large_image\" \/>\n<meta name=\"twitter:label1\" content=\"Gesch\u00e4tzte Lesezeit\" \/>\n\t<meta name=\"twitter:data1\" content=\"1\u00a0Minute\" \/>\n<script type=\"application\/ld+json\" class=\"yoast-schema-graph\">{\"@context\":\"https:\\\/\\\/schema.org\",\"@graph\":[{\"@type\":\"WebPage\",\"@id\":\"https:\\\/\\\/www.chemgo.ch\\\/imprint\\\/\",\"url\":\"https:\\\/\\\/www.chemgo.ch\\\/imprint\\\/\",\"name\":\"Imprint - Chemgo AG\",\"isPartOf\":{\"@id\":\"https:\\\/\\\/www.chemgo.ch\\\/#website\"},\"datePublished\":\"2024-03-18T16:08:20+00:00\",\"dateModified\":\"2024-05-23T09:14:10+00:00\",\"breadcrumb\":{\"@id\":\"https:\\\/\\\/www.chemgo.ch\\\/imprint\\\/#breadcrumb\"},\"inLanguage\":\"de\",\"potentialAction\":[{\"@type\":\"ReadAction\",\"target\":[\"https:\\\/\\\/www.chemgo.ch\\\/imprint\\\/\"]}]},{\"@type\":\"BreadcrumbList\",\"@id\":\"https:\\\/\\\/www.chemgo.ch\\\/imprint\\\/#breadcrumb\",\"itemListElement\":[{\"@type\":\"ListItem\",\"position\":1,\"name\":\"Startseite\",\"item\":\"https:\\\/\\\/www.chemgo.ch\\\/\"},{\"@type\":\"ListItem\",\"position\":2,\"name\":\"Imprint\"}]},{\"@type\":\"WebSite\",\"@id\":\"https:\\\/\\\/www.chemgo.ch\\\/#website\",\"url\":\"https:\\\/\\\/www.chemgo.ch\\\/\",\"name\":\"Chemgo AG\",\"description\":\"\",\"publisher\":{\"@id\":\"https:\\\/\\\/www.chemgo.ch\\\/#organization\"},\"potentialAction\":[{\"@type\":\"SearchAction\",\"target\":{\"@type\":\"EntryPoint\",\"urlTemplate\":\"https:\\\/\\\/www.chemgo.ch\\\/?s={search_term_string}\"},\"query-input\":{\"@type\":\"PropertyValueSpecification\",\"valueRequired\":true,\"valueName\":\"search_term_string\"}}],\"inLanguage\":\"de\"},{\"@type\":\"Organization\",\"@id\":\"https:\\\/\\\/www.chemgo.ch\\\/#organization\",\"name\":\"Chemgo AG\",\"url\":\"https:\\\/\\\/www.chemgo.ch\\\/\",\"logo\":{\"@type\":\"ImageObject\",\"inLanguage\":\"de\",\"@id\":\"https:\\\/\\\/www.chemgo.ch\\\/#\\\/schema\\\/logo\\\/image\\\/\",\"url\":\"https:\\\/\\\/www.chemgo.ch\\\/wp-content\\\/uploads\\\/2024\\\/02\\\/cropped-cropped-cropped-RZ_Chemgo-Logo-RGB-removebg-preview.png\",\"contentUrl\":\"https:\\\/\\\/www.chemgo.ch\\\/wp-content\\\/uploads\\\/2024\\\/02\\\/cropped-cropped-cropped-RZ_Chemgo-Logo-RGB-removebg-preview.png\",\"width\":713,\"height\":345,\"caption\":\"Chemgo AG\"},\"image\":{\"@id\":\"https:\\\/\\\/www.chemgo.ch\\\/#\\\/schema\\\/logo\\\/image\\\/\"},\"sameAs\":[\"https:\\\/\\\/ch.linkedin.com\\\/company\\\/chemgo-organica-ag?original_referer=httpswww.google.com\"]}]}<\/script>\n<!-- \/ Yoast SEO plugin. -->","yoast_head_json":{"title":"Impressum - Chemgo AG","robots":{"index":"index","follow":"follow","max-snippet":"max-snippet:-1","max-image-preview":"max-image-preview:large","max-video-preview":"max-video-preview:-1"},"canonical":"https:\/\/www.chemgo.ch\/de\/impressum\/","og_locale":"de_DE","og_type":"article","og_title":"Imprint - Chemgo AG","og_description":"Imprint Responsible entity: Chemgo AG Florenz &#8211; Strasse 9 4142 M\u00fcnchenstein Schweiz Email : info@chemgo.ch Persons Thomas Fleischmann Company Name: Chemgo AG Registration number: CHE-107.940.465 Vat number: CHE-107.940.465 MWST Disclaimer The author assumes no liability for the correctness, accuracy, timeliness, reliability and completeness of the information. Liability claims against the author for material or immaterial [&hellip;]","og_url":"https:\/\/www.chemgo.ch\/de\/impressum\/","og_site_name":"Chemgo AG","article_publisher":"https:\/\/ch.linkedin.com\/company\/chemgo-organica-ag?original_referer=httpswww.google.com","article_modified_time":"2024-05-23T09:14:10+00:00","twitter_card":"summary_large_image","twitter_misc":{"Gesch\u00e4tzte Lesezeit":"1\u00a0Minute"},"schema":{"@context":"https:\/\/schema.org","@graph":[{"@type":"WebPage","@id":"https:\/\/www.chemgo.ch\/imprint\/","url":"https:\/\/www.chemgo.ch\/imprint\/","name":"Impressum - Chemgo AG","isPartOf":{"@id":"https:\/\/www.chemgo.ch\/#website"},"datePublished":"2024-03-18T16:08:20+00:00","dateModified":"2024-05-23T09:14:10+00:00","breadcrumb":{"@id":"https:\/\/www.chemgo.ch\/imprint\/#breadcrumb"},"inLanguage":"de","potentialAction":[{"@type":"ReadAction","target":["https:\/\/www.chemgo.ch\/imprint\/"]}]},{"@type":"BreadcrumbList","@id":"https:\/\/www.chemgo.ch\/imprint\/#breadcrumb","itemListElement":[{"@type":"ListItem","position":1,"name":"Startseite","item":"https:\/\/www.chemgo.ch\/"},{"@type":"ListItem","position":2,"name":"Imprint"}]},{"@type":"WebSite","@id":"https:\/\/www.chemgo.ch\/#website","url":"https:\/\/www.chemgo.ch\/","name":"Chemgo AG","description":"","publisher":{"@id":"https:\/\/www.chemgo.ch\/#organization"},"potentialAction":[{"@type":"SearchAction","target":{"@type":"EntryPoint","urlTemplate":"https:\/\/www.chemgo.ch\/?s={search_term_string}"},"query-input":{"@type":"PropertyValueSpecification","valueRequired":true,"valueName":"search_term_string"}}],"inLanguage":"de"},{"@type":"Organization","@id":"https:\/\/www.chemgo.ch\/#organization","name":"Chemgo AG","url":"https:\/\/www.chemgo.ch\/","logo":{"@type":"ImageObject","inLanguage":"de","@id":"https:\/\/www.chemgo.ch\/#\/schema\/logo\/image\/","url":"https:\/\/www.chemgo.ch\/wp-content\/uploads\/2024\/02\/cropped-cropped-cropped-RZ_Chemgo-Logo-RGB-removebg-preview.png","contentUrl":"https:\/\/www.chemgo.ch\/wp-content\/uploads\/2024\/02\/cropped-cropped-cropped-RZ_Chemgo-Logo-RGB-removebg-preview.png","width":713,"height":345,"caption":"Chemgo AG"},"image":{"@id":"https:\/\/www.chemgo.ch\/#\/schema\/logo\/image\/"},"sameAs":["https:\/\/ch.linkedin.com\/company\/chemgo-organica-ag?original_referer=httpswww.google.com"]}]}},"_links":{"self":[{"href":"http:\/\/www.chemgo.ch\/de\/wp-json\/wp\/v2\/pages\/2836","targetHints":{"allow":["GET"]}}],"collection":[{"href":"http:\/\/www.chemgo.ch\/de\/wp-json\/wp\/v2\/pages"}],"about":[{"href":"http:\/\/www.chemgo.ch\/de\/wp-json\/wp\/v2\/types\/page"}],"author":[{"embeddable":true,"href":"http:\/\/www.chemgo.ch\/de\/wp-json\/wp\/v2\/users\/7"}],"replies":[{"embeddable":true,"href":"http:\/\/www.chemgo.ch\/de\/wp-json\/wp\/v2\/comments?post=2836"}],"version-history":[{"count":0,"href":"http:\/\/www.chemgo.ch\/de\/wp-json\/wp\/v2\/pages\/2836\/revisions"}],"wp:attachment":[{"href":"http:\/\/www.chemgo.ch\/de\/wp-json\/wp\/v2\/media?parent=2836"}],"curies":[{"name":"wp","href":"https:\/\/api.w.org\/{rel}","templated":true}]}}