{"id":14,"date":"2019-05-23T17:09:53","date_gmt":"2019-05-23T17:09:53","guid":{"rendered":"https:\/\/ch.chemgo.docker\/?page_id=14"},"modified":"2025-04-28T11:35:57","modified_gmt":"2025-04-28T09:35:57","slug":"dokumente","status":"publish","type":"page","link":"http:\/\/www.chemgo.ch\/de\/documents\/","title":{"rendered":"Dokumente"},"content":{"rendered":"<div data-colibri-id=\"14-c1\" class=\"style-318 style-local-14-c1 position-relative\">\n  <!---->\n  <div data-colibri-component=\"section\" data-colibri-id=\"14-c2\" id=\"custom\" class=\"h-section h-section-global-spacing d-flex align-items-lg-center align-items-md-center align-items-center style-1166 style-local-14-c2 position-relative\">\n    <!---->\n    <!---->\n    <div class=\"h-section-grid-container h-section-boxed-container\">\n      <div data-colibri-id=\"14-c6\" class=\"h-row-container gutters-row-lg-2 gutters-row-md-2 gutters-row-0 gutters-row-v-lg-2 gutters-row-v-md-2 gutters-row-v-2 style-1170 style-local-14-c6 position-relative\">\n        <!---->\n        <div class=\"h-row justify-content-lg-center justify-content-md-center justify-content-center align-items-lg-stretch align-items-md-stretch align-items-stretch gutters-col-lg-2 gutters-col-md-2 gutters-col-0 gutters-col-v-lg-2 gutters-col-v-md-2 gutters-col-v-2\">\n          <!---->\n          <div class=\"h-column h-column-container d-flex h-col-lg-auto h-col-md-auto h-col-auto style-1171-outer style-local-14-c7-outer\">\n            <div data-colibri-id=\"14-c7\" class=\"d-flex h-flex-basis h-column__inner h-px-lg-2 h-px-md-2 h-px-2 v-inner-lg-2 v-inner-md-2 v-inner-2 style-1171 style-local-14-c7 position-relative\">\n              <!---->\n              <!---->\n              <div class=\"w-100 h-y-container h-column__content h-column__v-align flex-basis-100 align-self-lg-start align-self-md-start align-self-start\">\n                <!---->\n                <div data-colibri-id=\"14-c8\" class=\"h-global-transition-all h-heading style-1172 style-local-14-c8 position-relative h-element\">\n                  <!---->\n                  <div class=\"h-heading__outer style-1172 style-local-14-c8\">\n                    <!---->\n                    <!---->\n                    <h2 class=\"\">Dokumente<\/h2>\n                  <\/div>\n                <\/div>\n              <\/div>\n            <\/div>\n          <\/div>\n        <\/div>\n      <\/div>\n      <div data-colibri-id=\"14-c3\" class=\"h-row-container gutters-row-lg-2 gutters-row-md-2 gutters-row-0 gutters-row-v-lg-2 gutters-row-v-md-2 gutters-row-v-2 style-1167 style-local-14-c3 position-relative\">\n        <!---->\n        <div class=\"h-row justify-content-lg-center justify-content-md-center justify-content-center align-items-lg-stretch align-items-md-stretch align-items-stretch gutters-col-lg-2 gutters-col-md-2 gutters-col-0 gutters-col-v-lg-2 gutters-col-v-md-2 gutters-col-v-2\">\n          <!---->\n          <div class=\"h-column h-column-container d-flex h-col-lg-auto h-col-md-auto h-col-auto style-1168-outer style-local-14-c4-outer\">\n            <div data-colibri-id=\"14-c4\" class=\"d-flex h-flex-basis h-column__inner h-px-lg-2 h-px-md-2 h-px-2 v-inner-lg-2 v-inner-md-2 v-inner-2 style-1168 style-local-14-c4 position-relative\">\n              <!---->\n              <!---->\n              <div class=\"w-100 h-y-container h-column__content h-column__v-align flex-basis-100 align-self-lg-start align-self-md-start align-self-start\">\n                <!---->\n                <div data-colibri-id=\"14-c5\" class=\"h-text h-text-component style-1169 style-local-14-c5 position-relative h-element\">\n                  <!---->\n                  <!---->\n                  <div class=\"\">\n                    <p><span style=\"color: rgb(0, 0, 0);\">Schweizer Firmenregisternummer \/ MwSt.-Nummer: CHE-107.940.465<\/span><\/p>\n                    <p><span style=\"color: rgb(0, 0, 0);\">Deutsche Umsatzsteuer-Identifikationsnummer: DE153448099<\/span><\/p>\n                    <p>\n                      <a href=\"https:\/\/www.chemgo.ch\/wp-content\/uploads\/2023\/12\/Certificate-of-GDP-Compliance-CHEMGO-AG-27.11.2023.pdf\" rel=\"nofollow\" target=\"_blank\" style=\"color: rgb(0, 0, 0); font-size: 1em; font-weight: 400; font-family: &quot;Open Sans&quot;;\"\n                        class=\"customize-unpreviewable\">\n                        <u>Zertifikat der GDP-Konformit\u00e4t<\/u>\n                      <\/a>\n                    <\/p>\n                    <p>\n                      <a href=\"https:\/\/www.swissmedic.ch\/swissmedic\/en\/home\/humanarzneimittel\/besondere-arzneimittelgruppen--ham-\/authorised-narcotics.html\" target=\"_blank\" rel=\"nofollow\" style=\"color: rgb(0, 0, 0); font-size: 1em; font-weight: 400; font-family: &quot;Open Sans&quot;;\"\n                        class=\"customize-unpreviewable\">\n                        <u>F\u00fcr die Lizenz f\u00fcr kontrollierte Substanzen, siehe SwissMedic<\/u>\n                      <\/a><span style=\"color: rgb(0, 0, 0);\">&nbsp;(Erlaubnis zum Umgang mit kontrollierten Substanzen)<\/span><\/p>\n                    <p>\n                      <a href=\"https:\/\/www.chemgo.ch\/de\/bedingungen-chemgo-ag\/\" target=\"_blank\" style=\"color: rgb(0, 0, 0);\">\n                        <u>Allgemeine Gesch\u00e4ftsbedingungen Chemgo AG<\/u>\n                      <\/a>\n                    <\/p>\n                    <p>\n                      <a href=\"https:\/\/www.chemgo.ch\/de\/bedingungen-chemgo-sarl\/\" target=\"_blank\" style=\"color: rgb(0, 0, 0);\">\n                        <u>Allgemeine Gesch\u00e4ftsbedingungen Chemgo SARL<\/u>\n                      <\/a>\n                    <\/p>\n                    <p>\n                      <a href=\"https:\/\/www.chemgo.ch\/de\/gtc-geschaftspartner\/\" style=\"color: rgb(0, 0, 0); font-size: 1em; font-weight: 400; font-family: &quot;Open Sans&quot;;\">\n                        <u>Allgemeine Gesch\u00e4ftsbedingungen der Gesch\u00e4ftspartner von Chemgo<\/u>\n                      <\/a>\n                    <\/p>\n                    <p>\n                      <a href=\"https:\/\/www.chemgo.ch\/de\/hse-qualitatspolitik\/\" style=\"color: rgb(0, 0, 0);\">\n                        <u>HSE &amp; Qualit\u00e4tspolitik<\/u>\n                      <\/a>\n                    <\/p>\n                    <p>\n                      <br>\n                    <\/p>\n                    <p>\n                      <br>\n                    <\/p>\n                  <\/div>\n                <\/div>\n              <\/div>\n            <\/div>\n          <\/div>\n        <\/div>\n      <\/div>\n    <\/div>\n  <\/div>\n<\/div>","protected":false},"excerpt":{"rendered":"<p>Dokumente Schweizer Firmenregister \/ Mehrwertsteuernummer: CHE-107.940.465 Deutsche Mehrwertsteuernummer: DE153448099 Certificate of GDP Compliance F\u00fcr die Lizenz f\u00fcr kontrollierte Substanzen, siehe SwissMedic (Genehmigungen f\u00fcr den Umgang mit kontrollierten Substanzen) Allgemeine Gesch\u00e4ftsbedingungen Chemgo AG Allgemeine Gesch\u00e4ftsbedingungen Chemgo SARL Allgemeine Gesch\u00e4ftsbedingungen der Gesch\u00e4ftspartner von Chemgo HSE &amp; Quality Policy<\/p>","protected":false},"author":1,"featured_media":0,"parent":0,"menu_order":0,"comment_status":"closed","ping_status":"closed","template":"page-templates\/full-width-page.php","meta":{"footnotes":""},"class_list":["post-14","page","type-page","status-publish","hentry"],"yoast_head":"<!-- This site is optimized with the Yoast SEO plugin v27.3 - https:\/\/yoast.com\/product\/yoast-seo-wordpress\/ -->\n<title>Documents - Chemgo AG<\/title>\n<meta name=\"robots\" content=\"index, follow, max-snippet:-1, max-image-preview:large, max-video-preview:-1\" \/>\n<link rel=\"canonical\" href=\"https:\/\/www.chemgo.ch\/de\/dokumente\/\" \/>\n<meta property=\"og:locale\" content=\"de_DE\" \/>\n<meta property=\"og:type\" content=\"article\" \/>\n<meta property=\"og:title\" content=\"Documents - Chemgo AG\" \/>\n<meta property=\"og:description\" content=\"Documents Swiss Company Registry \/ VAT number: CHE-107.940.465 German VAT number: DE153448099 Certificate of GDP Compliance For Controlled Substances License, please see SwissMedic &nbsp;(Permissions to operate with controlled substances) General Terms and Conditions Chemgo AG General Terms and Conditions Chemgo SARL General Terms and Conditions of Chemgo\u2019s business partners HSE &amp; Quality Policy\" \/>\n<meta property=\"og:url\" content=\"https:\/\/www.chemgo.ch\/de\/dokumente\/\" \/>\n<meta property=\"og:site_name\" content=\"Chemgo AG\" \/>\n<meta property=\"article:publisher\" content=\"https:\/\/ch.linkedin.com\/company\/chemgo-organica-ag?original_referer=httpswww.google.com\" \/>\n<meta property=\"article:modified_time\" content=\"2025-04-28T09:35:57+00:00\" \/>\n<meta name=\"twitter:card\" content=\"summary_large_image\" \/>\n<script type=\"application\/ld+json\" class=\"yoast-schema-graph\">{\"@context\":\"https:\\\/\\\/schema.org\",\"@graph\":[{\"@type\":\"WebPage\",\"@id\":\"https:\\\/\\\/www.chemgo.ch\\\/documents\\\/\",\"url\":\"https:\\\/\\\/www.chemgo.ch\\\/documents\\\/\",\"name\":\"Documents - Chemgo AG\",\"isPartOf\":{\"@id\":\"https:\\\/\\\/www.chemgo.ch\\\/#website\"},\"datePublished\":\"2019-05-23T17:09:53+00:00\",\"dateModified\":\"2025-04-28T09:35:57+00:00\",\"breadcrumb\":{\"@id\":\"https:\\\/\\\/www.chemgo.ch\\\/documents\\\/#breadcrumb\"},\"inLanguage\":\"de\",\"potentialAction\":[{\"@type\":\"ReadAction\",\"target\":[\"https:\\\/\\\/www.chemgo.ch\\\/documents\\\/\"]}]},{\"@type\":\"BreadcrumbList\",\"@id\":\"https:\\\/\\\/www.chemgo.ch\\\/documents\\\/#breadcrumb\",\"itemListElement\":[{\"@type\":\"ListItem\",\"position\":1,\"name\":\"Startseite\",\"item\":\"https:\\\/\\\/www.chemgo.ch\\\/\"},{\"@type\":\"ListItem\",\"position\":2,\"name\":\"Documents\"}]},{\"@type\":\"WebSite\",\"@id\":\"https:\\\/\\\/www.chemgo.ch\\\/#website\",\"url\":\"https:\\\/\\\/www.chemgo.ch\\\/\",\"name\":\"Chemgo AG\",\"description\":\"\",\"publisher\":{\"@id\":\"https:\\\/\\\/www.chemgo.ch\\\/#organization\"},\"potentialAction\":[{\"@type\":\"SearchAction\",\"target\":{\"@type\":\"EntryPoint\",\"urlTemplate\":\"https:\\\/\\\/www.chemgo.ch\\\/?s={search_term_string}\"},\"query-input\":{\"@type\":\"PropertyValueSpecification\",\"valueRequired\":true,\"valueName\":\"search_term_string\"}}],\"inLanguage\":\"de\"},{\"@type\":\"Organization\",\"@id\":\"https:\\\/\\\/www.chemgo.ch\\\/#organization\",\"name\":\"Chemgo AG\",\"url\":\"https:\\\/\\\/www.chemgo.ch\\\/\",\"logo\":{\"@type\":\"ImageObject\",\"inLanguage\":\"de\",\"@id\":\"https:\\\/\\\/www.chemgo.ch\\\/#\\\/schema\\\/logo\\\/image\\\/\",\"url\":\"https:\\\/\\\/www.chemgo.ch\\\/wp-content\\\/uploads\\\/2024\\\/02\\\/cropped-cropped-cropped-RZ_Chemgo-Logo-RGB-removebg-preview.png\",\"contentUrl\":\"https:\\\/\\\/www.chemgo.ch\\\/wp-content\\\/uploads\\\/2024\\\/02\\\/cropped-cropped-cropped-RZ_Chemgo-Logo-RGB-removebg-preview.png\",\"width\":713,\"height\":345,\"caption\":\"Chemgo AG\"},\"image\":{\"@id\":\"https:\\\/\\\/www.chemgo.ch\\\/#\\\/schema\\\/logo\\\/image\\\/\"},\"sameAs\":[\"https:\\\/\\\/ch.linkedin.com\\\/company\\\/chemgo-organica-ag?original_referer=httpswww.google.com\"]}]}<\/script>\n<!-- \/ Yoast SEO plugin. -->","yoast_head_json":{"title":"Dokumente - Chemgo AG","robots":{"index":"index","follow":"follow","max-snippet":"max-snippet:-1","max-image-preview":"max-image-preview:large","max-video-preview":"max-video-preview:-1"},"canonical":"https:\/\/www.chemgo.ch\/de\/dokumente\/","og_locale":"de_DE","og_type":"article","og_title":"Documents - Chemgo AG","og_description":"Documents Swiss Company Registry \/ VAT number: CHE-107.940.465 German VAT number: DE153448099 Certificate of GDP Compliance For Controlled Substances License, please see SwissMedic &nbsp;(Permissions to operate with controlled substances) General Terms and Conditions Chemgo AG General Terms and Conditions Chemgo SARL General Terms and Conditions of Chemgo\u2019s business partners HSE &amp; Quality Policy","og_url":"https:\/\/www.chemgo.ch\/de\/dokumente\/","og_site_name":"Chemgo AG","article_publisher":"https:\/\/ch.linkedin.com\/company\/chemgo-organica-ag?original_referer=httpswww.google.com","article_modified_time":"2025-04-28T09:35:57+00:00","twitter_card":"summary_large_image","schema":{"@context":"https:\/\/schema.org","@graph":[{"@type":"WebPage","@id":"https:\/\/www.chemgo.ch\/documents\/","url":"https:\/\/www.chemgo.ch\/documents\/","name":"Dokumente - Chemgo AG","isPartOf":{"@id":"https:\/\/www.chemgo.ch\/#website"},"datePublished":"2019-05-23T17:09:53+00:00","dateModified":"2025-04-28T09:35:57+00:00","breadcrumb":{"@id":"https:\/\/www.chemgo.ch\/documents\/#breadcrumb"},"inLanguage":"de","potentialAction":[{"@type":"ReadAction","target":["https:\/\/www.chemgo.ch\/documents\/"]}]},{"@type":"BreadcrumbList","@id":"https:\/\/www.chemgo.ch\/documents\/#breadcrumb","itemListElement":[{"@type":"ListItem","position":1,"name":"Startseite","item":"https:\/\/www.chemgo.ch\/"},{"@type":"ListItem","position":2,"name":"Documents"}]},{"@type":"WebSite","@id":"https:\/\/www.chemgo.ch\/#website","url":"https:\/\/www.chemgo.ch\/","name":"Chemgo AG","description":"","publisher":{"@id":"https:\/\/www.chemgo.ch\/#organization"},"potentialAction":[{"@type":"SearchAction","target":{"@type":"EntryPoint","urlTemplate":"https:\/\/www.chemgo.ch\/?s={search_term_string}"},"query-input":{"@type":"PropertyValueSpecification","valueRequired":true,"valueName":"search_term_string"}}],"inLanguage":"de"},{"@type":"Organization","@id":"https:\/\/www.chemgo.ch\/#organization","name":"Chemgo AG","url":"https:\/\/www.chemgo.ch\/","logo":{"@type":"ImageObject","inLanguage":"de","@id":"https:\/\/www.chemgo.ch\/#\/schema\/logo\/image\/","url":"https:\/\/www.chemgo.ch\/wp-content\/uploads\/2024\/02\/cropped-cropped-cropped-RZ_Chemgo-Logo-RGB-removebg-preview.png","contentUrl":"https:\/\/www.chemgo.ch\/wp-content\/uploads\/2024\/02\/cropped-cropped-cropped-RZ_Chemgo-Logo-RGB-removebg-preview.png","width":713,"height":345,"caption":"Chemgo AG"},"image":{"@id":"https:\/\/www.chemgo.ch\/#\/schema\/logo\/image\/"},"sameAs":["https:\/\/ch.linkedin.com\/company\/chemgo-organica-ag?original_referer=httpswww.google.com"]}]}},"_links":{"self":[{"href":"http:\/\/www.chemgo.ch\/de\/wp-json\/wp\/v2\/pages\/14","targetHints":{"allow":["GET"]}}],"collection":[{"href":"http:\/\/www.chemgo.ch\/de\/wp-json\/wp\/v2\/pages"}],"about":[{"href":"http:\/\/www.chemgo.ch\/de\/wp-json\/wp\/v2\/types\/page"}],"author":[{"embeddable":true,"href":"http:\/\/www.chemgo.ch\/de\/wp-json\/wp\/v2\/users\/1"}],"replies":[{"embeddable":true,"href":"http:\/\/www.chemgo.ch\/de\/wp-json\/wp\/v2\/comments?post=14"}],"version-history":[{"count":0,"href":"http:\/\/www.chemgo.ch\/de\/wp-json\/wp\/v2\/pages\/14\/revisions"}],"wp:attachment":[{"href":"http:\/\/www.chemgo.ch\/de\/wp-json\/wp\/v2\/media?parent=14"}],"curies":[{"name":"wp","href":"https:\/\/api.w.org\/{rel}","templated":true}]}}